{"id":9619,"date":"2024-06-04T07:31:56","date_gmt":"2024-06-04T06:31:56","guid":{"rendered":"https:\/\/www.idiv.de\/?page_id=9619"},"modified":"2026-03-03T13:20:49","modified_gmt":"2026-03-03T12:20:49","slug":"auslandsaufenthalt","status":"publish","type":"page","link":"https:\/\/www.idiv.de\/de\/karriere\/graduiertenschule\/auslandsaufenthalt\/","title":{"rendered":"Auslandsaufenthalt"},"content":{"rendered":"<div class=\"herosection pb-24 pt-0 no-bg modulclass \" id=\"\">\n                    <div class=\"swiper1noslider  nooverflow swiper \" id=\"slide_69fdb32c16728\">\n        \n                <div class=\"swiper-wrapper\">\n                                            <div class=\"swiper-slide  style_ \" aria-hidden=\"true\" >\n                            <div class=\"backstretchwrap\">\n                        \n                            <div datasrc=\"https:\/\/www.idiv.de\/wp-content\/uploads\/2024\/06\/iDiv-hikingsigns-AdobeStock-410590684.jpg\" class=\"backstretchimg responsiv desktop\"><\/div>\n\n                            <a href=\"#\" class=\"cr\"><svg  xmlns=\"http:\/\/www.w3.org\/2000\/svg\" width=\"22\" height=\"22\" viewBox=\"0 0 22 22\">\n                                    <rect id=\"BG\" width=\"22\" height=\"22\" rx=\"11\" fill=\"#fff\"\/>\n                                    <g id=\"Wrapper\" transform=\"translate(-1 -1)\">\n                                        <g id=\"Icon_material-copyright\" data-name=\"Icon material-copyright\">\n                                            <circle id=\"Ellipse_30\" data-name=\"Ellipse 30\" cx=\"8\" cy=\"8\" r=\"8\" transform=\"translate(4 4)\" fill=\"#fff\"\/>\n                                            <path id=\"Icon_material-copyright-2\" data-name=\"Icon material-copyright\" d=\"M9.464,10.088a2.045,2.045,0,0,1,.24-.7,1.4,1.4,0,0,1,.472-.5,1.42,1.42,0,0,1,.728-.184,1.45,1.45,0,0,1,.5.1,1.29,1.29,0,0,1,.416.288,1.54,1.54,0,0,1,.272.424,1.4,1.4,0,0,1,.112.512H13.64a2.864,2.864,0,0,0-.224-1.032,2.4,2.4,0,0,0-.56-.808,2.613,2.613,0,0,0-.864-.528,3.09,3.09,0,0,0-1.112-.184,3.127,3.127,0,0,0-1.36.272,2.751,2.751,0,0,0-.96.736,3.007,3.007,0,0,0-.568,1.088A4.685,4.685,0,0,0,7.8,10.9v.216a4.684,4.684,0,0,0,.184,1.312,2.908,2.908,0,0,0,.568,1.08,2.731,2.731,0,0,0,.96.728,3.246,3.246,0,0,0,1.36.272,3.051,3.051,0,0,0,1.056-.184,2.729,2.729,0,0,0,.864-.5,2.442,2.442,0,0,0,.592-.752,2.153,2.153,0,0,0,.24-.92H12.192a1.139,1.139,0,0,1-.12.464,1.177,1.177,0,0,1-.288.368,1.26,1.26,0,0,1-.416.24,1.589,1.589,0,0,1-.48.08,1.359,1.359,0,0,1-.712-.184,1.4,1.4,0,0,1-.472-.5,2.09,2.09,0,0,1-.24-.7,5.392,5.392,0,0,1-.064-.8V10.9a5.33,5.33,0,0,1,.064-.808ZM11,3a8,8,0,1,0,8,8A8,8,0,0,0,11,3Zm0,14.4A6.4,6.4,0,1,1,17.4,11,6.408,6.408,0,0,1,11,17.4Z\" transform=\"translate(1 1)\" fill=\"#4d4d4d\"\/>\n                                        <\/g>\n                                    <\/g>\n                                <\/svg>\n                                <span>Adobe Stock<\/span><\/a>                        \n                                                    <div datasrc=\"https:\/\/www.idiv.de\/wp-content\/uploads\/2024\/06\/iDiv-hikingsigns-AdobeStock-410590684.webp\" class=\"backstretchimgmobile responsiv mobile\"><\/div>\n                                                    <\/div>\n                                        <div class=\"sliderinhalt \" role=\"region\" aria-label=\"carousel\">\n\n                                            <h1 class=\"h1 tleft\" >Auslandsaufenthalt<\/h1>                                                    <p style=\"text-align: center;\">Mitglieder der iDiv Graduiertenschule, die Doktorandinnen und Doktoranden sind, haben die M\u00f6glichkeit, einen Forschungsaufenthalt in einem Labor oder einer Organisation im Ausland zu absolvieren, um ihr berufliches Netzwerk zu erweitern und neue Institutionen kennenzulernen<\/p>\n                                                \n                                                                                                            <\/div>\n                                            <\/div>\n\n                        \n                 <\/div>\n\n                              <\/div>\n<\/div>\n\n<div class=\"headline pb-0 pt-0 no-bg modulclass  block\" id=\"\">\n    <div class=\"container\"><div class=\"row\"><div class=\"col-md-12 relative\"><h2 class=\"h2 tleft mb-64\" >Die wichtigsten Infos zum Auslandsaufenthalt \u00fcber die Graduiertenschule<\/h2><\/div><\/div><\/div><\/div>\n\n<div class=\"textbildrepeater pb-24 pt-0 no-bg modulclass \" id=\"\">\n    <div class=\"container\">\n        <div class=\"row\">\n                                                                <div class=\"pb-24   mod_bild  col-md-1 offset-md-1 pos_top\">\n                            <div class=\"bildrepeater \" id=\"\">\n    <div class=\"relativ\"><img decoding=\"async\" class=\"responsiv desktop\" src=\"https:\/\/www.idiv.de\/wp-content\/uploads\/2024\/05\/iDiv-icon-temple-green.svg\" height=\"\" width=\"\" alt=\"idiv-\"\/><img decoding=\"async\" class=\"responsiv mobile\" src=\"https:\/\/www.idiv.de\/wp-content\/uploads\/2024\/05\/iDiv-icon-temple-green.svg\" height=\"\" width=\"\" alt=\"idiv-\"\/><\/div><\/div>\n                            <\/div>\n                                                                    <div class=\"pb-24   mod_text  col-md-2 offset-md-0 pos_top\">\n                            <div class=\"textrepeater \" id=\"\">\n    <p>Du kannst deinen Auslandsaufenthalt in einer wissenschaftlichen oder nicht-wissenschaftlichen Einrichtung absolvieren.<\/p>\n<\/div>\n                            <\/div>\n                                                                    <div class=\"pb-24   mod_bild  col-md-1 offset-md-1 pos_top\">\n                            <div class=\"bildrepeater \" id=\"\">\n    <div class=\"relativ\"><img decoding=\"async\" class=\"responsiv desktop\" src=\"https:\/\/www.idiv.de\/wp-content\/uploads\/2024\/05\/iDiv-icon-sign-green.svg\" height=\"\" width=\"\" alt=\"idiv-\"\/><img decoding=\"async\" class=\"responsiv mobile\" src=\"https:\/\/www.idiv.de\/wp-content\/uploads\/2024\/05\/iDiv-icon-sign-green.svg\" height=\"\" width=\"\" alt=\"idiv-\"\/><\/div><\/div>\n                            <\/div>\n                                                                    <div class=\"pb-24   mod_text  col-md-2 offset-md-0 pos_top\">\n                            <div class=\"textrepeater \" id=\"\">\n    <p>Die Ziele deines Auslandsaufenthalts sollten zu deinem Promotionsprojekt passen.<\/p>\n<\/div>\n                            <\/div>\n                                                                    <div class=\"pb-24   mod_bild  col-md-1 offset-md-1 pos_top\">\n                            <div class=\"bildrepeater \" id=\"\">\n    <div class=\"relativ\"><img decoding=\"async\" class=\"responsiv desktop\" src=\"https:\/\/www.idiv.de\/wp-content\/uploads\/2024\/05\/iDiv-icon-calendar-green.svg\" height=\"\" width=\"\" alt=\"idiv-\"\/><img decoding=\"async\" class=\"responsiv mobile\" src=\"https:\/\/www.idiv.de\/wp-content\/uploads\/2024\/05\/iDiv-icon-calendar-green.svg\" height=\"\" width=\"\" alt=\"idiv-\"\/><\/div><\/div>\n                            <\/div>\n                                                                    <div class=\"pb-24   mod_text  col-md-2 offset-md-0 pos_top\">\n                            <div class=\"textrepeater \" id=\"\">\n    <p>Der Aufenthalt kann von 2 Wochen bis maximal 3 Monaten dauern.<\/p>\n<\/div>\n                            <\/div>\n                                                                    <div class=\"pb-24   mod_bild  col-md-1 offset-md-1 pos_top\">\n                            <div class=\"bildrepeater \" id=\"\">\n    <div class=\"relativ\"><img decoding=\"async\" class=\"responsiv desktop\" src=\"https:\/\/www.idiv.de\/wp-content\/uploads\/2024\/05\/iDiv-icon-cash-green.svg\" height=\"\" width=\"\" alt=\"idiv-\"\/><img decoding=\"async\" class=\"responsiv mobile\" src=\"https:\/\/www.idiv.de\/wp-content\/uploads\/2024\/05\/iDiv-icon-cash-green.svg\" height=\"\" width=\"\" alt=\"idiv-\"\/><\/div><\/div>\n                            <\/div>\n                                                                    <div class=\"pb-24   mod_text  col-md-2 offset-md-0 pos_top\">\n                            <div class=\"textrepeater \" id=\"\">\n    <p>Du kannst bis zu 2.000 Euro f\u00fcr Reise- und \u00dcbernachtungskosten erhalten.<\/p>\n<\/div>\n                            <\/div>\n                                                                    <div class=\"pb-24   mod_bild  col-md-1 offset-md-1 pos_top\">\n                            <div class=\"bildrepeater \" id=\"\">\n    <div class=\"relativ\"><img decoding=\"async\" class=\"responsiv desktop\" src=\"https:\/\/www.idiv.de\/wp-content\/uploads\/2024\/05\/iDiv-icon-caution-green.svg\" height=\"\" width=\"\" alt=\"idiv-\"\/><img decoding=\"async\" class=\"responsiv mobile\" src=\"https:\/\/www.idiv.de\/wp-content\/uploads\/2024\/05\/iDiv-icon-caution-green.svg\" height=\"\" width=\"\" alt=\"idiv-\"\/><\/div><\/div>\n                            <\/div>\n                                                                    <div class=\"pb-24   mod_text  col-md-2 offset-md-0 pos_top\">\n                            <div class=\"textrepeater \" id=\"\">\n    <p>Sommerschulbesuche, Konferenzteilnahmen oder Feldarbeit k\u00f6nnen nicht finanziert werden.<\/p>\n<\/div>\n                            <\/div>\n                                                                    <div class=\"pb-24   mod_bild  col-md-1 offset-md-1 pos_top\">\n                            <div class=\"bildrepeater \" id=\"\">\n    <div class=\"relativ\"><img decoding=\"async\" class=\"responsiv desktop\" src=\"https:\/\/www.idiv.de\/wp-content\/uploads\/2024\/05\/iDiv-icon-rocket-green.svg\" height=\"\" width=\"\" alt=\"idiv-\"\/><img decoding=\"async\" class=\"responsiv mobile\" src=\"https:\/\/www.idiv.de\/wp-content\/uploads\/2024\/05\/iDiv-icon-rocket-green.svg\" height=\"\" width=\"\" alt=\"idiv-\"\/><\/div><\/div>\n                            <\/div>\n                                                                    <div class=\"pb-24   mod_text  col-md-2 offset-md-0 pos_top\">\n                            <div class=\"textrepeater \" id=\"\">\n    <p>Es wird j\u00e4hrlich eine Ausschreibung geben, bei der du deine Bewerbung einreichen kannst.<\/p>\n<\/div>\n                            <\/div>\n                        <\/div>\n    <\/div>\n<\/div>\n\n<hr class=\"modulborder nm np\"><div class=\"textbildrepeater pb-24 pt-0 bg-lightgrey \" id=\"\">\n    <div class=\"container\">\n        <div class=\"row\">\n                                                                <div class=\"pb-24   mod_text  col-md-6 offset-md-0 pos_mittig\">\n                            <div class=\"textrepeater \" id=\"\">\n    <p>&nbsp;<\/p>\n<p>&nbsp;<\/p>\n<p>Weitere Informationen und die Bewerbung f\u00fcr 2026 befinden sich auf der <a href=\"https:\/\/www.idiv.de\/career\/ydiv\/stay-abroad\/\">englischen Webpage<\/a>.<\/p>\n<\/div>\n                            <\/div>\n                        <\/div>\n    <\/div>\n<\/div>\n\n<hr class=\"modulborder nm np\"><div class=\"headline pb-0 pt-48 no-bg modulclass  block\" id=\"\">\n    <div class=\"container\"><div class=\"row\"><div class=\"col-md-12 relative\"><h2 class=\"h2 align-center mb-64\" >Kontakt<\/h2><\/div><\/div><\/div><\/div>\n\n\n\n<div class=\"pt-48 pb-24 no-bg\"><div class=\"container\"><div class=\"row mb-4 profile-short justify-content-center\"><div class=\"col-12 col-md-8\"><div class=\"row align-items-center\"><div class=\"col-4 col-sm-3 col-md-4 col-lg-3\"><img loading=\"lazy\" decoding=\"async\" width=\"472\" height=\"472\" src=\"https:\/\/www.idiv.de\/wp-content\/uploads\/2024\/08\/Nicole-Sachmerda-Schulz-Portrait.png\" class=\"img-fluid rounded-circle w-100 wp-post-image\" alt=\"Portrait of Nicole-Sachmerda-Schulz-Portrait (Photo: private)\" \/><\/div><div class=\"col-8 col-sm-7 col-md-8\"><p class='mb-2'><strong>Dr. Nicole Sachmerda-Schulz<\/strong><\/p><p>Leiterin der Abteilung Education, Wissenschaftsmanagerin Graduiertenschule und iDiv Councellor<br>\n                                            Telefon: <a href='tel:+49 341 9733125' class='text-decoration-none'>+49 341 9733125<\/a><br>\n                                            E-Mail: <a href='&#x6d;&#97;i&#x6c;&#116;o&#x3a;&#110;i&#x63;&#x6f;&#108;&#x65;&#x2e;&#115;a&#x63;&#104;m&#x65;&#114;d&#x61;&#x2d;&#115;&#x63;&#x68;&#117;l&#x7a;&#64;i&#x64;&#105;v&#x2e;&#100;e' class='text-decoration-none'>n&#105;&#99;&#x6f;&#x6c;e&#46;&#115;&#x61;&#x63;&#x68;m&#101;&#114;&#x64;&#x61;-s&#99;&#x68;&#x75;&#x6c;z&#64;&#105;&#x64;&#x69;v&#46;&#100;&#x65;<\/a><br>\n                                            <span class='profile-short-link'>\n                                                <a href='https:\/\/www.idiv.de\/de\/staff\/nicole-sachmerda-schulz\/' class='ps-0 pe-1 btncf arrow'>\n                                                    Zum Profil\n                                                    <svg xmlns='http:\/\/www.w3.org\/2000\/svg' width='5.621' height='12.243' viewBox='0 0 7.621 12.243'>\n                                                        <path id='Icon_feather-chevron-right' d='M17.5,17l-4-4,4-4' transform='translate(19.621 19.121) rotate(180)' fill='none' stroke='#447226' stroke-linecap='round' stroke-linejoin='round' stroke-width='3'><\/path>\n                                                    <\/svg>\n                                                <\/a>\n                                            <\/span>\n                                        <\/p><\/div><\/div><\/div><\/div><\/div><\/div>\n\n<div class=\"pt-48 pb-24 no-bg\"><div class=\"container\"><div class=\"row mb-4 profile-short justify-content-center\"><div class=\"col-12 col-md-8\"><div class=\"row align-items-center\"><div class=\"col-4 col-sm-3 col-md-4 col-lg-3\"><img loading=\"lazy\" decoding=\"async\" width=\"472\" height=\"472\" src=\"https:\/\/www.idiv.de\/wp-content\/uploads\/2024\/08\/Beate-Horn-Portrait.png\" class=\"img-fluid rounded-circle w-100 wp-post-image\" alt=\"Portrait of Beate Horn (Photo: Stefan Bernhardt \/ iDiv)\" \/><\/div><div class=\"col-8 col-sm-7 col-md-8\"><p class='mb-2'><strong> Beate Horn<\/strong><\/p><p>Administrative Koordinatorin<br>\n                                            Telefon: <a href='tel:+49 341 9733126' class='text-decoration-none'>+49 341 9733126<\/a><br>\n                                            E-Mail: <a href='&#x6d;&#x61;&#x69;&#x6c;&#116;&#111;&#58;&#98;eat&#x65;&#x2e;&#x68;&#x6f;&#x72;&#110;&#64;&#105;div&#x2e;&#x64;&#x65;' class='text-decoration-none'>&#x62;&#101;&#x61;&#x74;e&#x2e;&#104;o&#x72;&#110;&#64;&#x69;&#100;&#x69;&#x76;&#46;&#x64;&#101;<\/a><br>\n                                            <span class='profile-short-link'>\n                                                <a href='https:\/\/www.idiv.de\/de\/staff\/beate-horn\/' class='ps-0 pe-1 btncf arrow'>\n                                                    Zum Profil\n                                                    <svg xmlns='http:\/\/www.w3.org\/2000\/svg' width='5.621' height='12.243' viewBox='0 0 7.621 12.243'>\n                                                        <path id='Icon_feather-chevron-right' d='M17.5,17l-4-4,4-4' transform='translate(19.621 19.121) rotate(180)' fill='none' stroke='#447226' stroke-linecap='round' stroke-linejoin='round' stroke-width='3'><\/path>\n                                                    <\/svg>\n                                                <\/a>\n                                            <\/span>\n                                        <\/p><\/div><\/div><\/div><\/div><\/div><\/div>","protected":false},"excerpt":{"rendered":"","protected":false},"author":3,"featured_media":0,"parent":887,"menu_order":4,"comment_status":"closed","ping_status":"closed","template":"","meta":{"_acf_changed":false,"advgb_blocks_editor_width":"","advgb_blocks_columns_visual_guide":"","footnotes":"","_links_to":"","_links_to_target":""},"class_list":["post-9619","page","type-page","status-publish","hentry"],"acf":{"search_thumb":"","search_kurzbeschreibung":"","breadcrumb":false},"yoast_head":"<!-- This site is optimized with the Yoast SEO plugin v27.5 - https:\/\/yoast.com\/product\/yoast-seo-wordpress\/ -->\n<title>Auslandsaufenthalt | iDiv<\/title>\n<meta name=\"description\" content=\"yDiv-Mitglieder haben die M\u00f6glichkeit, einen Forschungsaufenthalt in einem Labor oder einer Organisation im Ausland zu absolvieren.\" \/>\n<meta name=\"robots\" content=\"index, follow, max-snippet:-1, max-image-preview:large, max-video-preview:-1\" \/>\n<link rel=\"canonical\" href=\"https:\/\/www.idiv.de\/de\/karriere\/graduiertenschule\/auslandsaufenthalt\/\" \/>\n<meta property=\"og:locale\" content=\"de_DE\" \/>\n<meta property=\"og:type\" content=\"article\" \/>\n<meta property=\"og:title\" content=\"Auslandsaufenthalt | iDiv\" \/>\n<meta property=\"og:description\" content=\"yDiv-Mitglieder haben die M\u00f6glichkeit, einen Forschungsaufenthalt in einem Labor oder einer Organisation im Ausland zu absolvieren.\" \/>\n<meta property=\"og:url\" content=\"https:\/\/www.idiv.de\/de\/karriere\/graduiertenschule\/auslandsaufenthalt\/\" \/>\n<meta property=\"og:site_name\" content=\"iDiv\" \/>\n<meta property=\"article:modified_time\" content=\"2026-03-03T12:20:49+00:00\" \/>\n<meta property=\"og:image\" content=\"https:\/\/www.idiv.de\/wp-content\/uploads\/2024\/11\/iDivSocialMediaShare.jpg\" \/>\n\t<meta property=\"og:image:width\" content=\"1200\" \/>\n\t<meta property=\"og:image:height\" content=\"675\" \/>\n\t<meta property=\"og:image:type\" content=\"image\/jpeg\" \/>\n<meta name=\"twitter:card\" content=\"summary_large_image\" \/>\n<meta name=\"twitter:site\" content=\"@idiv\" \/>\n<script type=\"application\/ld+json\" class=\"yoast-schema-graph\">{\"@context\":\"https:\\\/\\\/schema.org\",\"@graph\":[{\"@type\":\"WebPage\",\"@id\":\"https:\\\/\\\/www.idiv.de\\\/de\\\/karriere\\\/graduiertenschule\\\/auslandsaufenthalt\\\/\",\"url\":\"https:\\\/\\\/www.idiv.de\\\/de\\\/karriere\\\/graduiertenschule\\\/auslandsaufenthalt\\\/\",\"name\":\"Auslandsaufenthalt | iDiv\",\"isPartOf\":{\"@id\":\"https:\\\/\\\/www.idiv.de\\\/de\\\/#website\"},\"datePublished\":\"2024-06-04T06:31:56+00:00\",\"dateModified\":\"2026-03-03T12:20:49+00:00\",\"description\":\"yDiv-Mitglieder haben die M\u00f6glichkeit, einen Forschungsaufenthalt in einem Labor oder einer Organisation im Ausland zu absolvieren.\",\"breadcrumb\":{\"@id\":\"https:\\\/\\\/www.idiv.de\\\/de\\\/karriere\\\/graduiertenschule\\\/auslandsaufenthalt\\\/#breadcrumb\"},\"inLanguage\":\"de\",\"potentialAction\":[{\"@type\":\"ReadAction\",\"target\":[\"https:\\\/\\\/www.idiv.de\\\/de\\\/karriere\\\/graduiertenschule\\\/auslandsaufenthalt\\\/\"]}]},{\"@type\":\"BreadcrumbList\",\"@id\":\"https:\\\/\\\/www.idiv.de\\\/de\\\/karriere\\\/graduiertenschule\\\/auslandsaufenthalt\\\/#breadcrumb\",\"itemListElement\":[{\"@type\":\"ListItem\",\"position\":1,\"name\":\"Startseite\",\"item\":\"https:\\\/\\\/www.idiv.de\\\/de\\\/\"},{\"@type\":\"ListItem\",\"position\":2,\"name\":\"Karriere\",\"item\":\"https:\\\/\\\/www.idiv.de\\\/de\\\/karriere\\\/\"},{\"@type\":\"ListItem\",\"position\":3,\"name\":\"Graduiertenschule\",\"item\":\"https:\\\/\\\/www.idiv.de\\\/de\\\/karriere\\\/graduiertenschule\\\/\"},{\"@type\":\"ListItem\",\"position\":4,\"name\":\"Auslandsaufenthalt\"}]},{\"@type\":\"WebSite\",\"@id\":\"https:\\\/\\\/www.idiv.de\\\/de\\\/#website\",\"url\":\"https:\\\/\\\/www.idiv.de\\\/de\\\/\",\"name\":\"iDiv\",\"description\":\"Hotspot in Biodiversity Research\",\"publisher\":{\"@id\":\"https:\\\/\\\/www.idiv.de\\\/de\\\/#organization\"},\"potentialAction\":[{\"@type\":\"SearchAction\",\"target\":{\"@type\":\"EntryPoint\",\"urlTemplate\":\"https:\\\/\\\/www.idiv.de\\\/de\\\/?s={search_term_string}\"},\"query-input\":{\"@type\":\"PropertyValueSpecification\",\"valueRequired\":true,\"valueName\":\"search_term_string\"}}],\"inLanguage\":\"de\"},{\"@type\":\"Organization\",\"@id\":\"https:\\\/\\\/www.idiv.de\\\/de\\\/#organization\",\"name\":\"idiv\",\"url\":\"https:\\\/\\\/www.idiv.de\\\/de\\\/\",\"logo\":{\"@type\":\"ImageObject\",\"inLanguage\":\"de\",\"@id\":\"https:\\\/\\\/www.idiv.de\\\/de\\\/#\\\/schema\\\/logo\\\/image\\\/\",\"url\":\"https:\\\/\\\/www.idiv.de\\\/wp-content\\\/uploads\\\/2024\\\/08\\\/iDiv_Logo_long_v1_EN_black_4c.jpg\",\"contentUrl\":\"https:\\\/\\\/www.idiv.de\\\/wp-content\\\/uploads\\\/2024\\\/08\\\/iDiv_Logo_long_v1_EN_black_4c.jpg\",\"width\":2448,\"height\":674,\"caption\":\"idiv\"},\"image\":{\"@id\":\"https:\\\/\\\/www.idiv.de\\\/de\\\/#\\\/schema\\\/logo\\\/image\\\/\"},\"sameAs\":[\"https:\\\/\\\/x.com\\\/idiv\",\"https:\\\/\\\/www.linkedin.com\\\/company\\\/idiv-biodiversity\\\/\",\"https:\\\/\\\/www.youtube.com\\\/idiv-research\"]}]}<\/script>\n<!-- \/ Yoast SEO plugin. -->","yoast_head_json":{"title":"Auslandsaufenthalt | iDiv","description":"yDiv-Mitglieder haben die M\u00f6glichkeit, einen Forschungsaufenthalt in einem Labor oder einer Organisation im Ausland zu absolvieren.","robots":{"index":"index","follow":"follow","max-snippet":"max-snippet:-1","max-image-preview":"max-image-preview:large","max-video-preview":"max-video-preview:-1"},"canonical":"https:\/\/www.idiv.de\/de\/karriere\/graduiertenschule\/auslandsaufenthalt\/","og_locale":"de_DE","og_type":"article","og_title":"Auslandsaufenthalt | iDiv","og_description":"yDiv-Mitglieder haben die M\u00f6glichkeit, einen Forschungsaufenthalt in einem Labor oder einer Organisation im Ausland zu absolvieren.","og_url":"https:\/\/www.idiv.de\/de\/karriere\/graduiertenschule\/auslandsaufenthalt\/","og_site_name":"iDiv","article_modified_time":"2026-03-03T12:20:49+00:00","og_image":[{"width":1200,"height":675,"url":"https:\/\/www.idiv.de\/wp-content\/uploads\/2024\/11\/iDivSocialMediaShare.jpg","type":"image\/jpeg"}],"twitter_card":"summary_large_image","twitter_site":"@idiv","schema":{"@context":"https:\/\/schema.org","@graph":[{"@type":"WebPage","@id":"https:\/\/www.idiv.de\/de\/karriere\/graduiertenschule\/auslandsaufenthalt\/","url":"https:\/\/www.idiv.de\/de\/karriere\/graduiertenschule\/auslandsaufenthalt\/","name":"Auslandsaufenthalt | iDiv","isPartOf":{"@id":"https:\/\/www.idiv.de\/de\/#website"},"datePublished":"2024-06-04T06:31:56+00:00","dateModified":"2026-03-03T12:20:49+00:00","description":"yDiv-Mitglieder haben die M\u00f6glichkeit, einen Forschungsaufenthalt in einem Labor oder einer Organisation im Ausland zu absolvieren.","breadcrumb":{"@id":"https:\/\/www.idiv.de\/de\/karriere\/graduiertenschule\/auslandsaufenthalt\/#breadcrumb"},"inLanguage":"de","potentialAction":[{"@type":"ReadAction","target":["https:\/\/www.idiv.de\/de\/karriere\/graduiertenschule\/auslandsaufenthalt\/"]}]},{"@type":"BreadcrumbList","@id":"https:\/\/www.idiv.de\/de\/karriere\/graduiertenschule\/auslandsaufenthalt\/#breadcrumb","itemListElement":[{"@type":"ListItem","position":1,"name":"Startseite","item":"https:\/\/www.idiv.de\/de\/"},{"@type":"ListItem","position":2,"name":"Karriere","item":"https:\/\/www.idiv.de\/de\/karriere\/"},{"@type":"ListItem","position":3,"name":"Graduiertenschule","item":"https:\/\/www.idiv.de\/de\/karriere\/graduiertenschule\/"},{"@type":"ListItem","position":4,"name":"Auslandsaufenthalt"}]},{"@type":"WebSite","@id":"https:\/\/www.idiv.de\/de\/#website","url":"https:\/\/www.idiv.de\/de\/","name":"iDiv","description":"Hotspot in Biodiversity Research","publisher":{"@id":"https:\/\/www.idiv.de\/de\/#organization"},"potentialAction":[{"@type":"SearchAction","target":{"@type":"EntryPoint","urlTemplate":"https:\/\/www.idiv.de\/de\/?s={search_term_string}"},"query-input":{"@type":"PropertyValueSpecification","valueRequired":true,"valueName":"search_term_string"}}],"inLanguage":"de"},{"@type":"Organization","@id":"https:\/\/www.idiv.de\/de\/#organization","name":"idiv","url":"https:\/\/www.idiv.de\/de\/","logo":{"@type":"ImageObject","inLanguage":"de","@id":"https:\/\/www.idiv.de\/de\/#\/schema\/logo\/image\/","url":"https:\/\/www.idiv.de\/wp-content\/uploads\/2024\/08\/iDiv_Logo_long_v1_EN_black_4c.jpg","contentUrl":"https:\/\/www.idiv.de\/wp-content\/uploads\/2024\/08\/iDiv_Logo_long_v1_EN_black_4c.jpg","width":2448,"height":674,"caption":"idiv"},"image":{"@id":"https:\/\/www.idiv.de\/de\/#\/schema\/logo\/image\/"},"sameAs":["https:\/\/x.com\/idiv","https:\/\/www.linkedin.com\/company\/idiv-biodiversity\/","https:\/\/www.youtube.com\/idiv-research"]}]}},"coauthors":[],"author_meta":{"author_link":"https:\/\/www.idiv.de\/de\/author\/stefan\/","display_name":"Stefan Bernhardt"},"relative_dates":{"created":"Ver\u00f6ffentlicht 2\u00a0Jahren vor","modified":"Aktualisiert 2\u00a0Monaten vor"},"absolute_dates":{"created":"Ver\u00f6ffentlicht am 4. Juni 2024","modified":"Aktualisiert am 3. M\u00e4rz 2026"},"absolute_dates_time":{"created":"Ver\u00f6ffentlicht am 4. Juni 2024 7:31","modified":"Aktualisiert am 3. M\u00e4rz 2026 13:20"},"featured_img_caption":"","featured_img":false,"series_order":"","_links":{"self":[{"href":"https:\/\/www.idiv.de\/de\/wp-json\/wp\/v2\/pages\/9619","targetHints":{"allow":["GET"]}}],"collection":[{"href":"https:\/\/www.idiv.de\/de\/wp-json\/wp\/v2\/pages"}],"about":[{"href":"https:\/\/www.idiv.de\/de\/wp-json\/wp\/v2\/types\/page"}],"author":[{"embeddable":true,"href":"https:\/\/www.idiv.de\/de\/wp-json\/wp\/v2\/users\/3"}],"replies":[{"embeddable":true,"href":"https:\/\/www.idiv.de\/de\/wp-json\/wp\/v2\/comments?post=9619"}],"version-history":[{"count":31,"href":"https:\/\/www.idiv.de\/de\/wp-json\/wp\/v2\/pages\/9619\/revisions"}],"predecessor-version":[{"id":40364,"href":"https:\/\/www.idiv.de\/de\/wp-json\/wp\/v2\/pages\/9619\/revisions\/40364"}],"up":[{"embeddable":true,"href":"https:\/\/www.idiv.de\/de\/wp-json\/wp\/v2\/pages\/887"}],"wp:attachment":[{"href":"https:\/\/www.idiv.de\/de\/wp-json\/wp\/v2\/media?parent=9619"}],"curies":[{"name":"wp","href":"https:\/\/api.w.org\/{rel}","templated":true}]}}