{"id":9553,"date":"2024-06-03T12:51:38","date_gmt":"2024-06-03T11:51:38","guid":{"rendered":"https:\/\/www.idiv.de\/?page_id=9553"},"modified":"2025-05-26T14:12:25","modified_gmt":"2025-05-26T13:12:25","slug":"evolution-von-symbiosen","status":"publish","type":"page","link":"https:\/\/www.idiv.de\/de\/forschung\/juniorforschungsgruppen\/evolution-von-symbiosen\/","title":{"rendered":"Evolution von Symbiosen"},"content":{"rendered":"<div class=\"herosection pb-0 pt-0 no-bg modulclass \" id=\"\">\n                    <div class=\"swiper1noslider  nooverflow swiper thinslider\" id=\"slide_69f0734ac48a5\">\n        \n                <div class=\"swiper-wrapper\">\n                                            <div class=\"swiper-slide  style_ \" aria-hidden=\"true\" >\n                            <div class=\"backstretchwrap\">\n                        \n                            <div datasrc=\"https:\/\/www.idiv.de\/wp-content\/uploads\/2024\/08\/Hummel-auf-Gemeine-Wegwarte-9941-iDiv-SBernhardt-scaled.jpg\" class=\"backstretchimg responsiv desktop\"><\/div>\n\n                            <a href=\"#\" class=\"cr\"><svg  xmlns=\"http:\/\/www.w3.org\/2000\/svg\" width=\"22\" height=\"22\" viewBox=\"0 0 22 22\">\n                                    <rect id=\"BG\" width=\"22\" height=\"22\" rx=\"11\" fill=\"#fff\"\/>\n                                    <g id=\"Wrapper\" transform=\"translate(-1 -1)\">\n                                        <g id=\"Icon_material-copyright\" data-name=\"Icon material-copyright\">\n                                            <circle id=\"Ellipse_30\" data-name=\"Ellipse 30\" cx=\"8\" cy=\"8\" r=\"8\" transform=\"translate(4 4)\" fill=\"#fff\"\/>\n                                            <path id=\"Icon_material-copyright-2\" data-name=\"Icon material-copyright\" d=\"M9.464,10.088a2.045,2.045,0,0,1,.24-.7,1.4,1.4,0,0,1,.472-.5,1.42,1.42,0,0,1,.728-.184,1.45,1.45,0,0,1,.5.1,1.29,1.29,0,0,1,.416.288,1.54,1.54,0,0,1,.272.424,1.4,1.4,0,0,1,.112.512H13.64a2.864,2.864,0,0,0-.224-1.032,2.4,2.4,0,0,0-.56-.808,2.613,2.613,0,0,0-.864-.528,3.09,3.09,0,0,0-1.112-.184,3.127,3.127,0,0,0-1.36.272,2.751,2.751,0,0,0-.96.736,3.007,3.007,0,0,0-.568,1.088A4.685,4.685,0,0,0,7.8,10.9v.216a4.684,4.684,0,0,0,.184,1.312,2.908,2.908,0,0,0,.568,1.08,2.731,2.731,0,0,0,.96.728,3.246,3.246,0,0,0,1.36.272,3.051,3.051,0,0,0,1.056-.184,2.729,2.729,0,0,0,.864-.5,2.442,2.442,0,0,0,.592-.752,2.153,2.153,0,0,0,.24-.92H12.192a1.139,1.139,0,0,1-.12.464,1.177,1.177,0,0,1-.288.368,1.26,1.26,0,0,1-.416.24,1.589,1.589,0,0,1-.48.08,1.359,1.359,0,0,1-.712-.184,1.4,1.4,0,0,1-.472-.5,2.09,2.09,0,0,1-.24-.7,5.392,5.392,0,0,1-.064-.8V10.9a5.33,5.33,0,0,1,.064-.808ZM11,3a8,8,0,1,0,8,8A8,8,0,0,0,11,3Zm0,14.4A6.4,6.4,0,1,1,17.4,11,6.408,6.408,0,0,1,11,17.4Z\" transform=\"translate(1 1)\" fill=\"#4d4d4d\"\/>\n                                        <\/g>\n                                    <\/g>\n                                <\/svg>\n                                <span>Stefan Bernhardt \/ iDiv<\/span><\/a>                        \n                                                    <\/div>\n                                        <div class=\"sliderinhalt \" role=\"region\" aria-label=\"carousel\">\n\n                                            <h1 class=\"h1 align-center\" >Evolution von Symbiosen<\/h1>                                                    <p style=\"text-align: center;\">Unsere Gruppe untersucht die Evolution und \u00d6kologie von vererbten bakteriellen Symbionten von Arthropoden.<\/p>\n                                                \n                                                                                                            <\/div>\n                                            <\/div>\n\n                        \n                 <\/div>\n\n                              <\/div>\n<\/div>\n\n<div class=\"textbildrepeater pb-24 pt-0 no-bg modulclass \" id=\"\">\n    <div class=\"container\">\n        <div class=\"row\">\n                                                                <div class=\"pb-24   mod_text  col-md-8 offset-md-2 pos_top\">\n                            <div class=\"textrepeater \" id=\"\">\n    <p>Diese Symbionten kommen bei sch\u00e4tzungsweise 50 % aller terrestrischen Arthropoden vor und k\u00f6nnen die Biologie ihres Wirts tiefgreifend beeinflussen, z. B. durch die Beeinflussung der Fortpflanzung, den Schutz gegen Krankheitserreger oder die Bereitstellung von N\u00e4hrstoffen. Unser Ziel ist es, besser zu verstehen, wie vererbte Symbionten so zahlreich und vielf\u00e4ltig geworden sind. Insbesondere interessieren wir uns daf\u00fcr, wie Wirtswechsel zum Erfolg der vererbten Arthropodensymbionten beigetragen haben.<\/p>\n<p>Zu diesem Zweck f\u00fchren wir Wirtswechsel unter kontrollierten experimentellen Bedingungen durch und dokumentieren, wie sich Symbionten in Anpassung an neue Wirtsumgebungen weiterentwickeln. Dar\u00fcber hinaus untersuchen wir nat\u00fcrliche Symbionten-Wirt-Gemeinschaften in und um Leipzig und nutzen Genomik, um die f\u00fcr Wirtswechsel wichtigen Symbionteneigenschaften zu bestimmen.<\/p>\n<\/div>\n                            <\/div>\n                        <\/div>\n    <\/div>\n<\/div>\n\n<hr class=\"modulborder nm np\"><div class=\"headline pb-0 pt-24 no-bg modulclass  block\" id=\"\">\n    <div class=\"container\"><div class=\"row\"><div class=\"col-md-12 relative\"><h2 class=\"h2 align-center mb-64\" >Kontakt und Team<\/h2><a href=\"https:\/\/www.idiv.de\/de\/forschung\/juniorforschungsgruppen\/evolution-von-symbiosen\/team\/\" target=\"\" class=\"rightbtncf btncf primary\" type=\"button\" >Alle Team-Mitglieder<\/a><\/div><\/div><\/div><\/div>\n\n<div class=\"textbildrepeater pb-24 pt-0 no-bg modulclass \" id=\"\">\n    <div class=\"container\">\n        <div class=\"row\">\n                                                                <div class=\"pb-24   mod_bild  col-md-8 offset-md-2 pos_top\">\n                            <div class=\"bildrepeater \" id=\"\">\n    <div class=\"relativ\"><img decoding=\"async\" class=\"responsiv desktop\" src=\"https:\/\/www.idiv.de\/wp-content\/uploads\/2024\/08\/Symbiont-Evolution-Group-2024-7182-SBernhardt-iDiv-scaled.jpg\" height=\"\" width=\"\" alt=\"idiv-\"\/><img decoding=\"async\" class=\"responsiv mobile\" src=\"https:\/\/www.idiv.de\/wp-content\/uploads\/2024\/08\/Symbiont-Evolution-Group-2024-7182-SBernhardt-iDiv-scaled.jpg\" height=\"\" width=\"\" alt=\"idiv-\"\/><\/div><\/div>\n                            <\/div>\n                        <\/div>\n    <\/div>\n<\/div>\n\n<div class=\"textbildrepeater pb-24 pt-0 no-bg modulclass \" id=\"\">\n    <div class=\"container\">\n        <div class=\"row\">\n                                                                <div class=\"pb-24   mod_text  col-md-2 offset-md-1 pos_top\">\n                            <div class=\"textrepeater \" id=\"\">\n    <p><strong>Leiter der Nachwuchs-Forschungsgruppe<\/strong><\/p>\n<p>Jun.-Prof. Dr. Michael Gerth<strong><br \/>\n<\/strong>Telefon: <a href=\"tel:+493419739145\">+49 341 9739145<\/a><br \/>\nE-Mail: <a href=\"&#109;a&#x69;l&#x74;o&#x3a;m&#x69;c&#x68;a&#x65;&#108;&#x2e;&#103;&#x65;&#114;&#x74;&#104;&#x40;&#105;&#x64;&#105;&#x76;&#46;d&#x65;\">&#x6d;i&#x63;&#104;&#x61;&#x65;l&#x2e;&#103;&#x65;&#x72;t&#x68;&#64;&#x69;&#x64;i&#x76;&#46;&#x64;&#x65;<\/a><\/p>\n<\/div>\n                            <\/div>\n                                                                    <div class=\"pb-24   mod_text  col-md-2 offset-md-0 pos_top\">\n                            <div class=\"textrepeater \" id=\"\">\n    <p><strong>Labortechnikerin und Administrative Assistentin<\/strong><\/p>\n<p>Nina Kl\u00f6tzer<br \/>\nTelefon: <a href=\"tel:+493419739220\">+49 341 9739220<\/a><br \/>\nE-Mail: <a href=\"&#109;&#x61;i&#x6c;t&#111;&#x3a;&#110;&#x69;n&#97;&#x2e;&#107;&#x6c;o&#x65;&#x74;&#122;&#x65;r&#x40;i&#100;&#x69;&#118;&#x2e;d&#101;\">nin&#97;&#46;&#107;&#108;&#x6f;&#x65;&#x74;&#x7a;&#x65;&#x72;&#x40;idi&#118;&#46;&#100;&#101;<\/a><\/p>\n<\/div>\n                            <\/div>\n                                                                    <div class=\"pb-24   mod_text  col-md-3 offset-md-0 pos_top\">\n                            <div class=\"textrepeater \" id=\"\">\n    <p><strong>Anschrift<\/strong><\/p>\n<p>Deutsches Zentrum f\u00fcr integrative Biodiversit\u00e4tsforschung (iDiv) Halle-Jena-Leipzig<br \/>\nPuschstra\u00dfe 4<br \/>\n04103 Leipzig<\/p>\n<\/div>\n                            <\/div>\n                                                                    <div class=\"pb-24   mod_text  col-md-3 offset-md-0 pos_top\">\n                            <div class=\"textrepeater \" id=\"\">\n    <p><strong>Affiliation<\/strong><\/p>\n<p>Martin-Luther-Universit\u00e4t Halle-Wittenberg<\/p>\n<p><strong>Gef\u00f6rdert durch<\/strong><\/p>\n<p>Emmy Noether-Programm der DFG<\/p>\n<p>&nbsp;<\/p>\n<\/div>\n                            <\/div>\n                        <\/div>\n    <\/div>\n<\/div>\n\n<div class=\"karussell pb-24 pt-0 no-bg modulclass  block\" id=\"\">\n    \n        <div class=\"container\">\n        <div class=\"row\">\n            <div class=\"col-md-12 \">\n                \n\n                    <div class=\"swiper3  nooverflow swiper\" id=\"slide_69f0734ac6b4e\">\n        <div class=\"swiper-wrapper\">\n                        <div class=\"swiper-slide  style_text\" aria-hidden=\"true\">\n                                        <a href=\"https:\/\/www.idiv.de\/de\/forschung\/juniorforschungsgruppen\/evolution-von-symbiosen\/forschungsprojekte\/\" target=\"\">\n                \n\n                    \n                    <div class=\"sliderinhalt bg-green\">\n                        <h3 class=\"nmb\" >Forschungsprojekte<\/h3><p class=\"nmb align-right\"><svg xmlns=\"http:\/\/www.w3.org\/2000\/svg\" width=\"32\" height=\"32\" viewBox=\"0 0 32 32\"><circle id=\"Ellipse_15\" data-name=\"Ellipse 15\" cx=\"16\" cy=\"16\" r=\"16\" fill=\"#fff\"\/><path id=\"Icon_feather-chevron-right\" data-name=\"Icon feather-chevron-right\" d=\"M13.5,19.667l5.333-5.333L13.5,9\" transform=\"translate(0.5 1.667)\" fill=\"none\" stroke=\"#4d4d4d\" stroke-linecap=\"round\" stroke-linejoin=\"round\" stroke-width=\"3\"\/><\/svg><\/p>                    <\/div>\n                                <\/a>\n            \n        \n<\/div>\n\n            <div class=\"swiper-slide  style_text\" aria-hidden=\"true\">\n                                        <a href=\"https:\/\/www.idiv.de\/de\/forschung\/juniorforschungsgruppen\/evolution-von-symbiosen\/publikationen\/\" target=\"\">\n                \n\n                    \n                    <div class=\"sliderinhalt bg-green\">\n                        <h3 class=\"nmb\" >Publikationen<\/h3><p class=\"nmb align-right\"><svg xmlns=\"http:\/\/www.w3.org\/2000\/svg\" width=\"32\" height=\"32\" viewBox=\"0 0 32 32\"><circle id=\"Ellipse_15\" data-name=\"Ellipse 15\" cx=\"16\" cy=\"16\" r=\"16\" fill=\"#fff\"\/><path id=\"Icon_feather-chevron-right\" data-name=\"Icon feather-chevron-right\" d=\"M13.5,19.667l5.333-5.333L13.5,9\" transform=\"translate(0.5 1.667)\" fill=\"none\" stroke=\"#4d4d4d\" stroke-linecap=\"round\" stroke-linejoin=\"round\" stroke-width=\"3\"\/><\/svg><\/p>                    <\/div>\n                                <\/a>\n            \n        \n<\/div>\n\n            <div class=\"swiper-slide  style_text\" aria-hidden=\"true\">\n                                        <a href=\"https:\/\/www.idiv.de\/de\/karriere\/stellenausschreibungen\/\" target=\"\">\n                \n\n                    \n                    <div class=\"sliderinhalt bg-green\">\n                        <h3 class=\"nmb\" >Stellenausschreibungen bei iDiv<\/h3><p class=\"nmb align-right\"><svg xmlns=\"http:\/\/www.w3.org\/2000\/svg\" width=\"32\" height=\"32\" viewBox=\"0 0 32 32\"><circle id=\"Ellipse_15\" data-name=\"Ellipse 15\" cx=\"16\" cy=\"16\" r=\"16\" fill=\"#fff\"\/><path id=\"Icon_feather-chevron-right\" data-name=\"Icon feather-chevron-right\" d=\"M13.5,19.667l5.333-5.333L13.5,9\" transform=\"translate(0.5 1.667)\" fill=\"none\" stroke=\"#4d4d4d\" stroke-linecap=\"round\" stroke-linejoin=\"round\" stroke-width=\"3\"\/><\/svg><\/p>                    <\/div>\n                                <\/a>\n            \n        \n<\/div>\n\n    <\/div>\n\n\n    <div class=\"swiperbtncf\">\n        <div class=\"swiper-button-prev\">\n            <img loading=\"lazy\" decoding=\"async\" src=\"\/wp-content\/themes\/bwa_starter\/block\/img\/sliderarrowleft.svg\" height=\"60\" width=\"60\"\/>\n        <\/div>\n        <div class=\"swiper-button-next\">\n            <img loading=\"lazy\" decoding=\"async\" src=\"\/wp-content\/themes\/bwa_starter\/block\/img\/sliderarrowright.svg\" height=\"60\" width=\"60\"\/>\n\n        <\/div>\n    <\/div>\n\n    <div class=\"swiper-pagination\"><\/div>\n\n    <\/div>\n\n\n    <\/div>\n    <\/div>\n    <\/div>\n<\/div>\n","protected":false},"excerpt":{"rendered":"","protected":false},"author":3,"featured_media":0,"parent":15155,"menu_order":0,"comment_status":"closed","ping_status":"closed","template":"","meta":{"_acf_changed":false,"advgb_blocks_editor_width":"","advgb_blocks_columns_visual_guide":"","footnotes":"","_links_to":"","_links_to_target":""},"class_list":["post-9553","page","type-page","status-publish","hentry"],"acf":{"search_thumb":"","search_kurzbeschreibung":"","breadcrumb":false},"yoast_head":"<!-- This site is optimized with the Yoast SEO plugin v27.4 - https:\/\/yoast.com\/product\/yoast-seo-wordpress\/ -->\n<title>Evolution von Symbiosen | iDiv<\/title>\n<meta name=\"robots\" content=\"index, follow, max-snippet:-1, max-image-preview:large, max-video-preview:-1\" \/>\n<link rel=\"canonical\" href=\"https:\/\/www.idiv.de\/de\/forschung\/juniorforschungsgruppen\/evolution-von-symbiosen\/\" \/>\n<meta property=\"og:locale\" content=\"de_DE\" \/>\n<meta property=\"og:type\" content=\"article\" \/>\n<meta property=\"og:title\" content=\"Evolution von Symbiosen | iDiv\" \/>\n<meta property=\"og:url\" content=\"https:\/\/www.idiv.de\/de\/forschung\/juniorforschungsgruppen\/evolution-von-symbiosen\/\" \/>\n<meta property=\"og:site_name\" content=\"iDiv\" \/>\n<meta property=\"article:modified_time\" content=\"2025-05-26T13:12:25+00:00\" \/>\n<meta property=\"og:image\" content=\"https:\/\/www.idiv.de\/wp-content\/uploads\/2024\/11\/iDivSocialMediaShare.jpg\" \/>\n\t<meta property=\"og:image:width\" content=\"1200\" \/>\n\t<meta property=\"og:image:height\" content=\"675\" \/>\n\t<meta property=\"og:image:type\" content=\"image\/jpeg\" \/>\n<meta name=\"twitter:card\" content=\"summary_large_image\" \/>\n<meta name=\"twitter:site\" content=\"@idiv\" \/>\n<script type=\"application\/ld+json\" class=\"yoast-schema-graph\">{\"@context\":\"https:\\\/\\\/schema.org\",\"@graph\":[{\"@type\":\"WebPage\",\"@id\":\"https:\\\/\\\/www.idiv.de\\\/de\\\/forschung\\\/juniorforschungsgruppen\\\/evolution-von-symbiosen\\\/\",\"url\":\"https:\\\/\\\/www.idiv.de\\\/de\\\/forschung\\\/juniorforschungsgruppen\\\/evolution-von-symbiosen\\\/\",\"name\":\"Evolution von Symbiosen | iDiv\",\"isPartOf\":{\"@id\":\"https:\\\/\\\/www.idiv.de\\\/de\\\/#website\"},\"datePublished\":\"2024-06-03T11:51:38+00:00\",\"dateModified\":\"2025-05-26T13:12:25+00:00\",\"breadcrumb\":{\"@id\":\"https:\\\/\\\/www.idiv.de\\\/de\\\/forschung\\\/juniorforschungsgruppen\\\/evolution-von-symbiosen\\\/#breadcrumb\"},\"inLanguage\":\"de\",\"potentialAction\":[{\"@type\":\"ReadAction\",\"target\":[\"https:\\\/\\\/www.idiv.de\\\/de\\\/forschung\\\/juniorforschungsgruppen\\\/evolution-von-symbiosen\\\/\"]}]},{\"@type\":\"BreadcrumbList\",\"@id\":\"https:\\\/\\\/www.idiv.de\\\/de\\\/forschung\\\/juniorforschungsgruppen\\\/evolution-von-symbiosen\\\/#breadcrumb\",\"itemListElement\":[{\"@type\":\"ListItem\",\"position\":1,\"name\":\"Startseite\",\"item\":\"https:\\\/\\\/www.idiv.de\\\/de\\\/\"},{\"@type\":\"ListItem\",\"position\":2,\"name\":\"Forschung\",\"item\":\"https:\\\/\\\/www.idiv.de\\\/de\\\/research\\\/\"},{\"@type\":\"ListItem\",\"position\":3,\"name\":\"Junior-Forschungsgruppen und -Professuren\",\"item\":\"https:\\\/\\\/www.idiv.de\\\/de\\\/forschung\\\/juniorforschungsgruppen\\\/\"},{\"@type\":\"ListItem\",\"position\":4,\"name\":\"Evolution von Symbiosen\"}]},{\"@type\":\"WebSite\",\"@id\":\"https:\\\/\\\/www.idiv.de\\\/de\\\/#website\",\"url\":\"https:\\\/\\\/www.idiv.de\\\/de\\\/\",\"name\":\"iDiv\",\"description\":\"Hotspot in Biodiversity Research\",\"publisher\":{\"@id\":\"https:\\\/\\\/www.idiv.de\\\/de\\\/#organization\"},\"potentialAction\":[{\"@type\":\"SearchAction\",\"target\":{\"@type\":\"EntryPoint\",\"urlTemplate\":\"https:\\\/\\\/www.idiv.de\\\/de\\\/?s={search_term_string}\"},\"query-input\":{\"@type\":\"PropertyValueSpecification\",\"valueRequired\":true,\"valueName\":\"search_term_string\"}}],\"inLanguage\":\"de\"},{\"@type\":\"Organization\",\"@id\":\"https:\\\/\\\/www.idiv.de\\\/de\\\/#organization\",\"name\":\"idiv\",\"url\":\"https:\\\/\\\/www.idiv.de\\\/de\\\/\",\"logo\":{\"@type\":\"ImageObject\",\"inLanguage\":\"de\",\"@id\":\"https:\\\/\\\/www.idiv.de\\\/de\\\/#\\\/schema\\\/logo\\\/image\\\/\",\"url\":\"https:\\\/\\\/www.idiv.de\\\/wp-content\\\/uploads\\\/2024\\\/08\\\/iDiv_Logo_long_v1_EN_black_4c.jpg\",\"contentUrl\":\"https:\\\/\\\/www.idiv.de\\\/wp-content\\\/uploads\\\/2024\\\/08\\\/iDiv_Logo_long_v1_EN_black_4c.jpg\",\"width\":2448,\"height\":674,\"caption\":\"idiv\"},\"image\":{\"@id\":\"https:\\\/\\\/www.idiv.de\\\/de\\\/#\\\/schema\\\/logo\\\/image\\\/\"},\"sameAs\":[\"https:\\\/\\\/x.com\\\/idiv\",\"https:\\\/\\\/www.linkedin.com\\\/company\\\/idiv-biodiversity\\\/\",\"https:\\\/\\\/www.youtube.com\\\/idiv-research\"]}]}<\/script>\n<!-- \/ Yoast SEO plugin. -->","yoast_head_json":{"title":"Evolution von Symbiosen | iDiv","robots":{"index":"index","follow":"follow","max-snippet":"max-snippet:-1","max-image-preview":"max-image-preview:large","max-video-preview":"max-video-preview:-1"},"canonical":"https:\/\/www.idiv.de\/de\/forschung\/juniorforschungsgruppen\/evolution-von-symbiosen\/","og_locale":"de_DE","og_type":"article","og_title":"Evolution von Symbiosen | iDiv","og_url":"https:\/\/www.idiv.de\/de\/forschung\/juniorforschungsgruppen\/evolution-von-symbiosen\/","og_site_name":"iDiv","article_modified_time":"2025-05-26T13:12:25+00:00","og_image":[{"width":1200,"height":675,"url":"https:\/\/www.idiv.de\/wp-content\/uploads\/2024\/11\/iDivSocialMediaShare.jpg","type":"image\/jpeg"}],"twitter_card":"summary_large_image","twitter_site":"@idiv","schema":{"@context":"https:\/\/schema.org","@graph":[{"@type":"WebPage","@id":"https:\/\/www.idiv.de\/de\/forschung\/juniorforschungsgruppen\/evolution-von-symbiosen\/","url":"https:\/\/www.idiv.de\/de\/forschung\/juniorforschungsgruppen\/evolution-von-symbiosen\/","name":"Evolution von Symbiosen | iDiv","isPartOf":{"@id":"https:\/\/www.idiv.de\/de\/#website"},"datePublished":"2024-06-03T11:51:38+00:00","dateModified":"2025-05-26T13:12:25+00:00","breadcrumb":{"@id":"https:\/\/www.idiv.de\/de\/forschung\/juniorforschungsgruppen\/evolution-von-symbiosen\/#breadcrumb"},"inLanguage":"de","potentialAction":[{"@type":"ReadAction","target":["https:\/\/www.idiv.de\/de\/forschung\/juniorforschungsgruppen\/evolution-von-symbiosen\/"]}]},{"@type":"BreadcrumbList","@id":"https:\/\/www.idiv.de\/de\/forschung\/juniorforschungsgruppen\/evolution-von-symbiosen\/#breadcrumb","itemListElement":[{"@type":"ListItem","position":1,"name":"Startseite","item":"https:\/\/www.idiv.de\/de\/"},{"@type":"ListItem","position":2,"name":"Forschung","item":"https:\/\/www.idiv.de\/de\/research\/"},{"@type":"ListItem","position":3,"name":"Junior-Forschungsgruppen und -Professuren","item":"https:\/\/www.idiv.de\/de\/forschung\/juniorforschungsgruppen\/"},{"@type":"ListItem","position":4,"name":"Evolution von Symbiosen"}]},{"@type":"WebSite","@id":"https:\/\/www.idiv.de\/de\/#website","url":"https:\/\/www.idiv.de\/de\/","name":"iDiv","description":"Hotspot in Biodiversity Research","publisher":{"@id":"https:\/\/www.idiv.de\/de\/#organization"},"potentialAction":[{"@type":"SearchAction","target":{"@type":"EntryPoint","urlTemplate":"https:\/\/www.idiv.de\/de\/?s={search_term_string}"},"query-input":{"@type":"PropertyValueSpecification","valueRequired":true,"valueName":"search_term_string"}}],"inLanguage":"de"},{"@type":"Organization","@id":"https:\/\/www.idiv.de\/de\/#organization","name":"idiv","url":"https:\/\/www.idiv.de\/de\/","logo":{"@type":"ImageObject","inLanguage":"de","@id":"https:\/\/www.idiv.de\/de\/#\/schema\/logo\/image\/","url":"https:\/\/www.idiv.de\/wp-content\/uploads\/2024\/08\/iDiv_Logo_long_v1_EN_black_4c.jpg","contentUrl":"https:\/\/www.idiv.de\/wp-content\/uploads\/2024\/08\/iDiv_Logo_long_v1_EN_black_4c.jpg","width":2448,"height":674,"caption":"idiv"},"image":{"@id":"https:\/\/www.idiv.de\/de\/#\/schema\/logo\/image\/"},"sameAs":["https:\/\/x.com\/idiv","https:\/\/www.linkedin.com\/company\/idiv-biodiversity\/","https:\/\/www.youtube.com\/idiv-research"]}]}},"coauthors":[],"author_meta":{"author_link":"https:\/\/www.idiv.de\/de\/author\/stefan\/","display_name":"Stefan Bernhardt"},"relative_dates":{"created":"Ver\u00f6ffentlicht 2\u00a0Jahren vor","modified":"Aktualisiert 11\u00a0Monaten vor"},"absolute_dates":{"created":"Ver\u00f6ffentlicht am 3. Juni 2024","modified":"Aktualisiert am 26. Mai 2025"},"absolute_dates_time":{"created":"Ver\u00f6ffentlicht am 3. Juni 2024 12:51","modified":"Aktualisiert am 26. Mai 2025 14:12"},"featured_img_caption":"","featured_img":false,"series_order":"","_links":{"self":[{"href":"https:\/\/www.idiv.de\/de\/wp-json\/wp\/v2\/pages\/9553","targetHints":{"allow":["GET"]}}],"collection":[{"href":"https:\/\/www.idiv.de\/de\/wp-json\/wp\/v2\/pages"}],"about":[{"href":"https:\/\/www.idiv.de\/de\/wp-json\/wp\/v2\/types\/page"}],"author":[{"embeddable":true,"href":"https:\/\/www.idiv.de\/de\/wp-json\/wp\/v2\/users\/3"}],"replies":[{"embeddable":true,"href":"https:\/\/www.idiv.de\/de\/wp-json\/wp\/v2\/comments?post=9553"}],"version-history":[{"count":8,"href":"https:\/\/www.idiv.de\/de\/wp-json\/wp\/v2\/pages\/9553\/revisions"}],"predecessor-version":[{"id":30976,"href":"https:\/\/www.idiv.de\/de\/wp-json\/wp\/v2\/pages\/9553\/revisions\/30976"}],"up":[{"embeddable":true,"href":"https:\/\/www.idiv.de\/de\/wp-json\/wp\/v2\/pages\/15155"}],"wp:attachment":[{"href":"https:\/\/www.idiv.de\/de\/wp-json\/wp\/v2\/media?parent=9553"}],"curies":[{"name":"wp","href":"https:\/\/api.w.org\/{rel}","templated":true}]}}