{"id":9453,"date":"2024-07-01T14:37:53","date_gmt":"2024-07-01T13:37:53","guid":{"rendered":"https:\/\/www.idiv.de\/?page_id=9453"},"modified":"2024-12-09T15:56:43","modified_gmt":"2024-12-09T14:56:43","slug":"lehre","status":"publish","type":"page","link":"https:\/\/www.idiv.de\/de\/forschung\/kernforschungsgruppen\/biodiversitaetsoekonomik\/lehre\/","title":{"rendered":"Lehre"},"content":{"rendered":"<div class=\"herosection pb-0 pt-0 no-bg modulclass \" id=\"\">\n                    <div class=\"swiper1noslider  nooverflow swiper thinslider\" id=\"slide_69f278d62352c\">\n        \n                <div class=\"swiper-wrapper\">\n                                            <div class=\"swiper-slide  style_ \" aria-hidden=\"true\" >\n                            <div class=\"backstretchwrap\">\n                        \n                            <div datasrc=\"https:\/\/www.idiv.de\/wp-content\/uploads\/2024\/08\/iDiv-students-120882959-AdobeStock.jpg\" class=\"backstretchimg responsiv desktop\"><\/div>\n\n                            <a href=\"#\" class=\"cr\"><svg  xmlns=\"http:\/\/www.w3.org\/2000\/svg\" width=\"22\" height=\"22\" viewBox=\"0 0 22 22\">\n                                    <rect id=\"BG\" width=\"22\" height=\"22\" rx=\"11\" fill=\"#fff\"\/>\n                                    <g id=\"Wrapper\" transform=\"translate(-1 -1)\">\n                                        <g id=\"Icon_material-copyright\" data-name=\"Icon material-copyright\">\n                                            <circle id=\"Ellipse_30\" data-name=\"Ellipse 30\" cx=\"8\" cy=\"8\" r=\"8\" transform=\"translate(4 4)\" fill=\"#fff\"\/>\n                                            <path id=\"Icon_material-copyright-2\" data-name=\"Icon material-copyright\" d=\"M9.464,10.088a2.045,2.045,0,0,1,.24-.7,1.4,1.4,0,0,1,.472-.5,1.42,1.42,0,0,1,.728-.184,1.45,1.45,0,0,1,.5.1,1.29,1.29,0,0,1,.416.288,1.54,1.54,0,0,1,.272.424,1.4,1.4,0,0,1,.112.512H13.64a2.864,2.864,0,0,0-.224-1.032,2.4,2.4,0,0,0-.56-.808,2.613,2.613,0,0,0-.864-.528,3.09,3.09,0,0,0-1.112-.184,3.127,3.127,0,0,0-1.36.272,2.751,2.751,0,0,0-.96.736,3.007,3.007,0,0,0-.568,1.088A4.685,4.685,0,0,0,7.8,10.9v.216a4.684,4.684,0,0,0,.184,1.312,2.908,2.908,0,0,0,.568,1.08,2.731,2.731,0,0,0,.96.728,3.246,3.246,0,0,0,1.36.272,3.051,3.051,0,0,0,1.056-.184,2.729,2.729,0,0,0,.864-.5,2.442,2.442,0,0,0,.592-.752,2.153,2.153,0,0,0,.24-.92H12.192a1.139,1.139,0,0,1-.12.464,1.177,1.177,0,0,1-.288.368,1.26,1.26,0,0,1-.416.24,1.589,1.589,0,0,1-.48.08,1.359,1.359,0,0,1-.712-.184,1.4,1.4,0,0,1-.472-.5,2.09,2.09,0,0,1-.24-.7,5.392,5.392,0,0,1-.064-.8V10.9a5.33,5.33,0,0,1,.064-.808ZM11,3a8,8,0,1,0,8,8A8,8,0,0,0,11,3Zm0,14.4A6.4,6.4,0,1,1,17.4,11,6.408,6.408,0,0,1,11,17.4Z\" transform=\"translate(1 1)\" fill=\"#4d4d4d\"\/>\n                                        <\/g>\n                                    <\/g>\n                                <\/svg>\n                                <span>Syda Productions \/ Adobe Stock<\/span><\/a>                        \n                                                    <\/div>\n                                        <div class=\"sliderinhalt \" role=\"region\" aria-label=\"carousel\">\n\n                                            <h1 class=\"h1 align-left\" >Lehre<\/h1>                                                    <p>Hier finden Sie alle Vorlesungen und Tutorien der letzten sechs Semester, der Professur\u00a0 Biodiversit\u00e4ts\u00f6konomie an der Universit\u00e4t Leipzig.<\/p>\n                                                \n                                                                                                            <\/div>\n                                            <\/div>\n\n                        \n                 <\/div>\n\n                              <\/div>\n<\/div>\n\n<div class=\"textbildrepeater pb-0 pt-0 no-bg modulclass \" id=\"\">\n    <div class=\"container\">\n        <div class=\"row\">\n                                                                <div class=\"pb-0   mod_textheadlinebtn  col-md-8 offset-md-2 pos_top\">\n                            <div class=\"textrepeater \" id=\"\">\n\n\n    <h2 class=\"h2 \" >Sommersemester 2024<\/h2>\n    <div class=\"contentrepeater\">\n        <div class=\"detailHeader openSlide\">\n<h3 class=\"slideButton\">Environmental and Biodiversity Economics<\/h3>\n<ul>\n<li><a href=\"https:\/\/almaweb.uni-leipzig.de\/scripts\/mgrqispi.dll?APPNAME=CampusNet&amp;PRGNAME=COURSEDETAILS&amp;ARGUMENTS=-N000000000000001,-N000560,-N0,-N385785345668335,-N385785345695336,-N0,-N0,-N0\" target=\"_blank\" aria-label=\"open in new tab\" rel=\"noopener\">Vorlesung auf AlmaWeb<\/a><\/li>\n<li><a href=\"https:\/\/almaweb.uni-leipzig.de\/scripts\/mgrqispi.dll?APPNAME=CampusNet&amp;PRGNAME=COURSEDETAILS&amp;ARGUMENTS=-N000000000000001,-N000564,-N0,-N387363851101176,-N387363851127177,-N0,-N0,-N0\" target=\"_blank\" aria-label=\"open in new tab\" rel=\"noopener\">Tutorium auf AlmaWeb<\/a><\/li>\n<\/ul>\n<\/div>\n    <\/div>\n\n\n    <\/div>\n                            <\/div>\n                        <\/div>\n    <\/div>\n<\/div>\n\n<div class=\"linie pb-24 pt-0   block\" id=\"\">\n    <div class=\"container\">\n        <div class=\"row\">\n            <div class=\"col-md-12\">\n               <hr class=\"bg-\" \/>\n            <\/div>\n        <\/div>\n    <\/div>\n<\/div>\n\n<div class=\"textbildrepeater pb-0 pt-0 no-bg modulclass \" id=\"\">\n    <div class=\"container\">\n        <div class=\"row\">\n                                                                <div class=\"pb-0   mod_textheadlinebtn  col-md-8 offset-md-2 pos_top\">\n                            <div class=\"textrepeater \" id=\"\">\n\n\n    <h2 class=\"h2 \" >Wintersemester 2023\/24<\/h2>\n    <div class=\"contentrepeater\">\n        <div class=\"detailHeader openSlide\">\n<h3 class=\"slideButton\">Natural Resource Use and Conservation Economics<\/h3>\n<ul>\n<li><a href=\"https:\/\/almaweb.uni-leipzig.de\/scripts\/mgrqispi.dll?APPNAME=CampusNet&amp;PRGNAME=COURSEDETAILS&amp;ARGUMENTS=-N000000000000001,-N000560,-N0,-N385785345668335,-N385785345695336,-N0,-N0,-N0\" target=\"_blank\" aria-label=\"open in new tab\" rel=\"noopener\">Vorlesung auf AlmaWeb<\/a><\/li>\n<li><a href=\"https:\/\/almaweb.uni-leipzig.de\/scripts\/mgrqispi.dll?APPNAME=CampusNet&amp;PRGNAME=COURSEDETAILS&amp;ARGUMENTS=-N000000000000001,-N000564,-N0,-N387363851101176,-N387363851127177,-N0,-N0,-N0\" target=\"_blank\" aria-label=\"open in new tab\" rel=\"noopener\">Tutorium auf AlmaWeb<\/a><\/li>\n<\/ul>\n<\/div>\n    <\/div>\n\n\n    <\/div>\n                            <\/div>\n                        <\/div>\n    <\/div>\n<\/div>\n\n<div class=\"linie pb-24 pt-0   block\" id=\"\">\n    <div class=\"container\">\n        <div class=\"row\">\n            <div class=\"col-md-12\">\n               <hr class=\"bg-\" \/>\n            <\/div>\n        <\/div>\n    <\/div>\n<\/div>\n\n<div class=\"textbildrepeater pb-0 pt-0 no-bg modulclass \" id=\"\">\n    <div class=\"container\">\n        <div class=\"row\">\n                                                                <div class=\"pb-0   mod_textheadlinebtn  col-md-8 offset-md-2 pos_top\">\n                            <div class=\"textrepeater \" id=\"\">\n\n\n    <h2 class=\"h2 \" >Sommersemester 2023<\/h2>\n    <div class=\"contentrepeater\">\n        <div class=\"detailHeader openSlide\">\n<h3 class=\"slideButton\">Environmental and Biodiversity Economics<\/h3>\n<ul>\n<li><a href=\"https:\/\/almaweb.uni-leipzig.de\/scripts\/mgrqispi.dll?APPNAME=CampusNet&amp;PRGNAME=COURSEDETAILS&amp;ARGUMENTS=-N000000000000001,-N000560,-N0,-N385785345673338,-N385785345679339,-N0,-N0,-N0\" target=\"_blank\" aria-label=\"open in new tab\" rel=\"noopener\">Vorlesung auf AlmaWeb<\/a><\/li>\n<li><a href=\"https:\/\/almaweb.uni-leipzig.de\/scripts\/mgrqispi.dll?APPNAME=CampusNet&amp;PRGNAME=COURSEDETAILS&amp;ARGUMENTS=-N000000000000001,-N000560,-N0,-N385785345668335,-N385785345695336,-N0,-N0,-N0\" target=\"_blank\" aria-label=\"open in new tab\" rel=\"noopener\">Tutorium auf AlmaWeb<\/a><\/li>\n<\/ul>\n<\/div>\n    <\/div>\n\n\n    <\/div>\n                            <\/div>\n                        <\/div>\n    <\/div>\n<\/div>\n\n<div class=\"linie pb-24 pt-0   block\" id=\"\">\n    <div class=\"container\">\n        <div class=\"row\">\n            <div class=\"col-md-12\">\n               <hr class=\"bg-\" \/>\n            <\/div>\n        <\/div>\n    <\/div>\n<\/div>\n\n<div class=\"textbildrepeater pb-0 pt-0 no-bg modulclass \" id=\"\">\n    <div class=\"container\">\n        <div class=\"row\">\n                                                                <div class=\"pb-0   mod_textheadlinebtn  col-md-8 offset-md-2 pos_top\">\n                            <div class=\"textrepeater \" id=\"\">\n\n\n    <h2 class=\"h2 \" >Wintersemester 2022\/23<\/h2>\n    <div class=\"contentrepeater\">\n        <div class=\"detailHeader openSlide\">\n<h3 class=\"slideButton\">Natural Resource Use and Conservation Economics<\/h3>\n<ul>\n<li><a href=\"https:\/\/almaweb.uni-leipzig.de\/scripts\/mgrqispi.dll?APPNAME=CampusNet&amp;PRGNAME=COURSEDETAILS&amp;ARGUMENTS=-N000000000000001,-N000558,-N0,-N383825510487601,-N383825510403602,-N0,-N0,-N0\" target=\"_blank\" aria-label=\"open in new tab\" rel=\"noopener\">Vorlesung auf AlmaWeb<\/a><\/li>\n<li><a href=\"https:\/\/almaweb.uni-leipzig.de\/scripts\/mgrqispi.dll?APPNAME=CampusNet&amp;PRGNAME=COURSEDETAILS&amp;ARGUMENTS=-N000000000000001,-N000558,-N0,-N383825510418598,-N383825510482599,-N0,-N0,-N0\" target=\"_blank\" aria-label=\"open in new tab\" rel=\"noopener\">Tutorium auf AlmaWeb<\/a><\/li>\n<\/ul>\n<\/div>\n    <\/div>\n\n\n    <\/div>\n                            <\/div>\n                        <\/div>\n    <\/div>\n<\/div>\n\n<div class=\"linie pb-24 pt-0   block\" id=\"\">\n    <div class=\"container\">\n        <div class=\"row\">\n            <div class=\"col-md-12\">\n               <hr class=\"bg-\" \/>\n            <\/div>\n        <\/div>\n    <\/div>\n<\/div>\n\n<div class=\"textbildrepeater pb-0 pt-0 no-bg modulclass \" id=\"\">\n    <div class=\"container\">\n        <div class=\"row\">\n                                                                <div class=\"pb-0   mod_textheadlinebtn  col-md-8 offset-md-2 pos_top\">\n                            <div class=\"textrepeater \" id=\"\">\n\n\n    <h2 class=\"h2 \" >Sommersemester 2022<\/h2>\n    <div class=\"contentrepeater\">\n        <div class=\"detailHeader openSlide\">\n<h3 class=\"slideButton\">Environmental and Biodiversity Economics<\/h3>\n<ul>\n<li><a href=\"https:\/\/almaweb.uni-leipzig.de\/scripts\/mgrqispi.dll?APPNAME=CampusNet&amp;PRGNAME=COURSEDETAILS&amp;ARGUMENTS=-N000000000000002,-N000410,-N0,-N382164469337002,-N382164469340003,-N0,-N0,-N3,-AQqUAHSmyRgWJHILdvoR5YU5p3z6BVuDt4DPgvZUgcoLFOdHhPdotxfwQWfDAVDnZrMLW4gpgODomfBoj3YUb4u5hcdZlWDZZfQPjfqPVP-mbQMAvVuo7moHSfMLF7QHEc-L6OgoVxI5LvN5HmzAjYuB6WdZ7VjHuPqHBcfLSfWohVWKa3QHLQYNAPBHI7ZLm4fH7Wdy9coUYmSDN4YNZmfH-ejHKvqm7cqZXQo5omNKEQoP3xuKaHNKvYoP54uoxeDACfDw7eDZ0OMoHv-oDcB5FfSRgcDA5vdPqxuedOfw77QmEPNRQVop8VBRSfNULfYW3O-UH7j7d3W5LvBwKWYKxVjpxWNcwYYRWmzcFOZoKOqooQqPUQSLsCuKPRfKzVY6uWjAscNK3mjm8rqm-WqfAcMVwHB5VQdRNvZpCe-oSCYRoRSAIQfHdczwmCQpzYzLTxdZbf-ljfQ5mW-5BmfKFQqKKPBUtcYR3xzB6WNmwRdPTWUi6HdPMWSKAvMn-fWW3vDPA3WPUQjD-vZBtxNANxqK0QvZmmg5x7NwsYzmvCY65QBme7QRmVBWU7uADmdeNcZK-WtZKWBREONoAWoWu7jUWvZPCONGCOZmd4oRN4QedHSWUOZRamDmMWSpBPDmMVjAKfdwevqWXQDU6WjUzOdZpcqcwxoUkeN6MHNwaWWRpHMidfUmMVBR07jRsQuPT3opfOIpex-e-VZcwmILqHuDd3BcjfoDjQqoyWvNFCWDdYvZb7gWEcNPIxNlA\" target=\"_blank\" aria-label=\"open in new tab\" rel=\"noopener\">Vorlesung auf AlmaWeb<\/a><\/li>\n<li><a href=\"https:\/\/almaweb.uni-leipzig.de\/scripts\/mgrqispi.dll?APPNAME=CampusNet&amp;PRGNAME=COURSEDETAILS&amp;ARGUMENTS=-N000000000000002,-N000410,-N0,-N382164469342999,-N382164469351000,-N0,-N0,-N3,-AQqUAHSmyRgWJHILdvoR5YU5p3z6BVuDt4DPgvZUgcoLFOdHhPdotxfwQWfDAVDnZrMLW4gpgODomfBoj3YUb4u5hcdZlWDZZfQPjfqPVP-mbQMAvVuo7moHSfMLF7QHEc-L6OgoVxI5LvN5HmzAjYuB6WdZ7VjHuPqHBcfLSfWohVWKa3QHLQYNAPBHI7ZLm4fH7Wdy9coUYmSDN4YNZmfH-ejHKvqm7cqZXQo5omNKEQoP3xuKaHNKvYoP54uoxeDACfDw7eDZ0OMoHv-oDcB5FfSRgcDA5vdPqxuedOfw77QmEPNRQVop8VBRSfNULfYW3O-UH7j7d3W5LvBwKWYKxVjpxWNcwYYRWmzcFOZoKOqooQqPUQSLsCuKPRfKzVY6uWjAscNK3mjm8rqm-WqfAcMVwHB5VQdRNvZpCe-oSCYRoRSAIQfHdczwmCQpzYzLTxdZbf-ljfQ5mW-5BmfKFQqKKPBUtcYR3xzB6WNmwRdPTWUi6HdPMWSKAvMn-fWW3vDPA3WPUQjD-vZBtxNANxqK0QvZmmg5x7NwsYzmvCY65QBme7QRmVBWU7uADmdeNcZK-WtZKWBREONoAWoWu7jUWvZPCONGCOZmd4oRN4QedHSWUOZRamDmMWSpBPDmMVjAKfdwevqWXQDU6WjUzOdZpcqcwxoUkeN6MHNwaWWRpHMidfUmMVBR07jRsQuPT3opfOIpex-e-VZcwmILqHuDd3BcjfoDjQqoyWvNFCWDdYvZb7gWEcNPIxNlA\" target=\"_blank\" aria-label=\"open in new tab\" rel=\"noopener\">Tutorium auf AlmaWeb<\/a><\/li>\n<\/ul>\n<\/div>\n    <\/div>\n\n\n    <\/div>\n                            <\/div>\n                        <\/div>\n    <\/div>\n<\/div>\n\n<div class=\"linie pb-24 pt-0   block\" id=\"\">\n    <div class=\"container\">\n        <div class=\"row\">\n            <div class=\"col-md-12\">\n               <hr class=\"bg-\" \/>\n            <\/div>\n        <\/div>\n    <\/div>\n<\/div>\n\n<div class=\"textbildrepeater pb-0 pt-0 no-bg modulclass \" id=\"\">\n    <div class=\"container\">\n        <div class=\"row\">\n                                                                <div class=\"pb-0   mod_textheadlinebtn  col-md-8 offset-md-2 pos_top\">\n                            <div class=\"textrepeater \" id=\"\">\n\n\n    <h2 class=\"h2 \" >Wintersemester 2021\/22<\/h2>\n    <div class=\"contentrepeater\">\n        <div class=\"detailHeader openSlide\">\n<h3 class=\"slideButton\">Natural Resource Use and Conservation Economics<\/h3>\n<ul>\n<li><a href=\"https:\/\/almaweb.uni-leipzig.de\/scripts\/mgrqispi.dll?APPNAME=CampusNet&amp;PRGNAME=COURSEDETAILS&amp;ARGUMENTS=-N000000000000002,-N000410,-N0,-N379864673194188,-N379864673140189,-N0,-N0,-N3,-AVSPxQjRycjpeHuBjxNW-mIRMrUUjVDWFVURCvqLNvzDtHgPq4qZjQUUlxSRDCfA6Oz5JOS7F4Bwdfzf9PuRdfYRzeWB9RWfAVz2ZV-mKHMPZYSAgOULgQWWkHUoex-RYfoLIfZLe7jWF4QRN3vN-fNKxVjmWvuHFQWmTVNPhHN6uPN6sWQHzeq6eWdLQc-H87-HTWBNwPjLTeWpU7ULVcoW8WSKaRWRAxgRCcqGbxNLxQYAtOzede-L-rqUHQjcdmdcjOqGUcjL3xZRomgU6OfUtYqPZ7-V6mzR3PUW7YuHZPD5e3Yc6WQUZVYW-WWlF7gWkCucwfZadmfwbYzoJmWo7fbZkPUnweUHIPjDteQfNe-H3QQobWo5XYqZjefALHYAsvq79xfAj7DZTrDUQmQPexBRYfZRERqDtvo5dWS5lvjK0fBKjmWoUCfF-mfAsmzGNxNFAxDDF7fwMONZv4QU-HonjRNwCVYDNYqWzVZewPIRtPdm6OdHqVY5NOMowmQo9cqmuxj5DPB9j3umWHkZ7HN2ZxULVfUoQmdPQYuo7PIetcSp5rqaZPjKVHDGhfIHMmzmeeDwXmMKYx-UVQMUCVNWXYYVdvgD6vgL-mdRgHIiZHDoHvMiNffy6vQHKxfKMvdRAVMP63QWXvNy-eMKZRDGwOMKsxgmhPdWUPNK5PuKm7j5lRYyZYDoHvQPTHWmdcIWoeUpCRNGZOWHWvBVARBwTmg5I7jDZYgP-PM5oQYZAOtZUWZmxvZ5qeY66\" target=\"_blank\" aria-label=\"open in new tab\" rel=\"noopener\">Vorlesung auf AlmaWeb<\/a><\/li>\n<li><a href=\"https:\/\/almaweb.uni-leipzig.de\/scripts\/mgrqispi.dll?APPNAME=CampusNet&amp;PRGNAME=COURSEDETAILS&amp;ARGUMENTS=-N000000000000002,-N000410,-N0,-N379864673194185,-N379864673115186,-N0,-N0,-N3,-AVSPxQjRycjpeHuBjxNW-mIRMrUUjVDWFVURCvqLNvzDtHgPq4qZjQUUlxSRDCfA6Oz5JOS7F4Bwdfzf9PuRdfYRzeWB9RWfAVz2ZV-mKHMPZYSAgOULgQWWkHUoex-RYfoLIfZLe7jWF4QRN3vN-fNKxVjmWvuHFQWmTVNPhHN6uPN6sWQHzeq6eWdLQc-H87-HTWBNwPjLTeWpU7ULVcoW8WSKaRWRAxgRCcqGbxNLxQYAtOzede-L-rqUHQjcdmdcjOqGUcjL3xZRomgU6OfUtYqPZ7-V6mzR3PUW7YuHZPD5e3Yc6WQUZVYW-WWlF7gWkCucwfZadmfwbYzoJmWo7fbZkPUnweUHIPjDteQfNe-H3QQobWo5XYqZjefALHYAsvq79xfAj7DZTrDUQmQPexBRYfZRERqDtvo5dWS5lvjK0fBKjmWoUCfF-mfAsmzGNxNFAxDDF7fwMONZv4QU-HonjRNwCVYDNYqWzVZewPIRtPdm6OdHqVY5NOMowmQo9cqmuxj5DPB9j3umWHkZ7HN2ZxULVfUoQmdPQYuo7PIetcSp5rqaZPjKVHDGhfIHMmzmeeDwXmMKYx-UVQMUCVNWXYYVdvgD6vgL-mdRgHIiZHDoHvMiNffy6vQHKxfKMvdRAVMP63QWXvNy-eMKZRDGwOMKsxgmhPdWUPNK5PuKm7j5lRYyZYDoHvQPTHWmdcIWoeUpCRNGZOWHWvBVARBwTmg5I7jDZYgP-PM5oQYZAOtZUWZmxvZ5qeY66\" target=\"_blank\" aria-label=\"open in new tab\" rel=\"noopener\">Tutorium auf AlmaWeb<\/a><\/li>\n<\/ul>\n<h3><\/h3>\n<h3>Climate Crisis and Possible Solutions<\/h3>\n<ul>\n<li><a href=\"https:\/\/almaweb.uni-leipzig.de\/scripts\/mgrqispi.dll?APPNAME=CampusNet&amp;PRGNAME=COURSEDETAILS&amp;ARGUMENTS=-N000000000000002,-N000410,-N0,-N379982751662241,-N379982751658242,-N0,-N0,-N3,-ARqLTmumHefWqvSAAPgP3Hz5bRdAl4QouPjAa4WKSmvZyCQRZrUWs3fGuOIW67DWjrMmJmfRNWBPbQBosfUWBmdHQWdKfmYGAVgmgWoP9YWH9CYGsvuBAWBmxRueZWDKwHUmScIP5OWKdVzwWvkZ-RQoJxIod4fHIx-p0eYASOgW3xdR7PqWKcd6Y4BKyYDcNmNUfxDRoxSfdWMWmVYWWHfeZ4f9jYuFFHMH7YqLMfDmeevZxOY2NOgfw7-5xRfP54QHDYSovPuA7PSWdvDoumgL04SPCcdHm3oa-edc-V-L5PW5V4qA8foHT7ZWtcUUgYMWgYYH3YIWJWWKYVuWzPf5IvYRAOjWWegmeVBAlQzftHDLYxDwdVjAQfqeZVznwHf634QU6rMAXON5bWDUDvUWs3Ba-QQ5d7MphVzUTQqZyxgiFejLXHURdWqZERQRCPDNtOYWDONNNcuLSvfPAfoKHYYPpPBFjVSoYegBje-HNedDdRqWERdHUcNLNVoLdegWemDZEOdP6fSpL7YB9cNFwVIoTRNmbRgLWRYRbVWLsQdZDrUKjWMoSOYWumdUkm-oaWgokYIm-mBZLQuKw7DWbc-UdmZKQvZHD7NRlefPWxdPx3fG97YLxCumvxoaAOfPHVB6UVMRmV-pM4MLHH-idPSKLQN5MRDPIxNmzvdGQeuKzVIp83zZHxWPmxo50OZpUVUWDejLgxDwgPqZwWjUlcdHbrDRHffoqczwtWfZ5VSom3oUzrDZKHgLtHZpH\" target=\"_blank\" aria-label=\"open in new tab\" rel=\"noopener\">Vorlesung auf AlmaWeb<\/a><\/li>\n<\/ul>\n<\/div>\n    <\/div>\n\n\n    <\/div>\n                            <\/div>\n                        <\/div>\n    <\/div>\n<\/div>\n\n<div class=\"sprungpunkt pb-48 pt-0  \" id=\"\"><\/div>","protected":false},"excerpt":{"rendered":"","protected":false},"author":3,"featured_media":0,"parent":9451,"menu_order":1,"comment_status":"closed","ping_status":"closed","template":"","meta":{"_acf_changed":false,"advgb_blocks_editor_width":"","advgb_blocks_columns_visual_guide":"","footnotes":"","_links_to":"","_links_to_target":""},"class_list":["post-9453","page","type-page","status-publish","hentry"],"acf":{"search_thumb":"","search_kurzbeschreibung":"","breadcrumb":false},"yoast_head":"<!-- This site is optimized with the Yoast SEO plugin v27.5 - https:\/\/yoast.com\/product\/yoast-seo-wordpress\/ -->\n<title>Lehre | iDiv<\/title>\n<meta name=\"robots\" content=\"index, follow, max-snippet:-1, max-image-preview:large, max-video-preview:-1\" \/>\n<link rel=\"canonical\" href=\"https:\/\/www.idiv.de\/de\/forschung\/kernforschungsgruppen\/biodiversitaetsoekonomik\/lehre\/\" \/>\n<meta property=\"og:locale\" content=\"de_DE\" \/>\n<meta property=\"og:type\" content=\"article\" \/>\n<meta property=\"og:title\" content=\"Lehre | iDiv\" \/>\n<meta property=\"og:url\" content=\"https:\/\/www.idiv.de\/de\/forschung\/kernforschungsgruppen\/biodiversitaetsoekonomik\/lehre\/\" \/>\n<meta property=\"og:site_name\" content=\"iDiv\" \/>\n<meta property=\"article:modified_time\" content=\"2024-12-09T14:56:43+00:00\" \/>\n<meta property=\"og:image\" content=\"https:\/\/www.idiv.de\/wp-content\/uploads\/2024\/11\/iDivSocialMediaShare.jpg\" \/>\n\t<meta property=\"og:image:width\" content=\"1200\" \/>\n\t<meta property=\"og:image:height\" content=\"675\" \/>\n\t<meta property=\"og:image:type\" content=\"image\/jpeg\" \/>\n<meta name=\"twitter:card\" content=\"summary_large_image\" \/>\n<meta name=\"twitter:site\" content=\"@idiv\" \/>\n<script type=\"application\/ld+json\" class=\"yoast-schema-graph\">{\"@context\":\"https:\\\/\\\/schema.org\",\"@graph\":[{\"@type\":\"WebPage\",\"@id\":\"https:\\\/\\\/www.idiv.de\\\/de\\\/forschung\\\/kernforschungsgruppen\\\/biodiversitaetsoekonomik\\\/lehre\\\/\",\"url\":\"https:\\\/\\\/www.idiv.de\\\/de\\\/forschung\\\/kernforschungsgruppen\\\/biodiversitaetsoekonomik\\\/lehre\\\/\",\"name\":\"Lehre | iDiv\",\"isPartOf\":{\"@id\":\"https:\\\/\\\/www.idiv.de\\\/de\\\/#website\"},\"datePublished\":\"2024-07-01T13:37:53+00:00\",\"dateModified\":\"2024-12-09T14:56:43+00:00\",\"breadcrumb\":{\"@id\":\"https:\\\/\\\/www.idiv.de\\\/de\\\/forschung\\\/kernforschungsgruppen\\\/biodiversitaetsoekonomik\\\/lehre\\\/#breadcrumb\"},\"inLanguage\":\"de\",\"potentialAction\":[{\"@type\":\"ReadAction\",\"target\":[\"https:\\\/\\\/www.idiv.de\\\/de\\\/forschung\\\/kernforschungsgruppen\\\/biodiversitaetsoekonomik\\\/lehre\\\/\"]}]},{\"@type\":\"BreadcrumbList\",\"@id\":\"https:\\\/\\\/www.idiv.de\\\/de\\\/forschung\\\/kernforschungsgruppen\\\/biodiversitaetsoekonomik\\\/lehre\\\/#breadcrumb\",\"itemListElement\":[{\"@type\":\"ListItem\",\"position\":1,\"name\":\"Startseite\",\"item\":\"https:\\\/\\\/www.idiv.de\\\/de\\\/\"},{\"@type\":\"ListItem\",\"position\":2,\"name\":\"Forschung\",\"item\":\"https:\\\/\\\/www.idiv.de\\\/de\\\/research\\\/\"},{\"@type\":\"ListItem\",\"position\":3,\"name\":\"Kernprofessuren\",\"item\":\"https:\\\/\\\/www.idiv.de\\\/de\\\/forschung\\\/kernforschungsgruppen\\\/\"},{\"@type\":\"ListItem\",\"position\":4,\"name\":\"Biodiversit\u00e4ts\u00f6konomik\",\"item\":\"https:\\\/\\\/www.idiv.de\\\/de\\\/forschung\\\/kernforschungsgruppen\\\/biodiversitaetsoekonomik\\\/\"},{\"@type\":\"ListItem\",\"position\":5,\"name\":\"Lehre\"}]},{\"@type\":\"WebSite\",\"@id\":\"https:\\\/\\\/www.idiv.de\\\/de\\\/#website\",\"url\":\"https:\\\/\\\/www.idiv.de\\\/de\\\/\",\"name\":\"iDiv\",\"description\":\"Hotspot in Biodiversity Research\",\"publisher\":{\"@id\":\"https:\\\/\\\/www.idiv.de\\\/de\\\/#organization\"},\"potentialAction\":[{\"@type\":\"SearchAction\",\"target\":{\"@type\":\"EntryPoint\",\"urlTemplate\":\"https:\\\/\\\/www.idiv.de\\\/de\\\/?s={search_term_string}\"},\"query-input\":{\"@type\":\"PropertyValueSpecification\",\"valueRequired\":true,\"valueName\":\"search_term_string\"}}],\"inLanguage\":\"de\"},{\"@type\":\"Organization\",\"@id\":\"https:\\\/\\\/www.idiv.de\\\/de\\\/#organization\",\"name\":\"idiv\",\"url\":\"https:\\\/\\\/www.idiv.de\\\/de\\\/\",\"logo\":{\"@type\":\"ImageObject\",\"inLanguage\":\"de\",\"@id\":\"https:\\\/\\\/www.idiv.de\\\/de\\\/#\\\/schema\\\/logo\\\/image\\\/\",\"url\":\"https:\\\/\\\/www.idiv.de\\\/wp-content\\\/uploads\\\/2024\\\/08\\\/iDiv_Logo_long_v1_EN_black_4c.jpg\",\"contentUrl\":\"https:\\\/\\\/www.idiv.de\\\/wp-content\\\/uploads\\\/2024\\\/08\\\/iDiv_Logo_long_v1_EN_black_4c.jpg\",\"width\":2448,\"height\":674,\"caption\":\"idiv\"},\"image\":{\"@id\":\"https:\\\/\\\/www.idiv.de\\\/de\\\/#\\\/schema\\\/logo\\\/image\\\/\"},\"sameAs\":[\"https:\\\/\\\/x.com\\\/idiv\",\"https:\\\/\\\/www.linkedin.com\\\/company\\\/idiv-biodiversity\\\/\",\"https:\\\/\\\/www.youtube.com\\\/idiv-research\"]}]}<\/script>\n<!-- \/ Yoast SEO plugin. -->","yoast_head_json":{"title":"Lehre | iDiv","robots":{"index":"index","follow":"follow","max-snippet":"max-snippet:-1","max-image-preview":"max-image-preview:large","max-video-preview":"max-video-preview:-1"},"canonical":"https:\/\/www.idiv.de\/de\/forschung\/kernforschungsgruppen\/biodiversitaetsoekonomik\/lehre\/","og_locale":"de_DE","og_type":"article","og_title":"Lehre | iDiv","og_url":"https:\/\/www.idiv.de\/de\/forschung\/kernforschungsgruppen\/biodiversitaetsoekonomik\/lehre\/","og_site_name":"iDiv","article_modified_time":"2024-12-09T14:56:43+00:00","og_image":[{"width":1200,"height":675,"url":"https:\/\/www.idiv.de\/wp-content\/uploads\/2024\/11\/iDivSocialMediaShare.jpg","type":"image\/jpeg"}],"twitter_card":"summary_large_image","twitter_site":"@idiv","schema":{"@context":"https:\/\/schema.org","@graph":[{"@type":"WebPage","@id":"https:\/\/www.idiv.de\/de\/forschung\/kernforschungsgruppen\/biodiversitaetsoekonomik\/lehre\/","url":"https:\/\/www.idiv.de\/de\/forschung\/kernforschungsgruppen\/biodiversitaetsoekonomik\/lehre\/","name":"Lehre | iDiv","isPartOf":{"@id":"https:\/\/www.idiv.de\/de\/#website"},"datePublished":"2024-07-01T13:37:53+00:00","dateModified":"2024-12-09T14:56:43+00:00","breadcrumb":{"@id":"https:\/\/www.idiv.de\/de\/forschung\/kernforschungsgruppen\/biodiversitaetsoekonomik\/lehre\/#breadcrumb"},"inLanguage":"de","potentialAction":[{"@type":"ReadAction","target":["https:\/\/www.idiv.de\/de\/forschung\/kernforschungsgruppen\/biodiversitaetsoekonomik\/lehre\/"]}]},{"@type":"BreadcrumbList","@id":"https:\/\/www.idiv.de\/de\/forschung\/kernforschungsgruppen\/biodiversitaetsoekonomik\/lehre\/#breadcrumb","itemListElement":[{"@type":"ListItem","position":1,"name":"Startseite","item":"https:\/\/www.idiv.de\/de\/"},{"@type":"ListItem","position":2,"name":"Forschung","item":"https:\/\/www.idiv.de\/de\/research\/"},{"@type":"ListItem","position":3,"name":"Kernprofessuren","item":"https:\/\/www.idiv.de\/de\/forschung\/kernforschungsgruppen\/"},{"@type":"ListItem","position":4,"name":"Biodiversit\u00e4ts\u00f6konomik","item":"https:\/\/www.idiv.de\/de\/forschung\/kernforschungsgruppen\/biodiversitaetsoekonomik\/"},{"@type":"ListItem","position":5,"name":"Lehre"}]},{"@type":"WebSite","@id":"https:\/\/www.idiv.de\/de\/#website","url":"https:\/\/www.idiv.de\/de\/","name":"iDiv","description":"Hotspot in Biodiversity Research","publisher":{"@id":"https:\/\/www.idiv.de\/de\/#organization"},"potentialAction":[{"@type":"SearchAction","target":{"@type":"EntryPoint","urlTemplate":"https:\/\/www.idiv.de\/de\/?s={search_term_string}"},"query-input":{"@type":"PropertyValueSpecification","valueRequired":true,"valueName":"search_term_string"}}],"inLanguage":"de"},{"@type":"Organization","@id":"https:\/\/www.idiv.de\/de\/#organization","name":"idiv","url":"https:\/\/www.idiv.de\/de\/","logo":{"@type":"ImageObject","inLanguage":"de","@id":"https:\/\/www.idiv.de\/de\/#\/schema\/logo\/image\/","url":"https:\/\/www.idiv.de\/wp-content\/uploads\/2024\/08\/iDiv_Logo_long_v1_EN_black_4c.jpg","contentUrl":"https:\/\/www.idiv.de\/wp-content\/uploads\/2024\/08\/iDiv_Logo_long_v1_EN_black_4c.jpg","width":2448,"height":674,"caption":"idiv"},"image":{"@id":"https:\/\/www.idiv.de\/de\/#\/schema\/logo\/image\/"},"sameAs":["https:\/\/x.com\/idiv","https:\/\/www.linkedin.com\/company\/idiv-biodiversity\/","https:\/\/www.youtube.com\/idiv-research"]}]}},"coauthors":[],"author_meta":{"author_link":"https:\/\/www.idiv.de\/de\/author\/stefan\/","display_name":"Stefan Bernhardt"},"relative_dates":{"created":"Ver\u00f6ffentlicht 2\u00a0Jahren vor","modified":"Aktualisiert 1\u00a0Jahr vor"},"absolute_dates":{"created":"Ver\u00f6ffentlicht am 1. Juli 2024","modified":"Aktualisiert am 9. Dezember 2024"},"absolute_dates_time":{"created":"Ver\u00f6ffentlicht am 1. Juli 2024 14:37","modified":"Aktualisiert am 9. Dezember 2024 15:56"},"featured_img_caption":"","featured_img":false,"series_order":"","_links":{"self":[{"href":"https:\/\/www.idiv.de\/de\/wp-json\/wp\/v2\/pages\/9453","targetHints":{"allow":["GET"]}}],"collection":[{"href":"https:\/\/www.idiv.de\/de\/wp-json\/wp\/v2\/pages"}],"about":[{"href":"https:\/\/www.idiv.de\/de\/wp-json\/wp\/v2\/types\/page"}],"author":[{"embeddable":true,"href":"https:\/\/www.idiv.de\/de\/wp-json\/wp\/v2\/users\/3"}],"replies":[{"embeddable":true,"href":"https:\/\/www.idiv.de\/de\/wp-json\/wp\/v2\/comments?post=9453"}],"version-history":[{"count":4,"href":"https:\/\/www.idiv.de\/de\/wp-json\/wp\/v2\/pages\/9453\/revisions"}],"predecessor-version":[{"id":20445,"href":"https:\/\/www.idiv.de\/de\/wp-json\/wp\/v2\/pages\/9453\/revisions\/20445"}],"up":[{"embeddable":true,"href":"https:\/\/www.idiv.de\/de\/wp-json\/wp\/v2\/pages\/9451"}],"wp:attachment":[{"href":"https:\/\/www.idiv.de\/de\/wp-json\/wp\/v2\/media?parent=9453"}],"curies":[{"name":"wp","href":"https:\/\/api.w.org\/{rel}","templated":true}]}}