{"id":9293,"date":"2024-05-27T15:11:59","date_gmt":"2024-05-27T14:11:59","guid":{"rendered":"https:\/\/www.idiv.de\/?page_id=9293"},"modified":"2024-10-09T13:53:10","modified_gmt":"2024-10-09T12:53:10","slug":"alumni","status":"publish","type":"page","link":"https:\/\/www.idiv.de\/de\/impact\/alumni\/","title":{"rendered":"Alumni"},"content":{"rendered":"<div class=\"herosection pb-24 pt-0 no-bg modulclass \" id=\"\">\n                    <div class=\"swiper1noslider  nooverflow swiper thinslider\" id=\"slide_69ff2dc89c866\">\n        \n                <div class=\"swiper-wrapper\">\n                                            <div class=\"swiper-slide  style_ \" aria-hidden=\"true\" >\n                            <div class=\"backstretchwrap\">\n                        \n                            <div datasrc=\"https:\/\/www.idiv.de\/wp-content\/uploads\/2024\/08\/Alumni_COLOURBOX18893339-e1728398499799.jpg\" class=\"backstretchimg responsiv desktop\"><\/div>\n\n                                                    \n                                                    <\/div>\n                                        <div class=\"sliderinhalt \" role=\"region\" aria-label=\"carousel\">\n\n                                            <h1 class=\"h1 align-center\" >Alumni<\/h1>                                                    <p style=\"text-align: center;\">Irgendwann ist es an der Zeit weiterzuziehen &#8211; doch unsere Alumni bleiben immer ein Teil von iDiv. Unser Alumninetzwerk bietet zahlreiche Vorteile.<\/p>\n                                                \n                                                                                                            <\/div>\n                                            <\/div>\n\n                        \n                 <\/div>\n\n                              <\/div>\n<\/div>\n\n<div class=\"textbildrepeater pb-24 pt-0 no-bg modulclass \" id=\"\">\n    <div class=\"container\">\n        <div class=\"row\">\n                                                                <div class=\"pb-24   mod_textheadlinebtn  col-md-8 offset-md-2 pos_top\">\n                            <div class=\"textrepeater \" id=\"\">\n\n\n    <h2 class=\"pmr \" >Vorteile f\u00fcr iDiv-Alumni<\/h2>\n    <div class=\"contentrepeater\">\n            <\/div>\n\n\n    <\/div>\n                            <\/div>\n                        <\/div>\n    <\/div>\n<\/div>\n\n<div class=\"iconrepeater pb-24 pt-0 no-bg modulclass  \" id=\"\">\n    <div class=\"container\">\n        <div class=\"row\">\n                                        <div class=\" mod_text  col-md-3 offset-md-2 pos_top align-center\">\n                            <div class=\"textrepeater iconrepeater    \" id=\"\">\n\n    <img decoding=\"async\" class=\"w50 desktop\" src=\"https:\/\/www.idiv.de\/wp-content\/uploads\/2024\/05\/iDiv-icon-network-green.svg\" height=\"\" width=\"\" alt=\"idiv-\" \/><img decoding=\"async\" class=\"w50 mobile\" src=\"https:\/\/www.idiv.de\/wp-content\/uploads\/2024\/05\/iDiv-icon-network-green.svg\" height=\"\" width=\"\" alt=\"idiv-\"\/><div class=\"mb-24\" ><p style=\"text-align: center;\">Zugriff auf iDivs umfangreiches Netzwerk aus &gt;1000 Biodiversit\u00e4tsforschenden<\/p>\n<\/div><div class=\"relativ\">\n    <\/div>\n\n\n<\/div>\n                            <\/div>\n                                            <div class=\" mod_text  col-md-3 offset-md-0 pos_top align-center\">\n                            <div class=\"textrepeater iconrepeater    \" id=\"\">\n\n    <img decoding=\"async\" class=\"w50 desktop\" src=\"https:\/\/www.idiv.de\/wp-content\/uploads\/2024\/05\/iDiv-icon-light-green.svg\" height=\"\" width=\"\" alt=\"idiv-\" \/><img decoding=\"async\" class=\"w50 mobile\" src=\"https:\/\/www.idiv.de\/wp-content\/uploads\/2024\/05\/iDiv-icon-light-green.svg\" height=\"\" width=\"\" alt=\"idiv-\"\/><div class=\"mb-24\" ><p style=\"text-align: center;\">Regelm\u00e4\u00dfige Informationen zu F\u00f6rderm\u00f6glichkeiten, neuen Projekten und Veranstaltungen<\/p>\n<\/div><div class=\"relativ\">\n    <\/div>\n\n\n<\/div>\n                            <\/div>\n                                            <div class=\" mod_text  col-md-3 offset-md-0 pos_top align-center\">\n                            <div class=\"textrepeater iconrepeater    \" id=\"\">\n\n    <img decoding=\"async\" class=\"w50 desktop\" src=\"https:\/\/www.idiv.de\/wp-content\/uploads\/2024\/05\/iDiv-icon-laptop-green.svg\" height=\"\" width=\"\" alt=\"idiv-\" \/><img decoding=\"async\" class=\"w50 mobile\" src=\"https:\/\/www.idiv.de\/wp-content\/uploads\/2024\/05\/iDiv-icon-laptop-green.svg\" height=\"\" width=\"\" alt=\"idiv-\"\/><div class=\"mb-24\" ><p style=\"text-align: center;\">Zugriff auf iDivs verschiedene Services und Plattformen<\/p>\n<\/div><div class=\"relativ\">\n    <\/div>\n\n\n<\/div>\n                            <\/div>\n                        <\/div>\n    <\/div>\n<\/div>\n\n<hr class=\"modulborder nm np\"><div class=\"textbildrepeater pb-24 pt-24 no-bg modulclass \" id=\"\">\n    <div class=\"container\">\n        <div class=\"row\">\n                                                                <div class=\"pb-24   mod_textheadlinebtn  col-md-8 offset-md-2 pos_top\">\n                            <div class=\"textrepeater \" id=\"\">\n\n\n    <h2 class=\"h2 \" >Wir bleiben in Kontakt!<\/h2>\n    <div class=\"contentrepeater\">\n        <p>Alle Wissenschaftler:innen oder ehemalige nichtwissenschaftliche Mitarbeiter:innen mit einer mindestens einj\u00e4hrigen Besch\u00e4ftigung bei iDiv sowie ehemalige sDiv-Wissenschaftler:innen (Sabbatical oder Postdoc) k\u00f6nnen Teil von iDivs Alumni-Netzwerk werden.<\/p>\n<p>Interessierte Personen senden dazu bitte das <a href=\"https:\/\/www.idiv.de\/wp-content\/uploads\/2024\/09\/AlumniForm-EN-23110701.pdf\" target=\"_blank\" aria-label=\"open in new tab\" rel=\"noopener\">iDiv Alumni-Formular<\/a> (in englischer Sprache) an <a href=\"mai&#108;&#116;&#111;&#58;&#x61;&#x6c;&#x75;&#x6d;&#x6e;&#x69;&#x2d;ser&#118;&#105;&#99;&#101;&#64;&#x69;&#x64;&#x69;&#x76;&#x2e;&#x64;e\">alumni&#45;&#115;&#101;&#114;&#118;&#105;&#99;&#x65;&#x40;&#x69;&#x64;&#x69;&#x76;&#x2e;&#x64;&#x65;<\/a><\/p>\n    <\/div>\n\n\n    <\/div>\n                            <\/div>\n                        <\/div>\n    <\/div>\n<\/div>\n\n<hr class=\"modulborder nm np\"><div class=\"textbildrepeater pb-24 pt-24 no-bg modulclass \" id=\"\">\n    <div class=\"container\">\n        <div class=\"row\">\n                                                                <div class=\"pb-24   mod_textheadlinebtn  col-md-8 offset-md-2 pos_top\">\n                            <div class=\"textrepeater \" id=\"\">\n\n\n    <h2 class=\"h2 \" >Was sagen iDiv-Alumni \u00fcber ihre Zeit bei iDiv?<\/h2>\n    <div class=\"contentrepeater\">\n        <p>Dr. Nathaly Rokssana Guerrero Ram\u00edrez ist Biodiversit\u00e4ts\u00f6kologin an der Universit\u00e4t G\u00f6ttingen. Von 2014 to 2018 promovierte sie bei iDiv und berichtet in diesem Video von ihrer Erfahrung.<\/p>\n    <\/div>\n\n\n    <\/div>\n                            <\/div>\n                        <\/div>\n    <\/div>\n<\/div>\n\n<div class=\"yt pb-24 pt-0 no-bg modulclass  block\" id=\"\">\n    \n        <div class=\"container\">\n        <div class=\"row\">\n            <div class=\"col-md-8 offset-md-2\">\n\n                <h2  >iDiv-Alumna Nathaly Rokssana Guerrero Ram\u00edrez<\/h2>                                 <div class=\"brlbs-cmpnt-container brlbs-cmpnt-content-blocker brlbs-cmpnt-with-individual-styles\" data-borlabs-cookie-content-blocker-id=\"youtube-content-blocker\" data-borlabs-cookie-content=\"PGlmcmFtZSB3aWR0aD0iMjU2MCIgaGVpZ2h0PSIxMTI1IiBzcmM9Imh0dHBzOi8vd3d3LnlvdXR1YmUtbm9jb29raWUuY29tL2VtYmVkL0g5Rm5tZUU4LWdJIiB0aXRsZT0iaURpdi1BbHVtbmEgTmF0aGFseSBSb2tzc2FuYSBHdWVycmVybyBSYW3DrXJleiIgZnJhbWVib3JkZXI9IjAiIGFsbG93PSJhY2NlbGVyb21ldGVyOyBhdXRvcGxheTsgY2xpcGJvYXJkLXdyaXRlOyBlbmNyeXB0ZWQtbWVkaWE7IGd5cm9zY29wZTsgcGljdHVyZS1pbi1waWN0dXJlOyB3ZWItc2hhcmUiIHJlZmVycmVycG9saWN5PSJzdHJpY3Qtb3JpZ2luLXdoZW4tY3Jvc3Mtb3JpZ2luIiBhbGxvd2Z1bGxzY3JlZW4+PC9pZnJhbWU+\"><div class=\"brlbs-cmpnt-cb-preset-c brlbs-cmpnt-cb-youtube\"> <div class=\"brlbs-cmpnt-cb-thumbnail\" style=\"background-image: url('https:\/\/www.idiv.de\/wp-content\/uploads\/borlabs-cookie\/1\/yt_H9FnmeE8-gI_hqdefault.jpg')\"><\/div> <div class=\"brlbs-cmpnt-cb-main\"> <div class=\"brlbs-cmpnt-cb-play-button\"><\/div> <div class=\"brlbs-cmpnt-cb-content\"> <p class=\"brlbs-cmpnt-cb-description\">Sie sehen gerade einen Platzhalterinhalt von <strong>YouTube<\/strong>. Um auf den eigentlichen Inhalt zuzugreifen, klicken Sie auf die Schaltfl\u00e4che unten. Bitte beachten Sie, dass dabei Daten an Drittanbieter weitergegeben werden.<\/p> <a class=\"brlbs-cmpnt-cb-provider-toggle\" href=\"#\" data-borlabs-cookie-show-provider-information role=\"button\">Mehr Informationen<\/a> <\/div> <div class=\"brlbs-cmpnt-cb-buttons\"> <a class=\"brlbs-cmpnt-cb-btn\" href=\"#\" data-borlabs-cookie-unblock role=\"button\">Inhalt entsperren<\/a> <a class=\"brlbs-cmpnt-cb-btn\" href=\"#\" data-borlabs-cookie-accept-service role=\"button\" style=\"display: inherit\">Erforderlichen Service akzeptieren und Inhalte entsperren<\/a> <\/div> <\/div> <\/div><\/div>\n                            <\/div>\n        <\/div>\n    <\/div>\n<\/div>\n\n<div class=\"textbildrepeater pb-24 pt-0 no-bg modulclass \" id=\"\">\n    <div class=\"container\">\n        <div class=\"row\">\n                                                                <div class=\"pb-48   mod_link  col-md-6 offset-md-3 pos_align-center\">\n                            <div class=\"btncf-block  align-center\" id=\"\">\n            <a href=\"https:\/\/youtube.com\/playlist?list=PLJFvA_Py3UkxrqT-UIkbVuEi7W3UiZo_l&#038;si=KfSKfHaZgg4tJnBz\"\n           class=\"mr-24 btncf primary\"\n           target=\"_blank\">Weitere Alumni-Videos auf YouTube                    <\/a>\n    <\/div>                            <\/div>\n                        <\/div>\n    <\/div>\n<\/div>","protected":false},"excerpt":{"rendered":"","protected":false},"author":3,"featured_media":0,"parent":3880,"menu_order":5,"comment_status":"closed","ping_status":"closed","template":"","meta":{"_acf_changed":false,"advgb_blocks_editor_width":"","advgb_blocks_columns_visual_guide":"","footnotes":"","_links_to":"","_links_to_target":""},"class_list":["post-9293","page","type-page","status-publish","hentry"],"acf":{"search_thumb":"","search_kurzbeschreibung":"","breadcrumb":false},"yoast_head":"<!-- This site is optimized with the Yoast SEO plugin v27.5 - https:\/\/yoast.com\/product\/yoast-seo-wordpress\/ -->\n<title>Alumni | iDiv<\/title>\n<meta name=\"robots\" content=\"index, follow, max-snippet:-1, max-image-preview:large, max-video-preview:-1\" \/>\n<link rel=\"canonical\" href=\"https:\/\/www.idiv.de\/de\/impact\/alumni\/\" \/>\n<meta property=\"og:locale\" content=\"de_DE\" \/>\n<meta property=\"og:type\" content=\"article\" \/>\n<meta property=\"og:title\" content=\"Alumni | iDiv\" \/>\n<meta property=\"og:url\" content=\"https:\/\/www.idiv.de\/de\/impact\/alumni\/\" \/>\n<meta property=\"og:site_name\" content=\"iDiv\" \/>\n<meta property=\"article:modified_time\" content=\"2024-10-09T12:53:10+00:00\" \/>\n<meta property=\"og:image\" content=\"https:\/\/www.idiv.de\/wp-content\/uploads\/2024\/11\/iDivSocialMediaShare.jpg\" \/>\n\t<meta property=\"og:image:width\" content=\"1200\" \/>\n\t<meta property=\"og:image:height\" content=\"675\" \/>\n\t<meta property=\"og:image:type\" content=\"image\/jpeg\" \/>\n<meta name=\"twitter:card\" content=\"summary_large_image\" \/>\n<meta name=\"twitter:site\" content=\"@idiv\" \/>\n<script type=\"application\/ld+json\" class=\"yoast-schema-graph\">{\"@context\":\"https:\\\/\\\/schema.org\",\"@graph\":[{\"@type\":\"WebPage\",\"@id\":\"https:\\\/\\\/www.idiv.de\\\/de\\\/impact\\\/alumni\\\/\",\"url\":\"https:\\\/\\\/www.idiv.de\\\/de\\\/impact\\\/alumni\\\/\",\"name\":\"Alumni | iDiv\",\"isPartOf\":{\"@id\":\"https:\\\/\\\/www.idiv.de\\\/de\\\/#website\"},\"datePublished\":\"2024-05-27T14:11:59+00:00\",\"dateModified\":\"2024-10-09T12:53:10+00:00\",\"breadcrumb\":{\"@id\":\"https:\\\/\\\/www.idiv.de\\\/de\\\/impact\\\/alumni\\\/#breadcrumb\"},\"inLanguage\":\"de\",\"potentialAction\":[{\"@type\":\"ReadAction\",\"target\":[\"https:\\\/\\\/www.idiv.de\\\/de\\\/impact\\\/alumni\\\/\"]}]},{\"@type\":\"BreadcrumbList\",\"@id\":\"https:\\\/\\\/www.idiv.de\\\/de\\\/impact\\\/alumni\\\/#breadcrumb\",\"itemListElement\":[{\"@type\":\"ListItem\",\"position\":1,\"name\":\"Startseite\",\"item\":\"https:\\\/\\\/www.idiv.de\\\/de\\\/\"},{\"@type\":\"ListItem\",\"position\":2,\"name\":\"Wirken\",\"item\":\"https:\\\/\\\/www.idiv.de\\\/de\\\/impact\\\/\"},{\"@type\":\"ListItem\",\"position\":3,\"name\":\"Alumni\"}]},{\"@type\":\"WebSite\",\"@id\":\"https:\\\/\\\/www.idiv.de\\\/de\\\/#website\",\"url\":\"https:\\\/\\\/www.idiv.de\\\/de\\\/\",\"name\":\"iDiv\",\"description\":\"Hotspot in Biodiversity Research\",\"publisher\":{\"@id\":\"https:\\\/\\\/www.idiv.de\\\/de\\\/#organization\"},\"potentialAction\":[{\"@type\":\"SearchAction\",\"target\":{\"@type\":\"EntryPoint\",\"urlTemplate\":\"https:\\\/\\\/www.idiv.de\\\/de\\\/?s={search_term_string}\"},\"query-input\":{\"@type\":\"PropertyValueSpecification\",\"valueRequired\":true,\"valueName\":\"search_term_string\"}}],\"inLanguage\":\"de\"},{\"@type\":\"Organization\",\"@id\":\"https:\\\/\\\/www.idiv.de\\\/de\\\/#organization\",\"name\":\"idiv\",\"url\":\"https:\\\/\\\/www.idiv.de\\\/de\\\/\",\"logo\":{\"@type\":\"ImageObject\",\"inLanguage\":\"de\",\"@id\":\"https:\\\/\\\/www.idiv.de\\\/de\\\/#\\\/schema\\\/logo\\\/image\\\/\",\"url\":\"https:\\\/\\\/www.idiv.de\\\/wp-content\\\/uploads\\\/2024\\\/08\\\/iDiv_Logo_long_v1_EN_black_4c.jpg\",\"contentUrl\":\"https:\\\/\\\/www.idiv.de\\\/wp-content\\\/uploads\\\/2024\\\/08\\\/iDiv_Logo_long_v1_EN_black_4c.jpg\",\"width\":2448,\"height\":674,\"caption\":\"idiv\"},\"image\":{\"@id\":\"https:\\\/\\\/www.idiv.de\\\/de\\\/#\\\/schema\\\/logo\\\/image\\\/\"},\"sameAs\":[\"https:\\\/\\\/x.com\\\/idiv\",\"https:\\\/\\\/www.linkedin.com\\\/company\\\/idiv-biodiversity\\\/\",\"https:\\\/\\\/www.youtube.com\\\/idiv-research\"]}]}<\/script>\n<!-- \/ Yoast SEO plugin. -->","yoast_head_json":{"title":"Alumni | iDiv","robots":{"index":"index","follow":"follow","max-snippet":"max-snippet:-1","max-image-preview":"max-image-preview:large","max-video-preview":"max-video-preview:-1"},"canonical":"https:\/\/www.idiv.de\/de\/impact\/alumni\/","og_locale":"de_DE","og_type":"article","og_title":"Alumni | iDiv","og_url":"https:\/\/www.idiv.de\/de\/impact\/alumni\/","og_site_name":"iDiv","article_modified_time":"2024-10-09T12:53:10+00:00","og_image":[{"width":1200,"height":675,"url":"https:\/\/www.idiv.de\/wp-content\/uploads\/2024\/11\/iDivSocialMediaShare.jpg","type":"image\/jpeg"}],"twitter_card":"summary_large_image","twitter_site":"@idiv","schema":{"@context":"https:\/\/schema.org","@graph":[{"@type":"WebPage","@id":"https:\/\/www.idiv.de\/de\/impact\/alumni\/","url":"https:\/\/www.idiv.de\/de\/impact\/alumni\/","name":"Alumni | iDiv","isPartOf":{"@id":"https:\/\/www.idiv.de\/de\/#website"},"datePublished":"2024-05-27T14:11:59+00:00","dateModified":"2024-10-09T12:53:10+00:00","breadcrumb":{"@id":"https:\/\/www.idiv.de\/de\/impact\/alumni\/#breadcrumb"},"inLanguage":"de","potentialAction":[{"@type":"ReadAction","target":["https:\/\/www.idiv.de\/de\/impact\/alumni\/"]}]},{"@type":"BreadcrumbList","@id":"https:\/\/www.idiv.de\/de\/impact\/alumni\/#breadcrumb","itemListElement":[{"@type":"ListItem","position":1,"name":"Startseite","item":"https:\/\/www.idiv.de\/de\/"},{"@type":"ListItem","position":2,"name":"Wirken","item":"https:\/\/www.idiv.de\/de\/impact\/"},{"@type":"ListItem","position":3,"name":"Alumni"}]},{"@type":"WebSite","@id":"https:\/\/www.idiv.de\/de\/#website","url":"https:\/\/www.idiv.de\/de\/","name":"iDiv","description":"Hotspot in Biodiversity Research","publisher":{"@id":"https:\/\/www.idiv.de\/de\/#organization"},"potentialAction":[{"@type":"SearchAction","target":{"@type":"EntryPoint","urlTemplate":"https:\/\/www.idiv.de\/de\/?s={search_term_string}"},"query-input":{"@type":"PropertyValueSpecification","valueRequired":true,"valueName":"search_term_string"}}],"inLanguage":"de"},{"@type":"Organization","@id":"https:\/\/www.idiv.de\/de\/#organization","name":"idiv","url":"https:\/\/www.idiv.de\/de\/","logo":{"@type":"ImageObject","inLanguage":"de","@id":"https:\/\/www.idiv.de\/de\/#\/schema\/logo\/image\/","url":"https:\/\/www.idiv.de\/wp-content\/uploads\/2024\/08\/iDiv_Logo_long_v1_EN_black_4c.jpg","contentUrl":"https:\/\/www.idiv.de\/wp-content\/uploads\/2024\/08\/iDiv_Logo_long_v1_EN_black_4c.jpg","width":2448,"height":674,"caption":"idiv"},"image":{"@id":"https:\/\/www.idiv.de\/de\/#\/schema\/logo\/image\/"},"sameAs":["https:\/\/x.com\/idiv","https:\/\/www.linkedin.com\/company\/idiv-biodiversity\/","https:\/\/www.youtube.com\/idiv-research"]}]}},"coauthors":[],"author_meta":{"author_link":"https:\/\/www.idiv.de\/de\/author\/stefan\/","display_name":"Stefan Bernhardt"},"relative_dates":{"created":"Ver\u00f6ffentlicht 2\u00a0Jahren vor","modified":"Aktualisiert 2\u00a0Jahren vor"},"absolute_dates":{"created":"Ver\u00f6ffentlicht am 27. Mai 2024","modified":"Aktualisiert am 9. Oktober 2024"},"absolute_dates_time":{"created":"Ver\u00f6ffentlicht am 27. Mai 2024 15:11","modified":"Aktualisiert am 9. Oktober 2024 13:53"},"featured_img_caption":"","featured_img":false,"series_order":"","_links":{"self":[{"href":"https:\/\/www.idiv.de\/de\/wp-json\/wp\/v2\/pages\/9293","targetHints":{"allow":["GET"]}}],"collection":[{"href":"https:\/\/www.idiv.de\/de\/wp-json\/wp\/v2\/pages"}],"about":[{"href":"https:\/\/www.idiv.de\/de\/wp-json\/wp\/v2\/types\/page"}],"author":[{"embeddable":true,"href":"https:\/\/www.idiv.de\/de\/wp-json\/wp\/v2\/users\/3"}],"replies":[{"embeddable":true,"href":"https:\/\/www.idiv.de\/de\/wp-json\/wp\/v2\/comments?post=9293"}],"version-history":[{"count":7,"href":"https:\/\/www.idiv.de\/de\/wp-json\/wp\/v2\/pages\/9293\/revisions"}],"predecessor-version":[{"id":15765,"href":"https:\/\/www.idiv.de\/de\/wp-json\/wp\/v2\/pages\/9293\/revisions\/15765"}],"up":[{"embeddable":true,"href":"https:\/\/www.idiv.de\/de\/wp-json\/wp\/v2\/pages\/3880"}],"wp:attachment":[{"href":"https:\/\/www.idiv.de\/de\/wp-json\/wp\/v2\/media?parent=9293"}],"curies":[{"name":"wp","href":"https:\/\/api.w.org\/{rel}","templated":true}]}}