{"id":9275,"date":"2024-05-10T14:26:13","date_gmt":"2024-05-10T13:26:13","guid":{"rendered":"https:\/\/www.idiv.de\/?page_id=9275"},"modified":"2024-11-05T10:28:31","modified_gmt":"2024-11-05T09:28:31","slug":"barrierefreiheit","status":"publish","type":"page","link":"https:\/\/www.idiv.de\/de\/start\/barrierefreiheit\/","title":{"rendered":"Barrierefreiheit"},"content":{"rendered":"<div class=\"headline pb-0 pt-48 no-bg modulclass  block\" id=\"\">\n    <div class=\"container\"><div class=\"row\"><div class=\"col-md-12 relative\"><h1 class=\"h1 align-center mb-64\" >Barrierefreiheit<\/h1><\/div><\/div><\/div><\/div>\n\n<div class=\"textbildrepeater pb-24 pt-0 no-bg modulclass \" id=\"\">\n    <div class=\"container\">\n        <div class=\"row\">\n                                                                <div class=\"pb-24   mod_text  col-md-8 offset-md-2 pos_top\">\n                            <div class=\"textrepeater \" id=\"\">\n    <p>Diese Website ist mit der Barrierefreie-Informationstechnik-Verordnung (BITV) weitestgehend vereinbar. Auf eine \u201egute Zug\u00e4nglichkeit\u201c gem. der WCAG-Konformit\u00e4tsstufe AA wurde w\u00e4hrend der Konzeption und Neuprogrammierung im Jahr 2024 geachtet. Ein entwicklungsbegleitender Test wurde im September 2024\u00a0 mittels AccessScan\u00a0 durchgef\u00fchrt und wird in regelm\u00e4\u00dfigen Abst\u00e4nden wiederholt. Das letzte Pr\u00fcfverfahren fand im September 2024 statt.<\/p>\n<p>&nbsp;<\/p>\n<h2 style=\"text-align: center;\">Erkl\u00e4rung<\/h2>\n<p>Das Deutsche Zentrum f\u00fcr integrative Biodiversit\u00e4tsforschung (iDiv) Halle-Jena-Leipzig ist bem\u00fcht, die Website www.idiv.de in \u00dcbereinstimmung mit S\u00e4chsischem Inklusionsgesetz (S\u00e4chsInklusG) und Barrierefreie-Websites-Gesetz (BfWebG) in Verbindung mit der Barrierefreie-Informationstechnik-Verordnung (BITV 2.0) barrierefrei zug\u00e4nglich zu machen. Diese Gesetze sind im Einklang mit der Richtlinie (EU) 2016\/2102 verfasst.<\/p>\n<p style=\"text-align: left;\"><strong>Geltungsbereich:\u00a0<\/strong>Diese Erkl\u00e4rung zur Barrierefreiheit gilt f\u00fcr den zentralen Webauftritt des Deutschen Zentrums f\u00fcr integrative Biodiversit\u00e4tsforschung (iDiv) Halle-Jena-Leipzig (www.idiv.de).<\/p>\n<p><strong>Erstellung der Erkl\u00e4rung:\u00a0<\/strong>Diese Erkl\u00e4rung wurde am 01.11.2024 erstellt.\u00a0Den Stand der Barrierefreiheit ermitteln wir kontinuierlich durch eigene Pr\u00fcfung. Ein entwicklungsbegleitender Test wurde mittels AccessScan (https:\/\/accessibe.com\/accessscan) durchgef\u00fchrt und wird in regelm\u00e4\u00dfigen Abst\u00e4nden wiederholt. Die letzte Pr\u00fcfung wurde im September 2024 vorgenommen.<\/p>\n<p>&nbsp;<\/p>\n<h2 style=\"text-align: center;\">Stand der Barrierefreiheit<\/h2>\n<p>Grundlage der Barrierefreiheit sind die international g\u00fcltigen Web Content Accessibility Guidelines (WCAG 2.1) auf Konformit\u00e4tsstufe AA und die europ\u00e4ische Norm EN 301 549, Version 3.1.1. F\u00fcr PDF-Dokumente wird zus\u00e4tzlich der internationale Standard PDF\/UA-1 beachtet.<\/p>\n<p>Diese Webseite ist nach den oben genannten Richtlinien nur teilweise barrierefrei.<\/p>\n<p>&nbsp;<\/p>\n<h2 style=\"text-align: center;\">Feedback und Kontaktangaben<\/h2>\n<p>Wenn Ihnen M\u00e4ngel zur Barrierefreiheit an unseren Webseiten auffallen oder wenn Sie Informationen zu nicht barrierefreien Inhalten ben\u00f6tigen, k\u00f6nnen Sie sich an uns wenden.<\/p>\n<p>Wir werden versuchen, die mitgeteilten M\u00e4ngel zu beseitigen bzw. Ihnen nicht zug\u00e4ngliche Informationen in barrierefreier Form zur Verf\u00fcgung zu stellen.<\/p>\n<p><strong>Abteilung Medien und Kommunikation<br \/>\n<\/strong>Puschstra\u00dfe 4, 04155 Leipzig<br \/>\nTelefon:\u00a0<a href=\"tel:+493419733154\">+49 341 9733154<\/a><br \/>\nE-Mail: <a href=\"m&#97;&#x69;&#x6c;t&#111;&#x3a;&#x70;r&#101;&#x73;&#x73;e&#64;&#x69;&#x64;i&#118;&#x2e;&#x64;e\">&#112;&#x72;&#101;&#x73;&#115;&#x65;&#64;&#x69;d&#105;&#x76;&#46;&#x64;&#101;<\/a><\/p>\n<p>&nbsp;<\/p>\n<h2 class=\"h2\" style=\"text-align: center;\">Durchsetzungsverfahren<\/h2>\n<p>Sollte auf Ihre Anfrage zur Barrierefreiheit unserer Webseiten unter oben genanntem Kontakt keine zufriedenstellende L\u00f6sung gefunden werden, k\u00f6nnen Sie sich an die S\u00e4chsische Durchsetzungsstelle wenden. Die Durchsetzungsstelle unterst\u00fctzt eine au\u00dfergerichtliche Streitbeilegung, wenn Konflikte zwischen \u00f6ffentlichen Stellen in Sachsen und Menschen mit Behinderungen auftreten. Dieses Schlichtungsverfahren ist kostenlos. Die Einschaltung eines Rechtsbeistands ist nicht erforderlich. Sie erreichen die Durchsetzungsstelle unter folgenden Kontaktangaben:<\/p>\n<p><strong>Beauftragter der S\u00e4chsischen Staatsregierung f\u00fcr die Belange von Menschen mit Behinderungen<\/strong><br \/>\nArchivstra\u00dfe 1, 01097 Dresden<br \/>\nTelefon: <a href=\"tel:+4935156410715\">+49 351 56410715<\/a><br \/>\nTelefax: +49 351 56410999<br \/>\nE-Mail: <a href=\"&#x6d;&#97;i&#x6c;&#116;o&#x3a;&#105;n&#x66;&#111;&#46;&#x69;&#110;k&#x6c;&#117;s&#x69;&#111;n&#x73;&#98;e&#x61;&#117;f&#x74;&#114;a&#x67;&#116;e&#x72;&#64;s&#x6b;&#46;s&#x61;&#99;h&#x73;&#101;n&#x2e;&#100;e\">in&#102;&#111;&#x2e;&#x69;&#x6e;&#x6b;lu&#115;&#105;&#x6f;&#x6e;&#x73;&#x62;ea&#117;&#102;&#116;&#x72;&#x61;&#x67;&#x74;er&#64;&#115;&#x6b;&#x2e;&#x73;&#x61;ch&#115;&#101;&#x6e;&#x2e;&#x64;&#x65;<\/a><br \/>\nWebsite: <a href=\"https:\/\/www.sk.sachsen.de\/landesinklusionsbeauftragter.html\">https:\/\/www.sk.sachsen.de\/landesinklusionsbeauftragter.html<\/a><\/p>\n<\/div>\n                            <\/div>\n                        <\/div>\n    <\/div>\n<\/div>","protected":false},"excerpt":{"rendered":"","protected":false},"author":3,"featured_media":0,"parent":880,"menu_order":0,"comment_status":"closed","ping_status":"closed","template":"","meta":{"_acf_changed":false,"advgb_blocks_editor_width":"","advgb_blocks_columns_visual_guide":"","footnotes":"","_links_to":"","_links_to_target":""},"class_list":["post-9275","page","type-page","status-publish","hentry"],"acf":{"search_thumb":"","search_kurzbeschreibung":"","breadcrumb":true},"yoast_head":"<!-- This site is optimized with the Yoast SEO plugin v27.5 - https:\/\/yoast.com\/product\/yoast-seo-wordpress\/ -->\n<title>Barrierefreiheit | iDiv<\/title>\n<meta name=\"robots\" content=\"index, follow, max-snippet:-1, max-image-preview:large, max-video-preview:-1\" \/>\n<link rel=\"canonical\" href=\"https:\/\/www.idiv.de\/de\/start\/barrierefreiheit\/\" \/>\n<meta property=\"og:locale\" content=\"de_DE\" \/>\n<meta property=\"og:type\" content=\"article\" \/>\n<meta property=\"og:title\" content=\"Barrierefreiheit | iDiv\" \/>\n<meta property=\"og:url\" content=\"https:\/\/www.idiv.de\/de\/start\/barrierefreiheit\/\" \/>\n<meta property=\"og:site_name\" content=\"iDiv\" \/>\n<meta property=\"article:modified_time\" content=\"2024-11-05T09:28:31+00:00\" \/>\n<meta property=\"og:image\" content=\"https:\/\/www.idiv.de\/wp-content\/uploads\/2024\/11\/iDivSocialMediaShare.jpg\" \/>\n\t<meta property=\"og:image:width\" content=\"1200\" \/>\n\t<meta property=\"og:image:height\" content=\"675\" \/>\n\t<meta property=\"og:image:type\" content=\"image\/jpeg\" \/>\n<meta name=\"twitter:card\" content=\"summary_large_image\" \/>\n<meta name=\"twitter:site\" content=\"@idiv\" \/>\n<script type=\"application\/ld+json\" class=\"yoast-schema-graph\">{\"@context\":\"https:\\\/\\\/schema.org\",\"@graph\":[{\"@type\":\"WebPage\",\"@id\":\"https:\\\/\\\/www.idiv.de\\\/de\\\/start\\\/barrierefreiheit\\\/\",\"url\":\"https:\\\/\\\/www.idiv.de\\\/de\\\/start\\\/barrierefreiheit\\\/\",\"name\":\"Barrierefreiheit | iDiv\",\"isPartOf\":{\"@id\":\"https:\\\/\\\/www.idiv.de\\\/de\\\/#website\"},\"datePublished\":\"2024-05-10T13:26:13+00:00\",\"dateModified\":\"2024-11-05T09:28:31+00:00\",\"breadcrumb\":{\"@id\":\"https:\\\/\\\/www.idiv.de\\\/de\\\/start\\\/barrierefreiheit\\\/#breadcrumb\"},\"inLanguage\":\"de\",\"potentialAction\":[{\"@type\":\"ReadAction\",\"target\":[\"https:\\\/\\\/www.idiv.de\\\/de\\\/start\\\/barrierefreiheit\\\/\"]}]},{\"@type\":\"BreadcrumbList\",\"@id\":\"https:\\\/\\\/www.idiv.de\\\/de\\\/start\\\/barrierefreiheit\\\/#breadcrumb\",\"itemListElement\":[{\"@type\":\"ListItem\",\"position\":1,\"name\":\"Startseite\",\"item\":\"https:\\\/\\\/www.idiv.de\\\/de\\\/\"},{\"@type\":\"ListItem\",\"position\":2,\"name\":\"Home\",\"item\":\"https:\\\/\\\/www.idiv.de\\\/de\\\/\"},{\"@type\":\"ListItem\",\"position\":3,\"name\":\"Barrierefreiheit\"}]},{\"@type\":\"WebSite\",\"@id\":\"https:\\\/\\\/www.idiv.de\\\/de\\\/#website\",\"url\":\"https:\\\/\\\/www.idiv.de\\\/de\\\/\",\"name\":\"iDiv\",\"description\":\"Hotspot in Biodiversity Research\",\"publisher\":{\"@id\":\"https:\\\/\\\/www.idiv.de\\\/de\\\/#organization\"},\"potentialAction\":[{\"@type\":\"SearchAction\",\"target\":{\"@type\":\"EntryPoint\",\"urlTemplate\":\"https:\\\/\\\/www.idiv.de\\\/de\\\/?s={search_term_string}\"},\"query-input\":{\"@type\":\"PropertyValueSpecification\",\"valueRequired\":true,\"valueName\":\"search_term_string\"}}],\"inLanguage\":\"de\"},{\"@type\":\"Organization\",\"@id\":\"https:\\\/\\\/www.idiv.de\\\/de\\\/#organization\",\"name\":\"idiv\",\"url\":\"https:\\\/\\\/www.idiv.de\\\/de\\\/\",\"logo\":{\"@type\":\"ImageObject\",\"inLanguage\":\"de\",\"@id\":\"https:\\\/\\\/www.idiv.de\\\/de\\\/#\\\/schema\\\/logo\\\/image\\\/\",\"url\":\"https:\\\/\\\/www.idiv.de\\\/wp-content\\\/uploads\\\/2024\\\/08\\\/iDiv_Logo_long_v1_EN_black_4c.jpg\",\"contentUrl\":\"https:\\\/\\\/www.idiv.de\\\/wp-content\\\/uploads\\\/2024\\\/08\\\/iDiv_Logo_long_v1_EN_black_4c.jpg\",\"width\":2448,\"height\":674,\"caption\":\"idiv\"},\"image\":{\"@id\":\"https:\\\/\\\/www.idiv.de\\\/de\\\/#\\\/schema\\\/logo\\\/image\\\/\"},\"sameAs\":[\"https:\\\/\\\/x.com\\\/idiv\",\"https:\\\/\\\/www.linkedin.com\\\/company\\\/idiv-biodiversity\\\/\",\"https:\\\/\\\/www.youtube.com\\\/idiv-research\"]}]}<\/script>\n<!-- \/ Yoast SEO plugin. -->","yoast_head_json":{"title":"Barrierefreiheit | iDiv","robots":{"index":"index","follow":"follow","max-snippet":"max-snippet:-1","max-image-preview":"max-image-preview:large","max-video-preview":"max-video-preview:-1"},"canonical":"https:\/\/www.idiv.de\/de\/start\/barrierefreiheit\/","og_locale":"de_DE","og_type":"article","og_title":"Barrierefreiheit | iDiv","og_url":"https:\/\/www.idiv.de\/de\/start\/barrierefreiheit\/","og_site_name":"iDiv","article_modified_time":"2024-11-05T09:28:31+00:00","og_image":[{"width":1200,"height":675,"url":"https:\/\/www.idiv.de\/wp-content\/uploads\/2024\/11\/iDivSocialMediaShare.jpg","type":"image\/jpeg"}],"twitter_card":"summary_large_image","twitter_site":"@idiv","schema":{"@context":"https:\/\/schema.org","@graph":[{"@type":"WebPage","@id":"https:\/\/www.idiv.de\/de\/start\/barrierefreiheit\/","url":"https:\/\/www.idiv.de\/de\/start\/barrierefreiheit\/","name":"Barrierefreiheit | iDiv","isPartOf":{"@id":"https:\/\/www.idiv.de\/de\/#website"},"datePublished":"2024-05-10T13:26:13+00:00","dateModified":"2024-11-05T09:28:31+00:00","breadcrumb":{"@id":"https:\/\/www.idiv.de\/de\/start\/barrierefreiheit\/#breadcrumb"},"inLanguage":"de","potentialAction":[{"@type":"ReadAction","target":["https:\/\/www.idiv.de\/de\/start\/barrierefreiheit\/"]}]},{"@type":"BreadcrumbList","@id":"https:\/\/www.idiv.de\/de\/start\/barrierefreiheit\/#breadcrumb","itemListElement":[{"@type":"ListItem","position":1,"name":"Startseite","item":"https:\/\/www.idiv.de\/de\/"},{"@type":"ListItem","position":2,"name":"Home","item":"https:\/\/www.idiv.de\/de\/"},{"@type":"ListItem","position":3,"name":"Barrierefreiheit"}]},{"@type":"WebSite","@id":"https:\/\/www.idiv.de\/de\/#website","url":"https:\/\/www.idiv.de\/de\/","name":"iDiv","description":"Hotspot in Biodiversity Research","publisher":{"@id":"https:\/\/www.idiv.de\/de\/#organization"},"potentialAction":[{"@type":"SearchAction","target":{"@type":"EntryPoint","urlTemplate":"https:\/\/www.idiv.de\/de\/?s={search_term_string}"},"query-input":{"@type":"PropertyValueSpecification","valueRequired":true,"valueName":"search_term_string"}}],"inLanguage":"de"},{"@type":"Organization","@id":"https:\/\/www.idiv.de\/de\/#organization","name":"idiv","url":"https:\/\/www.idiv.de\/de\/","logo":{"@type":"ImageObject","inLanguage":"de","@id":"https:\/\/www.idiv.de\/de\/#\/schema\/logo\/image\/","url":"https:\/\/www.idiv.de\/wp-content\/uploads\/2024\/08\/iDiv_Logo_long_v1_EN_black_4c.jpg","contentUrl":"https:\/\/www.idiv.de\/wp-content\/uploads\/2024\/08\/iDiv_Logo_long_v1_EN_black_4c.jpg","width":2448,"height":674,"caption":"idiv"},"image":{"@id":"https:\/\/www.idiv.de\/de\/#\/schema\/logo\/image\/"},"sameAs":["https:\/\/x.com\/idiv","https:\/\/www.linkedin.com\/company\/idiv-biodiversity\/","https:\/\/www.youtube.com\/idiv-research"]}]}},"coauthors":[],"author_meta":{"author_link":"https:\/\/www.idiv.de\/de\/author\/stefan\/","display_name":"Stefan Bernhardt"},"relative_dates":{"created":"Ver\u00f6ffentlicht 2\u00a0Jahren vor","modified":"Aktualisiert 2\u00a0Jahren vor"},"absolute_dates":{"created":"Ver\u00f6ffentlicht am 10. Mai 2024","modified":"Aktualisiert am 5. November 2024"},"absolute_dates_time":{"created":"Ver\u00f6ffentlicht am 10. Mai 2024 14:26","modified":"Aktualisiert am 5. November 2024 10:28"},"featured_img_caption":"","featured_img":false,"series_order":"","_links":{"self":[{"href":"https:\/\/www.idiv.de\/de\/wp-json\/wp\/v2\/pages\/9275","targetHints":{"allow":["GET"]}}],"collection":[{"href":"https:\/\/www.idiv.de\/de\/wp-json\/wp\/v2\/pages"}],"about":[{"href":"https:\/\/www.idiv.de\/de\/wp-json\/wp\/v2\/types\/page"}],"author":[{"embeddable":true,"href":"https:\/\/www.idiv.de\/de\/wp-json\/wp\/v2\/users\/3"}],"replies":[{"embeddable":true,"href":"https:\/\/www.idiv.de\/de\/wp-json\/wp\/v2\/comments?post=9275"}],"version-history":[{"count":10,"href":"https:\/\/www.idiv.de\/de\/wp-json\/wp\/v2\/pages\/9275\/revisions"}],"predecessor-version":[{"id":18281,"href":"https:\/\/www.idiv.de\/de\/wp-json\/wp\/v2\/pages\/9275\/revisions\/18281"}],"up":[{"embeddable":true,"href":"https:\/\/www.idiv.de\/de\/wp-json\/wp\/v2\/pages\/880"}],"wp:attachment":[{"href":"https:\/\/www.idiv.de\/de\/wp-json\/wp\/v2\/media?parent=9275"}],"curies":[{"name":"wp","href":"https:\/\/api.w.org\/{rel}","templated":true}]}}