{"id":8751,"date":"2024-06-03T12:51:57","date_gmt":"2024-06-03T11:51:57","guid":{"rendered":"https:\/\/www.idiv.de\/?page_id=8751"},"modified":"2025-05-27T07:43:57","modified_gmt":"2025-05-27T06:43:57","slug":"biodiversitaet-und-mensch","status":"publish","type":"page","link":"https:\/\/www.idiv.de\/de\/forschung\/kernforschungsgruppen\/biodiversitaet-und-mensch\/","title":{"rendered":"Biodiversit\u00e4t und Mensch"},"content":{"rendered":"<div class=\"herosection pb-24 pt-0 no-bg modulclass \" id=\"\">\n                    <div class=\"swiper1noslider  nooverflow swiper thinslider\" id=\"slide_6a079fa89092b\">\n        \n                <div class=\"swiper-wrapper\">\n                                            <div class=\"swiper-slide  style_ \" aria-hidden=\"true\" >\n                            <div class=\"backstretchwrap\">\n                        \n                            <div datasrc=\"https:\/\/www.idiv.de\/wp-content\/uploads\/2024\/11\/AdobeStock_117789390-scaled.jpeg\" class=\"backstretchimg responsiv desktop\"><\/div>\n\n                            <a href=\"#\" class=\"cr\"><svg  xmlns=\"http:\/\/www.w3.org\/2000\/svg\" width=\"22\" height=\"22\" viewBox=\"0 0 22 22\">\n                                    <rect id=\"BG\" width=\"22\" height=\"22\" rx=\"11\" fill=\"#fff\"\/>\n                                    <g id=\"Wrapper\" transform=\"translate(-1 -1)\">\n                                        <g id=\"Icon_material-copyright\" data-name=\"Icon material-copyright\">\n                                            <circle id=\"Ellipse_30\" data-name=\"Ellipse 30\" cx=\"8\" cy=\"8\" r=\"8\" transform=\"translate(4 4)\" fill=\"#fff\"\/>\n                                            <path id=\"Icon_material-copyright-2\" data-name=\"Icon material-copyright\" d=\"M9.464,10.088a2.045,2.045,0,0,1,.24-.7,1.4,1.4,0,0,1,.472-.5,1.42,1.42,0,0,1,.728-.184,1.45,1.45,0,0,1,.5.1,1.29,1.29,0,0,1,.416.288,1.54,1.54,0,0,1,.272.424,1.4,1.4,0,0,1,.112.512H13.64a2.864,2.864,0,0,0-.224-1.032,2.4,2.4,0,0,0-.56-.808,2.613,2.613,0,0,0-.864-.528,3.09,3.09,0,0,0-1.112-.184,3.127,3.127,0,0,0-1.36.272,2.751,2.751,0,0,0-.96.736,3.007,3.007,0,0,0-.568,1.088A4.685,4.685,0,0,0,7.8,10.9v.216a4.684,4.684,0,0,0,.184,1.312,2.908,2.908,0,0,0,.568,1.08,2.731,2.731,0,0,0,.96.728,3.246,3.246,0,0,0,1.36.272,3.051,3.051,0,0,0,1.056-.184,2.729,2.729,0,0,0,.864-.5,2.442,2.442,0,0,0,.592-.752,2.153,2.153,0,0,0,.24-.92H12.192a1.139,1.139,0,0,1-.12.464,1.177,1.177,0,0,1-.288.368,1.26,1.26,0,0,1-.416.24,1.589,1.589,0,0,1-.48.08,1.359,1.359,0,0,1-.712-.184,1.4,1.4,0,0,1-.472-.5,2.09,2.09,0,0,1-.24-.7,5.392,5.392,0,0,1-.064-.8V10.9a5.33,5.33,0,0,1,.064-.808ZM11,3a8,8,0,1,0,8,8A8,8,0,0,0,11,3Zm0,14.4A6.4,6.4,0,1,1,17.4,11,6.408,6.408,0,0,1,11,17.4Z\" transform=\"translate(1 1)\" fill=\"#4d4d4d\"\/>\n                                        <\/g>\n                                    <\/g>\n                                <\/svg>\n                                <span>Alena Ozerova &#8211; stock.adobe.com<\/span><\/a>                        \n                                                    <\/div>\n                                        <div class=\"sliderinhalt \" role=\"region\" aria-label=\"carousel\">\n\n                                            <h1 class=\"h1 align-center\" >Biodiversit\u00e4t und Mensch<\/h1>                                                    <p style=\"text-align: center;\">Das <b>\u00d6kosystemleistungskonzept<\/b> verbindet Forschung zu Biodiversit\u00e4t und \u00d6kosystemfunktionen mit dem menschlichen Wohlbefinden \u2013 und bildet somit Br\u00fccken zwischen Fachdisziplinen und politischen Sektoren.<\/p>\n                                                \n                                                                                                            <\/div>\n                                            <\/div>\n\n                        \n                 <\/div>\n\n                              <\/div>\n<\/div>\n\n<div class=\"textbildrepeater pb-24 pt-0 no-bg modulclass \" id=\"\">\n    <div class=\"container\">\n        <div class=\"row\">\n                                                                <div class=\"pb-0   mod_text  col-md-6 offset-md-3 pos_top\">\n                            <div class=\"textrepeater \" id=\"\">\n    <p>Unsere Forschungsgruppe erforscht die Wechselwirkung von Biodiversit\u00e4t und Mensch in einer sich ver\u00e4ndernden Welt. Wir verbinden Forschung zu Biodiversit\u00e4t, \u00d6kosystemdienstleistungen und menschlichem Wohlbefinden \u00a0und Gesundheit \u2013 und bilden somit Br\u00fccken zwischen Fachdisziplinen und politischen Sektoren. Daher liegt ein Hauptaugenmerk unserer Forschungsgruppe auf partizipativen Methoden an der Schnittstelle Wissenschaft-Gesellschaft-Politik.<\/p>\n<p>Unsere aktuelle Forschung umfasst drei miteinander verbundene Themen.<\/p>\n<ul>\n<li>Wir analysieren raum-zeitliche Ver\u00e4nderungen der Biologischen Vielfalt mithilfe von Citizen Science und transdisziplin\u00e4ren Ans\u00e4tzen, und erkunden auch die Benefits von Citizen Science f\u00fcr Menschen und Naturschutz.<\/li>\n<li>Wir erforschen die Wechselwirkung zwischen Biodiversit\u00e4t und menschlicher Gesundheit und Wohlbefinden sowie die zugrunde liegenden Mechanismen.<\/li>\n<li>Wir operationalisieren den \u00d6kosystemansatz, indem wir die Auswirkungen politischer Instrumente, insbesondere in landwirtschaftlichen \u00d6kosystemen, bewerten, um wirksame Strategien und Instrumente zum Schutz der Biodiversit\u00e4t und der \u00d6kosystemdienstleistungen zu entwickeln und nationale und internationale Ziele zu erreichen.<\/li>\n<\/ul>\n<p>In unserer Forschung untersuchen wir gro\u00dfe Datenbanken und f\u00fchren experimentelle und empirische Studien auf lokaler, regionaler und internationaler Ebene durch. Ein besonderer Schwerpunkt unserer Forschung liegt auf dem Aufbau von Kapazit\u00e4ten f\u00fcr Citizen Science und partizipative Forschung in der Biodiversit\u00e4tswissenschaft. Hier f\u00f6rdern wir Ans\u00e4tze f\u00fcr Ko-Design und Ko-Produktion in der Forschung. Gemeinsam mit vielen Kolleginnen und Kollegen aus Wissenschaft, Zivilgesellschaft, Verb\u00e4nden, Museen und Naturschutzbeh\u00f6rden haben wir beispielsweise die Citizen Science Strategie 2030 f\u00fcr Deutschland federf\u00fchrend entwickelt, das Community-Forschungsforum sMon zur Erforschung der Biodiversit\u00e4tstrends in Deutschland etabliert und bauen mit dem Community-Netzwerk NFDI4Biodiversity den Lebendigen Atlas Natur Deutschland auf<strong>.<\/strong><\/p>\n<\/div>\n                            <\/div>\n                                                                    <div class=\"pb-0   mod_link  col-md-12 offset-md-0 pos_tcenter\">\n                            <div class=\"btncf-block  tcenter\" id=\"\">\n            <a href=\"https:\/\/www.ufz.de\/index.php?de=34228\"\n           class=\"mr-24 btncf primary\"\n           target=\"_blank\">Zur UFZ-Department-Seite                    <\/a>\n    <\/div>                            <\/div>\n                        <\/div>\n    <\/div>\n<\/div>\n\n<hr class=\"modulborder nm np\"><div class=\"headline pb-0 pt-24 no-bg modulclass  block\" id=\"\">\n    <div class=\"container\"><div class=\"row\"><div class=\"col-md-12 relative\"><h2 class=\"h2 tcenter mb-64\" >Kontakt und Team<\/h2><\/div><\/div><\/div><\/div>\n\n<div class=\"textbildrepeater pb-24 pt-0 no-bg modulclass \" id=\"\">\n    <div class=\"container\">\n        <div class=\"row\">\n                                                                <div class=\"pb-24   mod_bild  col-md-8 offset-md-2 pos_top\">\n                            <div class=\"bildrepeater \" id=\"\">\n    <div class=\"relativ\"><img decoding=\"async\" class=\"responsiv desktop\" src=\"https:\/\/www.idiv.de\/wp-content\/uploads\/2025\/01\/BioPeople-Group-2025-SBernhardt.jpg\" height=\"\" width=\"\" alt=\"idiv-Group photo of the Biodiversity and People research group (Photo: Stefan Bernhardt \/ iDiv)\"\/><img decoding=\"async\" class=\"responsiv mobile\" src=\"https:\/\/www.idiv.de\/wp-content\/uploads\/2025\/01\/BioPeople-Group-2025-SBernhardt.jpg\" height=\"\" width=\"\" alt=\"idiv-Group photo of the Biodiversity and People research group (Photo: Stefan Bernhardt \/ iDiv)\"\/><a href=\"#\" class=\"cr\" role=\"button\">\n<svg  xmlns=\"http:\/\/www.w3.org\/2000\/svg\" width=\"22\" height=\"22\" viewBox=\"0 0 22 22\">\n    <rect id=\"BG\" width=\"22\" height=\"22\" rx=\"11\" fill=\"#fff\"\/>\n    <g id=\"Wrapper\" transform=\"translate(-1 -1)\">\n        <g id=\"Icon_material-copyright\" data-name=\"Icon material-copyright\">\n            <circle id=\"Ellipse_30\" data-name=\"Ellipse 30\" cx=\"8\" cy=\"8\" r=\"8\" transform=\"translate(4 4)\" fill=\"#fff\"\/>\n            <path id=\"Icon_material-copyright-2\" data-name=\"Icon material-copyright\" d=\"M9.464,10.088a2.045,2.045,0,0,1,.24-.7,1.4,1.4,0,0,1,.472-.5,1.42,1.42,0,0,1,.728-.184,1.45,1.45,0,0,1,.5.1,1.29,1.29,0,0,1,.416.288,1.54,1.54,0,0,1,.272.424,1.4,1.4,0,0,1,.112.512H13.64a2.864,2.864,0,0,0-.224-1.032,2.4,2.4,0,0,0-.56-.808,2.613,2.613,0,0,0-.864-.528,3.09,3.09,0,0,0-1.112-.184,3.127,3.127,0,0,0-1.36.272,2.751,2.751,0,0,0-.96.736,3.007,3.007,0,0,0-.568,1.088A4.685,4.685,0,0,0,7.8,10.9v.216a4.684,4.684,0,0,0,.184,1.312,2.908,2.908,0,0,0,.568,1.08,2.731,2.731,0,0,0,.96.728,3.246,3.246,0,0,0,1.36.272,3.051,3.051,0,0,0,1.056-.184,2.729,2.729,0,0,0,.864-.5,2.442,2.442,0,0,0,.592-.752,2.153,2.153,0,0,0,.24-.92H12.192a1.139,1.139,0,0,1-.12.464,1.177,1.177,0,0,1-.288.368,1.26,1.26,0,0,1-.416.24,1.589,1.589,0,0,1-.48.08,1.359,1.359,0,0,1-.712-.184,1.4,1.4,0,0,1-.472-.5,2.09,2.09,0,0,1-.24-.7,5.392,5.392,0,0,1-.064-.8V10.9a5.33,5.33,0,0,1,.064-.808ZM11,3a8,8,0,1,0,8,8A8,8,0,0,0,11,3Zm0,14.4A6.4,6.4,0,1,1,17.4,11,6.408,6.408,0,0,1,11,17.4Z\" transform=\"translate(1 1)\" fill=\"#4d4d4d\"\/>\n        <\/g>\n    <\/g>\n<\/svg>\n<span>Stefan Bernhardt \/ iDiv<\/span><\/a><\/div><\/div>\n                            <\/div>\n                        <\/div>\n    <\/div>\n<\/div>\n\n<div class=\"textbildrepeater pb-24 pt-0 no-bg modulclass \" id=\"\">\n    <div class=\"container\">\n        <div class=\"row\">\n                                                                <div class=\"pb-48   mod_link  col-md-12 offset-md-0 pos_tcenter\">\n                            <div class=\"btncf-block  tcenter\" id=\"\">\n            <a href=\"https:\/\/www.idiv.de\/de\/forschung\/kernforschungsgruppen\/biodiversitaet-und-mensch\/team\/\"\n           class=\"mr-24 btncf primary\"\n           target=\"\">Alle Team-Mitglieder                    <\/a>\n    <\/div>                            <\/div>\n                                                                    <div class=\"pb-24   mod_text  col-md-2 offset-md-1 pos_top\">\n                            <div class=\"textrepeater \" id=\"\">\n    <p><strong>Leiterin der Forschungsgruppe<\/strong><\/p>\n<p>Prof. Dr. Aletta Bonn<strong><br \/>\n<\/strong>E-Mail: <a href=\"mai&#108;&#116;&#111;&#x3a;&#x61;&#x6c;&#x65;&#x74;&#x74;a&#46;b&#111;&#110;&#110;&#64;&#x69;&#x64;&#x69;&#x76;&#x2e;&#x64;e\">&#x61;&#x6c;&#101;&#116;ta&#x2e;&#x62;&#x6f;&#110;n&#64;&#x69;&#x64;&#x69;&#118;&#46;d&#x65;<\/a><\/p>\n<\/div>\n                            <\/div>\n                                                                    <div class=\"pb-24   mod_text  col-md-2 offset-md-0 pos_top\">\n                            <div class=\"textrepeater \" id=\"\">\n    <p><strong>Administrative Assistentin<\/strong><\/p>\n<p>Dr. Ines Dorn<br \/>\nE-Mail: <a href=\"&#x6d;&#x61;&#105;lt&#x6f;&#x3a;&#105;&#110;e&#x73;&#x2e;&#100;&#111;r&#x6e;&#x40;&#x69;&#100;iv&#x2e;&#x64;&#101;\">i&#110;&#x65;&#x73;&#46;&#100;&#111;&#x72;&#x6e;&#64;&#105;&#100;&#x69;&#x76;&#46;&#100;&#x65;<\/a><br \/>\nTelefon: <a href=\"tel:+493419733152\">+49 341 9733152<\/a><\/p>\n<\/div>\n                            <\/div>\n                                                                    <div class=\"pb-24   mod_text  col-md-3 offset-md-0 pos_top\">\n                            <div class=\"textrepeater \" id=\"\">\n    <p><strong>Anschrift<\/strong><\/p>\n<p>Deutsches Zentrum f\u00fcr integrative Biodiversit\u00e4tsforschung (iDiv) Halle-Jena-Leipzig<br \/>\nPuschstra\u00dfe 4<br \/>\n04103 Leipzig<\/p>\n<\/div>\n                            <\/div>\n                                                                    <div class=\"pb-24   mod_text  col-md-3 offset-md-0 pos_top\">\n                            <div class=\"textrepeater \" id=\"\">\n    <p><strong>Affiliation<\/strong><\/p>\n<p>Helmholtz-Zentrum f\u00fcr Umweltforschung \u2013 UFZ<\/p>\n<p>Friedrich-Schiller-Universit\u00e4t Jena<\/p>\n<\/div>\n                            <\/div>\n                        <\/div>\n    <\/div>\n<\/div>\n\n<div class=\"karussell pb-24 pt-0 no-bg modulclass  block\" id=\"\">\n    \n        <div class=\"container\">\n        <div class=\"row\">\n            <div class=\"col-md-12 \">\n                \n\n                    <div class=\"swiper3  nooverflow swiper\" id=\"slide_6a079fa8927e3\">\n        <div class=\"swiper-wrapper\">\n                        <div class=\"swiper-slide  style_text\" aria-hidden=\"true\">\n                                        <a href=\"https:\/\/www.idiv.de\/de\/forschung\/kernforschungsgruppen\/biodiversitaet-und-mensch\/forschungsprojekte\/\" target=\"\">\n                \n\n                    \n                    <div class=\"sliderinhalt bg-green\">\n                        <h3 class=\"nmb\" >Forschungsprojekte<\/h3><p class=\"nmb align-right\"><svg xmlns=\"http:\/\/www.w3.org\/2000\/svg\" width=\"32\" height=\"32\" viewBox=\"0 0 32 32\"><circle id=\"Ellipse_15\" data-name=\"Ellipse 15\" cx=\"16\" cy=\"16\" r=\"16\" fill=\"#fff\"\/><path id=\"Icon_feather-chevron-right\" data-name=\"Icon feather-chevron-right\" d=\"M13.5,19.667l5.333-5.333L13.5,9\" transform=\"translate(0.5 1.667)\" fill=\"none\" stroke=\"#4d4d4d\" stroke-linecap=\"round\" stroke-linejoin=\"round\" stroke-width=\"3\"\/><\/svg><\/p>                    <\/div>\n                                <\/a>\n            \n        \n<\/div>\n\n            <div class=\"swiper-slide  style_text\" aria-hidden=\"true\">\n                                        <a href=\"https:\/\/www.idiv.de\/de\/forschung\/kernforschungsgruppen\/biodiversitaet-und-mensch\/publikationen\/\" target=\"\">\n                \n\n                    \n                    <div class=\"sliderinhalt bg-green\">\n                        <h3 class=\"nmb\" >Publikationen<\/h3><p class=\"nmb align-right\"><svg xmlns=\"http:\/\/www.w3.org\/2000\/svg\" width=\"32\" height=\"32\" viewBox=\"0 0 32 32\"><circle id=\"Ellipse_15\" data-name=\"Ellipse 15\" cx=\"16\" cy=\"16\" r=\"16\" fill=\"#fff\"\/><path id=\"Icon_feather-chevron-right\" data-name=\"Icon feather-chevron-right\" d=\"M13.5,19.667l5.333-5.333L13.5,9\" transform=\"translate(0.5 1.667)\" fill=\"none\" stroke=\"#4d4d4d\" stroke-linecap=\"round\" stroke-linejoin=\"round\" stroke-width=\"3\"\/><\/svg><\/p>                    <\/div>\n                                <\/a>\n            \n        \n<\/div>\n\n            <div class=\"swiper-slide  style_text\" aria-hidden=\"true\">\n                                        <a href=\"https:\/\/www.idiv.de\/de\/karriere\/\" target=\"\">\n                \n\n                    \n                    <div class=\"sliderinhalt bg-green\">\n                        <h3 class=\"nmb\" >Werde Teil des Teams<\/h3><p class=\"nmb align-right\"><svg xmlns=\"http:\/\/www.w3.org\/2000\/svg\" width=\"32\" height=\"32\" viewBox=\"0 0 32 32\"><circle id=\"Ellipse_15\" data-name=\"Ellipse 15\" cx=\"16\" cy=\"16\" r=\"16\" fill=\"#fff\"\/><path id=\"Icon_feather-chevron-right\" data-name=\"Icon feather-chevron-right\" d=\"M13.5,19.667l5.333-5.333L13.5,9\" transform=\"translate(0.5 1.667)\" fill=\"none\" stroke=\"#4d4d4d\" stroke-linecap=\"round\" stroke-linejoin=\"round\" stroke-width=\"3\"\/><\/svg><\/p>                    <\/div>\n                                <\/a>\n            \n        \n<\/div>\n\n    <\/div>\n\n\n    <div class=\"swiperbtncf\">\n        <div class=\"swiper-button-prev\">\n            <img loading=\"lazy\" decoding=\"async\" src=\"\/wp-content\/themes\/bwa_starter\/block\/img\/sliderarrowleft.svg\" height=\"60\" width=\"60\"\/>\n        <\/div>\n        <div class=\"swiper-button-next\">\n            <img loading=\"lazy\" decoding=\"async\" src=\"\/wp-content\/themes\/bwa_starter\/block\/img\/sliderarrowright.svg\" height=\"60\" width=\"60\"\/>\n\n        <\/div>\n    <\/div>\n\n    <div class=\"swiper-pagination\"><\/div>\n\n    <\/div>\n\n\n    <\/div>\n    <\/div>\n    <\/div>\n<\/div>\n","protected":false},"excerpt":{"rendered":"","protected":false},"author":3,"featured_media":0,"parent":841,"menu_order":2,"comment_status":"closed","ping_status":"closed","template":"","meta":{"_acf_changed":false,"advgb_blocks_editor_width":"","advgb_blocks_columns_visual_guide":"","footnotes":"","_links_to":"","_links_to_target":""},"class_list":["post-8751","page","type-page","status-publish","hentry"],"acf":{"search_thumb":"","search_kurzbeschreibung":"","breadcrumb":false},"yoast_head":"<!-- This site is optimized with the Yoast SEO plugin v27.5 - https:\/\/yoast.com\/product\/yoast-seo-wordpress\/ -->\n<title>Biodiversit\u00e4t und Mensch | iDiv<\/title>\n<meta name=\"robots\" content=\"index, follow, max-snippet:-1, max-image-preview:large, max-video-preview:-1\" \/>\n<link rel=\"canonical\" href=\"https:\/\/www.idiv.de\/de\/forschung\/kernforschungsgruppen\/biodiversitaet-und-mensch\/\" \/>\n<meta property=\"og:locale\" content=\"de_DE\" \/>\n<meta property=\"og:type\" content=\"article\" \/>\n<meta property=\"og:title\" content=\"Biodiversit\u00e4t und Mensch | iDiv\" \/>\n<meta property=\"og:url\" content=\"https:\/\/www.idiv.de\/de\/forschung\/kernforschungsgruppen\/biodiversitaet-und-mensch\/\" \/>\n<meta property=\"og:site_name\" content=\"iDiv\" \/>\n<meta property=\"article:modified_time\" content=\"2025-05-27T06:43:57+00:00\" \/>\n<meta property=\"og:image\" content=\"https:\/\/www.idiv.de\/wp-content\/uploads\/2024\/11\/iDivSocialMediaShare.jpg\" \/>\n\t<meta property=\"og:image:width\" content=\"1200\" \/>\n\t<meta property=\"og:image:height\" content=\"675\" \/>\n\t<meta property=\"og:image:type\" content=\"image\/jpeg\" \/>\n<meta name=\"twitter:card\" content=\"summary_large_image\" \/>\n<meta name=\"twitter:site\" content=\"@idiv\" \/>\n<script type=\"application\/ld+json\" class=\"yoast-schema-graph\">{\"@context\":\"https:\\\/\\\/schema.org\",\"@graph\":[{\"@type\":\"WebPage\",\"@id\":\"https:\\\/\\\/www.idiv.de\\\/de\\\/forschung\\\/kernforschungsgruppen\\\/biodiversitaet-und-mensch\\\/\",\"url\":\"https:\\\/\\\/www.idiv.de\\\/de\\\/forschung\\\/kernforschungsgruppen\\\/biodiversitaet-und-mensch\\\/\",\"name\":\"Biodiversit\u00e4t und Mensch | iDiv\",\"isPartOf\":{\"@id\":\"https:\\\/\\\/www.idiv.de\\\/de\\\/#website\"},\"datePublished\":\"2024-06-03T11:51:57+00:00\",\"dateModified\":\"2025-05-27T06:43:57+00:00\",\"breadcrumb\":{\"@id\":\"https:\\\/\\\/www.idiv.de\\\/de\\\/forschung\\\/kernforschungsgruppen\\\/biodiversitaet-und-mensch\\\/#breadcrumb\"},\"inLanguage\":\"de\",\"potentialAction\":[{\"@type\":\"ReadAction\",\"target\":[\"https:\\\/\\\/www.idiv.de\\\/de\\\/forschung\\\/kernforschungsgruppen\\\/biodiversitaet-und-mensch\\\/\"]}]},{\"@type\":\"BreadcrumbList\",\"@id\":\"https:\\\/\\\/www.idiv.de\\\/de\\\/forschung\\\/kernforschungsgruppen\\\/biodiversitaet-und-mensch\\\/#breadcrumb\",\"itemListElement\":[{\"@type\":\"ListItem\",\"position\":1,\"name\":\"Startseite\",\"item\":\"https:\\\/\\\/www.idiv.de\\\/de\\\/\"},{\"@type\":\"ListItem\",\"position\":2,\"name\":\"Forschung\",\"item\":\"https:\\\/\\\/www.idiv.de\\\/de\\\/research\\\/\"},{\"@type\":\"ListItem\",\"position\":3,\"name\":\"Kernprofessuren\",\"item\":\"https:\\\/\\\/www.idiv.de\\\/de\\\/forschung\\\/kernforschungsgruppen\\\/\"},{\"@type\":\"ListItem\",\"position\":4,\"name\":\"Biodiversit\u00e4t und Mensch\"}]},{\"@type\":\"WebSite\",\"@id\":\"https:\\\/\\\/www.idiv.de\\\/de\\\/#website\",\"url\":\"https:\\\/\\\/www.idiv.de\\\/de\\\/\",\"name\":\"iDiv\",\"description\":\"Hotspot in Biodiversity Research\",\"publisher\":{\"@id\":\"https:\\\/\\\/www.idiv.de\\\/de\\\/#organization\"},\"potentialAction\":[{\"@type\":\"SearchAction\",\"target\":{\"@type\":\"EntryPoint\",\"urlTemplate\":\"https:\\\/\\\/www.idiv.de\\\/de\\\/?s={search_term_string}\"},\"query-input\":{\"@type\":\"PropertyValueSpecification\",\"valueRequired\":true,\"valueName\":\"search_term_string\"}}],\"inLanguage\":\"de\"},{\"@type\":\"Organization\",\"@id\":\"https:\\\/\\\/www.idiv.de\\\/de\\\/#organization\",\"name\":\"idiv\",\"url\":\"https:\\\/\\\/www.idiv.de\\\/de\\\/\",\"logo\":{\"@type\":\"ImageObject\",\"inLanguage\":\"de\",\"@id\":\"https:\\\/\\\/www.idiv.de\\\/de\\\/#\\\/schema\\\/logo\\\/image\\\/\",\"url\":\"https:\\\/\\\/www.idiv.de\\\/wp-content\\\/uploads\\\/2024\\\/08\\\/iDiv_Logo_long_v1_EN_black_4c.jpg\",\"contentUrl\":\"https:\\\/\\\/www.idiv.de\\\/wp-content\\\/uploads\\\/2024\\\/08\\\/iDiv_Logo_long_v1_EN_black_4c.jpg\",\"width\":2448,\"height\":674,\"caption\":\"idiv\"},\"image\":{\"@id\":\"https:\\\/\\\/www.idiv.de\\\/de\\\/#\\\/schema\\\/logo\\\/image\\\/\"},\"sameAs\":[\"https:\\\/\\\/x.com\\\/idiv\",\"https:\\\/\\\/www.linkedin.com\\\/company\\\/idiv-biodiversity\\\/\",\"https:\\\/\\\/www.youtube.com\\\/idiv-research\"]}]}<\/script>\n<!-- \/ Yoast SEO plugin. -->","yoast_head_json":{"title":"Biodiversit\u00e4t und Mensch | iDiv","robots":{"index":"index","follow":"follow","max-snippet":"max-snippet:-1","max-image-preview":"max-image-preview:large","max-video-preview":"max-video-preview:-1"},"canonical":"https:\/\/www.idiv.de\/de\/forschung\/kernforschungsgruppen\/biodiversitaet-und-mensch\/","og_locale":"de_DE","og_type":"article","og_title":"Biodiversit\u00e4t und Mensch | iDiv","og_url":"https:\/\/www.idiv.de\/de\/forschung\/kernforschungsgruppen\/biodiversitaet-und-mensch\/","og_site_name":"iDiv","article_modified_time":"2025-05-27T06:43:57+00:00","og_image":[{"width":1200,"height":675,"url":"https:\/\/www.idiv.de\/wp-content\/uploads\/2024\/11\/iDivSocialMediaShare.jpg","type":"image\/jpeg"}],"twitter_card":"summary_large_image","twitter_site":"@idiv","schema":{"@context":"https:\/\/schema.org","@graph":[{"@type":"WebPage","@id":"https:\/\/www.idiv.de\/de\/forschung\/kernforschungsgruppen\/biodiversitaet-und-mensch\/","url":"https:\/\/www.idiv.de\/de\/forschung\/kernforschungsgruppen\/biodiversitaet-und-mensch\/","name":"Biodiversit\u00e4t und Mensch | iDiv","isPartOf":{"@id":"https:\/\/www.idiv.de\/de\/#website"},"datePublished":"2024-06-03T11:51:57+00:00","dateModified":"2025-05-27T06:43:57+00:00","breadcrumb":{"@id":"https:\/\/www.idiv.de\/de\/forschung\/kernforschungsgruppen\/biodiversitaet-und-mensch\/#breadcrumb"},"inLanguage":"de","potentialAction":[{"@type":"ReadAction","target":["https:\/\/www.idiv.de\/de\/forschung\/kernforschungsgruppen\/biodiversitaet-und-mensch\/"]}]},{"@type":"BreadcrumbList","@id":"https:\/\/www.idiv.de\/de\/forschung\/kernforschungsgruppen\/biodiversitaet-und-mensch\/#breadcrumb","itemListElement":[{"@type":"ListItem","position":1,"name":"Startseite","item":"https:\/\/www.idiv.de\/de\/"},{"@type":"ListItem","position":2,"name":"Forschung","item":"https:\/\/www.idiv.de\/de\/research\/"},{"@type":"ListItem","position":3,"name":"Kernprofessuren","item":"https:\/\/www.idiv.de\/de\/forschung\/kernforschungsgruppen\/"},{"@type":"ListItem","position":4,"name":"Biodiversit\u00e4t und Mensch"}]},{"@type":"WebSite","@id":"https:\/\/www.idiv.de\/de\/#website","url":"https:\/\/www.idiv.de\/de\/","name":"iDiv","description":"Hotspot in Biodiversity Research","publisher":{"@id":"https:\/\/www.idiv.de\/de\/#organization"},"potentialAction":[{"@type":"SearchAction","target":{"@type":"EntryPoint","urlTemplate":"https:\/\/www.idiv.de\/de\/?s={search_term_string}"},"query-input":{"@type":"PropertyValueSpecification","valueRequired":true,"valueName":"search_term_string"}}],"inLanguage":"de"},{"@type":"Organization","@id":"https:\/\/www.idiv.de\/de\/#organization","name":"idiv","url":"https:\/\/www.idiv.de\/de\/","logo":{"@type":"ImageObject","inLanguage":"de","@id":"https:\/\/www.idiv.de\/de\/#\/schema\/logo\/image\/","url":"https:\/\/www.idiv.de\/wp-content\/uploads\/2024\/08\/iDiv_Logo_long_v1_EN_black_4c.jpg","contentUrl":"https:\/\/www.idiv.de\/wp-content\/uploads\/2024\/08\/iDiv_Logo_long_v1_EN_black_4c.jpg","width":2448,"height":674,"caption":"idiv"},"image":{"@id":"https:\/\/www.idiv.de\/de\/#\/schema\/logo\/image\/"},"sameAs":["https:\/\/x.com\/idiv","https:\/\/www.linkedin.com\/company\/idiv-biodiversity\/","https:\/\/www.youtube.com\/idiv-research"]}]}},"coauthors":[],"author_meta":{"author_link":"https:\/\/www.idiv.de\/de\/author\/stefan\/","display_name":"Stefan Bernhardt"},"relative_dates":{"created":"Ver\u00f6ffentlicht 2\u00a0Jahren vor","modified":"Aktualisiert 12\u00a0Monaten vor"},"absolute_dates":{"created":"Ver\u00f6ffentlicht am 3. Juni 2024","modified":"Aktualisiert am 27. Mai 2025"},"absolute_dates_time":{"created":"Ver\u00f6ffentlicht am 3. Juni 2024 12:51","modified":"Aktualisiert am 27. Mai 2025 7:43"},"featured_img_caption":"","featured_img":false,"series_order":"","_links":{"self":[{"href":"https:\/\/www.idiv.de\/de\/wp-json\/wp\/v2\/pages\/8751","targetHints":{"allow":["GET"]}}],"collection":[{"href":"https:\/\/www.idiv.de\/de\/wp-json\/wp\/v2\/pages"}],"about":[{"href":"https:\/\/www.idiv.de\/de\/wp-json\/wp\/v2\/types\/page"}],"author":[{"embeddable":true,"href":"https:\/\/www.idiv.de\/de\/wp-json\/wp\/v2\/users\/3"}],"replies":[{"embeddable":true,"href":"https:\/\/www.idiv.de\/de\/wp-json\/wp\/v2\/comments?post=8751"}],"version-history":[{"count":18,"href":"https:\/\/www.idiv.de\/de\/wp-json\/wp\/v2\/pages\/8751\/revisions"}],"predecessor-version":[{"id":31014,"href":"https:\/\/www.idiv.de\/de\/wp-json\/wp\/v2\/pages\/8751\/revisions\/31014"}],"up":[{"embeddable":true,"href":"https:\/\/www.idiv.de\/de\/wp-json\/wp\/v2\/pages\/841"}],"wp:attachment":[{"href":"https:\/\/www.idiv.de\/de\/wp-json\/wp\/v2\/media?parent=8751"}],"curies":[{"name":"wp","href":"https:\/\/api.w.org\/{rel}","templated":true}]}}