{"id":39216,"date":"2025-07-24T15:09:07","date_gmt":"2025-07-24T14:09:07","guid":{"rendered":"https:\/\/www.idiv.de\/karriere\/ydiv\/mentoring-and-counselling\/"},"modified":"2026-05-07T10:43:20","modified_gmt":"2026-05-07T08:43:20","slug":"mentoring-and-counselling","status":"publish","type":"page","link":"https:\/\/www.idiv.de\/de\/karriere\/graduiertenschule\/mentoring-and-counselling\/","title":{"rendered":"Coaching und Mentoring"},"content":{"rendered":"<div class=\"herosection pb-24 pt-0 no-bg modulclass \" id=\"\">\n                    <div class=\"swiper1noslider  nooverflow swiper thinslider\" id=\"slide_69fdc0845ab43\">\n        \n                <div class=\"swiper-wrapper\">\n                                            <div class=\"swiper-slide  style_ \" aria-hidden=\"true\" >\n                            <div class=\"backstretchwrap\">\n                        \n                            <div datasrc=\"https:\/\/www.idiv.de\/wp-content\/uploads\/2024\/08\/iDiv-Metamorphosis-170697987-AdobeStock-e1728398876141.jpg\" class=\"backstretchimg responsiv desktop\"><\/div>\n\n                                                    \n                                                    <\/div>\n                                        <div class=\"sliderinhalt \" role=\"region\" aria-label=\"carousel\">\n\n                                            <p class=\"h1 tcenter\" >Mentoring und Beratung<\/p>                                                    <p style=\"text-align: center;\">Die iDiv Graduate School bietet verschiedene Ma\u00dfnahmen f\u00fcr individuelle Unterst\u00fctzung an.<\/p>\n                                                \n                                                                                                            <\/div>\n                                            <\/div>\n\n                        \n                 <\/div>\n\n                              <\/div>\n<\/div>\n\n<div class=\"callscta pb-24 pt-0 no-bg modulclass  block\" id=\"\">\n    \n        <div class=\"container\">\n        <div class=\"row\">\n            <div class=\"col-md-10 offset-md-1\">\n                                <div class=\"shadowcta\">\n                    <div class=\"row\">\n                        <div class=\"col-md-12 nml npl nmr npr\">\n                            <hr class=\"modulborder nm np\">\n                        <\/div>\n                    <\/div>\n                    <div class=\"row\">\n                        <div class=\"col-md-4 bg-white nml npl\">\n                            <div \n        class=\"relativ bwa-cover-image\"\n        style=\"background-image:url(https:\/\/www.idiv.de\/wp-content\/uploads\/2025\/03\/ydiv_mentoring-scaled.jpeg);\"\n        data-mobile=\"https:\/\/www.idiv.de\/wp-content\/uploads\/2025\/03\/ydiv_mentoring-scaled.jpeg\"\n        role=\"img\"\n        aria-label=\"Shot of a group of hands holding a plant growing out of soil (Adobe Stock)\"><\/div>                        <\/div>\n                        <div class=\"col-md-8 centercenter bg-white nmr pb-24\">\n                            <h2 class=\" h2 mb-24 mt-24\" >Mentoring Pool<\/h2>                            <div class=\"mb-36\" ><p>Der <a href=\"https:\/\/www.idiv.de\/career\/postdoc-programme\/mentoring-pool\/\">yDiv Mentoring Pool<\/a> bietet iDiv Promovierenden, Postdocs und Senior Researchers individuelle Unterst\u00fctzung durch One-to-One Mentoring (Mentor-Mentee-Tandems) zu verschiedenen Themen rund um die Karrierplanung innerhalb und au\u00dferhalb der Wissenschaft.<\/p>\n<\/div>                            <div>\n                                                            <\/div>\n                        <\/div>\n                    <\/div>\n                <\/div>\n\n                            <\/div>\n        <\/div>\n    <\/div>\n<\/div>\n\n\n<div class=\"callscta pb-24 pt-24 no-bg modulclass  block\" id=\"\">\n    \n        <div class=\"container\">\n        <div class=\"row\">\n            <div class=\"col-md-10 offset-md-1\">\n                                <div class=\"shadowcta\">\n                    <div class=\"row\">\n                        <div class=\"col-md-12 nml npl nmr npr\">\n                            <hr class=\"modulborder nm np\">\n                        <\/div>\n                    <\/div>\n                    <div class=\"row\">\n                        <div class=\"col-md-4 bg-white nml npl\">\n                            <div \n        class=\"relativ bwa-cover-image\"\n        style=\"background-image:url(https:\/\/www.idiv.de\/wp-content\/uploads\/2026\/01\/yDiv_working-code-2-scaled.jpg);\"\n        data-mobile=\"https:\/\/www.idiv.de\/wp-content\/uploads\/2026\/01\/yDiv_working-code-2-scaled.jpg\"\n        role=\"img\"\n        aria-label=\"yDiv_course_Working on code\"><\/div>                        <\/div>\n                        <div class=\"col-md-8 centercenter bg-white nmr pb-24\">\n                            <h2 class=\" h2 mb-24 mt-24\" >Statistische Beratung<\/h2>                            <div class=\"mb-36\" ><p>Dr. Benjamin Rosenbaum ist seit 10 Jahren als \u00d6kologe und Statistiker am iDiv t\u00e4tig und bietet Statistikberatungen f\u00fcr das gesamte iDiv an. Er kann bei folgenden Themen unterst\u00fctzen:<\/p>\n<ul>\n<li>Auswahl korrekter Methodik f\u00fcr konkrete Forschungsfragen<\/li>\n<li>Anwendung statistischer Modelle in R<\/li>\n<li>Analyse von Modellergebnissen<\/li>\n<li>Formulierung statistischer Methoden und Ergebnisse in wissenschaftlichen Papern<\/li>\n<li>Statistikprobleme beim Peer Review Prozess<\/li>\n<\/ul>\n<p>Benjamin bietet <strong>mittwochs 15 &#8211; 16 Uhr eine offene Statistik-Sprechstunde im B\u00fcro B.03.25<\/strong> an, oder kann \u00fcber seine <a href=\"https:\/\/www.idiv.de\/de\/staff\/benjamin-rosenbaum\/\" target=\"_blank\" aria-label=\"open in new tab\" rel=\"noopener\">E-Mail-Adresse<\/a> kontaktiert werden.<\/p>\n<\/div>                            <div>\n                                                            <\/div>\n                        <\/div>\n                    <\/div>\n                <\/div>\n\n                            <\/div>\n        <\/div>\n    <\/div>\n<\/div>\n\n\n<div class=\"callscta pb-24 pt-0 no-bg modulclass  block\" id=\"\">\n    \n        <div class=\"container\">\n        <div class=\"row\">\n            <div class=\"col-md-10 offset-md-1\">\n                                <div class=\"shadowcta\">\n                    <div class=\"row\">\n                        <div class=\"col-md-12 nml npl nmr npr\">\n                            <hr class=\"modulborder nm np\">\n                        <\/div>\n                    <\/div>\n                    <div class=\"row\">\n                        <div class=\"col-md-4 bg-white nml npl\">\n                            <div \n        class=\"relativ bwa-cover-image\"\n        style=\"background-image:url(https:\/\/www.idiv.de\/wp-content\/uploads\/2025\/07\/yDiv_Counselling_footbridge-forest-scaled.jpg);\"\n        data-mobile=\"https:\/\/www.idiv.de\/wp-content\/uploads\/2025\/07\/yDiv_Counselling_footbridge-forest-scaled.jpg\"\n        role=\"img\"\n        aria-label=\"yDiv_Footbridge in the forest\"><\/div>                        <\/div>\n                        <div class=\"col-md-8 centercenter bg-white nmr pb-24\">\n                            <h2 class=\" h2 mb-24 mt-24\" >Konfliktgespr\u00e4che<\/h2>                            <div class=\"mb-36\" ><p>Bei Problemen und Konflikten in der Promotionsphase k\u00f6nnen yDiv Promovierende sich an die <a href=\"https:\/\/www.idiv.de\/centre\/support-for-scientists\/counselling\/\">iDiv-Vertrauenspersonen<\/a> wenden. Sie beraten individuell und vertraulich, k\u00f6nnen auf weiterf\u00fchrende Services und Kontakte hinweisen oder vermittelnr im Fall von Konflikten .<\/p>\n<\/div>                            <div>\n                                                            <\/div>\n                        <\/div>\n                    <\/div>\n                <\/div>\n\n                            <\/div>\n        <\/div>\n    <\/div>\n<\/div>\n","protected":false},"excerpt":{"rendered":"","protected":false},"author":14,"featured_media":0,"parent":887,"menu_order":0,"comment_status":"closed","ping_status":"closed","template":"","meta":{"_acf_changed":false,"advgb_blocks_editor_width":"","advgb_blocks_columns_visual_guide":"","footnotes":"","_links_to":"","_links_to_target":""},"class_list":["post-39216","page","type-page","status-publish","hentry"],"acf":{"search_thumb":"","search_kurzbeschreibung":"","breadcrumb":false},"yoast_head":"<!-- This site is optimized with the Yoast SEO plugin v27.5 - https:\/\/yoast.com\/product\/yoast-seo-wordpress\/ -->\n<title>Coaching und Mentoring | iDiv<\/title>\n<meta name=\"robots\" content=\"index, follow, max-snippet:-1, max-image-preview:large, max-video-preview:-1\" \/>\n<link rel=\"canonical\" href=\"https:\/\/www.idiv.de\/de\/karriere\/graduiertenschule\/mentoring-and-counselling\/\" \/>\n<meta property=\"og:locale\" content=\"de_DE\" \/>\n<meta property=\"og:type\" content=\"article\" \/>\n<meta property=\"og:title\" content=\"Coaching und Mentoring | iDiv\" \/>\n<meta property=\"og:url\" content=\"https:\/\/www.idiv.de\/de\/karriere\/graduiertenschule\/mentoring-and-counselling\/\" \/>\n<meta property=\"og:site_name\" content=\"iDiv\" \/>\n<meta property=\"article:modified_time\" content=\"2026-05-07T08:43:20+00:00\" \/>\n<meta property=\"og:image\" content=\"https:\/\/www.idiv.de\/wp-content\/uploads\/2024\/11\/iDivSocialMediaShare.jpg\" \/>\n\t<meta property=\"og:image:width\" content=\"1200\" \/>\n\t<meta property=\"og:image:height\" content=\"675\" \/>\n\t<meta property=\"og:image:type\" content=\"image\/jpeg\" \/>\n<meta name=\"twitter:card\" content=\"summary_large_image\" \/>\n<meta name=\"twitter:site\" content=\"@idiv\" \/>\n<script type=\"application\/ld+json\" class=\"yoast-schema-graph\">{\"@context\":\"https:\\\/\\\/schema.org\",\"@graph\":[{\"@type\":\"WebPage\",\"@id\":\"https:\\\/\\\/www.idiv.de\\\/de\\\/karriere\\\/graduiertenschule\\\/mentoring-and-counselling\\\/\",\"url\":\"https:\\\/\\\/www.idiv.de\\\/de\\\/karriere\\\/graduiertenschule\\\/mentoring-and-counselling\\\/\",\"name\":\"Coaching und Mentoring | iDiv\",\"isPartOf\":{\"@id\":\"https:\\\/\\\/www.idiv.de\\\/de\\\/#website\"},\"datePublished\":\"2025-07-24T14:09:07+00:00\",\"dateModified\":\"2026-05-07T08:43:20+00:00\",\"breadcrumb\":{\"@id\":\"https:\\\/\\\/www.idiv.de\\\/de\\\/karriere\\\/graduiertenschule\\\/mentoring-and-counselling\\\/#breadcrumb\"},\"inLanguage\":\"de\",\"potentialAction\":[{\"@type\":\"ReadAction\",\"target\":[\"https:\\\/\\\/www.idiv.de\\\/de\\\/karriere\\\/graduiertenschule\\\/mentoring-and-counselling\\\/\"]}]},{\"@type\":\"BreadcrumbList\",\"@id\":\"https:\\\/\\\/www.idiv.de\\\/de\\\/karriere\\\/graduiertenschule\\\/mentoring-and-counselling\\\/#breadcrumb\",\"itemListElement\":[{\"@type\":\"ListItem\",\"position\":1,\"name\":\"Startseite\",\"item\":\"https:\\\/\\\/www.idiv.de\\\/de\\\/\"},{\"@type\":\"ListItem\",\"position\":2,\"name\":\"Karriere\",\"item\":\"https:\\\/\\\/www.idiv.de\\\/de\\\/karriere\\\/\"},{\"@type\":\"ListItem\",\"position\":3,\"name\":\"Graduiertenschule\",\"item\":\"https:\\\/\\\/www.idiv.de\\\/de\\\/karriere\\\/graduiertenschule\\\/\"},{\"@type\":\"ListItem\",\"position\":4,\"name\":\"Coaching und Mentoring\"}]},{\"@type\":\"WebSite\",\"@id\":\"https:\\\/\\\/www.idiv.de\\\/de\\\/#website\",\"url\":\"https:\\\/\\\/www.idiv.de\\\/de\\\/\",\"name\":\"iDiv\",\"description\":\"Hotspot in Biodiversity Research\",\"publisher\":{\"@id\":\"https:\\\/\\\/www.idiv.de\\\/de\\\/#organization\"},\"potentialAction\":[{\"@type\":\"SearchAction\",\"target\":{\"@type\":\"EntryPoint\",\"urlTemplate\":\"https:\\\/\\\/www.idiv.de\\\/de\\\/?s={search_term_string}\"},\"query-input\":{\"@type\":\"PropertyValueSpecification\",\"valueRequired\":true,\"valueName\":\"search_term_string\"}}],\"inLanguage\":\"de\"},{\"@type\":\"Organization\",\"@id\":\"https:\\\/\\\/www.idiv.de\\\/de\\\/#organization\",\"name\":\"idiv\",\"url\":\"https:\\\/\\\/www.idiv.de\\\/de\\\/\",\"logo\":{\"@type\":\"ImageObject\",\"inLanguage\":\"de\",\"@id\":\"https:\\\/\\\/www.idiv.de\\\/de\\\/#\\\/schema\\\/logo\\\/image\\\/\",\"url\":\"https:\\\/\\\/www.idiv.de\\\/wp-content\\\/uploads\\\/2024\\\/08\\\/iDiv_Logo_long_v1_EN_black_4c.jpg\",\"contentUrl\":\"https:\\\/\\\/www.idiv.de\\\/wp-content\\\/uploads\\\/2024\\\/08\\\/iDiv_Logo_long_v1_EN_black_4c.jpg\",\"width\":2448,\"height\":674,\"caption\":\"idiv\"},\"image\":{\"@id\":\"https:\\\/\\\/www.idiv.de\\\/de\\\/#\\\/schema\\\/logo\\\/image\\\/\"},\"sameAs\":[\"https:\\\/\\\/x.com\\\/idiv\",\"https:\\\/\\\/www.linkedin.com\\\/company\\\/idiv-biodiversity\\\/\",\"https:\\\/\\\/www.youtube.com\\\/idiv-research\"]}]}<\/script>\n<!-- \/ Yoast SEO plugin. -->","yoast_head_json":{"title":"Coaching und Mentoring | iDiv","robots":{"index":"index","follow":"follow","max-snippet":"max-snippet:-1","max-image-preview":"max-image-preview:large","max-video-preview":"max-video-preview:-1"},"canonical":"https:\/\/www.idiv.de\/de\/karriere\/graduiertenschule\/mentoring-and-counselling\/","og_locale":"de_DE","og_type":"article","og_title":"Coaching und Mentoring | iDiv","og_url":"https:\/\/www.idiv.de\/de\/karriere\/graduiertenschule\/mentoring-and-counselling\/","og_site_name":"iDiv","article_modified_time":"2026-05-07T08:43:20+00:00","og_image":[{"width":1200,"height":675,"url":"https:\/\/www.idiv.de\/wp-content\/uploads\/2024\/11\/iDivSocialMediaShare.jpg","type":"image\/jpeg"}],"twitter_card":"summary_large_image","twitter_site":"@idiv","schema":{"@context":"https:\/\/schema.org","@graph":[{"@type":"WebPage","@id":"https:\/\/www.idiv.de\/de\/karriere\/graduiertenschule\/mentoring-and-counselling\/","url":"https:\/\/www.idiv.de\/de\/karriere\/graduiertenschule\/mentoring-and-counselling\/","name":"Coaching und Mentoring | iDiv","isPartOf":{"@id":"https:\/\/www.idiv.de\/de\/#website"},"datePublished":"2025-07-24T14:09:07+00:00","dateModified":"2026-05-07T08:43:20+00:00","breadcrumb":{"@id":"https:\/\/www.idiv.de\/de\/karriere\/graduiertenschule\/mentoring-and-counselling\/#breadcrumb"},"inLanguage":"de","potentialAction":[{"@type":"ReadAction","target":["https:\/\/www.idiv.de\/de\/karriere\/graduiertenschule\/mentoring-and-counselling\/"]}]},{"@type":"BreadcrumbList","@id":"https:\/\/www.idiv.de\/de\/karriere\/graduiertenschule\/mentoring-and-counselling\/#breadcrumb","itemListElement":[{"@type":"ListItem","position":1,"name":"Startseite","item":"https:\/\/www.idiv.de\/de\/"},{"@type":"ListItem","position":2,"name":"Karriere","item":"https:\/\/www.idiv.de\/de\/karriere\/"},{"@type":"ListItem","position":3,"name":"Graduiertenschule","item":"https:\/\/www.idiv.de\/de\/karriere\/graduiertenschule\/"},{"@type":"ListItem","position":4,"name":"Coaching und Mentoring"}]},{"@type":"WebSite","@id":"https:\/\/www.idiv.de\/de\/#website","url":"https:\/\/www.idiv.de\/de\/","name":"iDiv","description":"Hotspot in Biodiversity Research","publisher":{"@id":"https:\/\/www.idiv.de\/de\/#organization"},"potentialAction":[{"@type":"SearchAction","target":{"@type":"EntryPoint","urlTemplate":"https:\/\/www.idiv.de\/de\/?s={search_term_string}"},"query-input":{"@type":"PropertyValueSpecification","valueRequired":true,"valueName":"search_term_string"}}],"inLanguage":"de"},{"@type":"Organization","@id":"https:\/\/www.idiv.de\/de\/#organization","name":"idiv","url":"https:\/\/www.idiv.de\/de\/","logo":{"@type":"ImageObject","inLanguage":"de","@id":"https:\/\/www.idiv.de\/de\/#\/schema\/logo\/image\/","url":"https:\/\/www.idiv.de\/wp-content\/uploads\/2024\/08\/iDiv_Logo_long_v1_EN_black_4c.jpg","contentUrl":"https:\/\/www.idiv.de\/wp-content\/uploads\/2024\/08\/iDiv_Logo_long_v1_EN_black_4c.jpg","width":2448,"height":674,"caption":"idiv"},"image":{"@id":"https:\/\/www.idiv.de\/de\/#\/schema\/logo\/image\/"},"sameAs":["https:\/\/x.com\/idiv","https:\/\/www.linkedin.com\/company\/idiv-biodiversity\/","https:\/\/www.youtube.com\/idiv-research"]}]}},"coauthors":[],"author_meta":{"author_link":"https:\/\/www.idiv.de\/de\/author\/hannah-apitz\/","display_name":"Hannah Apitz"},"relative_dates":{"created":"Ver\u00f6ffentlicht 10\u00a0Monaten vor","modified":"Aktualisiert 1\u00a0Tag vor"},"absolute_dates":{"created":"Ver\u00f6ffentlicht am 24. Juli 2025","modified":"Aktualisiert am 7. Mai 2026"},"absolute_dates_time":{"created":"Ver\u00f6ffentlicht am 24. Juli 2025 15:09","modified":"Aktualisiert am 7. Mai 2026 10:43"},"featured_img_caption":"","featured_img":false,"series_order":"","_links":{"self":[{"href":"https:\/\/www.idiv.de\/de\/wp-json\/wp\/v2\/pages\/39216","targetHints":{"allow":["GET"]}}],"collection":[{"href":"https:\/\/www.idiv.de\/de\/wp-json\/wp\/v2\/pages"}],"about":[{"href":"https:\/\/www.idiv.de\/de\/wp-json\/wp\/v2\/types\/page"}],"author":[{"embeddable":true,"href":"https:\/\/www.idiv.de\/de\/wp-json\/wp\/v2\/users\/14"}],"replies":[{"embeddable":true,"href":"https:\/\/www.idiv.de\/de\/wp-json\/wp\/v2\/comments?post=39216"}],"version-history":[{"count":1,"href":"https:\/\/www.idiv.de\/de\/wp-json\/wp\/v2\/pages\/39216\/revisions"}],"predecessor-version":[{"id":42279,"href":"https:\/\/www.idiv.de\/de\/wp-json\/wp\/v2\/pages\/39216\/revisions\/42279"}],"up":[{"embeddable":true,"href":"https:\/\/www.idiv.de\/de\/wp-json\/wp\/v2\/pages\/887"}],"wp:attachment":[{"href":"https:\/\/www.idiv.de\/de\/wp-json\/wp\/v2\/media?parent=39216"}],"curies":[{"name":"wp","href":"https:\/\/api.w.org\/{rel}","templated":true}]}}