{"id":3880,"date":"2024-05-10T14:25:15","date_gmt":"2024-05-10T13:25:15","guid":{"rendered":"https:\/\/www.idiv.de\/?page_id=3880"},"modified":"2025-07-17T09:26:33","modified_gmt":"2025-07-17T08:26:33","slug":"impact","status":"publish","type":"page","link":"https:\/\/www.idiv.de\/de\/impact\/","title":{"rendered":"Wirken"},"content":{"rendered":"<div class=\"herosection pb-24 pt-0 no-bg modulclass \" id=\"\">\n                    <div class=\"swiper1noslider  nooverflow swiper thinslider\" id=\"slide_6a04a8d9b5826\">\n        \n                <div class=\"swiper-wrapper\">\n                                            <div class=\"swiper-slide  style_ \" aria-hidden=\"true\" >\n                            <div class=\"backstretchwrap\">\n                        \n                            <div datasrc=\"https:\/\/www.idiv.de\/wp-content\/uploads\/2024\/07\/Beaver-Tree5608DN_by_Ty_Smedes-e1727787689242.jpg\" class=\"backstretchimg responsiv desktop\"><\/div>\n\n                                                    \n                                                    <\/div>\n                                        <div class=\"sliderinhalt \" role=\"region\" aria-label=\"carousel\">\n\n                                            <h1 class=\"h1 tcenter\" >Wirken<\/h1>                                                    <p style=\"text-align: center;\">Transfer und Kommunikation wissenschaftlicher Erkenntnisse in die Gesellschaft sind uns wichtig, schlie\u00dflich sind wir alle vom Wandel der Biodiversit\u00e4t betroffen<\/p>\n                                                \n                                                                                                            <\/div>\n                                            <\/div>\n\n                        \n                 <\/div>\n\n                              <\/div>\n<\/div>\n\n<div class=\"linie pb-24 pt-0   block\" id=\"\">\n    <div class=\"container\">\n        <div class=\"row\">\n            <div class=\"col-md-12\">\n               <hr class=\"bg-\" \/>\n            <\/div>\n        <\/div>\n    <\/div>\n<\/div>\n\n\n\n<div class=\"karussell pb-24 pt-0 no-bg modulclass  block\" id=\"\">\n    \n        <div class=\"container\">\n        <div class=\"row\">\n            <div class=\"col-md-12 \">\n                \n\n                                <div class=\"carouselllist\" id=\"slide_6a04a8d9b6197\">\n                    <div class=\"swiper-wrapper row\">\n                                                                        <div class=\"col-md-4 mb-30\">\n                                <div class=\"swiper-slide  style_btt\" aria-hidden=\"true\">\n                                \n                        \n                                                <a href=\"https:\/\/www.idiv.de\/de\/impact\/publications-and-open-data\/\" target=\"\"\n                           class=\" bg-lightgrey\">\n                                                            <div class=\"topimage\">\n                                    <img class=\"backstretchimg\" role=\"presentation\" datasrc=\"https:\/\/www.idiv.de\/wp-content\/uploads\/2024\/06\/20171220_HighlyCitedPaper_byStefanBernhardt__IMG_1381-copy.jpg\" height=\"\" width=\"\" alt=\"A stack of 10 or so journals sits on a desk.\"\/>                                <\/div>\n                                <div class=\"sliderinhalt bg-lightgrey\" role=\"region\" aria-label=\"carousel\">\n                                    <div class=\"\">\n                                        <h4  >Publikationen und offene Daten<\/h4><p  >Wir erstellen viele Publikationen, die in internationalen Fachzeitschriften ver\u00f6ffentlicht werden. Daten sind frei zug\u00e4nglich f\u00fcr Forschende weltweit.<\/p>                                    <\/div>\n                                    <p class=\"nmb btncf arrow\" >Mehr <svg xmlns=\"http:\/\/www.w3.org\/2000\/svg\" width=\"7.621\" height=\"12.243\" aria-hidden=\"true\" viewBox=\"0 0 7.621 12.243\"><path id=\"Icon_feather-chevron-right\" data-name=\"Icon feather-chevron-right\" d=\"M17.5,17l-4-4,4-4\" transform=\"translate(19.621 19.121) rotate(180)\" fill=\"none\" stroke=\"#447226\" stroke-linecap=\"round\" stroke-linejoin=\"round\" stroke-width=\"3\"\/><\/svg><\/p>                                <\/div>\n                                                        <\/a>\n                        \n                \n                                <\/div>\n                    <\/div>\n\n                                                            <div class=\"col-md-4 mb-30\">\n                                <div class=\"swiper-slide  style_btt\" aria-hidden=\"true\">\n                                \n                        \n                                                <a href=\"https:\/\/www.idiv.de\/de\/impact\/science-policy\/\" target=\"\"\n                           class=\" bg-lightgrey\">\n                                                            <div class=\"topimage\">\n                                    <img class=\"backstretchimg\" role=\"presentation\" datasrc=\"https:\/\/www.idiv.de\/wp-content\/uploads\/2024\/06\/Parl_Abend_by_Henning_Schacht.jpg\" height=\"\" width=\"\" alt=\"Bei der Podiumsdiskussion mit Dr. Christiane Paulus, Abteilungsleiterin Naturschutz des BMUV (li.), Olaf Bandt, Vorsitzender des BUND (2. v.li.), und Andreas Jahn, Bundesgesch\u00e4ftsf\u00fchrer des BMVW (re.), riet Prof. Aletta Bonn (UFZ, iDiv) (2. v.re.) zur Einrichtung eines nationalen Biodiversit\u00e4tsrates.  \"\/>                                <\/div>\n                                <div class=\"sliderinhalt bg-lightgrey\" role=\"region\" aria-label=\"carousel\">\n                                    <div class=\"\">\n                                        <h4  >Science-Policy<\/h4><p  >Wir wollen unsere wissenschaftlichen Erkenntnisse den politischen Entscheidungstr\u00e4gern vermitteln, von der globalen bis zur lokalen Ebene.<br \/>\r\n<\/p>                                    <\/div>\n                                    <p class=\"nmb btncf arrow\" >Mehr <svg xmlns=\"http:\/\/www.w3.org\/2000\/svg\" width=\"7.621\" height=\"12.243\" aria-hidden=\"true\" viewBox=\"0 0 7.621 12.243\"><path id=\"Icon_feather-chevron-right\" data-name=\"Icon feather-chevron-right\" d=\"M17.5,17l-4-4,4-4\" transform=\"translate(19.621 19.121) rotate(180)\" fill=\"none\" stroke=\"#447226\" stroke-linecap=\"round\" stroke-linejoin=\"round\" stroke-width=\"3\"\/><\/svg><\/p>                                <\/div>\n                                                        <\/a>\n                        \n                \n                                <\/div>\n                    <\/div>\n\n                                                            <div class=\"col-md-4 mb-30\">\n                                <div class=\"swiper-slide  style_btt\" aria-hidden=\"true\">\n                                \n                        \n                                                <a href=\"https:\/\/www.idiv.de\/de\/impact\/public-engagement\/\" target=\"\"\n                           class=\" bg-lightgrey\">\n                                                            <div class=\"topimage\">\n                                    <img class=\"backstretchimg\" role=\"presentation\" datasrc=\"https:\/\/www.idiv.de\/wp-content\/uploads\/2024\/07\/2019_Buchmesse_OO3A7990_UL-copy.jpg\" height=\"\" width=\"\" alt=\"A group of people look at a man with a green lanyard at the Leipzig Book Fair.\"\/>                                <\/div>\n                                <div class=\"sliderinhalt bg-lightgrey\" role=\"region\" aria-label=\"carousel\">\n                                    <div class=\"\">\n                                        <h4  >\u00d6ffentliches Engagement<\/h4><p  >Wir interagieren auf verschiedene Weise mit der \u00d6ffentlichkeit \u2013 \u00fcber soziale Medien, pers\u00f6nliche Gespr\u00e4che, \u00f6ffentliche Pr\u00e4sentationen oder indirekt \u00fcber Journalisten.<\/p>                                    <\/div>\n                                    <p class=\"nmb btncf arrow\" >Mehr <svg xmlns=\"http:\/\/www.w3.org\/2000\/svg\" width=\"7.621\" height=\"12.243\" aria-hidden=\"true\" viewBox=\"0 0 7.621 12.243\"><path id=\"Icon_feather-chevron-right\" data-name=\"Icon feather-chevron-right\" d=\"M17.5,17l-4-4,4-4\" transform=\"translate(19.621 19.121) rotate(180)\" fill=\"none\" stroke=\"#447226\" stroke-linecap=\"round\" stroke-linejoin=\"round\" stroke-width=\"3\"\/><\/svg><\/p>                                <\/div>\n                                                        <\/a>\n                        \n                \n                                <\/div>\n                    <\/div>\n\n                                                            <div class=\"col-md-4 mb-30\">\n                                <div class=\"swiper-slide  style_btt\" aria-hidden=\"true\">\n                                \n                        \n                                                <a href=\"https:\/\/www.idiv.de\/de\/impact\/buergerwissenschaft\/\" target=\"\"\n                           class=\" bg-lightgrey\">\n                                                            <div class=\"topimage\">\n                                    <img class=\"backstretchimg\" role=\"presentation\" datasrc=\"https:\/\/www.idiv.de\/wp-content\/uploads\/2024\/07\/PM1-FLOW-2023-c-Joerg-Farys-410.jpg\" height=\"\" width=\"\" alt=\"\"\/>                                <\/div>\n                                <div class=\"sliderinhalt bg-lightgrey\" role=\"region\" aria-label=\"carousel\">\n                                    <div class=\"\">\n                                        <h4  >B\u00fcrgerwissenschaft<\/h4><p  >iDiv hat mehrere Projekte im Bereich Citizen Science (B\u00fcrgerwissenschaft). Diese leben von einer neuen Art der Wissensgenerierung, gemeinsam mit B\u00fcrgerinnen und B\u00fcrgern. Gleichzeitig erforschen wir Potenzial und Wirkung von Citizen Science. <\/p>                                    <\/div>\n                                    <p class=\"nmb btncf arrow\" >Mehr <svg xmlns=\"http:\/\/www.w3.org\/2000\/svg\" width=\"7.621\" height=\"12.243\" aria-hidden=\"true\" viewBox=\"0 0 7.621 12.243\"><path id=\"Icon_feather-chevron-right\" data-name=\"Icon feather-chevron-right\" d=\"M17.5,17l-4-4,4-4\" transform=\"translate(19.621 19.121) rotate(180)\" fill=\"none\" stroke=\"#447226\" stroke-linecap=\"round\" stroke-linejoin=\"round\" stroke-width=\"3\"\/><\/svg><\/p>                                <\/div>\n                                                        <\/a>\n                        \n                \n                                <\/div>\n                    <\/div>\n\n                                                            <div class=\"col-md-4 mb-30\">\n                                <div class=\"swiper-slide  style_btt\" aria-hidden=\"true\">\n                                \n                        \n                                                <a href=\"https:\/\/www.idiv.de\/de\/impact\/idiv-in-the-media\/\" target=\"\"\n                           class=\" bg-lightgrey\">\n                                                            <div class=\"topimage\">\n                                    <img class=\"backstretchimg\" role=\"presentation\" datasrc=\"https:\/\/www.idiv.de\/wp-content\/uploads\/2024\/07\/COLOURBOX61244622_smartphone.jpg\" height=\"\" width=\"\" alt=\"hands holding a smartphone, social media\"\/>                                <\/div>\n                                <div class=\"sliderinhalt bg-lightgrey\" role=\"region\" aria-label=\"carousel\">\n                                    <div class=\"\">\n                                        <h4  >iDiv in den Medien<\/h4><p  >Knapp 2.000 Artikel \u00fcber iDiv und iDiv-Forschung werden jedes Jahr in internationalen Medien ver\u00f6ffentlicht. Hier ist eine aktuelle Auswahl.<\/p>                                    <\/div>\n                                    <p class=\"nmb btncf arrow\" >Mehr <svg xmlns=\"http:\/\/www.w3.org\/2000\/svg\" width=\"7.621\" height=\"12.243\" aria-hidden=\"true\" viewBox=\"0 0 7.621 12.243\"><path id=\"Icon_feather-chevron-right\" data-name=\"Icon feather-chevron-right\" d=\"M17.5,17l-4-4,4-4\" transform=\"translate(19.621 19.121) rotate(180)\" fill=\"none\" stroke=\"#447226\" stroke-linecap=\"round\" stroke-linejoin=\"round\" stroke-width=\"3\"\/><\/svg><\/p>                                <\/div>\n                                                        <\/a>\n                        \n                \n                                <\/div>\n                    <\/div>\n\n                                                            <div class=\"col-md-4 mb-30\">\n                                <div class=\"swiper-slide  style_btt\" aria-hidden=\"true\">\n                                \n                        \n                                                <a href=\"https:\/\/www.idiv.de\/de\/impact\/alumni\/\" target=\"\"\n                           class=\" bg-lightgrey\">\n                                                            <div class=\"topimage\">\n                                    <img class=\"backstretchimg\" role=\"presentation\" datasrc=\"https:\/\/www.idiv.de\/wp-content\/uploads\/2024\/07\/IMG_6650-copy_alumni.jpg\" height=\"\" width=\"\" alt=\"iDiv researchers chatting\"\/>                                <\/div>\n                                <div class=\"sliderinhalt bg-lightgrey\" role=\"region\" aria-label=\"carousel\">\n                                    <div class=\"\">\n                                        <h4  >Ehemalige<\/h4><p  >Wir haben viele Karrieren innerhalb und au\u00dferhalb der Wissenschaft bef\u00f6rdert.<\/p>                                    <\/div>\n                                    <p class=\"nmb btncf arrow\" >Mehr <svg xmlns=\"http:\/\/www.w3.org\/2000\/svg\" width=\"7.621\" height=\"12.243\" aria-hidden=\"true\" viewBox=\"0 0 7.621 12.243\"><path id=\"Icon_feather-chevron-right\" data-name=\"Icon feather-chevron-right\" d=\"M17.5,17l-4-4,4-4\" transform=\"translate(19.621 19.121) rotate(180)\" fill=\"none\" stroke=\"#447226\" stroke-linecap=\"round\" stroke-linejoin=\"round\" stroke-width=\"3\"\/><\/svg><\/p>                                <\/div>\n                                                        <\/a>\n                        \n                \n                                <\/div>\n                    <\/div>\n\n                    <\/div>\n    <\/div>\n    \n\n    <\/div>\n    <\/div>\n    <\/div>\n<\/div>\n\n\n<div class=\"linie pb-24 pt-0   block\" id=\"\">\n    <div class=\"container\">\n        <div class=\"row\">\n            <div class=\"col-md-12\">\n               <hr class=\"bg-\" \/>\n            <\/div>\n        <\/div>\n    <\/div>\n<\/div>\n\n<div class=\"linie pb-24 pt-0   block\" id=\"\">\n    <div class=\"container\">\n        <div class=\"row\">\n            <div class=\"col-md-12\">\n               <hr class=\"bg-\" \/>\n            <\/div>\n        <\/div>\n    <\/div>\n<\/div>\n\n\n<p><\/p>\n","protected":false},"excerpt":{"rendered":"","protected":false},"author":3,"featured_media":0,"parent":0,"menu_order":4,"comment_status":"closed","ping_status":"closed","template":"","meta":{"_acf_changed":false,"advgb_blocks_editor_width":"","advgb_blocks_columns_visual_guide":"","footnotes":"","_links_to":"","_links_to_target":""},"class_list":["post-3880","page","type-page","status-publish","hentry"],"acf":{"search_thumb":"","search_kurzbeschreibung":"","breadcrumb":true},"yoast_head":"<!-- This site is optimized with the Yoast SEO plugin v27.5 - https:\/\/yoast.com\/product\/yoast-seo-wordpress\/ -->\n<title>Wirken | iDiv<\/title>\n<meta name=\"robots\" content=\"index, follow, max-snippet:-1, max-image-preview:large, max-video-preview:-1\" \/>\n<link rel=\"canonical\" href=\"https:\/\/www.idiv.de\/de\/impact\/\" \/>\n<meta property=\"og:locale\" content=\"de_DE\" \/>\n<meta property=\"og:type\" content=\"article\" \/>\n<meta property=\"og:title\" content=\"Wirken | iDiv\" \/>\n<meta property=\"og:url\" content=\"https:\/\/www.idiv.de\/de\/impact\/\" \/>\n<meta property=\"og:site_name\" content=\"iDiv\" \/>\n<meta property=\"article:modified_time\" content=\"2025-07-17T08:26:33+00:00\" \/>\n<meta property=\"og:image\" content=\"https:\/\/www.idiv.de\/wp-content\/uploads\/2024\/11\/iDivSocialMediaShare.jpg\" \/>\n\t<meta property=\"og:image:width\" content=\"1200\" \/>\n\t<meta property=\"og:image:height\" content=\"675\" \/>\n\t<meta property=\"og:image:type\" content=\"image\/jpeg\" \/>\n<meta name=\"twitter:card\" content=\"summary_large_image\" \/>\n<meta name=\"twitter:site\" content=\"@idiv\" \/>\n<script type=\"application\/ld+json\" class=\"yoast-schema-graph\">{\"@context\":\"https:\\\/\\\/schema.org\",\"@graph\":[{\"@type\":\"WebPage\",\"@id\":\"https:\\\/\\\/www.idiv.de\\\/de\\\/impact\\\/\",\"url\":\"https:\\\/\\\/www.idiv.de\\\/de\\\/impact\\\/\",\"name\":\"Wirken | iDiv\",\"isPartOf\":{\"@id\":\"https:\\\/\\\/www.idiv.de\\\/de\\\/#website\"},\"datePublished\":\"2024-05-10T13:25:15+00:00\",\"dateModified\":\"2025-07-17T08:26:33+00:00\",\"breadcrumb\":{\"@id\":\"https:\\\/\\\/www.idiv.de\\\/de\\\/impact\\\/#breadcrumb\"},\"inLanguage\":\"de\",\"potentialAction\":[{\"@type\":\"ReadAction\",\"target\":[\"https:\\\/\\\/www.idiv.de\\\/de\\\/impact\\\/\"]}]},{\"@type\":\"BreadcrumbList\",\"@id\":\"https:\\\/\\\/www.idiv.de\\\/de\\\/impact\\\/#breadcrumb\",\"itemListElement\":[{\"@type\":\"ListItem\",\"position\":1,\"name\":\"Startseite\",\"item\":\"https:\\\/\\\/www.idiv.de\\\/de\\\/\"},{\"@type\":\"ListItem\",\"position\":2,\"name\":\"Wirken\"}]},{\"@type\":\"WebSite\",\"@id\":\"https:\\\/\\\/www.idiv.de\\\/de\\\/#website\",\"url\":\"https:\\\/\\\/www.idiv.de\\\/de\\\/\",\"name\":\"iDiv\",\"description\":\"Hotspot in Biodiversity Research\",\"publisher\":{\"@id\":\"https:\\\/\\\/www.idiv.de\\\/de\\\/#organization\"},\"potentialAction\":[{\"@type\":\"SearchAction\",\"target\":{\"@type\":\"EntryPoint\",\"urlTemplate\":\"https:\\\/\\\/www.idiv.de\\\/de\\\/?s={search_term_string}\"},\"query-input\":{\"@type\":\"PropertyValueSpecification\",\"valueRequired\":true,\"valueName\":\"search_term_string\"}}],\"inLanguage\":\"de\"},{\"@type\":\"Organization\",\"@id\":\"https:\\\/\\\/www.idiv.de\\\/de\\\/#organization\",\"name\":\"idiv\",\"url\":\"https:\\\/\\\/www.idiv.de\\\/de\\\/\",\"logo\":{\"@type\":\"ImageObject\",\"inLanguage\":\"de\",\"@id\":\"https:\\\/\\\/www.idiv.de\\\/de\\\/#\\\/schema\\\/logo\\\/image\\\/\",\"url\":\"https:\\\/\\\/www.idiv.de\\\/wp-content\\\/uploads\\\/2024\\\/08\\\/iDiv_Logo_long_v1_EN_black_4c.jpg\",\"contentUrl\":\"https:\\\/\\\/www.idiv.de\\\/wp-content\\\/uploads\\\/2024\\\/08\\\/iDiv_Logo_long_v1_EN_black_4c.jpg\",\"width\":2448,\"height\":674,\"caption\":\"idiv\"},\"image\":{\"@id\":\"https:\\\/\\\/www.idiv.de\\\/de\\\/#\\\/schema\\\/logo\\\/image\\\/\"},\"sameAs\":[\"https:\\\/\\\/x.com\\\/idiv\",\"https:\\\/\\\/www.linkedin.com\\\/company\\\/idiv-biodiversity\\\/\",\"https:\\\/\\\/www.youtube.com\\\/idiv-research\"]}]}<\/script>\n<!-- \/ Yoast SEO plugin. -->","yoast_head_json":{"title":"Wirken | iDiv","robots":{"index":"index","follow":"follow","max-snippet":"max-snippet:-1","max-image-preview":"max-image-preview:large","max-video-preview":"max-video-preview:-1"},"canonical":"https:\/\/www.idiv.de\/de\/impact\/","og_locale":"de_DE","og_type":"article","og_title":"Wirken | iDiv","og_url":"https:\/\/www.idiv.de\/de\/impact\/","og_site_name":"iDiv","article_modified_time":"2025-07-17T08:26:33+00:00","og_image":[{"width":1200,"height":675,"url":"https:\/\/www.idiv.de\/wp-content\/uploads\/2024\/11\/iDivSocialMediaShare.jpg","type":"image\/jpeg"}],"twitter_card":"summary_large_image","twitter_site":"@idiv","schema":{"@context":"https:\/\/schema.org","@graph":[{"@type":"WebPage","@id":"https:\/\/www.idiv.de\/de\/impact\/","url":"https:\/\/www.idiv.de\/de\/impact\/","name":"Wirken | iDiv","isPartOf":{"@id":"https:\/\/www.idiv.de\/de\/#website"},"datePublished":"2024-05-10T13:25:15+00:00","dateModified":"2025-07-17T08:26:33+00:00","breadcrumb":{"@id":"https:\/\/www.idiv.de\/de\/impact\/#breadcrumb"},"inLanguage":"de","potentialAction":[{"@type":"ReadAction","target":["https:\/\/www.idiv.de\/de\/impact\/"]}]},{"@type":"BreadcrumbList","@id":"https:\/\/www.idiv.de\/de\/impact\/#breadcrumb","itemListElement":[{"@type":"ListItem","position":1,"name":"Startseite","item":"https:\/\/www.idiv.de\/de\/"},{"@type":"ListItem","position":2,"name":"Wirken"}]},{"@type":"WebSite","@id":"https:\/\/www.idiv.de\/de\/#website","url":"https:\/\/www.idiv.de\/de\/","name":"iDiv","description":"Hotspot in Biodiversity Research","publisher":{"@id":"https:\/\/www.idiv.de\/de\/#organization"},"potentialAction":[{"@type":"SearchAction","target":{"@type":"EntryPoint","urlTemplate":"https:\/\/www.idiv.de\/de\/?s={search_term_string}"},"query-input":{"@type":"PropertyValueSpecification","valueRequired":true,"valueName":"search_term_string"}}],"inLanguage":"de"},{"@type":"Organization","@id":"https:\/\/www.idiv.de\/de\/#organization","name":"idiv","url":"https:\/\/www.idiv.de\/de\/","logo":{"@type":"ImageObject","inLanguage":"de","@id":"https:\/\/www.idiv.de\/de\/#\/schema\/logo\/image\/","url":"https:\/\/www.idiv.de\/wp-content\/uploads\/2024\/08\/iDiv_Logo_long_v1_EN_black_4c.jpg","contentUrl":"https:\/\/www.idiv.de\/wp-content\/uploads\/2024\/08\/iDiv_Logo_long_v1_EN_black_4c.jpg","width":2448,"height":674,"caption":"idiv"},"image":{"@id":"https:\/\/www.idiv.de\/de\/#\/schema\/logo\/image\/"},"sameAs":["https:\/\/x.com\/idiv","https:\/\/www.linkedin.com\/company\/idiv-biodiversity\/","https:\/\/www.youtube.com\/idiv-research"]}]}},"coauthors":[],"author_meta":{"author_link":"https:\/\/www.idiv.de\/de\/author\/stefan\/","display_name":"Stefan Bernhardt"},"relative_dates":{"created":"Ver\u00f6ffentlicht 2\u00a0Jahren vor","modified":"Aktualisiert 10\u00a0Monaten vor"},"absolute_dates":{"created":"Ver\u00f6ffentlicht am 10. Mai 2024","modified":"Aktualisiert am 17. Juli 2025"},"absolute_dates_time":{"created":"Ver\u00f6ffentlicht am 10. Mai 2024 14:25","modified":"Aktualisiert am 17. Juli 2025 9:26"},"featured_img_caption":"","featured_img":false,"series_order":"","_links":{"self":[{"href":"https:\/\/www.idiv.de\/de\/wp-json\/wp\/v2\/pages\/3880","targetHints":{"allow":["GET"]}}],"collection":[{"href":"https:\/\/www.idiv.de\/de\/wp-json\/wp\/v2\/pages"}],"about":[{"href":"https:\/\/www.idiv.de\/de\/wp-json\/wp\/v2\/types\/page"}],"author":[{"embeddable":true,"href":"https:\/\/www.idiv.de\/de\/wp-json\/wp\/v2\/users\/3"}],"replies":[{"embeddable":true,"href":"https:\/\/www.idiv.de\/de\/wp-json\/wp\/v2\/comments?post=3880"}],"version-history":[{"count":12,"href":"https:\/\/www.idiv.de\/de\/wp-json\/wp\/v2\/pages\/3880\/revisions"}],"predecessor-version":[{"id":33762,"href":"https:\/\/www.idiv.de\/de\/wp-json\/wp\/v2\/pages\/3880\/revisions\/33762"}],"wp:attachment":[{"href":"https:\/\/www.idiv.de\/de\/wp-json\/wp\/v2\/media?parent=3880"}],"curies":[{"name":"wp","href":"https:\/\/api.w.org\/{rel}","templated":true}]}}