{"id":3877,"date":"2024-05-10T14:24:56","date_gmt":"2024-05-10T13:24:56","guid":{"rendered":"https:\/\/www.idiv.de\/?page_id=3877"},"modified":"2024-10-30T15:14:02","modified_gmt":"2024-10-30T14:14:02","slug":"ausbildung","status":"publish","type":"page","link":"https:\/\/www.idiv.de\/de\/ausbildung\/","title":{"rendered":"Ausbildung"},"content":{"rendered":"<div class=\"herosection pb-24 pt-0 no-bg modulclass \" id=\"\">\n                    <div class=\"swiper1noslider  nooverflow swiper thinslider\" id=\"slide_69faaa7535afd\">\n        \n                <div class=\"swiper-wrapper\">\n                                            <div class=\"swiper-slide  style_ \" aria-hidden=\"true\" >\n                            <div class=\"backstretchwrap\">\n                        \n                            <div datasrc=\"https:\/\/www.idiv.de\/wp-content\/uploads\/2024\/10\/AdobeStock_781018983_ducks-scaled.jpg\" class=\"backstretchimg responsiv desktop\"><\/div>\n\n                            <a href=\"#\" class=\"cr\"><svg  xmlns=\"http:\/\/www.w3.org\/2000\/svg\" width=\"22\" height=\"22\" viewBox=\"0 0 22 22\">\n                                    <rect id=\"BG\" width=\"22\" height=\"22\" rx=\"11\" fill=\"#fff\"\/>\n                                    <g id=\"Wrapper\" transform=\"translate(-1 -1)\">\n                                        <g id=\"Icon_material-copyright\" data-name=\"Icon material-copyright\">\n                                            <circle id=\"Ellipse_30\" data-name=\"Ellipse 30\" cx=\"8\" cy=\"8\" r=\"8\" transform=\"translate(4 4)\" fill=\"#fff\"\/>\n                                            <path id=\"Icon_material-copyright-2\" data-name=\"Icon material-copyright\" d=\"M9.464,10.088a2.045,2.045,0,0,1,.24-.7,1.4,1.4,0,0,1,.472-.5,1.42,1.42,0,0,1,.728-.184,1.45,1.45,0,0,1,.5.1,1.29,1.29,0,0,1,.416.288,1.54,1.54,0,0,1,.272.424,1.4,1.4,0,0,1,.112.512H13.64a2.864,2.864,0,0,0-.224-1.032,2.4,2.4,0,0,0-.56-.808,2.613,2.613,0,0,0-.864-.528,3.09,3.09,0,0,0-1.112-.184,3.127,3.127,0,0,0-1.36.272,2.751,2.751,0,0,0-.96.736,3.007,3.007,0,0,0-.568,1.088A4.685,4.685,0,0,0,7.8,10.9v.216a4.684,4.684,0,0,0,.184,1.312,2.908,2.908,0,0,0,.568,1.08,2.731,2.731,0,0,0,.96.728,3.246,3.246,0,0,0,1.36.272,3.051,3.051,0,0,0,1.056-.184,2.729,2.729,0,0,0,.864-.5,2.442,2.442,0,0,0,.592-.752,2.153,2.153,0,0,0,.24-.92H12.192a1.139,1.139,0,0,1-.12.464,1.177,1.177,0,0,1-.288.368,1.26,1.26,0,0,1-.416.24,1.589,1.589,0,0,1-.48.08,1.359,1.359,0,0,1-.712-.184,1.4,1.4,0,0,1-.472-.5,2.09,2.09,0,0,1-.24-.7,5.392,5.392,0,0,1-.064-.8V10.9a5.33,5.33,0,0,1,.064-.808ZM11,3a8,8,0,1,0,8,8A8,8,0,0,0,11,3Zm0,14.4A6.4,6.4,0,1,1,17.4,11,6.408,6.408,0,0,1,11,17.4Z\" transform=\"translate(1 1)\" fill=\"#4d4d4d\"\/>\n                                        <\/g>\n                                    <\/g>\n                                <\/svg>\n                                <span>Hayley Rutger, Adobe<\/span><\/a>                        \n                                                    <\/div>\n                                        <div class=\"sliderinhalt \" role=\"region\" aria-label=\"carousel\">\n\n                                            <h1 class=\"h1 align-center\" >Ausbildung bei iDiv<\/h1>                                                    <p style=\"text-align: center;\">Wir bieten integrative Kurse auf Bachelor-, Master- und Doktoranden-Ebene an, organisieren Sommerschulen und sind offen f\u00fcr Praktika.<\/p>\n                                                \n                                                                                                            <\/div>\n                                            <\/div>\n\n                        \n                 <\/div>\n\n                              <\/div>\n<\/div>\n\n<div class=\"karussell pb-24 pt-0 no-bg modulclass  block\" id=\"\">\n    \n        <div class=\"container\">\n        <div class=\"row\">\n            <div class=\"col-md-12 \">\n                \n\n                    <div class=\"swiper4  nooverflow swiper\" id=\"slide_69faaa7535ede\">\n        <div class=\"swiper-wrapper\">\n                        <div class=\"swiper-slide  style_btt\" aria-hidden=\"true\">\n                \n        \n                <a href=\"https:\/\/www.idiv.de\/de\/ausbildung\/teaching\/\" target=\"\"\n           class=\" bg-lightgrey\">\n                            <div class=\"topimage\">\n                    <img class=\"backstretchimg\" role=\"presentation\" datasrc=\"https:\/\/www.idiv.de\/wp-content\/uploads\/2024\/07\/COLOURBOX54385154_Lehre-e1727789913326.jpg\" height=\"\" width=\"\" alt=\"lecture at university\"\/>                <\/div>\n                <div class=\"sliderinhalt bg-lightgrey\" role=\"region\" aria-label=\"carousel\">\n                    <div class=\"\">\n                        <h4  >Lehre<\/h4><p  >Unsere Forscherinnen und Forscher sind an verschiedenen Bachelor- und Master-Studieng\u00e4ngen beteiligt. Sie lehren an den drei Universit\u00e4ten in Halle, Jena und Leipzig. Am iDiv-Kernzentrum werden demn\u00e4chst hochschul\u00fcbergreifende integrative Biodiversit\u00e4tskurse stattfinden (iModule).<\/p>                    <\/div>\n                    <p class=\"nmb btncf arrow\" >Mehr <svg xmlns=\"http:\/\/www.w3.org\/2000\/svg\" width=\"7.621\" height=\"12.243\" aria-hidden=\"true\" viewBox=\"0 0 7.621 12.243\"><path id=\"Icon_feather-chevron-right\" data-name=\"Icon feather-chevron-right\" d=\"M17.5,17l-4-4,4-4\" transform=\"translate(19.621 19.121) rotate(180)\" fill=\"none\" stroke=\"#447226\" stroke-linecap=\"round\" stroke-linejoin=\"round\" stroke-width=\"3\"\/><\/svg><\/p>                <\/div>\n                        <\/a>\n        \n\n<\/div>\n\n            <div class=\"swiper-slide  style_btt\" aria-hidden=\"true\">\n                \n        \n                <a href=\"https:\/\/www.idiv.de\/de\/ausbildung\/bachelor-and-master-theses\/\" target=\"\"\n           class=\" bg-lightgrey\">\n                            <div class=\"topimage\">\n                    <img class=\"backstretchimg\" role=\"presentation\" datasrc=\"https:\/\/www.idiv.de\/wp-content\/uploads\/2024\/06\/SESYNC_IMG_8297-copy-e1727790292208.jpg\" height=\"\" width=\"\" alt=\"\"\/>                <\/div>\n                <div class=\"sliderinhalt bg-lightgrey\" role=\"region\" aria-label=\"carousel\">\n                    <div class=\"\">\n                        <h4  >Bachelor- und Master-Arbeiten<\/h4><p  >Suchen Sie hier nach Angeboten f\u00fcr Bachelor- und Master-Arbeiten in Halle, Jena oder Leipzig.<\/p>                    <\/div>\n                    <p class=\"nmb btncf arrow\" >Mehr <svg xmlns=\"http:\/\/www.w3.org\/2000\/svg\" width=\"7.621\" height=\"12.243\" aria-hidden=\"true\" viewBox=\"0 0 7.621 12.243\"><path id=\"Icon_feather-chevron-right\" data-name=\"Icon feather-chevron-right\" d=\"M17.5,17l-4-4,4-4\" transform=\"translate(19.621 19.121) rotate(180)\" fill=\"none\" stroke=\"#447226\" stroke-linecap=\"round\" stroke-linejoin=\"round\" stroke-width=\"3\"\/><\/svg><\/p>                <\/div>\n                        <\/a>\n        \n\n<\/div>\n\n            <div class=\"swiper-slide  style_btt\" aria-hidden=\"true\">\n                \n        \n                <a href=\"https:\/\/www.idiv.de\/de\/ausbildung\/internships\/\" target=\"\"\n           class=\" bg-lightgrey\">\n                            <div class=\"topimage\">\n                    <img class=\"backstretchimg\" role=\"presentation\" datasrc=\"https:\/\/www.idiv.de\/wp-content\/uploads\/2024\/07\/Auswertung_iDiv_Sven-Reichhold-copy-scaled.jpg\" height=\"\" width=\"\" alt=\"\"\/>                <\/div>\n                <div class=\"sliderinhalt bg-lightgrey\" role=\"region\" aria-label=\"carousel\">\n                    <div class=\"\">\n                        <h4  >Praktika<\/h4><p  >Wir bieten an, im Rahmen von Schulpraktika oder anderen Programmen bei iDiv-Gruppen mitzuarbeiten. Sie m\u00fcssen ein solches Programm \u201emitbringen\u201c, da wir kein eigenes anbieten. Informieren Sie sich auf unserer Website \u00fcber die verschiedenen Gruppen und nehmen Sie direkten Kontakt auf mit jener, die Sie interessiert.<\/p>                    <\/div>\n                    <p class=\"nmb btncf arrow\" >Mehr <svg xmlns=\"http:\/\/www.w3.org\/2000\/svg\" width=\"7.621\" height=\"12.243\" aria-hidden=\"true\" viewBox=\"0 0 7.621 12.243\"><path id=\"Icon_feather-chevron-right\" data-name=\"Icon feather-chevron-right\" d=\"M17.5,17l-4-4,4-4\" transform=\"translate(19.621 19.121) rotate(180)\" fill=\"none\" stroke=\"#447226\" stroke-linecap=\"round\" stroke-linejoin=\"round\" stroke-width=\"3\"\/><\/svg><\/p>                <\/div>\n                        <\/a>\n        \n\n<\/div>\n\n            <div class=\"swiper-slide  style_btt\" aria-hidden=\"true\">\n                \n        \n                <a href=\"https:\/\/www.idiv.de\/de\/ausbildung\/idiv-summer-school\/\" target=\"\"\n           class=\" bg-lightgrey\">\n                            <div class=\"topimage\">\n                    <img class=\"backstretchimg\" role=\"presentation\" datasrc=\"https:\/\/www.idiv.de\/wp-content\/uploads\/2024\/06\/IMG_8560-copy_summer_school.jpg\" height=\"\" width=\"\" alt=\"\"\/>                <\/div>\n                <div class=\"sliderinhalt bg-lightgrey\" role=\"region\" aria-label=\"carousel\">\n                    <div class=\"\">\n                        <h4  >Sommerschule<\/h4><p  >Wir bieten jedes Jahr eine Sommerschule an f\u00fcr internationale Studierende und Promovierende. iDiv-Forschende \u00fcbernehmen abwechselnd die Leitung, um die verschiedenen iDiv-Forschungsbereiche abzudecken.<\/p>                    <\/div>\n                    <p class=\"nmb btncf arrow\" >Mehr <svg xmlns=\"http:\/\/www.w3.org\/2000\/svg\" width=\"7.621\" height=\"12.243\" aria-hidden=\"true\" viewBox=\"0 0 7.621 12.243\"><path id=\"Icon_feather-chevron-right\" data-name=\"Icon feather-chevron-right\" d=\"M17.5,17l-4-4,4-4\" transform=\"translate(19.621 19.121) rotate(180)\" fill=\"none\" stroke=\"#447226\" stroke-linecap=\"round\" stroke-linejoin=\"round\" stroke-width=\"3\"\/><\/svg><\/p>                <\/div>\n                        <\/a>\n        \n\n<\/div>\n\n    <\/div>\n\n\n    <div class=\"swiperbtncf\">\n        <div class=\"swiper-button-prev\">\n            <img loading=\"lazy\" decoding=\"async\" src=\"\/wp-content\/themes\/bwa_starter\/block\/img\/sliderarrowleft.svg\" height=\"60\" width=\"60\"\/>\n        <\/div>\n        <div class=\"swiper-button-next\">\n            <img loading=\"lazy\" decoding=\"async\" src=\"\/wp-content\/themes\/bwa_starter\/block\/img\/sliderarrowright.svg\" height=\"60\" width=\"60\"\/>\n\n        <\/div>\n    <\/div>\n\n    <div class=\"swiper-pagination\"><\/div>\n\n    <\/div>\n\n\n    <\/div>\n    <\/div>\n    <\/div>\n<\/div>\n\n\n<div class=\"headline pb-0 pt-48 no-bg modulclass  block\" id=\"\">\n    <div class=\"container\"><div class=\"row\"><div class=\"col-md-12 relative\"><h2 class=\"h2 align-left mb-64\" >Das k\u00f6nnte Sie auch interessieren<\/h2><\/div><\/div><\/div><\/div>\n\n<div class=\"textbildrepeater pb-0 pt-0 no-bg modulclass \" id=\"\">\n    <div class=\"container\">\n        <div class=\"row\">\n                                                                <div class=\"pb-24   mod_bild  col-md-5 offset-md-0 pos_top\">\n                            <div class=\"bildrepeater \" id=\"\">\n    <div class=\"relativ\"><img decoding=\"async\" class=\"responsiv desktop\" src=\"https:\/\/www.idiv.de\/wp-content\/uploads\/2024\/06\/iDiv-Farn-4489-OThier-e1727787221700.jpg\" height=\"\" width=\"\" alt=\"idiv-\"\/><img decoding=\"async\" class=\"responsiv mobile\" src=\"https:\/\/www.idiv.de\/wp-content\/uploads\/2024\/06\/iDiv-Farn-4489-OThier-e1727787221700.jpg\" height=\"\" width=\"\" alt=\"idiv-\"\/><\/div><\/div>\n                            <\/div>\n                                                                    <div class=\"pb-24   mod_textheadlinebtn  col-md-7 offset-md-0 pos_top\">\n                            <div class=\"textrepeater \" id=\"\">\n\n\n    \n    <div class=\"contentrepeater\">\n        <p>iDiv ist ein international renommiertes Zentrum f\u00fcr Biodiversit\u00e4tsforschung mit spannenden Karrierechancen. Werden Sie Teil einer internationalen und innovativen Forschungseinrichtung in Mitteldeutschland.<\/p>\n    <\/div>\n\n\n        <div class=\"btncf-block  align-left\">\n        <a href=\"https:\/\/www.idiv.de\/de\/karriere\/\" class=\"mr-24 btncf primary\" target=\"\" type=\"button\">Karriere                    <\/a>\n    <\/div>\n    <\/div>\n                            <\/div>\n                        <\/div>\n    <\/div>\n<\/div>","protected":false},"excerpt":{"rendered":"","protected":false},"author":3,"featured_media":0,"parent":0,"menu_order":2,"comment_status":"closed","ping_status":"closed","template":"","meta":{"_acf_changed":false,"advgb_blocks_editor_width":"","advgb_blocks_columns_visual_guide":"","footnotes":"","_links_to":"","_links_to_target":""},"class_list":["post-3877","page","type-page","status-publish","hentry"],"acf":{"search_thumb":"","search_kurzbeschreibung":"","breadcrumb":true},"yoast_head":"<!-- This site is optimized with the Yoast SEO plugin v27.5 - https:\/\/yoast.com\/product\/yoast-seo-wordpress\/ -->\n<title>Ausbildung | iDiv<\/title>\n<meta name=\"robots\" content=\"index, follow, max-snippet:-1, max-image-preview:large, max-video-preview:-1\" \/>\n<link rel=\"canonical\" href=\"https:\/\/www.idiv.de\/de\/ausbildung\/\" \/>\n<meta property=\"og:locale\" content=\"de_DE\" \/>\n<meta property=\"og:type\" content=\"article\" \/>\n<meta property=\"og:title\" content=\"Ausbildung | iDiv\" \/>\n<meta property=\"og:url\" content=\"https:\/\/www.idiv.de\/de\/ausbildung\/\" \/>\n<meta property=\"og:site_name\" content=\"iDiv\" \/>\n<meta property=\"article:modified_time\" content=\"2024-10-30T14:14:02+00:00\" \/>\n<meta property=\"og:image\" content=\"https:\/\/www.idiv.de\/wp-content\/uploads\/2024\/11\/iDivSocialMediaShare.jpg\" \/>\n\t<meta property=\"og:image:width\" content=\"1200\" \/>\n\t<meta property=\"og:image:height\" content=\"675\" \/>\n\t<meta property=\"og:image:type\" content=\"image\/jpeg\" \/>\n<meta name=\"twitter:card\" content=\"summary_large_image\" \/>\n<meta name=\"twitter:site\" content=\"@idiv\" \/>\n<script type=\"application\/ld+json\" class=\"yoast-schema-graph\">{\"@context\":\"https:\\\/\\\/schema.org\",\"@graph\":[{\"@type\":\"WebPage\",\"@id\":\"https:\\\/\\\/www.idiv.de\\\/de\\\/ausbildung\\\/\",\"url\":\"https:\\\/\\\/www.idiv.de\\\/de\\\/ausbildung\\\/\",\"name\":\"Ausbildung | iDiv\",\"isPartOf\":{\"@id\":\"https:\\\/\\\/www.idiv.de\\\/de\\\/#website\"},\"datePublished\":\"2024-05-10T13:24:56+00:00\",\"dateModified\":\"2024-10-30T14:14:02+00:00\",\"breadcrumb\":{\"@id\":\"https:\\\/\\\/www.idiv.de\\\/de\\\/ausbildung\\\/#breadcrumb\"},\"inLanguage\":\"de\",\"potentialAction\":[{\"@type\":\"ReadAction\",\"target\":[\"https:\\\/\\\/www.idiv.de\\\/de\\\/ausbildung\\\/\"]}]},{\"@type\":\"BreadcrumbList\",\"@id\":\"https:\\\/\\\/www.idiv.de\\\/de\\\/ausbildung\\\/#breadcrumb\",\"itemListElement\":[{\"@type\":\"ListItem\",\"position\":1,\"name\":\"Startseite\",\"item\":\"https:\\\/\\\/www.idiv.de\\\/de\\\/\"},{\"@type\":\"ListItem\",\"position\":2,\"name\":\"Ausbildung\"}]},{\"@type\":\"WebSite\",\"@id\":\"https:\\\/\\\/www.idiv.de\\\/de\\\/#website\",\"url\":\"https:\\\/\\\/www.idiv.de\\\/de\\\/\",\"name\":\"iDiv\",\"description\":\"Hotspot in Biodiversity Research\",\"publisher\":{\"@id\":\"https:\\\/\\\/www.idiv.de\\\/de\\\/#organization\"},\"potentialAction\":[{\"@type\":\"SearchAction\",\"target\":{\"@type\":\"EntryPoint\",\"urlTemplate\":\"https:\\\/\\\/www.idiv.de\\\/de\\\/?s={search_term_string}\"},\"query-input\":{\"@type\":\"PropertyValueSpecification\",\"valueRequired\":true,\"valueName\":\"search_term_string\"}}],\"inLanguage\":\"de\"},{\"@type\":\"Organization\",\"@id\":\"https:\\\/\\\/www.idiv.de\\\/de\\\/#organization\",\"name\":\"idiv\",\"url\":\"https:\\\/\\\/www.idiv.de\\\/de\\\/\",\"logo\":{\"@type\":\"ImageObject\",\"inLanguage\":\"de\",\"@id\":\"https:\\\/\\\/www.idiv.de\\\/de\\\/#\\\/schema\\\/logo\\\/image\\\/\",\"url\":\"https:\\\/\\\/www.idiv.de\\\/wp-content\\\/uploads\\\/2024\\\/08\\\/iDiv_Logo_long_v1_EN_black_4c.jpg\",\"contentUrl\":\"https:\\\/\\\/www.idiv.de\\\/wp-content\\\/uploads\\\/2024\\\/08\\\/iDiv_Logo_long_v1_EN_black_4c.jpg\",\"width\":2448,\"height\":674,\"caption\":\"idiv\"},\"image\":{\"@id\":\"https:\\\/\\\/www.idiv.de\\\/de\\\/#\\\/schema\\\/logo\\\/image\\\/\"},\"sameAs\":[\"https:\\\/\\\/x.com\\\/idiv\",\"https:\\\/\\\/www.linkedin.com\\\/company\\\/idiv-biodiversity\\\/\",\"https:\\\/\\\/www.youtube.com\\\/idiv-research\"]}]}<\/script>\n<!-- \/ Yoast SEO plugin. -->","yoast_head_json":{"title":"Ausbildung | iDiv","robots":{"index":"index","follow":"follow","max-snippet":"max-snippet:-1","max-image-preview":"max-image-preview:large","max-video-preview":"max-video-preview:-1"},"canonical":"https:\/\/www.idiv.de\/de\/ausbildung\/","og_locale":"de_DE","og_type":"article","og_title":"Ausbildung | iDiv","og_url":"https:\/\/www.idiv.de\/de\/ausbildung\/","og_site_name":"iDiv","article_modified_time":"2024-10-30T14:14:02+00:00","og_image":[{"width":1200,"height":675,"url":"https:\/\/www.idiv.de\/wp-content\/uploads\/2024\/11\/iDivSocialMediaShare.jpg","type":"image\/jpeg"}],"twitter_card":"summary_large_image","twitter_site":"@idiv","schema":{"@context":"https:\/\/schema.org","@graph":[{"@type":"WebPage","@id":"https:\/\/www.idiv.de\/de\/ausbildung\/","url":"https:\/\/www.idiv.de\/de\/ausbildung\/","name":"Ausbildung | iDiv","isPartOf":{"@id":"https:\/\/www.idiv.de\/de\/#website"},"datePublished":"2024-05-10T13:24:56+00:00","dateModified":"2024-10-30T14:14:02+00:00","breadcrumb":{"@id":"https:\/\/www.idiv.de\/de\/ausbildung\/#breadcrumb"},"inLanguage":"de","potentialAction":[{"@type":"ReadAction","target":["https:\/\/www.idiv.de\/de\/ausbildung\/"]}]},{"@type":"BreadcrumbList","@id":"https:\/\/www.idiv.de\/de\/ausbildung\/#breadcrumb","itemListElement":[{"@type":"ListItem","position":1,"name":"Startseite","item":"https:\/\/www.idiv.de\/de\/"},{"@type":"ListItem","position":2,"name":"Ausbildung"}]},{"@type":"WebSite","@id":"https:\/\/www.idiv.de\/de\/#website","url":"https:\/\/www.idiv.de\/de\/","name":"iDiv","description":"Hotspot in Biodiversity Research","publisher":{"@id":"https:\/\/www.idiv.de\/de\/#organization"},"potentialAction":[{"@type":"SearchAction","target":{"@type":"EntryPoint","urlTemplate":"https:\/\/www.idiv.de\/de\/?s={search_term_string}"},"query-input":{"@type":"PropertyValueSpecification","valueRequired":true,"valueName":"search_term_string"}}],"inLanguage":"de"},{"@type":"Organization","@id":"https:\/\/www.idiv.de\/de\/#organization","name":"idiv","url":"https:\/\/www.idiv.de\/de\/","logo":{"@type":"ImageObject","inLanguage":"de","@id":"https:\/\/www.idiv.de\/de\/#\/schema\/logo\/image\/","url":"https:\/\/www.idiv.de\/wp-content\/uploads\/2024\/08\/iDiv_Logo_long_v1_EN_black_4c.jpg","contentUrl":"https:\/\/www.idiv.de\/wp-content\/uploads\/2024\/08\/iDiv_Logo_long_v1_EN_black_4c.jpg","width":2448,"height":674,"caption":"idiv"},"image":{"@id":"https:\/\/www.idiv.de\/de\/#\/schema\/logo\/image\/"},"sameAs":["https:\/\/x.com\/idiv","https:\/\/www.linkedin.com\/company\/idiv-biodiversity\/","https:\/\/www.youtube.com\/idiv-research"]}]}},"coauthors":[],"author_meta":{"author_link":"https:\/\/www.idiv.de\/de\/author\/stefan\/","display_name":"Stefan Bernhardt"},"relative_dates":{"created":"Ver\u00f6ffentlicht 2\u00a0Jahren vor","modified":"Aktualisiert 2\u00a0Jahren vor"},"absolute_dates":{"created":"Ver\u00f6ffentlicht am 10. Mai 2024","modified":"Aktualisiert am 30. Oktober 2024"},"absolute_dates_time":{"created":"Ver\u00f6ffentlicht am 10. Mai 2024 14:24","modified":"Aktualisiert am 30. Oktober 2024 15:14"},"featured_img_caption":"","featured_img":false,"series_order":"","_links":{"self":[{"href":"https:\/\/www.idiv.de\/de\/wp-json\/wp\/v2\/pages\/3877","targetHints":{"allow":["GET"]}}],"collection":[{"href":"https:\/\/www.idiv.de\/de\/wp-json\/wp\/v2\/pages"}],"about":[{"href":"https:\/\/www.idiv.de\/de\/wp-json\/wp\/v2\/types\/page"}],"author":[{"embeddable":true,"href":"https:\/\/www.idiv.de\/de\/wp-json\/wp\/v2\/users\/3"}],"replies":[{"embeddable":true,"href":"https:\/\/www.idiv.de\/de\/wp-json\/wp\/v2\/comments?post=3877"}],"version-history":[{"count":9,"href":"https:\/\/www.idiv.de\/de\/wp-json\/wp\/v2\/pages\/3877\/revisions"}],"predecessor-version":[{"id":18083,"href":"https:\/\/www.idiv.de\/de\/wp-json\/wp\/v2\/pages\/3877\/revisions\/18083"}],"wp:attachment":[{"href":"https:\/\/www.idiv.de\/de\/wp-json\/wp\/v2\/media?parent=3877"}],"curies":[{"name":"wp","href":"https:\/\/api.w.org\/{rel}","templated":true}]}}