{"id":36024,"date":"2025-09-17T12:43:52","date_gmt":"2025-09-17T10:43:52","guid":{"rendered":"https:\/\/www.idiv.de\/zentrum\/support-fuer-forschende\/dei\/"},"modified":"2025-10-08T14:34:53","modified_gmt":"2025-10-08T13:34:53","slug":"dei","status":"publish","type":"page","link":"https:\/\/www.idiv.de\/de\/zentrum\/support-fuer-forschende\/dei\/","title":{"rendered":"Vielfalt, Gleichberechtigung und Inklusion"},"content":{"rendered":"<div class=\"herosection pb-24 pt-0 no-bg modulclass \" id=\"\">\n                    <div class=\"swiper1noslider  nooverflow swiper \" id=\"slide_69f6b03d74737\">\n        \n                <div class=\"swiper-wrapper\">\n                                            <div class=\"swiper-slide  style_ \" aria-hidden=\"true\" >\n                            <div class=\"backstretchwrap\">\n                        \n                            <div datasrc=\"https:\/\/www.idiv.de\/wp-content\/uploads\/2025\/09\/iDiv-DEI-Committee-Hero-scaled.jpg\" class=\"backstretchimg responsiv desktop\"><\/div>\n\n                            <a href=\"#\" class=\"cr\"><svg  xmlns=\"http:\/\/www.w3.org\/2000\/svg\" width=\"22\" height=\"22\" viewBox=\"0 0 22 22\">\n                                    <rect id=\"BG\" width=\"22\" height=\"22\" rx=\"11\" fill=\"#fff\"\/>\n                                    <g id=\"Wrapper\" transform=\"translate(-1 -1)\">\n                                        <g id=\"Icon_material-copyright\" data-name=\"Icon material-copyright\">\n                                            <circle id=\"Ellipse_30\" data-name=\"Ellipse 30\" cx=\"8\" cy=\"8\" r=\"8\" transform=\"translate(4 4)\" fill=\"#fff\"\/>\n                                            <path id=\"Icon_material-copyright-2\" data-name=\"Icon material-copyright\" d=\"M9.464,10.088a2.045,2.045,0,0,1,.24-.7,1.4,1.4,0,0,1,.472-.5,1.42,1.42,0,0,1,.728-.184,1.45,1.45,0,0,1,.5.1,1.29,1.29,0,0,1,.416.288,1.54,1.54,0,0,1,.272.424,1.4,1.4,0,0,1,.112.512H13.64a2.864,2.864,0,0,0-.224-1.032,2.4,2.4,0,0,0-.56-.808,2.613,2.613,0,0,0-.864-.528,3.09,3.09,0,0,0-1.112-.184,3.127,3.127,0,0,0-1.36.272,2.751,2.751,0,0,0-.96.736,3.007,3.007,0,0,0-.568,1.088A4.685,4.685,0,0,0,7.8,10.9v.216a4.684,4.684,0,0,0,.184,1.312,2.908,2.908,0,0,0,.568,1.08,2.731,2.731,0,0,0,.96.728,3.246,3.246,0,0,0,1.36.272,3.051,3.051,0,0,0,1.056-.184,2.729,2.729,0,0,0,.864-.5,2.442,2.442,0,0,0,.592-.752,2.153,2.153,0,0,0,.24-.92H12.192a1.139,1.139,0,0,1-.12.464,1.177,1.177,0,0,1-.288.368,1.26,1.26,0,0,1-.416.24,1.589,1.589,0,0,1-.48.08,1.359,1.359,0,0,1-.712-.184,1.4,1.4,0,0,1-.472-.5,2.09,2.09,0,0,1-.24-.7,5.392,5.392,0,0,1-.064-.8V10.9a5.33,5.33,0,0,1,.064-.808ZM11,3a8,8,0,1,0,8,8A8,8,0,0,0,11,3Zm0,14.4A6.4,6.4,0,1,1,17.4,11,6.408,6.408,0,0,1,11,17.4Z\" transform=\"translate(1 1)\" fill=\"#4d4d4d\"\/>\n                                        <\/g>\n                                    <\/g>\n                                <\/svg>\n                                <span>Freepik<\/span><\/a>                        \n                                                    <\/div>\n                                        <div class=\"sliderinhalt \" role=\"region\" aria-label=\"carousel\">\n\n                                            <h1 class=\"h1 tcenter\" >Vielfalt, Gleichberechtigung und Inklusion<\/h1>\n                                                                                                            <\/div>\n                                            <\/div>\n\n                        \n                 <\/div>\n\n                              <\/div>\n<\/div>\n\n<div class=\"textbildrepeater pb-48 pt-0 no-bg modulclass \" id=\"\">\n    <div class=\"container\">\n        <div class=\"row\">\n                                                                <div class=\"pb-0   mod_text  col-md-6 offset-md-3 pos_top\">\n                            <div class=\"textrepeater \" id=\"\">\n    <p>Vielfalt, Gleichberechtigung und Inklusion (DEI) sind wesentliche Elemente der iDiv-Philosophie. Daher strebt iDiv eine vielf\u00e4ltige, kooperative und inklusive iDiv-Gemeinschaft an, in der Menschen mit unterschiedlichen Hintergr\u00fcnden, Geschlechtern, Kulturen und pers\u00f6nlichen Umst\u00e4nden willkommen sind, sich entfalten k\u00f6nnen, unterst\u00fctzt, Wert gesch\u00e4tzt und zur Mitwirkung bef\u00e4higt werden. Der DEI-Ausschuss k\u00fcmmert sich um die Umsetzung dieser Ziele.<\/p>\n<p>Dar\u00fcber hinaus zielt der iDiv-Verhaltenskodex darauf ab, ethisches Verhalten und bew\u00e4hrte Praktiken zu f\u00f6rdern, um wissenschaftliches Fehlverhalten und jede Form von Mobbing, Bel\u00e4stigung oder Diskriminierung zu vermeiden. Er gilt f\u00fcr alle Mitglieder, Doktorandinnen und Doktoranden, wissenschaftlichen und nicht-wissenschaftlichen Mitarbeitenden, sowie G\u00e4ste von iDiv.<\/p>\n<\/div>\n                            <\/div>\n                                                                    <div class=\"pb-0   mod_link  col-md-12 offset-md-0 pos_tcenter\">\n                            <div class=\"btncf-block  tcenter\" id=\"\">\n            <a href=\"https:\/\/www.idiv.de\/wp-content\/uploads\/2024\/12\/iDiv-Code-of-Conduct-v4-v-7.9.2023.pdf\"\n           class=\"mr-24 btncf primary\"\n           target=\"_blank\">Code of Conduct (Englisch, PDF)                    <\/a>\n    <\/div>                            <\/div>\n                        <\/div>\n    <\/div>\n<\/div>\n\n<hr class=\"modulborder nm np\"><div class=\"textbildrepeater pb-24 pt-48 bg-lightgrey \" id=\"\">\n    <div class=\"container\">\n        <div class=\"row\">\n                                                                <div class=\"pb-0   mod_text  col-md-12 offset-md-0 pos_top\">\n                            <div class=\"textrepeater \" id=\"\">\n    <h2 style=\"text-align: center;\">Unterst\u00fctzungsma\u00dfnahmen<\/h2>\n<\/div>\n                            <\/div>\n                                                                    <div class=\"pb-24   mod_textheadlinebtn  col-md-4 offset-md-2 pos_top\">\n                            <div class=\"textrepeater \" id=\"\">\n\n\n    \n    <div class=\"contentrepeater\">\n        <p><strong>Schulungs- und Mentoring-Programme<\/strong> zur St\u00e4rkung aller Statusgruppen bei iDiv<\/p>\n<p>Unterst\u00fctzung unterrepr\u00e4sentierter Gruppen beim <strong>Zugang zu F\u00fchrungs- und Entscheidungspositionen<\/strong> innerhalb von iDiv<\/p>\n<p>Unterst\u00fctzung von <strong>Anti-Bias-Schulungen und -Ma\u00dfnahmen<\/strong> bei der Personalbeschaffung und wissenschaftlichen Bewertungen<\/p>\n<p>Das <strong><a href=\"https:\/\/www.idiv.de\/de\/zentrum\/support-fuer-forschende\/flexible-childcare\/\">flexible Kinderbetreuungsprogramm<\/a><\/strong> unterst\u00fctzt Mitarbeitende mit Betreuungsaufgaben und macht den Arbeitsplatz familienfreundlicher<\/p>\n    <\/div>\n\n\n    <\/div>\n                            <\/div>\n                                                                    <div class=\"pb-24   mod_textheadlinebtn  col-md-4 offset-md-0 pos_top\">\n                            <div class=\"textrepeater \" id=\"\">\n\n\n    \n    <div class=\"contentrepeater\">\n        <p>Der Fonds <a href=\"https:\/\/www.idiv.de\/de\/zentrum\/support-fuer-forschende\/female-career-service\/\"><strong>\u201eEarly-Career Women in Science\u201c<\/strong><\/a> finanziert Aktivit\u00e4ten, die die Chancengleichheit f\u00fcr Wissenschaftlerinnen am iDiv f\u00f6rdern.<\/p>\n<p>Organisation regelm\u00e4\u00dfiger <strong>Schulungen f\u00fcr \u201eaktives Eingreifen\u201c<\/strong><\/p>\n<p>Durchf\u00fchrung regelm\u00e4\u00dfiger <strong>Umfragen und Bewertungen<\/strong>, um L\u00fccken zu identifizieren, Fortschritte zu messen und weitere DEI-Ma\u00dfnahmen anzupassen oder zu initiieren<\/p>\n<p>Angebot von <strong>Programmen zu psychischer Gesundheit und Wohlbefinden<\/strong> im akademischen Bereich<\/p>\n<p>Sicherstellung eines <strong>gesunden Arbeitsumfelds<\/strong> bei iDiv<\/p>\n    <\/div>\n\n\n    <\/div>\n                            <\/div>\n                        <\/div>\n    <\/div>\n<\/div>\n\n<hr class=\"modulborder nm np\"><div class=\"textbildrepeater pb-24 pt-48 no-bg modulclass \" id=\"\">\n    <div class=\"container\">\n        <div class=\"row\">\n                                                                <div class=\"pb-0   mod_textheadlinebtn  col-md-4 offset-md-2 pos_top\">\n                            <div class=\"textrepeater \" id=\"\">\n\n\n    <h2 class=\"h2 \" >Organisation<\/h2>\n    <div class=\"contentrepeater\">\n        <p style=\"text-align: left;\"><strong>Der DEI-Ausschuss wird von zwei Co-Vorsitzenden geleitet und bildet eine Dachstruktur f\u00fcr vier Bereiche:<\/strong><\/p>\n<p style=\"text-align: left;\">1) Inklusion und Internationalisierung im globalen S\u00fcden,<\/p>\n<p style=\"text-align: left;\">2) Wissenschaftlerinnen bei iDiv,<\/p>\n<p style=\"text-align: left;\">3) psychische Gesundheit und<\/p>\n<p style=\"text-align: left;\">4) DEI-Ma\u00dfnahmen und -Monitoring.<\/p>\n    <\/div>\n\n\n    <\/div>\n                            <\/div>\n                                                                    <div class=\"pb-0   mod_textheadlinebtn  col-md-4 offset-md-0 pos_top\">\n                            <div class=\"textrepeater \" id=\"\">\n\n\n    <h2 class=\"h2 \" >Kontakt<\/h2>\n    <div class=\"contentrepeater\">\n        <p style=\"text-align: left;\"><strong>Sie erreichen das DEI-Komitee unter <a href=\"&#x6d;&#97;&#x69;&#108;t&#x6f;&#58;d&#x65;&#105;&#x2d;&#x63;o&#x6d;&#109;i&#x74;&#116;&#x65;&#x65;&#64;&#x69;&#100;i&#x76;&#46;d&#x65;\">&#100;&#x65;i&#45;&#x63;&#111;&#x6d;m&#105;&#x74;t&#x65;&#x65;&#64;&#x69;d&#105;&#x76;&#46;&#x64;&#x65;<\/a>.<\/strong><\/p>\n<p style=\"text-align: left;\">Falls iDiv-Mitarbeiterinnen und -Mitarbeiter spezifische Unterst\u00fctzung und Beratung ben\u00f6tigen oder im Falle von Diskriminierung, k\u00f6nnen sie sich zus\u00e4tzlich an die beiden <a href=\"https:\/\/www.idiv.de\/de\/zentrum\/support-fuer-forschende\/vertrauenspersonen\/\">Vertrauenspersonen<\/a> wenden.<\/p>\n    <\/div>\n\n\n    <\/div>\n                            <\/div>\n                        <\/div>\n    <\/div>\n<\/div>","protected":false},"excerpt":{"rendered":"","protected":false},"author":3,"featured_media":0,"parent":870,"menu_order":0,"comment_status":"closed","ping_status":"closed","template":"","meta":{"_acf_changed":false,"advgb_blocks_editor_width":"","advgb_blocks_columns_visual_guide":"","footnotes":"","_links_to":"","_links_to_target":""},"class_list":["post-36024","page","type-page","status-publish","hentry"],"acf":{"search_thumb":"","search_kurzbeschreibung":"","breadcrumb":false},"yoast_head":"<!-- This site is optimized with the Yoast SEO plugin v27.5 - https:\/\/yoast.com\/product\/yoast-seo-wordpress\/ -->\n<title>Vielfalt, Gleichberechtigung und Inklusion | iDiv<\/title>\n<meta name=\"robots\" content=\"index, follow, max-snippet:-1, max-image-preview:large, max-video-preview:-1\" \/>\n<link rel=\"canonical\" href=\"https:\/\/www.idiv.de\/de\/zentrum\/support-fuer-forschende\/dei\/\" \/>\n<meta property=\"og:locale\" content=\"de_DE\" \/>\n<meta property=\"og:type\" content=\"article\" \/>\n<meta property=\"og:title\" content=\"Vielfalt, Gleichberechtigung und Inklusion | iDiv\" \/>\n<meta property=\"og:url\" content=\"https:\/\/www.idiv.de\/de\/zentrum\/support-fuer-forschende\/dei\/\" \/>\n<meta property=\"og:site_name\" content=\"iDiv\" \/>\n<meta property=\"article:modified_time\" content=\"2025-10-08T13:34:53+00:00\" \/>\n<meta property=\"og:image\" content=\"https:\/\/www.idiv.de\/wp-content\/uploads\/2024\/11\/iDivSocialMediaShare.jpg\" \/>\n\t<meta property=\"og:image:width\" content=\"1200\" \/>\n\t<meta property=\"og:image:height\" content=\"675\" \/>\n\t<meta property=\"og:image:type\" content=\"image\/jpeg\" \/>\n<meta name=\"twitter:card\" content=\"summary_large_image\" \/>\n<meta name=\"twitter:site\" content=\"@idiv\" \/>\n<script type=\"application\/ld+json\" class=\"yoast-schema-graph\">{\"@context\":\"https:\\\/\\\/schema.org\",\"@graph\":[{\"@type\":\"WebPage\",\"@id\":\"https:\\\/\\\/www.idiv.de\\\/de\\\/zentrum\\\/support-fuer-forschende\\\/dei\\\/\",\"url\":\"https:\\\/\\\/www.idiv.de\\\/de\\\/zentrum\\\/support-fuer-forschende\\\/dei\\\/\",\"name\":\"Vielfalt, Gleichberechtigung und Inklusion | iDiv\",\"isPartOf\":{\"@id\":\"https:\\\/\\\/www.idiv.de\\\/de\\\/#website\"},\"datePublished\":\"2025-09-17T10:43:52+00:00\",\"dateModified\":\"2025-10-08T13:34:53+00:00\",\"breadcrumb\":{\"@id\":\"https:\\\/\\\/www.idiv.de\\\/de\\\/zentrum\\\/support-fuer-forschende\\\/dei\\\/#breadcrumb\"},\"inLanguage\":\"de\",\"potentialAction\":[{\"@type\":\"ReadAction\",\"target\":[\"https:\\\/\\\/www.idiv.de\\\/de\\\/zentrum\\\/support-fuer-forschende\\\/dei\\\/\"]}]},{\"@type\":\"BreadcrumbList\",\"@id\":\"https:\\\/\\\/www.idiv.de\\\/de\\\/zentrum\\\/support-fuer-forschende\\\/dei\\\/#breadcrumb\",\"itemListElement\":[{\"@type\":\"ListItem\",\"position\":1,\"name\":\"Startseite\",\"item\":\"https:\\\/\\\/www.idiv.de\\\/de\\\/\"},{\"@type\":\"ListItem\",\"position\":2,\"name\":\"Zentrum\",\"item\":\"https:\\\/\\\/www.idiv.de\\\/de\\\/zentrum\\\/\"},{\"@type\":\"ListItem\",\"position\":3,\"name\":\"Support f\u00fcr Forschende\",\"item\":\"https:\\\/\\\/www.idiv.de\\\/de\\\/zentrum\\\/support-fuer-forschende\\\/\"},{\"@type\":\"ListItem\",\"position\":4,\"name\":\"Vielfalt, Gleichberechtigung und Inklusion\"}]},{\"@type\":\"WebSite\",\"@id\":\"https:\\\/\\\/www.idiv.de\\\/de\\\/#website\",\"url\":\"https:\\\/\\\/www.idiv.de\\\/de\\\/\",\"name\":\"iDiv\",\"description\":\"Hotspot in Biodiversity Research\",\"publisher\":{\"@id\":\"https:\\\/\\\/www.idiv.de\\\/de\\\/#organization\"},\"potentialAction\":[{\"@type\":\"SearchAction\",\"target\":{\"@type\":\"EntryPoint\",\"urlTemplate\":\"https:\\\/\\\/www.idiv.de\\\/de\\\/?s={search_term_string}\"},\"query-input\":{\"@type\":\"PropertyValueSpecification\",\"valueRequired\":true,\"valueName\":\"search_term_string\"}}],\"inLanguage\":\"de\"},{\"@type\":\"Organization\",\"@id\":\"https:\\\/\\\/www.idiv.de\\\/de\\\/#organization\",\"name\":\"idiv\",\"url\":\"https:\\\/\\\/www.idiv.de\\\/de\\\/\",\"logo\":{\"@type\":\"ImageObject\",\"inLanguage\":\"de\",\"@id\":\"https:\\\/\\\/www.idiv.de\\\/de\\\/#\\\/schema\\\/logo\\\/image\\\/\",\"url\":\"https:\\\/\\\/www.idiv.de\\\/wp-content\\\/uploads\\\/2024\\\/08\\\/iDiv_Logo_long_v1_EN_black_4c.jpg\",\"contentUrl\":\"https:\\\/\\\/www.idiv.de\\\/wp-content\\\/uploads\\\/2024\\\/08\\\/iDiv_Logo_long_v1_EN_black_4c.jpg\",\"width\":2448,\"height\":674,\"caption\":\"idiv\"},\"image\":{\"@id\":\"https:\\\/\\\/www.idiv.de\\\/de\\\/#\\\/schema\\\/logo\\\/image\\\/\"},\"sameAs\":[\"https:\\\/\\\/x.com\\\/idiv\",\"https:\\\/\\\/www.linkedin.com\\\/company\\\/idiv-biodiversity\\\/\",\"https:\\\/\\\/www.youtube.com\\\/idiv-research\"]}]}<\/script>\n<!-- \/ Yoast SEO plugin. -->","yoast_head_json":{"title":"Vielfalt, Gleichberechtigung und Inklusion | iDiv","robots":{"index":"index","follow":"follow","max-snippet":"max-snippet:-1","max-image-preview":"max-image-preview:large","max-video-preview":"max-video-preview:-1"},"canonical":"https:\/\/www.idiv.de\/de\/zentrum\/support-fuer-forschende\/dei\/","og_locale":"de_DE","og_type":"article","og_title":"Vielfalt, Gleichberechtigung und Inklusion | iDiv","og_url":"https:\/\/www.idiv.de\/de\/zentrum\/support-fuer-forschende\/dei\/","og_site_name":"iDiv","article_modified_time":"2025-10-08T13:34:53+00:00","og_image":[{"width":1200,"height":675,"url":"https:\/\/www.idiv.de\/wp-content\/uploads\/2024\/11\/iDivSocialMediaShare.jpg","type":"image\/jpeg"}],"twitter_card":"summary_large_image","twitter_site":"@idiv","schema":{"@context":"https:\/\/schema.org","@graph":[{"@type":"WebPage","@id":"https:\/\/www.idiv.de\/de\/zentrum\/support-fuer-forschende\/dei\/","url":"https:\/\/www.idiv.de\/de\/zentrum\/support-fuer-forschende\/dei\/","name":"Vielfalt, Gleichberechtigung und Inklusion | iDiv","isPartOf":{"@id":"https:\/\/www.idiv.de\/de\/#website"},"datePublished":"2025-09-17T10:43:52+00:00","dateModified":"2025-10-08T13:34:53+00:00","breadcrumb":{"@id":"https:\/\/www.idiv.de\/de\/zentrum\/support-fuer-forschende\/dei\/#breadcrumb"},"inLanguage":"de","potentialAction":[{"@type":"ReadAction","target":["https:\/\/www.idiv.de\/de\/zentrum\/support-fuer-forschende\/dei\/"]}]},{"@type":"BreadcrumbList","@id":"https:\/\/www.idiv.de\/de\/zentrum\/support-fuer-forschende\/dei\/#breadcrumb","itemListElement":[{"@type":"ListItem","position":1,"name":"Startseite","item":"https:\/\/www.idiv.de\/de\/"},{"@type":"ListItem","position":2,"name":"Zentrum","item":"https:\/\/www.idiv.de\/de\/zentrum\/"},{"@type":"ListItem","position":3,"name":"Support f\u00fcr Forschende","item":"https:\/\/www.idiv.de\/de\/zentrum\/support-fuer-forschende\/"},{"@type":"ListItem","position":4,"name":"Vielfalt, Gleichberechtigung und Inklusion"}]},{"@type":"WebSite","@id":"https:\/\/www.idiv.de\/de\/#website","url":"https:\/\/www.idiv.de\/de\/","name":"iDiv","description":"Hotspot in Biodiversity Research","publisher":{"@id":"https:\/\/www.idiv.de\/de\/#organization"},"potentialAction":[{"@type":"SearchAction","target":{"@type":"EntryPoint","urlTemplate":"https:\/\/www.idiv.de\/de\/?s={search_term_string}"},"query-input":{"@type":"PropertyValueSpecification","valueRequired":true,"valueName":"search_term_string"}}],"inLanguage":"de"},{"@type":"Organization","@id":"https:\/\/www.idiv.de\/de\/#organization","name":"idiv","url":"https:\/\/www.idiv.de\/de\/","logo":{"@type":"ImageObject","inLanguage":"de","@id":"https:\/\/www.idiv.de\/de\/#\/schema\/logo\/image\/","url":"https:\/\/www.idiv.de\/wp-content\/uploads\/2024\/08\/iDiv_Logo_long_v1_EN_black_4c.jpg","contentUrl":"https:\/\/www.idiv.de\/wp-content\/uploads\/2024\/08\/iDiv_Logo_long_v1_EN_black_4c.jpg","width":2448,"height":674,"caption":"idiv"},"image":{"@id":"https:\/\/www.idiv.de\/de\/#\/schema\/logo\/image\/"},"sameAs":["https:\/\/x.com\/idiv","https:\/\/www.linkedin.com\/company\/idiv-biodiversity\/","https:\/\/www.youtube.com\/idiv-research"]}]}},"coauthors":[],"author_meta":{"author_link":"https:\/\/www.idiv.de\/de\/author\/stefan\/","display_name":"Stefan Bernhardt"},"relative_dates":{"created":"Ver\u00f6ffentlicht 8\u00a0Monaten vor","modified":"Aktualisiert 7\u00a0Monaten vor"},"absolute_dates":{"created":"Ver\u00f6ffentlicht am 17. September 2025","modified":"Aktualisiert am 8. Oktober 2025"},"absolute_dates_time":{"created":"Ver\u00f6ffentlicht am 17. September 2025 12:43","modified":"Aktualisiert am 8. Oktober 2025 14:34"},"featured_img_caption":"","featured_img":false,"series_order":"","_links":{"self":[{"href":"https:\/\/www.idiv.de\/de\/wp-json\/wp\/v2\/pages\/36024","targetHints":{"allow":["GET"]}}],"collection":[{"href":"https:\/\/www.idiv.de\/de\/wp-json\/wp\/v2\/pages"}],"about":[{"href":"https:\/\/www.idiv.de\/de\/wp-json\/wp\/v2\/types\/page"}],"author":[{"embeddable":true,"href":"https:\/\/www.idiv.de\/de\/wp-json\/wp\/v2\/users\/3"}],"replies":[{"embeddable":true,"href":"https:\/\/www.idiv.de\/de\/wp-json\/wp\/v2\/comments?post=36024"}],"version-history":[{"count":3,"href":"https:\/\/www.idiv.de\/de\/wp-json\/wp\/v2\/pages\/36024\/revisions"}],"predecessor-version":[{"id":36030,"href":"https:\/\/www.idiv.de\/de\/wp-json\/wp\/v2\/pages\/36024\/revisions\/36030"}],"up":[{"embeddable":true,"href":"https:\/\/www.idiv.de\/de\/wp-json\/wp\/v2\/pages\/870"}],"wp:attachment":[{"href":"https:\/\/www.idiv.de\/de\/wp-json\/wp\/v2\/media?parent=36024"}],"curies":[{"name":"wp","href":"https:\/\/api.w.org\/{rel}","templated":true}]}}