{"id":3213,"date":"2024-07-18T09:37:22","date_gmt":"2024-07-18T08:37:22","guid":{"rendered":"https:\/\/www.idiv.de\/zentrum\/services-fuer-forschende\/welcome-centre\/"},"modified":"2025-05-28T15:22:57","modified_gmt":"2025-05-28T14:22:57","slug":"welcome-centre","status":"publish","type":"page","link":"https:\/\/www.idiv.de\/de\/zentrum\/support-fuer-forschende\/welcome-centre\/","title":{"rendered":"Welcome Centre"},"content":{"rendered":"<div class=\"herosection pb-24 pt-0 no-bg modulclass \" id=\"\">\n                    <div class=\"swiper1noslider  nooverflow swiper thinslider\" id=\"slide_69f239a12fa2f\">\n        \n                <div class=\"swiper-wrapper\">\n                                            <div class=\"swiper-slide  style_ \" aria-hidden=\"true\" >\n                            <div class=\"backstretchwrap\">\n                        \n                            <div datasrc=\"https:\/\/www.idiv.de\/wp-content\/uploads\/2024\/07\/iDiv-Getreide-mit-Mohn-0822-OThier-e1728990507220.jpg\" class=\"backstretchimg responsiv desktop\"><\/div>\n\n                            <a href=\"#\" class=\"cr\"><svg  xmlns=\"http:\/\/www.w3.org\/2000\/svg\" width=\"22\" height=\"22\" viewBox=\"0 0 22 22\">\n                                    <rect id=\"BG\" width=\"22\" height=\"22\" rx=\"11\" fill=\"#fff\"\/>\n                                    <g id=\"Wrapper\" transform=\"translate(-1 -1)\">\n                                        <g id=\"Icon_material-copyright\" data-name=\"Icon material-copyright\">\n                                            <circle id=\"Ellipse_30\" data-name=\"Ellipse 30\" cx=\"8\" cy=\"8\" r=\"8\" transform=\"translate(4 4)\" fill=\"#fff\"\/>\n                                            <path id=\"Icon_material-copyright-2\" data-name=\"Icon material-copyright\" d=\"M9.464,10.088a2.045,2.045,0,0,1,.24-.7,1.4,1.4,0,0,1,.472-.5,1.42,1.42,0,0,1,.728-.184,1.45,1.45,0,0,1,.5.1,1.29,1.29,0,0,1,.416.288,1.54,1.54,0,0,1,.272.424,1.4,1.4,0,0,1,.112.512H13.64a2.864,2.864,0,0,0-.224-1.032,2.4,2.4,0,0,0-.56-.808,2.613,2.613,0,0,0-.864-.528,3.09,3.09,0,0,0-1.112-.184,3.127,3.127,0,0,0-1.36.272,2.751,2.751,0,0,0-.96.736,3.007,3.007,0,0,0-.568,1.088A4.685,4.685,0,0,0,7.8,10.9v.216a4.684,4.684,0,0,0,.184,1.312,2.908,2.908,0,0,0,.568,1.08,2.731,2.731,0,0,0,.96.728,3.246,3.246,0,0,0,1.36.272,3.051,3.051,0,0,0,1.056-.184,2.729,2.729,0,0,0,.864-.5,2.442,2.442,0,0,0,.592-.752,2.153,2.153,0,0,0,.24-.92H12.192a1.139,1.139,0,0,1-.12.464,1.177,1.177,0,0,1-.288.368,1.26,1.26,0,0,1-.416.24,1.589,1.589,0,0,1-.48.08,1.359,1.359,0,0,1-.712-.184,1.4,1.4,0,0,1-.472-.5,2.09,2.09,0,0,1-.24-.7,5.392,5.392,0,0,1-.064-.8V10.9a5.33,5.33,0,0,1,.064-.808ZM11,3a8,8,0,1,0,8,8A8,8,0,0,0,11,3Zm0,14.4A6.4,6.4,0,1,1,17.4,11,6.408,6.408,0,0,1,11,17.4Z\" transform=\"translate(1 1)\" fill=\"#4d4d4d\"\/>\n                                        <\/g>\n                                    <\/g>\n                                <\/svg>\n                                <span>Oliver Thier<\/span><\/a>                        \n                                                    <\/div>\n                                        <div class=\"sliderinhalt \" role=\"region\" aria-label=\"carousel\">\n\n                                            <h1 class=\"h1 align-left\" >Welcome Centre<\/h1>                                                    <p>Das Welcome Centre ist Teil der Personalabteilung bei iDiv und ist die Anlaufstelle f\u00fcr internationale Besch\u00e4ftigte und G\u00e4ste. Es unterst\u00fctzt beim Umzug nach Deutschland, beim Einleben vor Ort und dar\u00fcber hinaus. Au\u00dferdem bietet es den gastgebenden Forschenden und Gruppen bei iDiv Unterst\u00fctzung bei den notwendigen Formalit\u00e4ten zur Einstellung internationaler Besch\u00e4ftigte und bei der Einladung internationaler G\u00e4ste.<\/p>\n                                                \n                                                                                                            <\/div>\n                                            <\/div>\n\n                        \n                 <\/div>\n\n                              <\/div>\n<\/div>\n\n<div class=\"textbildrepeater pb-0 pt-0 no-bg modulclass \" id=\"\">\n    <div class=\"container\">\n        <div class=\"row\">\n                                                                <div class=\"pb-24   mod_textheadlinebtn  col-md-5 offset-md-2 pos_top\">\n                            <div class=\"textrepeater \" id=\"\">\n\n\n    <p class=\"h3 \" >Kontakt<\/p>\n    <div class=\"contentrepeater\">\n        <p>Wenn Sie als internationale Forschende oder internationaler Forschender w\u00e4hrend der Vorbereitung Ihres Arbeits- oder Gastaufenthaltes am iDiv Unterst\u00fctzung ben\u00f6tigen, kontaktieren Sie gern unser Welcome Centre \u00fcber das Kontaktformular. So k\u00f6nnen wir unsere Beratung Ihren konkreten Bed\u00fcrfnissen anpassen.<\/p>\n<p>Bitte senden Sie Ihr ausgef\u00fclltes Kontaktformular an <a href=\"mailto:w&#101;&#108;&#99;&#111;&#109;&#101;&#64;&#105;&#100;&#105;&#x76;&#x2e;&#x64;&#x65;\">we&#108;&#99;&#111;&#x6d;&#x65;&#x40;&#x69;di&#118;&#46;&#100;&#x65;<\/a>.<\/p>\n    <\/div>\n\n\n    <\/div>\n                            <\/div>\n                                                                    <div class=\"pb-24   mod_textheadlinebtn  col-md-4 offset-md-1 pos_mittig\">\n                            <div class=\"textrepeater \" id=\"\">\n\n\n    \n    <div class=\"contentrepeater\">\n            <\/div>\n\n\n        <div class=\"btncf-block  tcenter\">\n        <a href=\"https:\/\/www.idiv.de\/wp-content\/uploads\/2024\/07\/WelcomeCentre-Contact-2022-23063001.pdf\" class=\"mr-24 btncf primary\" target=\"_blank\" aria-label=\"open in new tab\" type=\"button\">Kontaktformular (PDF)                    <\/a>\n    <\/div>\n    <\/div>\n                            <\/div>\n                        <\/div>\n    <\/div>\n<\/div>\n\n<div class=\"textbildrepeater pb-24 pt-0 no-bg modulclass \" id=\"\">\n    <div class=\"container\">\n        <div class=\"row\">\n                    <\/div>\n    <\/div>\n<\/div>\n\n\n\n\n<div class=\"faq pb-24 pt-0 no-bg modulclass  block\" id=\"\">\n    \n        <div class=\"container\">\n        <div class=\"row\">\n                        <div class=\"col-md-8 offset-md-2 npl nmr npr\">\n\n                                <div class=\"accordeon\">\n                                                    <div class=\"accordeonitem\">\n                                    <div class=\"accordionHeadline h3 pb-24 mt-0  \">\n                                        Dienstleistungen                                        <svg xmlns=\"http:\/\/www.w3.org\/2000\/svg\" width=\"20.243\" height=\"11.621\" viewBox=\"0 0 20.243 11.621\">\n                                            <path id=\"Icon_feather-chevron-right\" data-name=\"Icon feather-chevron-right\" d=\"M0,16,8,8,0,0\" transform=\"translate(18.121 2.121) rotate(90)\" fill=\"none\" stroke=\"#4d4d4d\" stroke-linecap=\"round\" stroke-linejoin=\"round\" stroke-width=\"3\"\/>\n                                        <\/svg>\n                                    <\/div>\n                                    <div class=\"accordionContent\" style=\"display: none\">\n                                        <p>Unterst\u00fctzung bei:<\/p>\n<ul>\n<li>Beantragung von Visa\/Aufenthaltstiteln<\/li>\n<li>An- und Abmeldung in Leipzig<\/li>\n<li>Krankenversicherung<\/li>\n<li>Beh\u00f6rdenterminen, z.B. Ausl\u00e4nderbeh\u00f6rde und B\u00fcrgerb\u00fcro<\/li>\n<li>Familienangelegenheiten (Beantragung von Elterngeld und Kindergeld; Kinderbetreuung und Schule)<\/li>\n<li>Informationen zu Wohnungen und kurzfristigen Unterk\u00fcnften in Leipzig<\/li>\n<li>Deutschkurse am iDiv<\/li>\n<li>\u2026<\/li>\n<\/ul>\n\n                                    <\/div>\n                                <\/div>\n                                                    <div class=\"accordeonitem\">\n                                    <div class=\"accordionHeadline h3 pb-24 mt-0  \">\n                                        Ausl\u00e4nderbeh\u00f6rden                                        <svg xmlns=\"http:\/\/www.w3.org\/2000\/svg\" width=\"20.243\" height=\"11.621\" viewBox=\"0 0 20.243 11.621\">\n                                            <path id=\"Icon_feather-chevron-right\" data-name=\"Icon feather-chevron-right\" d=\"M0,16,8,8,0,0\" transform=\"translate(18.121 2.121) rotate(90)\" fill=\"none\" stroke=\"#4d4d4d\" stroke-linecap=\"round\" stroke-linejoin=\"round\" stroke-width=\"3\"\/>\n                                        <\/svg>\n                                    <\/div>\n                                    <div class=\"accordionContent\" style=\"display: none\">\n                                        <ul>\n<li><a title=\"Opens external link in new window\" href=\"https:\/\/www.leipzig.de\/jugend-familie-und-soziales\/auslaender-und-migranten\/auslaender-und-staatsangehoerigkeitsrecht-auslaenderbehoerde\" target=\"_blank\" aria-label=\"open in new tab\" rel=\"noopener\">Ausl\u00e4nderbeh\u00f6rde in Leipzig<\/a><\/li>\n<li><a href=\"https:\/\/halle.de\/verwaltung-stadtrat\/stadtverwaltung\/verwaltungsorganisation\/oe-information\/abteilung-einreise-und-aufenthalt\/349620478\" target=\"_blank\" aria-label=\"open in new tab\" rel=\"noopener\">Ausl\u00e4nderbeh\u00f6rde in Halle<\/a><\/li>\n<li><a href=\"https:\/\/service.jena.de\/de\/aufenthaltserlaubnis-beschaeftigung\" target=\"_blank\" aria-label=\"open in new tab\" rel=\"noopener\">Ausl\u00e4nderbeh\u00f6rde in Jena<\/a><\/li>\n<\/ul>\n\n                                    <\/div>\n                                <\/div>\n                                                    <div class=\"accordeonitem\">\n                                    <div class=\"accordionHeadline h3 pb-24 mt-0  \">\n                                        Downloads und hilfreiche Links                                        <svg xmlns=\"http:\/\/www.w3.org\/2000\/svg\" width=\"20.243\" height=\"11.621\" viewBox=\"0 0 20.243 11.621\">\n                                            <path id=\"Icon_feather-chevron-right\" data-name=\"Icon feather-chevron-right\" d=\"M0,16,8,8,0,0\" transform=\"translate(18.121 2.121) rotate(90)\" fill=\"none\" stroke=\"#4d4d4d\" stroke-linecap=\"round\" stroke-linejoin=\"round\" stroke-width=\"3\"\/>\n                                        <\/svg>\n                                    <\/div>\n                                    <div class=\"accordionContent\" style=\"display: none\">\n                                        <ul>\n<li><a title=\"Opens external link in new window\" href=\"https:\/\/www.uni-leipzig.de\/fileadmin\/ul\/Dokumente\/SI_Willkommen-in-Leipzig-A-Z.pdf\" target=\"_blank\" aria-label=\"open in new tab\" rel=\"noopener\">Willkommen in Leipzig A-Z<\/a><\/li>\n<li><a title=\"Opens external link in new window\" href=\"https:\/\/www.uni-leipzig.de\/fileadmin\/ul\/Dokumente\/240301_SI_Erste_Schritte_in_Leipzig.pdf\" target=\"_blank\" aria-label=\"open in new tab\" rel=\"noopener\">Erste Schritte in Leipzig<\/a><\/li>\n<li><a href=\"https:\/\/www.international.uni-halle.de\/international_office\/promovierende\/internationale_promovierende\/2570015_2980480\/phd_network\/phd_network\/?lang=de\" target=\"_blank\" aria-label=\"open in new tab\" rel=\"noopener\">Erste Schritte in Halle<\/a><\/li>\n<li><a href=\"https:\/\/www.uni-jena.de\/willkommen\" target=\"_blank\" aria-label=\"open in new tab\" rel=\"noopener\">Erste Schritte in Jena<\/a><\/li>\n<li><a title=\"Opens external link in new window\" href=\"https:\/\/www.uni-leipzig.de\/fileadmin\/ul\/Dokumente\/SI_Einstellung-ausl%C3%A4ndisches-Personal-%C3%B6ffentlicher-Dienst.pdf\" target=\"_blank\" aria-label=\"open in new tab\" rel=\"noopener\">Leitfaden f\u00fcr die Einstellung im \u00f6ffentlichen Dienst<\/a>\u00a0(nur f\u00fcr Uni Leipzig)<\/li>\n<li><a href=\"https:\/\/www.findyourpension.eu\/\" target=\"_blank\" aria-label=\"open in new tab\" rel=\"noopener\">https:\/\/www.findyourpension.eu\/<\/a><\/li>\n<li><a href=\"https:\/\/intranet.idiv.de\/en\/groups-people\/support-and-service-units.html#slide20414\" target=\"_blank\" aria-label=\"open in new tab\" rel=\"noopener\">Intranet Welcome Centre<\/a> (iDiv-Login notwendig)<\/li>\n<li><a href=\"https:\/\/intranet.idiv.de\/en\/how-to\/welcome-centre-faq.html\" target=\"_blank\" aria-label=\"open in new tab\" rel=\"noopener\">FAQs Welcome Centre<\/a> (iDiv-Login notwendig)<\/li>\n<li><a href=\"https:\/\/intranet.idiv.de\/en\/how-to\/hiring-internationals.html\" target=\"_blank\" aria-label=\"open in new tab\" rel=\"noopener\">Guides for Internationals<\/a> (iDiv-Login notwendig)<\/li>\n<li><a href=\"https:\/\/intranet.idiv.de\/en\/how-to\/german-classes.html\" target=\"_blank\" aria-label=\"open in new tab\" rel=\"noopener\">iDiv German classes<\/a> (iDiv-Login notwendig)<\/li>\n<\/ul>\n\n                                    <\/div>\n                                <\/div>\n                                                    <div class=\"accordeonitem\">\n                                    <div class=\"accordionHeadline h3 pb-24 mt-0  \">\n                                        \u201eWelcome to Leipzig\u201c                                        <svg xmlns=\"http:\/\/www.w3.org\/2000\/svg\" width=\"20.243\" height=\"11.621\" viewBox=\"0 0 20.243 11.621\">\n                                            <path id=\"Icon_feather-chevron-right\" data-name=\"Icon feather-chevron-right\" d=\"M0,16,8,8,0,0\" transform=\"translate(18.121 2.121) rotate(90)\" fill=\"none\" stroke=\"#4d4d4d\" stroke-linecap=\"round\" stroke-linejoin=\"round\" stroke-width=\"3\"\/>\n                                        <\/svg>\n                                    <\/div>\n                                    <div class=\"accordionContent\" style=\"display: none\">\n                                        <p>iDiv ist als Forschungszentrum am Projekt <a class=\"external-link-new-window\" title=\"Opens internal link in current window\" href=\"https:\/\/welcome-to-leipzig.de\/\" target=\"_blank\" aria-label=\"open in new tab\" rel=\"noopener\">Welcome to Leipzig<\/a>\u00a0der Universit\u00e4t Leipzig und der Stadt Leipzig beteiligt.<\/p>\n<p>Ziel des Projektes ist eine Verbesserung der Willkommensstruktur f\u00fcr internationale Gastforschende und hochqualifizierte Fachkr\u00e4fte aus dem Ausland und eine Vereinfachung des Ankommens und Einlebens vor Ort.<\/p>\n\n                                    <\/div>\n                                <\/div>\n                                    <\/div>\n                \n            <\/div>\n        <\/div>\n    <\/div>\n<\/div>\n\n\n<div class=\"textbildrepeater pb-24 pt-24 no-bg modulclass \" id=\"\">\n    <div class=\"container\">\n        <div class=\"row\">\n                                                                <div class=\"pb-24   mod_text  col-md-5 offset-md-2 pos_unten\">\n                            <div class=\"textrepeater \" id=\"\">\n    <p>iDiv ist ein Contact Point des\u00a0<a href=\"https:\/\/www.euraxess.de\/\" target=\"_blank\" aria-label=\"open in new tab\" rel=\"noopener\">EURAXESS<\/a>-Netzwerks f\u00fcr mobile Forschende. Das EURAXESS-Portal bietet Informationen und Hilfestellungen f\u00fcr mobile Forschende und enth\u00e4lt praktische Informationen zum Berufs- und Alltagsleben in Deutschland sowie Informationen zu Arbeits- und F\u00f6rderm\u00f6glichkeiten. Die EURAXESS-Initiative ist ein europaweites Netzwerk und EURAXESS Deutschland bietet eine Netzwerkplattform f\u00fcr Forschungsberatende in Deutschland.<\/p>\n<\/div>\n                            <\/div>\n                                                                    <div class=\"pb-24   mod_bild  col-md-3 offset-md-0 pos_unten\">\n                            <div class=\"bildrepeater \" id=\"\">\n    <div class=\"relativ\"><img decoding=\"async\" class=\"responsiv desktop\" src=\"https:\/\/www.idiv.de\/wp-content\/uploads\/2024\/07\/Logo-EURAXESS.jpg\" height=\"\" width=\"\" alt=\"idiv-Logo of EURAXESS\"\/><img decoding=\"async\" class=\"responsiv mobile\" src=\"https:\/\/www.idiv.de\/wp-content\/uploads\/2024\/07\/Logo-EURAXESS.jpg\" height=\"\" width=\"\" alt=\"idiv-Logo of EURAXESS\"\/><\/div><\/div>\n                            <\/div>\n                        <\/div>\n    <\/div>\n<\/div>","protected":false},"excerpt":{"rendered":"","protected":false},"author":3,"featured_media":0,"parent":870,"menu_order":0,"comment_status":"closed","ping_status":"closed","template":"","meta":{"_acf_changed":false,"advgb_blocks_editor_width":"","advgb_blocks_columns_visual_guide":"","footnotes":"","_links_to":"","_links_to_target":""},"class_list":["post-3213","page","type-page","status-publish","hentry"],"acf":{"search_thumb":"","search_kurzbeschreibung":"","breadcrumb":false},"yoast_head":"<!-- This site is optimized with the Yoast SEO plugin v27.5 - https:\/\/yoast.com\/product\/yoast-seo-wordpress\/ -->\n<title>Welcome Centre | iDiv<\/title>\n<meta name=\"robots\" content=\"index, follow, max-snippet:-1, max-image-preview:large, max-video-preview:-1\" \/>\n<link rel=\"canonical\" href=\"https:\/\/www.idiv.de\/de\/zentrum\/support-fuer-forschende\/welcome-centre\/\" \/>\n<meta property=\"og:locale\" content=\"de_DE\" \/>\n<meta property=\"og:type\" content=\"article\" \/>\n<meta property=\"og:title\" content=\"Welcome Centre | iDiv\" \/>\n<meta property=\"og:url\" content=\"https:\/\/www.idiv.de\/de\/zentrum\/support-fuer-forschende\/welcome-centre\/\" \/>\n<meta property=\"og:site_name\" content=\"iDiv\" \/>\n<meta property=\"article:modified_time\" content=\"2025-05-28T14:22:57+00:00\" \/>\n<meta property=\"og:image\" content=\"https:\/\/www.idiv.de\/wp-content\/uploads\/2024\/11\/iDivSocialMediaShare.jpg\" \/>\n\t<meta property=\"og:image:width\" content=\"1200\" \/>\n\t<meta property=\"og:image:height\" content=\"675\" \/>\n\t<meta property=\"og:image:type\" content=\"image\/jpeg\" \/>\n<meta name=\"twitter:card\" content=\"summary_large_image\" \/>\n<meta name=\"twitter:site\" content=\"@idiv\" \/>\n<script type=\"application\/ld+json\" class=\"yoast-schema-graph\">{\"@context\":\"https:\\\/\\\/schema.org\",\"@graph\":[{\"@type\":\"WebPage\",\"@id\":\"https:\\\/\\\/www.idiv.de\\\/de\\\/zentrum\\\/support-fuer-forschende\\\/welcome-centre\\\/\",\"url\":\"https:\\\/\\\/www.idiv.de\\\/de\\\/zentrum\\\/support-fuer-forschende\\\/welcome-centre\\\/\",\"name\":\"Welcome Centre | iDiv\",\"isPartOf\":{\"@id\":\"https:\\\/\\\/www.idiv.de\\\/de\\\/#website\"},\"datePublished\":\"2024-07-18T08:37:22+00:00\",\"dateModified\":\"2025-05-28T14:22:57+00:00\",\"breadcrumb\":{\"@id\":\"https:\\\/\\\/www.idiv.de\\\/de\\\/zentrum\\\/support-fuer-forschende\\\/welcome-centre\\\/#breadcrumb\"},\"inLanguage\":\"de\",\"potentialAction\":[{\"@type\":\"ReadAction\",\"target\":[\"https:\\\/\\\/www.idiv.de\\\/de\\\/zentrum\\\/support-fuer-forschende\\\/welcome-centre\\\/\"]}]},{\"@type\":\"BreadcrumbList\",\"@id\":\"https:\\\/\\\/www.idiv.de\\\/de\\\/zentrum\\\/support-fuer-forschende\\\/welcome-centre\\\/#breadcrumb\",\"itemListElement\":[{\"@type\":\"ListItem\",\"position\":1,\"name\":\"Startseite\",\"item\":\"https:\\\/\\\/www.idiv.de\\\/de\\\/\"},{\"@type\":\"ListItem\",\"position\":2,\"name\":\"Zentrum\",\"item\":\"https:\\\/\\\/www.idiv.de\\\/de\\\/zentrum\\\/\"},{\"@type\":\"ListItem\",\"position\":3,\"name\":\"Support f\u00fcr Forschende\",\"item\":\"https:\\\/\\\/www.idiv.de\\\/de\\\/zentrum\\\/support-fuer-forschende\\\/\"},{\"@type\":\"ListItem\",\"position\":4,\"name\":\"Welcome Centre\"}]},{\"@type\":\"WebSite\",\"@id\":\"https:\\\/\\\/www.idiv.de\\\/de\\\/#website\",\"url\":\"https:\\\/\\\/www.idiv.de\\\/de\\\/\",\"name\":\"iDiv\",\"description\":\"Hotspot in Biodiversity Research\",\"publisher\":{\"@id\":\"https:\\\/\\\/www.idiv.de\\\/de\\\/#organization\"},\"potentialAction\":[{\"@type\":\"SearchAction\",\"target\":{\"@type\":\"EntryPoint\",\"urlTemplate\":\"https:\\\/\\\/www.idiv.de\\\/de\\\/?s={search_term_string}\"},\"query-input\":{\"@type\":\"PropertyValueSpecification\",\"valueRequired\":true,\"valueName\":\"search_term_string\"}}],\"inLanguage\":\"de\"},{\"@type\":\"Organization\",\"@id\":\"https:\\\/\\\/www.idiv.de\\\/de\\\/#organization\",\"name\":\"idiv\",\"url\":\"https:\\\/\\\/www.idiv.de\\\/de\\\/\",\"logo\":{\"@type\":\"ImageObject\",\"inLanguage\":\"de\",\"@id\":\"https:\\\/\\\/www.idiv.de\\\/de\\\/#\\\/schema\\\/logo\\\/image\\\/\",\"url\":\"https:\\\/\\\/www.idiv.de\\\/wp-content\\\/uploads\\\/2024\\\/08\\\/iDiv_Logo_long_v1_EN_black_4c.jpg\",\"contentUrl\":\"https:\\\/\\\/www.idiv.de\\\/wp-content\\\/uploads\\\/2024\\\/08\\\/iDiv_Logo_long_v1_EN_black_4c.jpg\",\"width\":2448,\"height\":674,\"caption\":\"idiv\"},\"image\":{\"@id\":\"https:\\\/\\\/www.idiv.de\\\/de\\\/#\\\/schema\\\/logo\\\/image\\\/\"},\"sameAs\":[\"https:\\\/\\\/x.com\\\/idiv\",\"https:\\\/\\\/www.linkedin.com\\\/company\\\/idiv-biodiversity\\\/\",\"https:\\\/\\\/www.youtube.com\\\/idiv-research\"]}]}<\/script>\n<!-- \/ Yoast SEO plugin. -->","yoast_head_json":{"title":"Welcome Centre | iDiv","robots":{"index":"index","follow":"follow","max-snippet":"max-snippet:-1","max-image-preview":"max-image-preview:large","max-video-preview":"max-video-preview:-1"},"canonical":"https:\/\/www.idiv.de\/de\/zentrum\/support-fuer-forschende\/welcome-centre\/","og_locale":"de_DE","og_type":"article","og_title":"Welcome Centre | iDiv","og_url":"https:\/\/www.idiv.de\/de\/zentrum\/support-fuer-forschende\/welcome-centre\/","og_site_name":"iDiv","article_modified_time":"2025-05-28T14:22:57+00:00","og_image":[{"width":1200,"height":675,"url":"https:\/\/www.idiv.de\/wp-content\/uploads\/2024\/11\/iDivSocialMediaShare.jpg","type":"image\/jpeg"}],"twitter_card":"summary_large_image","twitter_site":"@idiv","schema":{"@context":"https:\/\/schema.org","@graph":[{"@type":"WebPage","@id":"https:\/\/www.idiv.de\/de\/zentrum\/support-fuer-forschende\/welcome-centre\/","url":"https:\/\/www.idiv.de\/de\/zentrum\/support-fuer-forschende\/welcome-centre\/","name":"Welcome Centre | iDiv","isPartOf":{"@id":"https:\/\/www.idiv.de\/de\/#website"},"datePublished":"2024-07-18T08:37:22+00:00","dateModified":"2025-05-28T14:22:57+00:00","breadcrumb":{"@id":"https:\/\/www.idiv.de\/de\/zentrum\/support-fuer-forschende\/welcome-centre\/#breadcrumb"},"inLanguage":"de","potentialAction":[{"@type":"ReadAction","target":["https:\/\/www.idiv.de\/de\/zentrum\/support-fuer-forschende\/welcome-centre\/"]}]},{"@type":"BreadcrumbList","@id":"https:\/\/www.idiv.de\/de\/zentrum\/support-fuer-forschende\/welcome-centre\/#breadcrumb","itemListElement":[{"@type":"ListItem","position":1,"name":"Startseite","item":"https:\/\/www.idiv.de\/de\/"},{"@type":"ListItem","position":2,"name":"Zentrum","item":"https:\/\/www.idiv.de\/de\/zentrum\/"},{"@type":"ListItem","position":3,"name":"Support f\u00fcr Forschende","item":"https:\/\/www.idiv.de\/de\/zentrum\/support-fuer-forschende\/"},{"@type":"ListItem","position":4,"name":"Welcome Centre"}]},{"@type":"WebSite","@id":"https:\/\/www.idiv.de\/de\/#website","url":"https:\/\/www.idiv.de\/de\/","name":"iDiv","description":"Hotspot in Biodiversity Research","publisher":{"@id":"https:\/\/www.idiv.de\/de\/#organization"},"potentialAction":[{"@type":"SearchAction","target":{"@type":"EntryPoint","urlTemplate":"https:\/\/www.idiv.de\/de\/?s={search_term_string}"},"query-input":{"@type":"PropertyValueSpecification","valueRequired":true,"valueName":"search_term_string"}}],"inLanguage":"de"},{"@type":"Organization","@id":"https:\/\/www.idiv.de\/de\/#organization","name":"idiv","url":"https:\/\/www.idiv.de\/de\/","logo":{"@type":"ImageObject","inLanguage":"de","@id":"https:\/\/www.idiv.de\/de\/#\/schema\/logo\/image\/","url":"https:\/\/www.idiv.de\/wp-content\/uploads\/2024\/08\/iDiv_Logo_long_v1_EN_black_4c.jpg","contentUrl":"https:\/\/www.idiv.de\/wp-content\/uploads\/2024\/08\/iDiv_Logo_long_v1_EN_black_4c.jpg","width":2448,"height":674,"caption":"idiv"},"image":{"@id":"https:\/\/www.idiv.de\/de\/#\/schema\/logo\/image\/"},"sameAs":["https:\/\/x.com\/idiv","https:\/\/www.linkedin.com\/company\/idiv-biodiversity\/","https:\/\/www.youtube.com\/idiv-research"]}]}},"coauthors":[],"author_meta":{"author_link":"https:\/\/www.idiv.de\/de\/author\/stefan\/","display_name":"Stefan Bernhardt"},"relative_dates":{"created":"Ver\u00f6ffentlicht 2\u00a0Jahren vor","modified":"Aktualisiert 11\u00a0Monaten vor"},"absolute_dates":{"created":"Ver\u00f6ffentlicht am 18. Juli 2024","modified":"Aktualisiert am 28. Mai 2025"},"absolute_dates_time":{"created":"Ver\u00f6ffentlicht am 18. Juli 2024 9:37","modified":"Aktualisiert am 28. Mai 2025 15:22"},"featured_img_caption":"","featured_img":false,"series_order":"","_links":{"self":[{"href":"https:\/\/www.idiv.de\/de\/wp-json\/wp\/v2\/pages\/3213","targetHints":{"allow":["GET"]}}],"collection":[{"href":"https:\/\/www.idiv.de\/de\/wp-json\/wp\/v2\/pages"}],"about":[{"href":"https:\/\/www.idiv.de\/de\/wp-json\/wp\/v2\/types\/page"}],"author":[{"embeddable":true,"href":"https:\/\/www.idiv.de\/de\/wp-json\/wp\/v2\/users\/3"}],"replies":[{"embeddable":true,"href":"https:\/\/www.idiv.de\/de\/wp-json\/wp\/v2\/comments?post=3213"}],"version-history":[{"count":12,"href":"https:\/\/www.idiv.de\/de\/wp-json\/wp\/v2\/pages\/3213\/revisions"}],"predecessor-version":[{"id":31202,"href":"https:\/\/www.idiv.de\/de\/wp-json\/wp\/v2\/pages\/3213\/revisions\/31202"}],"up":[{"embeddable":true,"href":"https:\/\/www.idiv.de\/de\/wp-json\/wp\/v2\/pages\/870"}],"wp:attachment":[{"href":"https:\/\/www.idiv.de\/de\/wp-json\/wp\/v2\/media?parent=3213"}],"curies":[{"name":"wp","href":"https:\/\/api.w.org\/{rel}","templated":true}]}}