{"id":31927,"date":"2025-06-13T08:21:06","date_gmt":"2025-06-13T07:21:06","guid":{"rendered":"https:\/\/www.idiv.de\/?page_id=31927"},"modified":"2025-06-20T07:19:28","modified_gmt":"2025-06-20T06:19:28","slug":"umweltsoziologie","status":"publish","type":"page","link":"https:\/\/www.idiv.de\/de\/forschung\/juniorforschungsgruppen\/umweltsoziologie\/","title":{"rendered":"Umweltsoziologie"},"content":{"rendered":"<div class=\"herosection pb-0 pt-0 no-bg modulclass \" id=\"\">\n                    <div class=\"swiper1noslider  nooverflow swiper thinslider\" id=\"slide_69faa978799ae\">\n        \n                <div class=\"swiper-wrapper\">\n                                            <div class=\"swiper-slide  style_ \" aria-hidden=\"true\" >\n                            <div class=\"backstretchwrap\">\n                        \n                            <div datasrc=\"https:\/\/www.idiv.de\/wp-content\/uploads\/2025\/06\/Environmental-Sociology-Ilkhom-Soliev-Title-e1750147167271.jpeg\" class=\"backstretchimg responsiv desktop\"><\/div>\n\n                            <a href=\"#\" class=\"cr\"><svg  xmlns=\"http:\/\/www.w3.org\/2000\/svg\" width=\"22\" height=\"22\" viewBox=\"0 0 22 22\">\n                                    <rect id=\"BG\" width=\"22\" height=\"22\" rx=\"11\" fill=\"#fff\"\/>\n                                    <g id=\"Wrapper\" transform=\"translate(-1 -1)\">\n                                        <g id=\"Icon_material-copyright\" data-name=\"Icon material-copyright\">\n                                            <circle id=\"Ellipse_30\" data-name=\"Ellipse 30\" cx=\"8\" cy=\"8\" r=\"8\" transform=\"translate(4 4)\" fill=\"#fff\"\/>\n                                            <path id=\"Icon_material-copyright-2\" data-name=\"Icon material-copyright\" d=\"M9.464,10.088a2.045,2.045,0,0,1,.24-.7,1.4,1.4,0,0,1,.472-.5,1.42,1.42,0,0,1,.728-.184,1.45,1.45,0,0,1,.5.1,1.29,1.29,0,0,1,.416.288,1.54,1.54,0,0,1,.272.424,1.4,1.4,0,0,1,.112.512H13.64a2.864,2.864,0,0,0-.224-1.032,2.4,2.4,0,0,0-.56-.808,2.613,2.613,0,0,0-.864-.528,3.09,3.09,0,0,0-1.112-.184,3.127,3.127,0,0,0-1.36.272,2.751,2.751,0,0,0-.96.736,3.007,3.007,0,0,0-.568,1.088A4.685,4.685,0,0,0,7.8,10.9v.216a4.684,4.684,0,0,0,.184,1.312,2.908,2.908,0,0,0,.568,1.08,2.731,2.731,0,0,0,.96.728,3.246,3.246,0,0,0,1.36.272,3.051,3.051,0,0,0,1.056-.184,2.729,2.729,0,0,0,.864-.5,2.442,2.442,0,0,0,.592-.752,2.153,2.153,0,0,0,.24-.92H12.192a1.139,1.139,0,0,1-.12.464,1.177,1.177,0,0,1-.288.368,1.26,1.26,0,0,1-.416.24,1.589,1.589,0,0,1-.48.08,1.359,1.359,0,0,1-.712-.184,1.4,1.4,0,0,1-.472-.5,2.09,2.09,0,0,1-.24-.7,5.392,5.392,0,0,1-.064-.8V10.9a5.33,5.33,0,0,1,.064-.808ZM11,3a8,8,0,1,0,8,8A8,8,0,0,0,11,3Zm0,14.4A6.4,6.4,0,1,1,17.4,11,6.408,6.408,0,0,1,11,17.4Z\" transform=\"translate(1 1)\" fill=\"#4d4d4d\"\/>\n                                        <\/g>\n                                    <\/g>\n                                <\/svg>\n                                <span>Ilkhom Soliev<\/span><\/a>                        \n                                                    <\/div>\n                                        <div class=\"sliderinhalt \" role=\"region\" aria-label=\"carousel\">\n\n                                            <h1 class=\"h1 tcenter\" >Umweltsoziologie<\/h1>                                                    <p style=\"text-align: center;\">Wir untersuchen die treibenden Faktoren, Abl\u00e4ufe und Ergebnisse sozial-\u00f6kologischer Ver\u00e4nderungen und Transformationen auf individueller bis institutioneller Ebene.<\/p>\n                                                \n                                                                                                            <\/div>\n                                            <\/div>\n\n                        \n                 <\/div>\n\n                              <\/div>\n<\/div>\n\n<div class=\"textbildrepeater pb-24 pt-0 no-bg modulclass \" id=\"\">\n    <div class=\"container\">\n        <div class=\"row\">\n                                                                <div class=\"pb-24   mod_textheadlinebtn  col-md-6 offset-md-3 pos_top\">\n                            <div class=\"textrepeater \" id=\"\">\n\n\n    \n    <div class=\"contentrepeater\">\n        <p>Die Juniorprofessur f\u00fcr Umweltsoziologie ist an der Martin-Luther-Universit\u00e4t Halle-Wittenberg angesiedelt und untersucht Umweltver\u00e4nderungen aus sozialwissenschaftlicher Perspektive \u2013 die sozialen Ursachen, Prozesse und Folgen solcher Ver\u00e4nderungen \u2013 und widmet sich damit einigen der dr\u00e4ngendsten wissenschaftlichen, politischen und gesellschaftlichen Herausforderungen unserer Zeit.<\/p>\n<p>&nbsp;<\/p>\n<h3>Zentrale Forschungsbereiche des Departments:<\/h3>\n<ul>\n<li>Umwelt, Natur, Biodiversit\u00e4t, Klima, Ressourcen und Gesellschaft<\/li>\n<li>Transformationen als intra-, interpersonale und institutionelle Ver\u00e4nderungen verstehen<\/li>\n<li>Inter- und Transdisziplinarit\u00e4t zur L\u00f6sung sozial-\u00f6kologischer Probleme<\/li>\n<\/ul>\n    <\/div>\n\n\n        <div class=\"btncf-block  tcenter\">\n        <a href=\"https:\/\/soziologie.uni-halle.de\/professuren\/ilkhom_soliev\/\" class=\"mr-24 btncf primary\" target=\"_blank\" aria-label=\"open in new tab\" type=\"button\">Mehr auf den Seiten der MLU (Englisch)                    <\/a>\n    <\/div>\n    <\/div>\n                            <\/div>\n                        <\/div>\n    <\/div>\n<\/div>\n\n<hr class=\"modulborder nm np\"><div class=\"textbildrepeater pb-0 pt-24 no-bg modulclass \" id=\"\">\n    <div class=\"container\">\n        <div class=\"row\">\n                                                                <div class=\"pb-24   mod_textheadlinebtn  col-md-12 offset-md-0 pos_top\">\n                            <div class=\"textrepeater \" id=\"\">\n\n\n    \n    <div class=\"contentrepeater\">\n        <h2 style=\"text-align: center;\">Kontakt<\/h2>\n    <\/div>\n\n\n    <\/div>\n                            <\/div>\n                                                                    <div class=\"pb-0   mod_text  col-md-4 offset-md-2 pos_top\">\n                            <div class=\"textrepeater \" id=\"\">\n    <p><strong>Anschrift<\/strong><\/p>\n<p>Martin-Luther-Universit\u00e4t Halle-Wittenberg<br \/>\nInstitut f\u00fcr Soziologie<br \/>\nEmil-Aderhalden-Str. 26\u201327<br \/>\n06108 Halle (Saale)<\/p>\n<\/div>\n                            <\/div>\n                                                                    <div class=\"pb-0   mod_text  col-md-4 offset-md-0 pos_top\">\n                            <div class=\"textrepeater \" id=\"\">\n    <p><strong>Affiliation<\/strong><\/p>\n<p>Martin-Luther-Universit\u00e4t Halle-Wittenberg<br \/>\nDeutsches Zentrum f\u00fcr integrative Biodiversit\u00e4tsforschung (iDiv) Halle-Jena-Leipzig<\/p>\n<\/div>\n                            <\/div>\n                        <\/div>\n    <\/div>\n<\/div>\n\n<div class='pt-48 pb-24 no-bg'><div class='container'><div class='row justify-content-center pb-3 profile-short gx-4 gy-4'>\n                <div class='col-12 col-sm-6 col-md-6 col-lg-4 pb-3'>\n                    <div class='row align-items-center'>\n                        <div class='col-4 col-sm-6'>\n                            <img loading=\"lazy\" decoding=\"async\" width=\"472\" height=\"472\" src=\"https:\/\/www.idiv.de\/wp-content\/uploads\/2025\/06\/Ilkhom-Soliev-Portrait.png\" class=\"img-fluid rounded-circle w-100 wp-post-image\" alt=\"Portrait of Ilkhom Soliev (Photo: private)\" srcset=\"https:\/\/www.idiv.de\/wp-content\/uploads\/2025\/06\/Ilkhom-Soliev-Portrait.png 472w, https:\/\/www.idiv.de\/wp-content\/uploads\/2025\/06\/Ilkhom-Soliev-Portrait-300x300.png 300w, https:\/\/www.idiv.de\/wp-content\/uploads\/2025\/06\/Ilkhom-Soliev-Portrait-150x150.png 150w\" sizes=\"auto, (max-width: 472px) 100vw, 472px\" \/>\n                        <\/div>\n                        <div class='col-8 col-sm-6'>\n                            <p class='mb-2'>\n                                <strong>Jun-Prof Ilkhom Soliev<\/strong>\n                            <\/p>\n                            <p class='mb-1'>\n                                Head of Research Group<br>\n                                Telefon: <a href='tel:+49 345 55 24177' class='text-decoration-none'>+49 345 55 24177<\/a><br>\n                                E-Mail: <a href='&#x6d;&#97;&#x69;&#108;t&#x6f;&#58;i&#x6c;&#107;&#x68;&#x6f;m&#x2e;&#115;o&#x6c;&#105;&#x65;&#x76;&#64;&#x69;&#100;i&#x76;&#46;d&#x65;' class='text-decoration-none'>&#x69;&#108;&#x6b;&#x68;o&#x6d;&#46;s&#x6f;&#108;i&#x65;&#118;&#x40;&#x69;d&#x69;&#118;&#46;&#x64;&#101;<\/a><br>\n                            <\/p>\n                            <span class='profile-short-link'>\n                                <a href='https:\/\/www.idiv.de\/de\/staff\/ilkhom-soliev\/' class='ps-0 pe-1 btncf arrow'>\n                                    Zum Profil\n                                    <svg xmlns='http:\/\/www.w3.org\/2000\/svg' width='5.621' height='12.243' viewBox='0 0 7.621 12.243'>\n                                        <path id='Icon_feather-chevron-right' d='M17.5,17l-4-4,4-4' transform='translate(19.621 19.121) rotate(180)' fill='none' stroke='#447226' stroke-linecap='round' stroke-linejoin='round' stroke-width='3'><\/path>\n                                    <\/svg>\n                                <\/a>\n                            <\/span>\n                        <\/div>\n                    <\/div>\n                <\/div><\/div><\/div><\/div>","protected":false},"excerpt":{"rendered":"","protected":false},"author":3,"featured_media":0,"parent":15155,"menu_order":0,"comment_status":"closed","ping_status":"closed","template":"","meta":{"_acf_changed":false,"advgb_blocks_editor_width":"","advgb_blocks_columns_visual_guide":"","footnotes":"","_links_to":"","_links_to_target":""},"class_list":["post-31927","page","type-page","status-publish","hentry"],"acf":{"search_thumb":"","search_kurzbeschreibung":"","breadcrumb":false},"yoast_head":"<!-- This site is optimized with the Yoast SEO plugin v27.5 - https:\/\/yoast.com\/product\/yoast-seo-wordpress\/ -->\n<title>Umweltsoziologie | iDiv<\/title>\n<meta name=\"robots\" content=\"index, follow, max-snippet:-1, max-image-preview:large, max-video-preview:-1\" \/>\n<link rel=\"canonical\" href=\"https:\/\/www.idiv.de\/de\/forschung\/juniorforschungsgruppen\/umweltsoziologie\/\" \/>\n<meta property=\"og:locale\" content=\"de_DE\" \/>\n<meta property=\"og:type\" content=\"article\" \/>\n<meta property=\"og:title\" content=\"Umweltsoziologie | iDiv\" \/>\n<meta property=\"og:url\" content=\"https:\/\/www.idiv.de\/de\/forschung\/juniorforschungsgruppen\/umweltsoziologie\/\" \/>\n<meta property=\"og:site_name\" content=\"iDiv\" \/>\n<meta property=\"article:modified_time\" content=\"2025-06-20T06:19:28+00:00\" \/>\n<meta property=\"og:image\" content=\"https:\/\/www.idiv.de\/wp-content\/uploads\/2024\/11\/iDivSocialMediaShare.jpg\" \/>\n\t<meta property=\"og:image:width\" content=\"1200\" \/>\n\t<meta property=\"og:image:height\" content=\"675\" \/>\n\t<meta property=\"og:image:type\" content=\"image\/jpeg\" \/>\n<meta name=\"twitter:card\" content=\"summary_large_image\" \/>\n<meta name=\"twitter:site\" content=\"@idiv\" \/>\n<script type=\"application\/ld+json\" class=\"yoast-schema-graph\">{\"@context\":\"https:\\\/\\\/schema.org\",\"@graph\":[{\"@type\":\"WebPage\",\"@id\":\"https:\\\/\\\/www.idiv.de\\\/de\\\/forschung\\\/juniorforschungsgruppen\\\/umweltsoziologie\\\/\",\"url\":\"https:\\\/\\\/www.idiv.de\\\/de\\\/forschung\\\/juniorforschungsgruppen\\\/umweltsoziologie\\\/\",\"name\":\"Umweltsoziologie | iDiv\",\"isPartOf\":{\"@id\":\"https:\\\/\\\/www.idiv.de\\\/de\\\/#website\"},\"datePublished\":\"2025-06-13T07:21:06+00:00\",\"dateModified\":\"2025-06-20T06:19:28+00:00\",\"breadcrumb\":{\"@id\":\"https:\\\/\\\/www.idiv.de\\\/de\\\/forschung\\\/juniorforschungsgruppen\\\/umweltsoziologie\\\/#breadcrumb\"},\"inLanguage\":\"de\",\"potentialAction\":[{\"@type\":\"ReadAction\",\"target\":[\"https:\\\/\\\/www.idiv.de\\\/de\\\/forschung\\\/juniorforschungsgruppen\\\/umweltsoziologie\\\/\"]}]},{\"@type\":\"BreadcrumbList\",\"@id\":\"https:\\\/\\\/www.idiv.de\\\/de\\\/forschung\\\/juniorforschungsgruppen\\\/umweltsoziologie\\\/#breadcrumb\",\"itemListElement\":[{\"@type\":\"ListItem\",\"position\":1,\"name\":\"Startseite\",\"item\":\"https:\\\/\\\/www.idiv.de\\\/de\\\/\"},{\"@type\":\"ListItem\",\"position\":2,\"name\":\"Forschung\",\"item\":\"https:\\\/\\\/www.idiv.de\\\/de\\\/research\\\/\"},{\"@type\":\"ListItem\",\"position\":3,\"name\":\"Junior-Forschungsgruppen und -Professuren\",\"item\":\"https:\\\/\\\/www.idiv.de\\\/de\\\/forschung\\\/juniorforschungsgruppen\\\/\"},{\"@type\":\"ListItem\",\"position\":4,\"name\":\"Umweltsoziologie\"}]},{\"@type\":\"WebSite\",\"@id\":\"https:\\\/\\\/www.idiv.de\\\/de\\\/#website\",\"url\":\"https:\\\/\\\/www.idiv.de\\\/de\\\/\",\"name\":\"iDiv\",\"description\":\"Hotspot in Biodiversity Research\",\"publisher\":{\"@id\":\"https:\\\/\\\/www.idiv.de\\\/de\\\/#organization\"},\"potentialAction\":[{\"@type\":\"SearchAction\",\"target\":{\"@type\":\"EntryPoint\",\"urlTemplate\":\"https:\\\/\\\/www.idiv.de\\\/de\\\/?s={search_term_string}\"},\"query-input\":{\"@type\":\"PropertyValueSpecification\",\"valueRequired\":true,\"valueName\":\"search_term_string\"}}],\"inLanguage\":\"de\"},{\"@type\":\"Organization\",\"@id\":\"https:\\\/\\\/www.idiv.de\\\/de\\\/#organization\",\"name\":\"idiv\",\"url\":\"https:\\\/\\\/www.idiv.de\\\/de\\\/\",\"logo\":{\"@type\":\"ImageObject\",\"inLanguage\":\"de\",\"@id\":\"https:\\\/\\\/www.idiv.de\\\/de\\\/#\\\/schema\\\/logo\\\/image\\\/\",\"url\":\"https:\\\/\\\/www.idiv.de\\\/wp-content\\\/uploads\\\/2024\\\/08\\\/iDiv_Logo_long_v1_EN_black_4c.jpg\",\"contentUrl\":\"https:\\\/\\\/www.idiv.de\\\/wp-content\\\/uploads\\\/2024\\\/08\\\/iDiv_Logo_long_v1_EN_black_4c.jpg\",\"width\":2448,\"height\":674,\"caption\":\"idiv\"},\"image\":{\"@id\":\"https:\\\/\\\/www.idiv.de\\\/de\\\/#\\\/schema\\\/logo\\\/image\\\/\"},\"sameAs\":[\"https:\\\/\\\/x.com\\\/idiv\",\"https:\\\/\\\/www.linkedin.com\\\/company\\\/idiv-biodiversity\\\/\",\"https:\\\/\\\/www.youtube.com\\\/idiv-research\"]}]}<\/script>\n<!-- \/ Yoast SEO plugin. -->","yoast_head_json":{"title":"Umweltsoziologie | iDiv","robots":{"index":"index","follow":"follow","max-snippet":"max-snippet:-1","max-image-preview":"max-image-preview:large","max-video-preview":"max-video-preview:-1"},"canonical":"https:\/\/www.idiv.de\/de\/forschung\/juniorforschungsgruppen\/umweltsoziologie\/","og_locale":"de_DE","og_type":"article","og_title":"Umweltsoziologie | iDiv","og_url":"https:\/\/www.idiv.de\/de\/forschung\/juniorforschungsgruppen\/umweltsoziologie\/","og_site_name":"iDiv","article_modified_time":"2025-06-20T06:19:28+00:00","og_image":[{"width":1200,"height":675,"url":"https:\/\/www.idiv.de\/wp-content\/uploads\/2024\/11\/iDivSocialMediaShare.jpg","type":"image\/jpeg"}],"twitter_card":"summary_large_image","twitter_site":"@idiv","schema":{"@context":"https:\/\/schema.org","@graph":[{"@type":"WebPage","@id":"https:\/\/www.idiv.de\/de\/forschung\/juniorforschungsgruppen\/umweltsoziologie\/","url":"https:\/\/www.idiv.de\/de\/forschung\/juniorforschungsgruppen\/umweltsoziologie\/","name":"Umweltsoziologie | iDiv","isPartOf":{"@id":"https:\/\/www.idiv.de\/de\/#website"},"datePublished":"2025-06-13T07:21:06+00:00","dateModified":"2025-06-20T06:19:28+00:00","breadcrumb":{"@id":"https:\/\/www.idiv.de\/de\/forschung\/juniorforschungsgruppen\/umweltsoziologie\/#breadcrumb"},"inLanguage":"de","potentialAction":[{"@type":"ReadAction","target":["https:\/\/www.idiv.de\/de\/forschung\/juniorforschungsgruppen\/umweltsoziologie\/"]}]},{"@type":"BreadcrumbList","@id":"https:\/\/www.idiv.de\/de\/forschung\/juniorforschungsgruppen\/umweltsoziologie\/#breadcrumb","itemListElement":[{"@type":"ListItem","position":1,"name":"Startseite","item":"https:\/\/www.idiv.de\/de\/"},{"@type":"ListItem","position":2,"name":"Forschung","item":"https:\/\/www.idiv.de\/de\/research\/"},{"@type":"ListItem","position":3,"name":"Junior-Forschungsgruppen und -Professuren","item":"https:\/\/www.idiv.de\/de\/forschung\/juniorforschungsgruppen\/"},{"@type":"ListItem","position":4,"name":"Umweltsoziologie"}]},{"@type":"WebSite","@id":"https:\/\/www.idiv.de\/de\/#website","url":"https:\/\/www.idiv.de\/de\/","name":"iDiv","description":"Hotspot in Biodiversity Research","publisher":{"@id":"https:\/\/www.idiv.de\/de\/#organization"},"potentialAction":[{"@type":"SearchAction","target":{"@type":"EntryPoint","urlTemplate":"https:\/\/www.idiv.de\/de\/?s={search_term_string}"},"query-input":{"@type":"PropertyValueSpecification","valueRequired":true,"valueName":"search_term_string"}}],"inLanguage":"de"},{"@type":"Organization","@id":"https:\/\/www.idiv.de\/de\/#organization","name":"idiv","url":"https:\/\/www.idiv.de\/de\/","logo":{"@type":"ImageObject","inLanguage":"de","@id":"https:\/\/www.idiv.de\/de\/#\/schema\/logo\/image\/","url":"https:\/\/www.idiv.de\/wp-content\/uploads\/2024\/08\/iDiv_Logo_long_v1_EN_black_4c.jpg","contentUrl":"https:\/\/www.idiv.de\/wp-content\/uploads\/2024\/08\/iDiv_Logo_long_v1_EN_black_4c.jpg","width":2448,"height":674,"caption":"idiv"},"image":{"@id":"https:\/\/www.idiv.de\/de\/#\/schema\/logo\/image\/"},"sameAs":["https:\/\/x.com\/idiv","https:\/\/www.linkedin.com\/company\/idiv-biodiversity\/","https:\/\/www.youtube.com\/idiv-research"]}]}},"coauthors":[],"author_meta":{"author_link":"https:\/\/www.idiv.de\/de\/author\/stefan\/","display_name":"Stefan Bernhardt"},"relative_dates":{"created":"Ver\u00f6ffentlicht 11\u00a0Monaten vor","modified":"Aktualisiert 11\u00a0Monaten vor"},"absolute_dates":{"created":"Ver\u00f6ffentlicht am 13. Juni 2025","modified":"Aktualisiert am 20. Juni 2025"},"absolute_dates_time":{"created":"Ver\u00f6ffentlicht am 13. Juni 2025 8:21","modified":"Aktualisiert am 20. Juni 2025 7:19"},"featured_img_caption":"","featured_img":false,"series_order":"","_links":{"self":[{"href":"https:\/\/www.idiv.de\/de\/wp-json\/wp\/v2\/pages\/31927","targetHints":{"allow":["GET"]}}],"collection":[{"href":"https:\/\/www.idiv.de\/de\/wp-json\/wp\/v2\/pages"}],"about":[{"href":"https:\/\/www.idiv.de\/de\/wp-json\/wp\/v2\/types\/page"}],"author":[{"embeddable":true,"href":"https:\/\/www.idiv.de\/de\/wp-json\/wp\/v2\/users\/3"}],"replies":[{"embeddable":true,"href":"https:\/\/www.idiv.de\/de\/wp-json\/wp\/v2\/comments?post=31927"}],"version-history":[{"count":2,"href":"https:\/\/www.idiv.de\/de\/wp-json\/wp\/v2\/pages\/31927\/revisions"}],"predecessor-version":[{"id":32672,"href":"https:\/\/www.idiv.de\/de\/wp-json\/wp\/v2\/pages\/31927\/revisions\/32672"}],"up":[{"embeddable":true,"href":"https:\/\/www.idiv.de\/de\/wp-json\/wp\/v2\/pages\/15155"}],"wp:attachment":[{"href":"https:\/\/www.idiv.de\/de\/wp-json\/wp\/v2\/media?parent=31927"}],"curies":[{"name":"wp","href":"https:\/\/api.w.org\/{rel}","templated":true}]}}