{"id":3035,"date":"2024-05-10T14:26:21","date_gmt":"2024-05-10T13:26:21","guid":{"rendered":"https:\/\/www.idiv.de\/?page_id=3035"},"modified":"2026-03-16T08:21:06","modified_gmt":"2026-03-16T07:21:06","slug":"kontakt-und-anfahrt","status":"publish","type":"page","link":"https:\/\/www.idiv.de\/de\/zentrum\/kontakt-und-anfahrt\/","title":{"rendered":"Kontakt und Anfahrt"},"content":{"rendered":"<div class=\"herosection pb-24 pt-0 no-bg modulclass \" id=\"\">\n                    <div class=\"swiper1noslider  nooverflow swiper thinslider\" id=\"slide_6a09ca6c1b322\">\n        \n                <div class=\"swiper-wrapper\">\n                                            <div class=\"swiper-slide  style_ \" aria-hidden=\"true\" >\n                            <div class=\"backstretchwrap\">\n                        \n                            <div datasrc=\"https:\/\/www.idiv.de\/wp-content\/uploads\/2024\/07\/iDiv-Birds-441261559-AStock-e1727789002968.jpg\" class=\"backstretchimg responsiv desktop\"><\/div>\n\n                            <a href=\"#\" class=\"cr\"><svg  xmlns=\"http:\/\/www.w3.org\/2000\/svg\" width=\"22\" height=\"22\" viewBox=\"0 0 22 22\">\n                                    <rect id=\"BG\" width=\"22\" height=\"22\" rx=\"11\" fill=\"#fff\"\/>\n                                    <g id=\"Wrapper\" transform=\"translate(-1 -1)\">\n                                        <g id=\"Icon_material-copyright\" data-name=\"Icon material-copyright\">\n                                            <circle id=\"Ellipse_30\" data-name=\"Ellipse 30\" cx=\"8\" cy=\"8\" r=\"8\" transform=\"translate(4 4)\" fill=\"#fff\"\/>\n                                            <path id=\"Icon_material-copyright-2\" data-name=\"Icon material-copyright\" d=\"M9.464,10.088a2.045,2.045,0,0,1,.24-.7,1.4,1.4,0,0,1,.472-.5,1.42,1.42,0,0,1,.728-.184,1.45,1.45,0,0,1,.5.1,1.29,1.29,0,0,1,.416.288,1.54,1.54,0,0,1,.272.424,1.4,1.4,0,0,1,.112.512H13.64a2.864,2.864,0,0,0-.224-1.032,2.4,2.4,0,0,0-.56-.808,2.613,2.613,0,0,0-.864-.528,3.09,3.09,0,0,0-1.112-.184,3.127,3.127,0,0,0-1.36.272,2.751,2.751,0,0,0-.96.736,3.007,3.007,0,0,0-.568,1.088A4.685,4.685,0,0,0,7.8,10.9v.216a4.684,4.684,0,0,0,.184,1.312,2.908,2.908,0,0,0,.568,1.08,2.731,2.731,0,0,0,.96.728,3.246,3.246,0,0,0,1.36.272,3.051,3.051,0,0,0,1.056-.184,2.729,2.729,0,0,0,.864-.5,2.442,2.442,0,0,0,.592-.752,2.153,2.153,0,0,0,.24-.92H12.192a1.139,1.139,0,0,1-.12.464,1.177,1.177,0,0,1-.288.368,1.26,1.26,0,0,1-.416.24,1.589,1.589,0,0,1-.48.08,1.359,1.359,0,0,1-.712-.184,1.4,1.4,0,0,1-.472-.5,2.09,2.09,0,0,1-.24-.7,5.392,5.392,0,0,1-.064-.8V10.9a5.33,5.33,0,0,1,.064-.808ZM11,3a8,8,0,1,0,8,8A8,8,0,0,0,11,3Zm0,14.4A6.4,6.4,0,1,1,17.4,11,6.408,6.408,0,0,1,11,17.4Z\" transform=\"translate(1 1)\" fill=\"#4d4d4d\"\/>\n                                        <\/g>\n                                    <\/g>\n                                <\/svg>\n                                <span>Peter \/ Adobe Stock<\/span><\/a>                        \n                                                    <\/div>\n                                        <div class=\"sliderinhalt \" role=\"region\" aria-label=\"carousel\">\n\n                                            <h1 class=\"h1 tcenter\" >Kontakt und Anfahrt<\/h1>                                                    <p style=\"text-align: center;\">Das Kernzentrum von iDiv befindet sich auf dem Gel\u00e4nde der Alten Messe in Leipzig<\/p>\n                                                \n                                                                                                            <\/div>\n                                            <\/div>\n\n                        \n                 <\/div>\n\n                              <\/div>\n<\/div>\n\n<div class=\"textbildrepeater pb-24 pt-0 no-bg modulclass \" id=\"\">\n    <div class=\"container\">\n        <div class=\"row\">\n                                                                <div class=\"pb-24   mod_textheadlinebtn  col-md-3 offset-md-3 pos_top\">\n                            <div class=\"textrepeater \" id=\"\">\n\n\n    \n    <div class=\"contentrepeater\">\n        <p><strong>Postanschrift<br \/>\n<\/strong>Deutsches Zentrum f\u00fcr integrative Biodiversit\u00e4tsforschung Halle-Jena-Leipzig \u2013 iDiv<br \/>\nPuschstra\u00dfe 4<br \/>\n04103 Leipzig<\/p>\n    <\/div>\n\n\n        <div class=\"btncf-block  tleft\">\n        <a href=\"https:\/\/maps.app.goo.gl\/KZ5pcSSmGvyfLn6M6\" class=\"mr-24 btncf primary\" target=\"_blank\" aria-label=\"open in new tab\" type=\"button\">Google Maps                    <\/a>\n    <\/div>\n    <\/div>\n                            <\/div>\n                                                                    <div class=\"pb-24   mod_text  col-md-2 offset-md-1 pos_top\">\n                            <div class=\"textrepeater \" id=\"\">\n    <p><strong>Allgemeiner Kontakt<br \/>\n<\/strong>E-Mail: <a href=\"&#109;a&#x69;l&#x74;o&#x3a;i&#x6e;f&#x6f;&#64;&#x69;&#100;&#x69;&#118;&#x2e;&#100;&#x65;\">&#105;&#x6e;f&#x6f;&#x40;&#105;&#x64;i&#x76;&#x2e;&#100;&#x65;<\/a><br \/>\nTelefon: +49 341 9733105<\/p>\n<p><strong>Medienkontakt<br \/>\n<\/strong>E-Mail: <a href=\"&#x6d;&#x61;&#105;lt&#x6f;&#x3a;&#112;&#114;e&#x73;&#x73;&#101;&#64;i&#x64;&#x69;&#x76;&#46;de\">&#x70;&#x72;&#101;&#115;s&#x65;&#x40;&#x69;&#100;iv&#x2e;&#x64;&#101;<\/a><br \/>\nTelefon: +49 341 9733154<br \/>\n<a href=\"https:\/\/www.idiv.de\/news\/media-service\/\">www.idiv.de\/mediaservice<\/a><\/p>\n<\/div>\n                            <\/div>\n                        <\/div>\n    <\/div>\n<\/div>\n\n<hr class=\"modulborder nm np\"><div class=\"headline pb-0 pt-48 bg-lightgrey  block\" id=\"\">\n    <div class=\"container\"><div class=\"row\"><div class=\"col-md-12 relative\"><h2 class=\"h2 align-left mb-64\" >Wegbeschreibung<\/h2><\/div><\/div><\/div><\/div>\n\n<div class=\"textbildrepeater pb-24 pt-0 bg-lightgrey \" id=\"\">\n    <div class=\"container\">\n        <div class=\"row\">\n                                                                <div class=\"pb-24   mod_textheadlinebtn  col-md-4 offset-md-0 pos_top\">\n                            <div class=\"textrepeater \" id=\"\">\n\n\n    <h3 class=\"h3 \" >Per Zug\/\u00d6PNV<\/h3>\n    <div class=\"contentrepeater\">\n        <p class=\"p2\">Verlassen Sie den Leipziger Hauptbahnhof durch den Haupteingang und gehen Sie zur Stra\u00dfenbahnhaltestelle direkt gegen\u00fcber. Nehmen Sie die Stra\u00dfenbahnlinie 16 (Richtung &#8222;L\u00f6\u00dfnig&#8220;) und steigen Sie an der Haltestelle &#8222;An den Tierkliniken&#8220; aus. Das iDiv-Geb\u00e4ude befindet sich direkt an der Stra\u00dfenbahnhaltestelle.<\/p>\n    <\/div>\n\n\n        <div class=\"btncf-block  align-left\">\n        <a href=\"https:\/\/www.bahn.de\/\" class=\"mr-24 btncf normal\" target=\"_blank\" type=\"button\">Verbindung finden auf bahn.de                            <svg xmlns=\"http:\/\/www.w3.org\/2000\/svg\" width=\"7.621\" height=\"12.243\" aria-hidden=\"true\" viewBox=\"0 0 7.621 12.243\"><path  data-name=\"Icon feather-chevron-right\" d=\"M17.5,17l-4-4,4-4\" transform=\"translate(19.621 19.121) rotate(180)\" fill=\"none\" stroke=\"#447226\" stroke-linecap=\"round\" stroke-linejoin=\"round\" stroke-width=\"3\"\/><\/svg>\n                    <\/a>\n    <\/div>\n    <\/div>\n                            <\/div>\n                                                                    <div class=\"pb-24   mod_textheadlinebtn  col-md-4 offset-md-0 pos_top\">\n                            <div class=\"textrepeater \" id=\"\">\n\n\n    <h3 class=\"h3 \" >Per Auto<\/h3>\n    <div class=\"contentrepeater\">\n        <p class=\"p2\">Leipzig ist \u00fcber mehrere Autobahnen gut erreichbar: A9, A14 und A38. Geben Sie &#8222;Puschstra\u00dfe 4&#8220; in Ihr Navigationssystem ein.<br \/>\nDas iDiv-Geb\u00e4ude befindet sich an der Kreuzung Puschstra\u00dfe und Zwickauer Stra\u00dfe. Direkt neben dem iDiv-Geb\u00e4ude stehen mehrere \u00f6ffentliche Parkpl\u00e4tze zur Verf\u00fcgung.<\/p>\n    <\/div>\n\n\n        <div class=\"btncf-block  align-left\">\n        <a href=\"https:\/\/maps.app.goo.gl\/KZ5pcSSmGvyfLn6M6\" class=\"mr-24 btncf normal\" target=\"_blank\" type=\"button\">Route planen auf Google Maps                            <svg xmlns=\"http:\/\/www.w3.org\/2000\/svg\" width=\"7.621\" height=\"12.243\" aria-hidden=\"true\" viewBox=\"0 0 7.621 12.243\"><path  data-name=\"Icon feather-chevron-right\" d=\"M17.5,17l-4-4,4-4\" transform=\"translate(19.621 19.121) rotate(180)\" fill=\"none\" stroke=\"#447226\" stroke-linecap=\"round\" stroke-linejoin=\"round\" stroke-width=\"3\"\/><\/svg>\n                    <\/a>\n    <\/div>\n    <\/div>\n                            <\/div>\n                                                                    <div class=\"pb-24   mod_textheadlinebtn  col-md-4 offset-md-0 pos_top\">\n                            <div class=\"textrepeater \" id=\"\">\n\n\n    <h3 class=\"h3 \" >Per Flugzeug<\/h3>\n    <div class=\"contentrepeater\">\n        <p class=\"p2\">Zwischen dem Flughafen Leipzig-Halle und dem Leipziger Hauptbahnhof verkehrt alle 30 Minuten ein Flughafen-Express (S5 und S5X). Wenn Sie den Hauptbahnhof erreicht haben, nehmen Sie die Stra\u00dfenbahn, um zu iDiv zu gelangen.<br \/>\nEin Taxi vom Flughafen zum iDiv kostet etwa 50 Euro.<\/p>\n    <\/div>\n\n\n    <\/div>\n                            <\/div>\n                        <\/div>\n    <\/div>\n<\/div>","protected":false},"excerpt":{"rendered":"","protected":false},"author":3,"featured_media":0,"parent":864,"menu_order":4,"comment_status":"closed","ping_status":"closed","template":"","meta":{"_acf_changed":false,"advgb_blocks_editor_width":"","advgb_blocks_columns_visual_guide":"","footnotes":"","_links_to":"","_links_to_target":""},"class_list":["post-3035","page","type-page","status-publish","hentry"],"acf":{"search_thumb":"","search_kurzbeschreibung":"","breadcrumb":false},"yoast_head":"<!-- This site is optimized with the Yoast SEO plugin v27.5 - https:\/\/yoast.com\/product\/yoast-seo-wordpress\/ -->\n<title>Kontakt und Anfahrt | iDiv<\/title>\n<meta name=\"robots\" content=\"index, follow, max-snippet:-1, max-image-preview:large, max-video-preview:-1\" \/>\n<link rel=\"canonical\" href=\"https:\/\/www.idiv.de\/de\/zentrum\/kontakt-und-anfahrt\/\" \/>\n<meta property=\"og:locale\" content=\"de_DE\" \/>\n<meta property=\"og:type\" content=\"article\" \/>\n<meta property=\"og:title\" content=\"Kontakt und Anfahrt | iDiv\" \/>\n<meta property=\"og:url\" content=\"https:\/\/www.idiv.de\/de\/zentrum\/kontakt-und-anfahrt\/\" \/>\n<meta property=\"og:site_name\" content=\"iDiv\" \/>\n<meta property=\"article:modified_time\" content=\"2026-03-16T07:21:06+00:00\" \/>\n<meta property=\"og:image\" content=\"https:\/\/www.idiv.de\/wp-content\/uploads\/2024\/11\/iDivSocialMediaShare.jpg\" \/>\n\t<meta property=\"og:image:width\" content=\"1200\" \/>\n\t<meta property=\"og:image:height\" content=\"675\" \/>\n\t<meta property=\"og:image:type\" content=\"image\/jpeg\" \/>\n<meta name=\"twitter:card\" content=\"summary_large_image\" \/>\n<meta name=\"twitter:site\" content=\"@idiv\" \/>\n<script type=\"application\/ld+json\" class=\"yoast-schema-graph\">{\"@context\":\"https:\\\/\\\/schema.org\",\"@graph\":[{\"@type\":\"WebPage\",\"@id\":\"https:\\\/\\\/www.idiv.de\\\/de\\\/zentrum\\\/kontakt-und-anfahrt\\\/\",\"url\":\"https:\\\/\\\/www.idiv.de\\\/de\\\/zentrum\\\/kontakt-und-anfahrt\\\/\",\"name\":\"Kontakt und Anfahrt | iDiv\",\"isPartOf\":{\"@id\":\"https:\\\/\\\/www.idiv.de\\\/de\\\/#website\"},\"datePublished\":\"2024-05-10T13:26:21+00:00\",\"dateModified\":\"2026-03-16T07:21:06+00:00\",\"breadcrumb\":{\"@id\":\"https:\\\/\\\/www.idiv.de\\\/de\\\/zentrum\\\/kontakt-und-anfahrt\\\/#breadcrumb\"},\"inLanguage\":\"de\",\"potentialAction\":[{\"@type\":\"ReadAction\",\"target\":[\"https:\\\/\\\/www.idiv.de\\\/de\\\/zentrum\\\/kontakt-und-anfahrt\\\/\"]}]},{\"@type\":\"BreadcrumbList\",\"@id\":\"https:\\\/\\\/www.idiv.de\\\/de\\\/zentrum\\\/kontakt-und-anfahrt\\\/#breadcrumb\",\"itemListElement\":[{\"@type\":\"ListItem\",\"position\":1,\"name\":\"Startseite\",\"item\":\"https:\\\/\\\/www.idiv.de\\\/de\\\/\"},{\"@type\":\"ListItem\",\"position\":2,\"name\":\"Zentrum\",\"item\":\"https:\\\/\\\/www.idiv.de\\\/de\\\/zentrum\\\/\"},{\"@type\":\"ListItem\",\"position\":3,\"name\":\"Kontakt und Anfahrt\"}]},{\"@type\":\"WebSite\",\"@id\":\"https:\\\/\\\/www.idiv.de\\\/de\\\/#website\",\"url\":\"https:\\\/\\\/www.idiv.de\\\/de\\\/\",\"name\":\"iDiv\",\"description\":\"Hotspot in Biodiversity Research\",\"publisher\":{\"@id\":\"https:\\\/\\\/www.idiv.de\\\/de\\\/#organization\"},\"potentialAction\":[{\"@type\":\"SearchAction\",\"target\":{\"@type\":\"EntryPoint\",\"urlTemplate\":\"https:\\\/\\\/www.idiv.de\\\/de\\\/?s={search_term_string}\"},\"query-input\":{\"@type\":\"PropertyValueSpecification\",\"valueRequired\":true,\"valueName\":\"search_term_string\"}}],\"inLanguage\":\"de\"},{\"@type\":\"Organization\",\"@id\":\"https:\\\/\\\/www.idiv.de\\\/de\\\/#organization\",\"name\":\"idiv\",\"url\":\"https:\\\/\\\/www.idiv.de\\\/de\\\/\",\"logo\":{\"@type\":\"ImageObject\",\"inLanguage\":\"de\",\"@id\":\"https:\\\/\\\/www.idiv.de\\\/de\\\/#\\\/schema\\\/logo\\\/image\\\/\",\"url\":\"https:\\\/\\\/www.idiv.de\\\/wp-content\\\/uploads\\\/2024\\\/08\\\/iDiv_Logo_long_v1_EN_black_4c.jpg\",\"contentUrl\":\"https:\\\/\\\/www.idiv.de\\\/wp-content\\\/uploads\\\/2024\\\/08\\\/iDiv_Logo_long_v1_EN_black_4c.jpg\",\"width\":2448,\"height\":674,\"caption\":\"idiv\"},\"image\":{\"@id\":\"https:\\\/\\\/www.idiv.de\\\/de\\\/#\\\/schema\\\/logo\\\/image\\\/\"},\"sameAs\":[\"https:\\\/\\\/x.com\\\/idiv\",\"https:\\\/\\\/www.linkedin.com\\\/company\\\/idiv-biodiversity\\\/\",\"https:\\\/\\\/www.youtube.com\\\/idiv-research\"]}]}<\/script>\n<!-- \/ Yoast SEO plugin. -->","yoast_head_json":{"title":"Kontakt und Anfahrt | iDiv","robots":{"index":"index","follow":"follow","max-snippet":"max-snippet:-1","max-image-preview":"max-image-preview:large","max-video-preview":"max-video-preview:-1"},"canonical":"https:\/\/www.idiv.de\/de\/zentrum\/kontakt-und-anfahrt\/","og_locale":"de_DE","og_type":"article","og_title":"Kontakt und Anfahrt | iDiv","og_url":"https:\/\/www.idiv.de\/de\/zentrum\/kontakt-und-anfahrt\/","og_site_name":"iDiv","article_modified_time":"2026-03-16T07:21:06+00:00","og_image":[{"width":1200,"height":675,"url":"https:\/\/www.idiv.de\/wp-content\/uploads\/2024\/11\/iDivSocialMediaShare.jpg","type":"image\/jpeg"}],"twitter_card":"summary_large_image","twitter_site":"@idiv","schema":{"@context":"https:\/\/schema.org","@graph":[{"@type":"WebPage","@id":"https:\/\/www.idiv.de\/de\/zentrum\/kontakt-und-anfahrt\/","url":"https:\/\/www.idiv.de\/de\/zentrum\/kontakt-und-anfahrt\/","name":"Kontakt und Anfahrt | iDiv","isPartOf":{"@id":"https:\/\/www.idiv.de\/de\/#website"},"datePublished":"2024-05-10T13:26:21+00:00","dateModified":"2026-03-16T07:21:06+00:00","breadcrumb":{"@id":"https:\/\/www.idiv.de\/de\/zentrum\/kontakt-und-anfahrt\/#breadcrumb"},"inLanguage":"de","potentialAction":[{"@type":"ReadAction","target":["https:\/\/www.idiv.de\/de\/zentrum\/kontakt-und-anfahrt\/"]}]},{"@type":"BreadcrumbList","@id":"https:\/\/www.idiv.de\/de\/zentrum\/kontakt-und-anfahrt\/#breadcrumb","itemListElement":[{"@type":"ListItem","position":1,"name":"Startseite","item":"https:\/\/www.idiv.de\/de\/"},{"@type":"ListItem","position":2,"name":"Zentrum","item":"https:\/\/www.idiv.de\/de\/zentrum\/"},{"@type":"ListItem","position":3,"name":"Kontakt und Anfahrt"}]},{"@type":"WebSite","@id":"https:\/\/www.idiv.de\/de\/#website","url":"https:\/\/www.idiv.de\/de\/","name":"iDiv","description":"Hotspot in Biodiversity Research","publisher":{"@id":"https:\/\/www.idiv.de\/de\/#organization"},"potentialAction":[{"@type":"SearchAction","target":{"@type":"EntryPoint","urlTemplate":"https:\/\/www.idiv.de\/de\/?s={search_term_string}"},"query-input":{"@type":"PropertyValueSpecification","valueRequired":true,"valueName":"search_term_string"}}],"inLanguage":"de"},{"@type":"Organization","@id":"https:\/\/www.idiv.de\/de\/#organization","name":"idiv","url":"https:\/\/www.idiv.de\/de\/","logo":{"@type":"ImageObject","inLanguage":"de","@id":"https:\/\/www.idiv.de\/de\/#\/schema\/logo\/image\/","url":"https:\/\/www.idiv.de\/wp-content\/uploads\/2024\/08\/iDiv_Logo_long_v1_EN_black_4c.jpg","contentUrl":"https:\/\/www.idiv.de\/wp-content\/uploads\/2024\/08\/iDiv_Logo_long_v1_EN_black_4c.jpg","width":2448,"height":674,"caption":"idiv"},"image":{"@id":"https:\/\/www.idiv.de\/de\/#\/schema\/logo\/image\/"},"sameAs":["https:\/\/x.com\/idiv","https:\/\/www.linkedin.com\/company\/idiv-biodiversity\/","https:\/\/www.youtube.com\/idiv-research"]}]}},"coauthors":[],"author_meta":{"author_link":"https:\/\/www.idiv.de\/de\/author\/stefan\/","display_name":"Stefan Bernhardt"},"relative_dates":{"created":"Ver\u00f6ffentlicht 2\u00a0Jahren vor","modified":"Aktualisiert 2\u00a0Monaten vor"},"absolute_dates":{"created":"Ver\u00f6ffentlicht am 10. Mai 2024","modified":"Aktualisiert am 16. M\u00e4rz 2026"},"absolute_dates_time":{"created":"Ver\u00f6ffentlicht am 10. Mai 2024 14:26","modified":"Aktualisiert am 16. M\u00e4rz 2026 8:21"},"featured_img_caption":"","featured_img":false,"series_order":"","_links":{"self":[{"href":"https:\/\/www.idiv.de\/de\/wp-json\/wp\/v2\/pages\/3035","targetHints":{"allow":["GET"]}}],"collection":[{"href":"https:\/\/www.idiv.de\/de\/wp-json\/wp\/v2\/pages"}],"about":[{"href":"https:\/\/www.idiv.de\/de\/wp-json\/wp\/v2\/types\/page"}],"author":[{"embeddable":true,"href":"https:\/\/www.idiv.de\/de\/wp-json\/wp\/v2\/users\/3"}],"replies":[{"embeddable":true,"href":"https:\/\/www.idiv.de\/de\/wp-json\/wp\/v2\/comments?post=3035"}],"version-history":[{"count":9,"href":"https:\/\/www.idiv.de\/de\/wp-json\/wp\/v2\/pages\/3035\/revisions"}],"predecessor-version":[{"id":40786,"href":"https:\/\/www.idiv.de\/de\/wp-json\/wp\/v2\/pages\/3035\/revisions\/40786"}],"up":[{"embeddable":true,"href":"https:\/\/www.idiv.de\/de\/wp-json\/wp\/v2\/pages\/864"}],"wp:attachment":[{"href":"https:\/\/www.idiv.de\/de\/wp-json\/wp\/v2\/media?parent=3035"}],"curies":[{"name":"wp","href":"https:\/\/api.w.org\/{rel}","templated":true}]}}