{"id":28250,"date":"2025-03-06T14:34:33","date_gmt":"2025-03-06T13:34:33","guid":{"rendered":"https:\/\/www.idiv.de\/forschung\/projekte\/bodenlos\/"},"modified":"2025-05-27T09:50:24","modified_gmt":"2025-05-27T08:50:24","slug":"bodenlos","status":"publish","type":"page","link":"https:\/\/www.idiv.de\/de\/impact\/buergerwissenschaft\/bodenlos\/","title":{"rendered":"Bodenlos"},"content":{"rendered":"<div class=\"herosection pb-24 pt-0 no-bg modulclass \" id=\"\">\n                    <div class=\"swiper1noslider  nooverflow swiper thinslider\" id=\"slide_69f58bce62c31\">\n        \n                <div class=\"swiper-wrapper\">\n                                            <div class=\"swiper-slide  style_ \" aria-hidden=\"true\" >\n                            <div class=\"backstretchwrap\">\n                        \n                            <div datasrc=\"https:\/\/www.idiv.de\/wp-content\/uploads\/2025\/03\/worm_in_hand_by_Marie_Suennemann.jpg\" class=\"backstretchimg responsiv desktop\"><\/div>\n\n                            <a href=\"#\" class=\"cr\"><svg  xmlns=\"http:\/\/www.w3.org\/2000\/svg\" width=\"22\" height=\"22\" viewBox=\"0 0 22 22\">\n                                    <rect id=\"BG\" width=\"22\" height=\"22\" rx=\"11\" fill=\"#fff\"\/>\n                                    <g id=\"Wrapper\" transform=\"translate(-1 -1)\">\n                                        <g id=\"Icon_material-copyright\" data-name=\"Icon material-copyright\">\n                                            <circle id=\"Ellipse_30\" data-name=\"Ellipse 30\" cx=\"8\" cy=\"8\" r=\"8\" transform=\"translate(4 4)\" fill=\"#fff\"\/>\n                                            <path id=\"Icon_material-copyright-2\" data-name=\"Icon material-copyright\" d=\"M9.464,10.088a2.045,2.045,0,0,1,.24-.7,1.4,1.4,0,0,1,.472-.5,1.42,1.42,0,0,1,.728-.184,1.45,1.45,0,0,1,.5.1,1.29,1.29,0,0,1,.416.288,1.54,1.54,0,0,1,.272.424,1.4,1.4,0,0,1,.112.512H13.64a2.864,2.864,0,0,0-.224-1.032,2.4,2.4,0,0,0-.56-.808,2.613,2.613,0,0,0-.864-.528,3.09,3.09,0,0,0-1.112-.184,3.127,3.127,0,0,0-1.36.272,2.751,2.751,0,0,0-.96.736,3.007,3.007,0,0,0-.568,1.088A4.685,4.685,0,0,0,7.8,10.9v.216a4.684,4.684,0,0,0,.184,1.312,2.908,2.908,0,0,0,.568,1.08,2.731,2.731,0,0,0,.96.728,3.246,3.246,0,0,0,1.36.272,3.051,3.051,0,0,0,1.056-.184,2.729,2.729,0,0,0,.864-.5,2.442,2.442,0,0,0,.592-.752,2.153,2.153,0,0,0,.24-.92H12.192a1.139,1.139,0,0,1-.12.464,1.177,1.177,0,0,1-.288.368,1.26,1.26,0,0,1-.416.24,1.589,1.589,0,0,1-.48.08,1.359,1.359,0,0,1-.712-.184,1.4,1.4,0,0,1-.472-.5,2.09,2.09,0,0,1-.24-.7,5.392,5.392,0,0,1-.064-.8V10.9a5.33,5.33,0,0,1,.064-.808ZM11,3a8,8,0,1,0,8,8A8,8,0,0,0,11,3Zm0,14.4A6.4,6.4,0,1,1,17.4,11,6.408,6.408,0,0,1,11,17.4Z\" transform=\"translate(1 1)\" fill=\"#4d4d4d\"\/>\n                                        <\/g>\n                                    <\/g>\n                                <\/svg>\n                                <span>Marie S\u00fcnnemann<\/span><\/a>                        \n                                                    <\/div>\n                                        <div class=\"sliderinhalt \" role=\"region\" aria-label=\"carousel\">\n\n                                            <h1 class=\"h1 tcenter\" >Was ist im Boden los?<\/h1>\n                                                                                                            <\/div>\n                                            <\/div>\n\n                        \n                 <\/div>\n\n                              <\/div>\n<\/div>\n\n<div class=\"textbildrepeater pb-24 pt-0 no-bg modulclass \" id=\"\">\n    <div class=\"container\">\n        <div class=\"row\">\n                                                                <div class=\"pb-24   mod_textheadlinebtn  col-md-8 offset-md-2 pos_top\">\n                            <div class=\"textrepeater \" id=\"\">\n\n\n    \n    <div class=\"contentrepeater\">\n        <h3><strong>Ein Citizen-Science-Schulprojekt zur Erforschung der Bodengesundheit<\/strong><\/h3>\n<p><em>Was ist im Boden los?<\/em>\u00a0ist ein Citizen-Science-Projekt, das Sch\u00fclerinnen und Sch\u00fclern der Oberstufe einen praxisnahen Zugang zur Erforschung der Bodengesundheit erm\u00f6glicht. Das Projekt zielt darauf ab, junge Lernende f\u00fcr die Bedeutung von B\u00f6den als \u00d6kosysteme zu sensibilisieren und ihnen wissenschaftliche Methoden zur Untersuchung von B\u00f6den n\u00e4herzubringen. Dabei wird der Fokus auf die \u00f6kologischen Funktionen und die Auswirkungen menschlicher Einfl\u00fcsse auf die Bodenqualit\u00e4t gelegt.<\/p>\n<p>\u00dcber 50 % aller Lebewesen auf der Erde leben im Boden, der als Grundlage f\u00fcr das Pflanzenwachstum, die Wasserregulation und die N\u00e4hrstoffversorgung dient. Trotz dieser enormen Bedeutung bleibt das Thema Boden in vielen Schulen oft unzureichend behandelt. Das Projekt\u00a0<em>Bodenlos<\/em>\u00a0greift diese L\u00fccke auf, indem Lernende dazu bef\u00e4higt, B\u00f6den als Lebensraum zu erforschen und die gesundheitlichen Aspekte von B\u00f6den zu verstehen.<\/p>\n    <\/div>\n\n\n    <\/div>\n                            <\/div>\n                        <\/div>\n    <\/div>\n<\/div>\n\n\n    \n                                    <div class=\"accordeon pb-0 pt-0 no-bg modulclass \">\n                    <div class=\"accordeonitem\">\n\n                                                <div class=\"container\">\n                            <div class=\"row\">\n                                                        \n                                <div class=\"col-md-8 offset-md-2 \">\n                                                                        <div class=\"accordionHeadline h3 pb-0 mt-0 no-bg modulclass  \" id=\"\">\n                                        \u00dcberblick                                        <svg xmlns=\"http:\/\/www.w3.org\/2000\/svg\" width=\"20.243\" height=\"11.621\" viewBox=\"0 0 20.243 11.621\">\n                                            <path id=\"Icon_feather-chevron-right\" data-name=\"Icon feather-chevron-right\" d=\"M0,16,8,8,0,0\" transform=\"translate(18.121 2.121) rotate(90)\" fill=\"none\" stroke=\"#4d4d4d\" stroke-linecap=\"round\" stroke-linejoin=\"round\" stroke-width=\"3\"\/>\n                                        <\/svg>\n                                    <\/div>\n                                                            <\/div>\n                                <\/div>\n                            <\/div>\n                        \n                        <div class=\"accordionContent\" style=\"display: none\" >\n                    \n\n\n\n<div class=\"textbildrepeater pb-24 pt-0 no-bg modulclass \" id=\"\">\n    <div class=\"container\">\n        <div class=\"row\">\n                                                                <div class=\"pb-24   mod_textheadlinebtn  col-md-8 offset-md-2 pos_top\">\n                            <div class=\"textrepeater \" id=\"\">\n\n\n    \n    <div class=\"contentrepeater\">\n        <p><\/p>\n<ul>\n<li>St\u00e4rkt die Sach-, Erkenntnis- und Kommunikationskompetenz<\/li>\n<li>Lehrplanrelevante Themen werden praxisnah vermittelt und f\u00f6rdern gleichzeitig Umweltbewusstsein und Nachhaltigkeit<\/li>\n<li>Lehrkr\u00e4fte erhalten umfassende Materialien: Handreichungen, Sch\u00fclerunterlagen und Bewertungskriterien<\/li>\n<\/ul>\n<p><strong>Zielgruppe:<\/strong>\u00a0Klassenstufen 9\u201311<\/p>\n<p><strong>Dauer:<\/strong>\u00a04 Lerneinheiten \u00e0 90 Minuten<\/p>\n<p><strong>Kosten:<\/strong>\u00a0Das Projekt ist kostenlos<\/p>\n<p><strong>Materialien:<\/strong>\u00a0Alle ben\u00f6tigten Materialien und Anleitungen werden bereitgestellt.<\/p>\n    <\/div>\n\n\n    <\/div>\n                            <\/div>\n                        <\/div>\n    <\/div>\n<\/div>\n\n\n    \n                                        <\/div>\n                        <\/div>\n                        <\/div>\n                        <div class=\"accordeonende pb-24 pt-0 no-bg modulclass \" id=\"\"><\/div>\n                    \n\n\n\n\n    \n                                    <div class=\"accordeon pb-0 pt-0 no-bg modulclass \">\n                    <div class=\"accordeonitem\">\n\n                                                <div class=\"container\">\n                            <div class=\"row\">\n                                                        \n                                <div class=\"col-md-8 offset-md-2 \">\n                                                                        <div class=\"accordionHeadline h3 pb-0 mt-0 no-bg modulclass  \" id=\"\">\n                                        Was machen die Sch\u00fclerinnen und Sch\u00fcler?                                        <svg xmlns=\"http:\/\/www.w3.org\/2000\/svg\" width=\"20.243\" height=\"11.621\" viewBox=\"0 0 20.243 11.621\">\n                                            <path id=\"Icon_feather-chevron-right\" data-name=\"Icon feather-chevron-right\" d=\"M0,16,8,8,0,0\" transform=\"translate(18.121 2.121) rotate(90)\" fill=\"none\" stroke=\"#4d4d4d\" stroke-linecap=\"round\" stroke-linejoin=\"round\" stroke-width=\"3\"\/>\n                                        <\/svg>\n                                    <\/div>\n                                                            <\/div>\n                                <\/div>\n                            <\/div>\n                        \n                        <div class=\"accordionContent\" style=\"display: none\" >\n                    \n\n\n\n<div class=\"textbildrepeater pb-24 pt-0 no-bg modulclass \" id=\"\">\n    <div class=\"container\">\n        <div class=\"row\">\n                                                                <div class=\"pb-24   mod_textheadlinebtn  col-md-8 offset-md-2 pos_top\">\n                            <div class=\"textrepeater \" id=\"\">\n\n\n    \n    <div class=\"contentrepeater\">\n        <p><\/p>\n<p>Die Sch\u00fclerinnen und Sch\u00fcler f\u00fchren auf dem Schulgel\u00e4nde oder in der N\u00e4he zwei Fl\u00e4chenvergleiche durch: eine naturnahe Fl\u00e4che (wie eine wilde Wiese) und eine st\u00e4rker von menschlichen Aktivit\u00e4ten beeinflusste Fl\u00e4che (wie ein Rasen oder Blumenbeet). Ziel ist es, zu erkennen, wie menschliche Einfl\u00fcsse die Bodengesundheit und die biologische Vielfalt ver\u00e4ndern. Durch verschiedene Experimente und Datenerhebungen sammeln die Lernenden wertvolle Informationen \u00fcber das Bodenleben und die Funktionalit\u00e4t der B\u00f6den. Sie f\u00fchren eine Reihe chemischer und biologischer Tests durch und sammeln Proben f\u00fcr weiterf\u00fchrende Analysen. Diese Daten werden am iDiv weiter untersucht, um ein deutschlandweites Monitoring der Bodengesundheit zu unterst\u00fctzen.<\/p>\n<p>Zu den untersuchten Faktoren geh\u00f6ren:<\/p>\n<ul>\n<li>Baumbestand und Pflanzendeckung: Wie wirken sich B\u00e4ume und Pflanzen auf das Mikroklima des Bodens aus? Ihre Wurzeln stabilisieren den Boden und verbessern die Wasserspeicherung, w\u00e4hrend ihr Bl\u00e4tterdach Schatten spendet und die Feuchtigkeit erh\u00e4lt.<\/li>\n<li>Unterirdische Fra\u00dfaktivit\u00e4t: Kleine Bodenorganismen wie Mikroben, Springschw\u00e4nze und Asseln spielen eine zentrale Rolle bei der Zersetzung organischer Materialien. Sie helfen dabei, abgestorbene Pflanzen und Tiere zu zersetzen, wodurch wichtige N\u00e4hrstoffe freigesetzt werden, die wiederum das Wachstum von Pflanzen f\u00f6rdern. Diese Organismen sind unverzichtbar f\u00fcr den N\u00e4hrstoffkreislauf im Boden und tragen somit ma\u00dfgeblich zur Fruchtbarkeit des Bodens bei.<\/li>\n<li>Oberirdische R\u00e4uber: \u00dcber der Erde helfen Raubtiere wie K\u00e4fer, Spinnen und V\u00f6gel, das \u00f6kologische Gleichgewicht zu bewahren, indem sie pflanzenfressende Insekten kontrollieren. Sie verhindern, dass die Pflanzenfresser die Vegetation \u00fcberm\u00e4\u00dfig sch\u00e4digen, was besonders in landwirtschaftlichen und nat\u00fcrlichen \u00d6kosystemen von gro\u00dfer Bedeutung ist.<\/li>\n<li>pH-Wert des Bodens: Der pH-Wert beeinflusst, welche N\u00e4hrstoffe f\u00fcr Pflanzen verf\u00fcgbar sind. Ein ausgewogener pH-Wert ist ein Zeichen f\u00fcr einen gesunden Boden, der das Wachstum vielf\u00e4ltiger Pflanzen erm\u00f6glicht.<\/li>\n<li>Regenw\u00fcrmer als \u201e\u00d6kosystem-Ingenieure\u201c: Regenw\u00fcrmer lockern den Boden auf, bel\u00fcften ihn und verteilen N\u00e4hrstoffe. Ihre Anwesenheit ist ein Indikator f\u00fcr Bodenfruchtbarkeit.<\/li>\n<\/ul>\n    <\/div>\n\n\n    <\/div>\n                            <\/div>\n                        <\/div>\n    <\/div>\n<\/div>\n\n\n    \n                                        <\/div>\n                        <\/div>\n                        <\/div>\n                        <div class=\"accordeonende pb-24 pt-0 no-bg modulclass \" id=\"\"><\/div>\n                    \n\n\n\n\n    \n                                    <div class=\"accordeon pb-0 pt-0 no-bg modulclass \">\n                    <div class=\"accordeonitem\">\n\n                                                <div class=\"container\">\n                            <div class=\"row\">\n                                                        \n                                <div class=\"col-md-8 offset-md-2 \">\n                                                                        <div class=\"accordionHeadline h3 pb-0 mt-0 no-bg modulclass  \" id=\"\">\n                                        Wissenschaftliche und P\u00e4dagogische Relevanz                                        <svg xmlns=\"http:\/\/www.w3.org\/2000\/svg\" width=\"20.243\" height=\"11.621\" viewBox=\"0 0 20.243 11.621\">\n                                            <path id=\"Icon_feather-chevron-right\" data-name=\"Icon feather-chevron-right\" d=\"M0,16,8,8,0,0\" transform=\"translate(18.121 2.121) rotate(90)\" fill=\"none\" stroke=\"#4d4d4d\" stroke-linecap=\"round\" stroke-linejoin=\"round\" stroke-width=\"3\"\/>\n                                        <\/svg>\n                                    <\/div>\n                                                            <\/div>\n                                <\/div>\n                            <\/div>\n                        \n                        <div class=\"accordionContent\" style=\"display: none\" >\n                    \n\n\n\n<div class=\"textbildrepeater pb-24 pt-0 no-bg modulclass \" id=\"\">\n    <div class=\"container\">\n        <div class=\"row\">\n                                                                <div class=\"pb-24   mod_textheadlinebtn  col-md-8 offset-md-2 pos_top\">\n                            <div class=\"textrepeater \" id=\"\">\n\n\n    \n    <div class=\"contentrepeater\">\n        <p><\/p>\n<p>Das Projekt verbindet Forschung und Bildung: Es f\u00f6rdert das Verst\u00e4ndnis f\u00fcr die \u00f6kologischen Funktionen von B\u00f6den und st\u00e4rkt das Bewusstsein f\u00fcr nachhaltige Bodennutzung. Gleichzeitig unterst\u00fctzt es die Lehrkr\u00e4fte durch fertige Unterrichtsmaterialien und Hands-on-Aktivit\u00e4ten, die direkt im Biologieunterricht eingesetzt werden k\u00f6nnen.<\/p>\n<p>Die Sch\u00fclerinnen und Sch\u00fcler entwickeln im Rahmen des Projekts wissenschaftliche Kompetenzen und erweitern ihr Wissen \u00fcber nachhaltige Entwicklung und Umweltschutz. Sie f\u00fchren praktische Experimente durch und sammeln Daten \u00fcber B\u00f6den, die anschlie\u00dfend am iDiv analysiert werden. Ein zentraler Bestandteil der wissenschaftlichen Auswertung ist die Berechnung eines Multifunktionalit\u00e4tsindex der B\u00f6den. Dieser Index zeigt auf, wie effektiv verschiedene Bodenfunktionen in den untersuchten Bereichen erf\u00fcllt werden, und gibt Aufschluss \u00fcber die allgemeine Gesundheit des Bodens.<\/p>\n<p><em>Bodenlos<\/em>\u00a0integriert wichtige Themen der nachhaltigen Entwicklung (BNE) und zeigt, wie menschliche Eingriffe in \u00d6kosysteme die Bodengesundheit und die biologische Vielfalt beeinflussen. Die gesammelten Daten tragen zu einem deutschlandweiten Monitoring der Bodengesundheit bei und unterst\u00fctzen damit langfristige Forschungsprojekte zum Erhalt dieser kostbaren Ressource.<\/p>\n    <\/div>\n\n\n    <\/div>\n                            <\/div>\n                        <\/div>\n    <\/div>\n<\/div>\n\n\n    \n                                        <\/div>\n                        <\/div>\n                        <\/div>\n                        <div class=\"accordeonende pb-24 pt-0 no-bg modulclass \" id=\"\"><\/div>\n                    \n\n\n\n<div class=\"textbildrepeater pb-24 pt-48 no-bg modulclass \" id=\"\">\n    <div class=\"container\">\n        <div class=\"row\">\n                                                                <div class=\"pb-24   mod_textheadlinebtn  col-md-8 offset-md-2 pos_top\">\n                            <div class=\"textrepeater \" id=\"\">\n\n\n    \n    <div class=\"contentrepeater\">\n        <header>\n<header>\n<h2 class=\"\">Kontakt<\/h2>\n<\/header>\n<p>Melden Sie sich gerne bei uns f\u00fcr weitere Infos oder um dabei zu sein:\u00a0<a href=\"ma&#105;&#108;&#116;&#x6f;&#x3a;&#x6d;&#x61;&#x72;ie&#46;&#115;&#117;&#x65;&#x6e;&#x6e;&#x65;&#x6d;an&#110;&#64;&#105;&#x64;&#x69;&#x76;&#x2e;&#x64;e\">&#x6d;&#97;&#114;i&#x65;&#x2e;&#115;u&#x65;&#x6e;&#110;em&#x61;&#110;&#110;&#64;&#x69;&#x64;&#105;v&#x2e;&#x64;&#101;<\/a><\/p>\n<\/header>\n    <\/div>\n\n\n    <\/div>\n                            <\/div>\n                        <\/div>\n    <\/div>\n<\/div>","protected":false},"excerpt":{"rendered":"","protected":false},"author":4,"featured_media":0,"parent":30869,"menu_order":0,"comment_status":"closed","ping_status":"closed","template":"","meta":{"_acf_changed":false,"advgb_blocks_editor_width":"","advgb_blocks_columns_visual_guide":"","footnotes":"","_links_to":"","_links_to_target":""},"class_list":["post-28250","page","type-page","status-publish","hentry"],"acf":{"search_thumb":25333,"search_kurzbeschreibung":"","breadcrumb":false},"yoast_head":"<!-- This site is optimized with the Yoast SEO plugin v27.5 - https:\/\/yoast.com\/product\/yoast-seo-wordpress\/ -->\n<title>Bodenlos | iDiv<\/title>\n<meta name=\"robots\" content=\"index, follow, max-snippet:-1, max-image-preview:large, max-video-preview:-1\" \/>\n<link rel=\"canonical\" href=\"https:\/\/www.idiv.de\/de\/impact\/buergerwissenschaft\/bodenlos\/\" \/>\n<meta property=\"og:locale\" content=\"de_DE\" \/>\n<meta property=\"og:type\" content=\"article\" \/>\n<meta property=\"og:title\" content=\"Bodenlos | iDiv\" \/>\n<meta property=\"og:url\" content=\"https:\/\/www.idiv.de\/de\/impact\/buergerwissenschaft\/bodenlos\/\" \/>\n<meta property=\"og:site_name\" content=\"iDiv\" \/>\n<meta property=\"article:modified_time\" content=\"2025-05-27T08:50:24+00:00\" \/>\n<meta property=\"og:image\" content=\"https:\/\/www.idiv.de\/wp-content\/uploads\/2025\/03\/worm_in_hand_by_Marie_Suennemann.jpg\" \/>\n\t<meta property=\"og:image:width\" content=\"1920\" \/>\n\t<meta property=\"og:image:height\" content=\"1080\" \/>\n\t<meta property=\"og:image:type\" content=\"image\/jpeg\" \/>\n<meta name=\"twitter:card\" content=\"summary_large_image\" \/>\n<meta name=\"twitter:site\" content=\"@idiv\" \/>\n<script type=\"application\/ld+json\" class=\"yoast-schema-graph\">{\"@context\":\"https:\\\/\\\/schema.org\",\"@graph\":[{\"@type\":\"WebPage\",\"@id\":\"https:\\\/\\\/www.idiv.de\\\/de\\\/impact\\\/buergerwissenschaft\\\/bodenlos\\\/\",\"url\":\"https:\\\/\\\/www.idiv.de\\\/de\\\/impact\\\/buergerwissenschaft\\\/bodenlos\\\/\",\"name\":\"Bodenlos | iDiv\",\"isPartOf\":{\"@id\":\"https:\\\/\\\/www.idiv.de\\\/de\\\/#website\"},\"datePublished\":\"2025-03-06T13:34:33+00:00\",\"dateModified\":\"2025-05-27T08:50:24+00:00\",\"breadcrumb\":{\"@id\":\"https:\\\/\\\/www.idiv.de\\\/de\\\/impact\\\/buergerwissenschaft\\\/bodenlos\\\/#breadcrumb\"},\"inLanguage\":\"de\",\"potentialAction\":[{\"@type\":\"ReadAction\",\"target\":[\"https:\\\/\\\/www.idiv.de\\\/de\\\/impact\\\/buergerwissenschaft\\\/bodenlos\\\/\"]}]},{\"@type\":\"BreadcrumbList\",\"@id\":\"https:\\\/\\\/www.idiv.de\\\/de\\\/impact\\\/buergerwissenschaft\\\/bodenlos\\\/#breadcrumb\",\"itemListElement\":[{\"@type\":\"ListItem\",\"position\":1,\"name\":\"Startseite\",\"item\":\"https:\\\/\\\/www.idiv.de\\\/de\\\/\"},{\"@type\":\"ListItem\",\"position\":2,\"name\":\"Wirken\",\"item\":\"https:\\\/\\\/www.idiv.de\\\/de\\\/impact\\\/\"},{\"@type\":\"ListItem\",\"position\":3,\"name\":\"B\u00fcrgerwissenschaft\",\"item\":\"https:\\\/\\\/www.idiv.de\\\/de\\\/impact\\\/buergerwissenschaft\\\/\"},{\"@type\":\"ListItem\",\"position\":4,\"name\":\"Bodenlos\"}]},{\"@type\":\"WebSite\",\"@id\":\"https:\\\/\\\/www.idiv.de\\\/de\\\/#website\",\"url\":\"https:\\\/\\\/www.idiv.de\\\/de\\\/\",\"name\":\"iDiv\",\"description\":\"Hotspot in Biodiversity Research\",\"publisher\":{\"@id\":\"https:\\\/\\\/www.idiv.de\\\/de\\\/#organization\"},\"potentialAction\":[{\"@type\":\"SearchAction\",\"target\":{\"@type\":\"EntryPoint\",\"urlTemplate\":\"https:\\\/\\\/www.idiv.de\\\/de\\\/?s={search_term_string}\"},\"query-input\":{\"@type\":\"PropertyValueSpecification\",\"valueRequired\":true,\"valueName\":\"search_term_string\"}}],\"inLanguage\":\"de\"},{\"@type\":\"Organization\",\"@id\":\"https:\\\/\\\/www.idiv.de\\\/de\\\/#organization\",\"name\":\"idiv\",\"url\":\"https:\\\/\\\/www.idiv.de\\\/de\\\/\",\"logo\":{\"@type\":\"ImageObject\",\"inLanguage\":\"de\",\"@id\":\"https:\\\/\\\/www.idiv.de\\\/de\\\/#\\\/schema\\\/logo\\\/image\\\/\",\"url\":\"https:\\\/\\\/www.idiv.de\\\/wp-content\\\/uploads\\\/2024\\\/08\\\/iDiv_Logo_long_v1_EN_black_4c.jpg\",\"contentUrl\":\"https:\\\/\\\/www.idiv.de\\\/wp-content\\\/uploads\\\/2024\\\/08\\\/iDiv_Logo_long_v1_EN_black_4c.jpg\",\"width\":2448,\"height\":674,\"caption\":\"idiv\"},\"image\":{\"@id\":\"https:\\\/\\\/www.idiv.de\\\/de\\\/#\\\/schema\\\/logo\\\/image\\\/\"},\"sameAs\":[\"https:\\\/\\\/x.com\\\/idiv\",\"https:\\\/\\\/www.linkedin.com\\\/company\\\/idiv-biodiversity\\\/\",\"https:\\\/\\\/www.youtube.com\\\/idiv-research\"]}]}<\/script>\n<!-- \/ Yoast SEO plugin. -->","yoast_head_json":{"title":"Bodenlos | iDiv","robots":{"index":"index","follow":"follow","max-snippet":"max-snippet:-1","max-image-preview":"max-image-preview:large","max-video-preview":"max-video-preview:-1"},"canonical":"https:\/\/www.idiv.de\/de\/impact\/buergerwissenschaft\/bodenlos\/","og_locale":"de_DE","og_type":"article","og_title":"Bodenlos | iDiv","og_url":"https:\/\/www.idiv.de\/de\/impact\/buergerwissenschaft\/bodenlos\/","og_site_name":"iDiv","article_modified_time":"2025-05-27T08:50:24+00:00","og_image":[{"width":1920,"height":1080,"url":"https:\/\/www.idiv.de\/wp-content\/uploads\/2025\/03\/worm_in_hand_by_Marie_Suennemann.jpg","type":"image\/jpeg"}],"twitter_card":"summary_large_image","twitter_site":"@idiv","schema":{"@context":"https:\/\/schema.org","@graph":[{"@type":"WebPage","@id":"https:\/\/www.idiv.de\/de\/impact\/buergerwissenschaft\/bodenlos\/","url":"https:\/\/www.idiv.de\/de\/impact\/buergerwissenschaft\/bodenlos\/","name":"Bodenlos | iDiv","isPartOf":{"@id":"https:\/\/www.idiv.de\/de\/#website"},"datePublished":"2025-03-06T13:34:33+00:00","dateModified":"2025-05-27T08:50:24+00:00","breadcrumb":{"@id":"https:\/\/www.idiv.de\/de\/impact\/buergerwissenschaft\/bodenlos\/#breadcrumb"},"inLanguage":"de","potentialAction":[{"@type":"ReadAction","target":["https:\/\/www.idiv.de\/de\/impact\/buergerwissenschaft\/bodenlos\/"]}]},{"@type":"BreadcrumbList","@id":"https:\/\/www.idiv.de\/de\/impact\/buergerwissenschaft\/bodenlos\/#breadcrumb","itemListElement":[{"@type":"ListItem","position":1,"name":"Startseite","item":"https:\/\/www.idiv.de\/de\/"},{"@type":"ListItem","position":2,"name":"Wirken","item":"https:\/\/www.idiv.de\/de\/impact\/"},{"@type":"ListItem","position":3,"name":"B\u00fcrgerwissenschaft","item":"https:\/\/www.idiv.de\/de\/impact\/buergerwissenschaft\/"},{"@type":"ListItem","position":4,"name":"Bodenlos"}]},{"@type":"WebSite","@id":"https:\/\/www.idiv.de\/de\/#website","url":"https:\/\/www.idiv.de\/de\/","name":"iDiv","description":"Hotspot in Biodiversity Research","publisher":{"@id":"https:\/\/www.idiv.de\/de\/#organization"},"potentialAction":[{"@type":"SearchAction","target":{"@type":"EntryPoint","urlTemplate":"https:\/\/www.idiv.de\/de\/?s={search_term_string}"},"query-input":{"@type":"PropertyValueSpecification","valueRequired":true,"valueName":"search_term_string"}}],"inLanguage":"de"},{"@type":"Organization","@id":"https:\/\/www.idiv.de\/de\/#organization","name":"idiv","url":"https:\/\/www.idiv.de\/de\/","logo":{"@type":"ImageObject","inLanguage":"de","@id":"https:\/\/www.idiv.de\/de\/#\/schema\/logo\/image\/","url":"https:\/\/www.idiv.de\/wp-content\/uploads\/2024\/08\/iDiv_Logo_long_v1_EN_black_4c.jpg","contentUrl":"https:\/\/www.idiv.de\/wp-content\/uploads\/2024\/08\/iDiv_Logo_long_v1_EN_black_4c.jpg","width":2448,"height":674,"caption":"idiv"},"image":{"@id":"https:\/\/www.idiv.de\/de\/#\/schema\/logo\/image\/"},"sameAs":["https:\/\/x.com\/idiv","https:\/\/www.linkedin.com\/company\/idiv-biodiversity\/","https:\/\/www.youtube.com\/idiv-research"]}]}},"coauthors":[],"author_meta":{"author_link":"https:\/\/www.idiv.de\/de\/author\/volker-hahn\/","display_name":"Volker Hahn"},"relative_dates":{"created":"Ver\u00f6ffentlicht 1\u00a0Jahr vor","modified":"Aktualisiert 11\u00a0Monaten vor"},"absolute_dates":{"created":"Ver\u00f6ffentlicht am 6. M\u00e4rz 2025","modified":"Aktualisiert am 27. Mai 2025"},"absolute_dates_time":{"created":"Ver\u00f6ffentlicht am 6. M\u00e4rz 2025 14:34","modified":"Aktualisiert am 27. Mai 2025 9:50"},"featured_img_caption":"","featured_img":false,"series_order":"","_links":{"self":[{"href":"https:\/\/www.idiv.de\/de\/wp-json\/wp\/v2\/pages\/28250","targetHints":{"allow":["GET"]}}],"collection":[{"href":"https:\/\/www.idiv.de\/de\/wp-json\/wp\/v2\/pages"}],"about":[{"href":"https:\/\/www.idiv.de\/de\/wp-json\/wp\/v2\/types\/page"}],"author":[{"embeddable":true,"href":"https:\/\/www.idiv.de\/de\/wp-json\/wp\/v2\/users\/4"}],"replies":[{"embeddable":true,"href":"https:\/\/www.idiv.de\/de\/wp-json\/wp\/v2\/comments?post=28250"}],"version-history":[{"count":2,"href":"https:\/\/www.idiv.de\/de\/wp-json\/wp\/v2\/pages\/28250\/revisions"}],"predecessor-version":[{"id":31056,"href":"https:\/\/www.idiv.de\/de\/wp-json\/wp\/v2\/pages\/28250\/revisions\/31056"}],"up":[{"embeddable":true,"href":"https:\/\/www.idiv.de\/de\/wp-json\/wp\/v2\/pages\/30869"}],"wp:attachment":[{"href":"https:\/\/www.idiv.de\/de\/wp-json\/wp\/v2\/media?parent=28250"}],"curies":[{"name":"wp","href":"https:\/\/api.w.org\/{rel}","templated":true}]}}