{"id":21965,"date":"2024-11-20T20:40:57","date_gmt":"2024-11-20T19:40:57","guid":{"rendered":"https:\/\/www.idiv.de\/forschung\/projekte\/phenobs\/associated-projects\/"},"modified":"2026-04-28T12:16:03","modified_gmt":"2026-04-28T10:16:03","slug":"assoziierte-projekte","status":"publish","type":"page","link":"https:\/\/www.idiv.de\/de\/forschung\/projekte\/phenobs\/assoziierte-projekte\/","title":{"rendered":"Assoziierte Projekte"},"content":{"rendered":"<div class=\"headline pb-24 pt-0 no-bg modulclass  block\" id=\"\">\n    <div class=\"container\"><div class=\"row\"><div class=\"col-md-12 relative\"><h1 class=\"h1 align-center mb-64\" >Assoziierte Projekte<\/h1><\/div><\/div><\/div><\/div>\n\n<div class=\"textbildrepeater pb-24 pt-0 no-bg modulclass \" id=\"\">\n    <div class=\"container\">\n        <div class=\"row\">\n                                                                <div class=\"pb-24   mod_textheadlinebtn  col-md-6 offset-md-2 pos_top\">\n                            <div class=\"textrepeater \" id=\"\">\n\n\n    <h2 class=\"h2 tleft\" >Senckenberg Institut f\u00fcr Pflanzenvielfalt<\/h2>\n    <div class=\"contentrepeater\">\n        <div class=\"spalte\">\n<div id=\"c27610\" class=\"frame frame-default frame-type-text frame-layout-0\">Wir arbeiten eng mit dem SIP (Senckenberg Institute for Plant Form and Function) zusammen. Dieses Institut verbindet naturkundliche Sammlungen mit modernsten Ans\u00e4tzen der Biodiversit\u00e4t und Datenwissenschaft. Anhand von Herbariumsexemplaren k\u00f6nnen viele ph\u00e4nologische Daten gewonnen und analysiert werden.<\/div>\n<div class=\"frame frame-default frame-type-text frame-layout-0\"><a href=\"https:\/\/www.senckenberg.de\/de\/forschung\/institute-uebersicht\/neu-sip-jena-senckenberg-institut-fuer-pflanzenvielfalt\/\" target=\"_blank\" aria-label=\"open in new tab\" rel=\"noopener\">Wir wollen einen Blick in die Vergangenheit werfen!<\/a><\/div>\n<\/div>\n    <\/div>\n\n\n    <\/div>\n                            <\/div>\n                                                                    <div class=\"pb-24   mod_bild  col-md-2 offset-md-0 pos_top\">\n                            <div class=\"bildrepeater \" id=\"\">\n    <div class=\"relativ\"><img decoding=\"async\" class=\"responsiv desktop\" src=\"https:\/\/www.idiv.de\/wp-content\/uploads\/2024\/12\/SIP.jpg\" height=\"\" width=\"\" alt=\"idiv-\"\/><img decoding=\"async\" class=\"responsiv mobile\" src=\"https:\/\/www.idiv.de\/wp-content\/uploads\/2024\/12\/SIP.jpg\" height=\"\" width=\"\" alt=\"idiv-\"\/><\/div><\/div>\n                            <\/div>\n                                                                    <div class=\"pb-24   mod_textheadlinebtn  col-md-6 offset-md-2 pos_top\">\n                            <div class=\"textrepeater \" id=\"\">\n\n\n    <h2 class=\"h2 tleft\" >PflanzeKlimaKultur!<\/h2>\n    <div class=\"contentrepeater\">\n        <div class=\"spalte\">\n<div id=\"c20596\" class=\"frame frame-default frame-type-text frame-layout-0\">Im Verbundprojekt \u201ePflanzeKlimaKultur!\u201c m\u00f6chten Wissenschaftler*innen des Botanischen Gartens Berlin (Freie Universit\u00e4t Berlin) und des iDiv an der Universit\u00e4t Jena gemeinsam mit B\u00fcrger*innen in Berlin, Halle, Jena und Leipzig den Einfluss des Klimawandels auf die Wachstumsphasen von Pflanzen erforschen. Sie k\u00f6nnen die Entwicklungsstadien von ausgew\u00e4hlten krautigen Pflanzen in Ihrem eigenen Garten oder in den Modellbeeten in einem der vier Botanischen G\u00e4rten beobachten und erfassen.<\/div>\n<div class=\"frame frame-default frame-type-text frame-layout-0\"><a href=\"https:\/\/www.pflanzeklimakultur.de\/index.php\/de\/\" target=\"_blank\" aria-label=\"open in new tab\" rel=\"noopener\">Werden Sie selbst zum Wissenschaftler\/ zur Wissenschaftlerin!<\/a><\/div>\n<\/div>\n    <\/div>\n\n\n    <\/div>\n                            <\/div>\n                                                                    <div class=\"pb-24   mod_bild  col-md-2 offset-md-0 pos_top\">\n                            <div class=\"bildrepeater \" id=\"\">\n    <div class=\"relativ\"><img decoding=\"async\" class=\"responsiv desktop\" src=\"https:\/\/www.idiv.de\/wp-content\/uploads\/2024\/12\/logo_pflanzeklimakultur.png\" height=\"\" width=\"\" alt=\"idiv-\"\/><img decoding=\"async\" class=\"responsiv mobile\" src=\"https:\/\/www.idiv.de\/wp-content\/uploads\/2024\/12\/logo_pflanzeklimakultur.png\" height=\"\" width=\"\" alt=\"idiv-\"\/><\/div><\/div>\n                            <\/div>\n                                                                    <div class=\"pb-24   mod_textheadlinebtn  col-md-6 offset-md-2 pos_top\">\n                            <div class=\"textrepeater \" id=\"\">\n\n\n    <h2 class=\"h2 tleft\" >Making a Change!<\/h2>\n    <div class=\"contentrepeater\">\n        <p>Die Beobachtung von ph\u00e4nologischen Prozessen und Erscheinungen bietet eine wertvolle M\u00f6glichkeit, den Klimawandel und dessen Folgen sichtbar und erlebar zu machen. Sch\u00fcler*innen besch\u00e4ftigen sich \u00fcber einen l\u00e4ngeren Zeitraum hinweg mit genau diesen Fragen. Sie stellen eigenst\u00e4ndig Beobachtungen an und sammeln \u00fcber ein Schuljahr hinweg Daten zu bestimmten Pflanzen in ihrem eigenen Umfeld. Hierbei arbeiten sie mit Expert*innen der Universit\u00e4t Wien bzw. dem botanischen Garten Wien zusammen und lernen wissenschaftliches Arbeiten kennen.<\/p>\n<p><a href=\"https:\/\/makingachange.ccca.ac.at\/phaenologische-betrachtungen\/\" target=\"_blank\" aria-label=\"open in new tab\" rel=\"noopener\">Schulen und Sch\u00fcler treffen das PhenObs-Netzwerk!<\/a><\/p>\n    <\/div>\n\n\n    <\/div>\n                            <\/div>\n                                                                    <div class=\"pb-24   mod_bild  col-md-2 offset-md-0 pos_top\">\n                            <div class=\"bildrepeater \" id=\"\">\n    <div class=\"relativ\"><img decoding=\"async\" class=\"responsiv desktop\" src=\"https:\/\/www.idiv.de\/wp-content\/uploads\/2024\/12\/Makingachange.jpg\" height=\"\" width=\"\" alt=\"idiv-\"\/><img decoding=\"async\" class=\"responsiv mobile\" src=\"https:\/\/www.idiv.de\/wp-content\/uploads\/2024\/12\/Makingachange.jpg\" height=\"\" width=\"\" alt=\"idiv-\"\/><\/div><\/div>\n                            <\/div>\n                                                                    <div class=\"pb-24   mod_textheadlinebtn  col-md-6 offset-md-2 pos_top\">\n                            <div class=\"textrepeater \" id=\"\">\n\n\n    <h2 class=\"h2 tleft\" >iCyt &#8211; Pollenanalysen<\/h2>\n    <div class=\"contentrepeater\">\n        <p>Die iDiv Arbeitsgruppe \u201ciCyt\u201d (\u201cintegrative Cytomics\u201d) untersucht und vermisst in Fl\u00fc\u00dfigkeit gel\u00f6ste Zellen verschiedener Herkunft. Hierbei kann es sich um Wasser-, Boden- oder Luftproben von Pflanzen oder Tieren handeln. Ihre einzigartigen Methoden zur Vermessung individueller Partikel in Kombination mit &#8222;deep-learning&#8220; Algorithmen erm\u00f6glicht es, Pollen der beobachteten Arten und Pflanze-Best\u00e4uber-Interaktionen innerhalb des PhenObs-Netzwerkes zu untersuchen.<\/p>\n<p><a href=\"https:\/\/www.ufz.de\/index.php?en=47776\" target=\"_blank\" aria-label=\"open in new tab\" rel=\"noopener\">Klein &#8211; kleiner &#8211; Pollenanalysen!<\/a><\/p>\n    <\/div>\n\n\n    <\/div>\n                            <\/div>\n                                                                    <div class=\"pb-24   mod_bild  col-md-2 offset-md-0 pos_top\">\n                            <div class=\"bildrepeater \" id=\"\">\n    <div class=\"relativ\"><img decoding=\"async\" class=\"responsiv desktop\" src=\"https:\/\/www.idiv.de\/wp-content\/uploads\/2024\/12\/iCyt_Logo.png\" height=\"\" width=\"\" alt=\"idiv-\"\/><img decoding=\"async\" class=\"responsiv mobile\" src=\"https:\/\/www.idiv.de\/wp-content\/uploads\/2024\/12\/iCyt_Logo.png\" height=\"\" width=\"\" alt=\"idiv-\"\/><\/div><\/div>\n                            <\/div>\n                                                                    <div class=\"pb-24   mod_textheadlinebtn  col-md-6 offset-md-2 pos_top\">\n                            <div class=\"textrepeater \" id=\"\">\n\n\n    <h2 class=\"h2 tleft\" >PollObs &#8211; Best\u00e4uberbeobachtungen in PhenObs<\/h2>\n    <div class=\"contentrepeater\">\n        <div class=\"spalte\">\n<div id=\"c22798\" class=\"frame frame-default frame-type-text frame-layout-0\">\n<p class=\"tw-data-text tw-text-large tw-ta\">Zusammen mit Kollegen des iDiv, insbesondere der Arbeitsgruppe &#8222;<a href=\"https:\/\/www.ufz.de\/index.php?en=38919\" target=\"_blank\" aria-label=\"open in new tab\" rel=\"noopener\">R\u00e4umliche Interaktions\u00f6kologie<\/a>&#8220; (Prof. Tiffany Knight), nehmen wir die Beobachtung von Best\u00e4ubern in den Fokus unserer Arbeits. Ziel von &#8222;PollObs&#8220; ist es den Einfluss von Bl\u00fchzeitpunkten und Bl\u00fctenmerkmalen auf Pflanzen-Best\u00e4uber Interaktionen zu untersuchen. Um diese Fragen zu beantworten nutzen wir Daten aus Experimenten, sowie Feldbeobachtungen in den botanischen G\u00e4rten in jena, Halle und Leipzig. Ein wichtiger Bestandteil ist hierbei die Nutzung von k\u00fcnstlicher Intelligenz (<a href=\"https:\/\/www.idiv.de\/de\/forschung\/kernforschungsgruppen\/arten-interaktionsoekologie\/ki-tools\/\" target=\"_blank\" aria-label=\"open in new tab\" rel=\"noopener\">KI<\/a>) zur automatischen Erkennung von Best\u00e4ubern von Kameraaufnahmen.<\/p>\n<\/div>\n<\/div>\n    <\/div>\n\n\n    <\/div>\n                            <\/div>\n                                                                    <div class=\"pb-24   mod_bild  col-md-2 offset-md-0 pos_top\">\n                            <div class=\"bildrepeater \" id=\"\">\n    <div class=\"relativ\"><img decoding=\"async\" class=\"responsiv desktop\" src=\"https:\/\/www.idiv.de\/wp-content\/uploads\/2024\/12\/PollOBs_KamerainAction-e1734604847328.jpg\" height=\"\" width=\"\" alt=\"idiv-\"\/><img decoding=\"async\" class=\"responsiv mobile\" src=\"https:\/\/www.idiv.de\/wp-content\/uploads\/2024\/12\/PollOBs_KamerainAction-e1734604847328.jpg\" height=\"\" width=\"\" alt=\"idiv-\"\/><\/div><\/div>\n                            <\/div>\n                                                                    <div class=\"pb-24   mod_textheadlinebtn  col-md-6 offset-md-2 pos_top\">\n                            <div class=\"textrepeater \" id=\"\">\n\n\n    <h2 class=\"h2 tleft\" >iDiv PlantHub<\/h2>\n    <div class=\"contentrepeater\">\n        <p>Ziel der iDiv Supportunit &#8222;PlantHub&#8220; ist es freizug\u00e4ngliche Biodiversit\u00e4tsdaten in all ihrer Vielfalt darzsutellen, die Integration zwischen iDiv Projekten und externen Datenbanken zu erh\u00f6hen und Protokolle f\u00fcr den Zugang und die Prozessierung dieser Daten zur Verf\u00fcgung zu stellen. Neben Daten aus PhenObs k\u00f6nnen aktuell\u00a0 die <a href=\"https:\/\/www.try-db.org\/TryWeb\/Home.php\" target=\"_blank\" aria-label=\"open in new tab\" rel=\"noopener\">TRY<\/a>, <a href=\"https:\/\/www.idiv.de\/research\/projects\/smon\/\" target=\"_blank\" aria-label=\"open in new tab\" rel=\"noopener\">sMon<\/a> und <a href=\"https:\/\/glonaf.org\/\" target=\"_blank\" aria-label=\"open in new tab\" rel=\"noopener\">GloNAF<\/a> Datenbank \u00fcber das PlantHub erkundet werden.<\/p>\n<p><a href=\"https:\/\/planthub.idiv.de\/\" target=\"_blank\" aria-label=\"open in new tab\" rel=\"noopener\">Komm und schau vorbei<\/a><\/p>\n    <\/div>\n\n\n    <\/div>\n                            <\/div>\n                                                                    <div class=\"pb-24   mod_bild  col-md-2 offset-md-0 pos_top\">\n                            <div class=\"bildrepeater \" id=\"\">\n    <div class=\"relativ\"><img decoding=\"async\" class=\"responsiv desktop\" src=\"https:\/\/www.idiv.de\/wp-content\/uploads\/2024\/11\/csm_PlantHub_Logo_2_f7aedbebe9.png\" height=\"\" width=\"\" alt=\"idiv-\"\/><img decoding=\"async\" class=\"responsiv mobile\" src=\"https:\/\/www.idiv.de\/wp-content\/uploads\/2024\/11\/csm_PlantHub_Logo_2_f7aedbebe9.png\" height=\"\" width=\"\" alt=\"idiv-\"\/><\/div><\/div>\n                            <\/div>\n                        <\/div>\n    <\/div>\n<\/div>","protected":false},"excerpt":{"rendered":"","protected":false},"author":66,"featured_media":0,"parent":19219,"menu_order":0,"comment_status":"closed","ping_status":"closed","template":"","meta":{"_acf_changed":false,"advgb_blocks_editor_width":"","advgb_blocks_columns_visual_guide":"","footnotes":"","_links_to":"","_links_to_target":""},"class_list":["post-21965","page","type-page","status-publish","hentry"],"acf":{"search_thumb":"","search_kurzbeschreibung":"","breadcrumb":false},"yoast_head":"<!-- This site is optimized with the Yoast SEO plugin v27.5 - https:\/\/yoast.com\/product\/yoast-seo-wordpress\/ -->\n<title>Assoziierte Projekte | iDiv<\/title>\n<meta name=\"robots\" content=\"index, follow, max-snippet:-1, max-image-preview:large, max-video-preview:-1\" \/>\n<link rel=\"canonical\" href=\"https:\/\/www.idiv.de\/de\/forschung\/projekte\/phenobs\/assoziierte-projekte\/\" \/>\n<meta property=\"og:locale\" content=\"de_DE\" \/>\n<meta property=\"og:type\" content=\"article\" \/>\n<meta property=\"og:title\" content=\"Assoziierte Projekte | iDiv\" \/>\n<meta property=\"og:url\" content=\"https:\/\/www.idiv.de\/de\/forschung\/projekte\/phenobs\/assoziierte-projekte\/\" \/>\n<meta property=\"og:site_name\" content=\"iDiv\" \/>\n<meta property=\"article:modified_time\" content=\"2026-04-28T10:16:03+00:00\" \/>\n<meta property=\"og:image\" content=\"https:\/\/www.idiv.de\/wp-content\/uploads\/2024\/11\/iDivSocialMediaShare.jpg\" \/>\n\t<meta property=\"og:image:width\" content=\"1200\" \/>\n\t<meta property=\"og:image:height\" content=\"675\" \/>\n\t<meta property=\"og:image:type\" content=\"image\/jpeg\" \/>\n<meta name=\"twitter:card\" content=\"summary_large_image\" \/>\n<meta name=\"twitter:site\" content=\"@idiv\" \/>\n<script type=\"application\/ld+json\" class=\"yoast-schema-graph\">{\"@context\":\"https:\\\/\\\/schema.org\",\"@graph\":[{\"@type\":\"WebPage\",\"@id\":\"https:\\\/\\\/www.idiv.de\\\/de\\\/forschung\\\/projekte\\\/phenobs\\\/assoziierte-projekte\\\/\",\"url\":\"https:\\\/\\\/www.idiv.de\\\/de\\\/forschung\\\/projekte\\\/phenobs\\\/assoziierte-projekte\\\/\",\"name\":\"Assoziierte Projekte | iDiv\",\"isPartOf\":{\"@id\":\"https:\\\/\\\/www.idiv.de\\\/de\\\/#website\"},\"datePublished\":\"2024-11-20T19:40:57+00:00\",\"dateModified\":\"2026-04-28T10:16:03+00:00\",\"breadcrumb\":{\"@id\":\"https:\\\/\\\/www.idiv.de\\\/de\\\/forschung\\\/projekte\\\/phenobs\\\/assoziierte-projekte\\\/#breadcrumb\"},\"inLanguage\":\"de\",\"potentialAction\":[{\"@type\":\"ReadAction\",\"target\":[\"https:\\\/\\\/www.idiv.de\\\/de\\\/forschung\\\/projekte\\\/phenobs\\\/assoziierte-projekte\\\/\"]}]},{\"@type\":\"BreadcrumbList\",\"@id\":\"https:\\\/\\\/www.idiv.de\\\/de\\\/forschung\\\/projekte\\\/phenobs\\\/assoziierte-projekte\\\/#breadcrumb\",\"itemListElement\":[{\"@type\":\"ListItem\",\"position\":1,\"name\":\"Startseite\",\"item\":\"https:\\\/\\\/www.idiv.de\\\/de\\\/\"},{\"@type\":\"ListItem\",\"position\":2,\"name\":\"Forschung\",\"item\":\"https:\\\/\\\/www.idiv.de\\\/de\\\/research\\\/\"},{\"@type\":\"ListItem\",\"position\":3,\"name\":\"Projekte\",\"item\":\"https:\\\/\\\/www.idiv.de\\\/de\\\/forschung\\\/projekte\\\/\"},{\"@type\":\"ListItem\",\"position\":4,\"name\":\"PhenObs\",\"item\":\"https:\\\/\\\/www.idiv.de\\\/de\\\/forschung\\\/projekte\\\/phenobs\\\/\"},{\"@type\":\"ListItem\",\"position\":5,\"name\":\"Assoziierte Projekte\"}]},{\"@type\":\"WebSite\",\"@id\":\"https:\\\/\\\/www.idiv.de\\\/de\\\/#website\",\"url\":\"https:\\\/\\\/www.idiv.de\\\/de\\\/\",\"name\":\"iDiv\",\"description\":\"Hotspot in Biodiversity Research\",\"publisher\":{\"@id\":\"https:\\\/\\\/www.idiv.de\\\/de\\\/#organization\"},\"potentialAction\":[{\"@type\":\"SearchAction\",\"target\":{\"@type\":\"EntryPoint\",\"urlTemplate\":\"https:\\\/\\\/www.idiv.de\\\/de\\\/?s={search_term_string}\"},\"query-input\":{\"@type\":\"PropertyValueSpecification\",\"valueRequired\":true,\"valueName\":\"search_term_string\"}}],\"inLanguage\":\"de\"},{\"@type\":\"Organization\",\"@id\":\"https:\\\/\\\/www.idiv.de\\\/de\\\/#organization\",\"name\":\"idiv\",\"url\":\"https:\\\/\\\/www.idiv.de\\\/de\\\/\",\"logo\":{\"@type\":\"ImageObject\",\"inLanguage\":\"de\",\"@id\":\"https:\\\/\\\/www.idiv.de\\\/de\\\/#\\\/schema\\\/logo\\\/image\\\/\",\"url\":\"https:\\\/\\\/www.idiv.de\\\/wp-content\\\/uploads\\\/2024\\\/08\\\/iDiv_Logo_long_v1_EN_black_4c.jpg\",\"contentUrl\":\"https:\\\/\\\/www.idiv.de\\\/wp-content\\\/uploads\\\/2024\\\/08\\\/iDiv_Logo_long_v1_EN_black_4c.jpg\",\"width\":2448,\"height\":674,\"caption\":\"idiv\"},\"image\":{\"@id\":\"https:\\\/\\\/www.idiv.de\\\/de\\\/#\\\/schema\\\/logo\\\/image\\\/\"},\"sameAs\":[\"https:\\\/\\\/x.com\\\/idiv\",\"https:\\\/\\\/www.linkedin.com\\\/company\\\/idiv-biodiversity\\\/\",\"https:\\\/\\\/www.youtube.com\\\/idiv-research\"]}]}<\/script>\n<!-- \/ Yoast SEO plugin. -->","yoast_head_json":{"title":"Assoziierte Projekte | iDiv","robots":{"index":"index","follow":"follow","max-snippet":"max-snippet:-1","max-image-preview":"max-image-preview:large","max-video-preview":"max-video-preview:-1"},"canonical":"https:\/\/www.idiv.de\/de\/forschung\/projekte\/phenobs\/assoziierte-projekte\/","og_locale":"de_DE","og_type":"article","og_title":"Assoziierte Projekte | iDiv","og_url":"https:\/\/www.idiv.de\/de\/forschung\/projekte\/phenobs\/assoziierte-projekte\/","og_site_name":"iDiv","article_modified_time":"2026-04-28T10:16:03+00:00","og_image":[{"width":1200,"height":675,"url":"https:\/\/www.idiv.de\/wp-content\/uploads\/2024\/11\/iDivSocialMediaShare.jpg","type":"image\/jpeg"}],"twitter_card":"summary_large_image","twitter_site":"@idiv","schema":{"@context":"https:\/\/schema.org","@graph":[{"@type":"WebPage","@id":"https:\/\/www.idiv.de\/de\/forschung\/projekte\/phenobs\/assoziierte-projekte\/","url":"https:\/\/www.idiv.de\/de\/forschung\/projekte\/phenobs\/assoziierte-projekte\/","name":"Assoziierte Projekte | iDiv","isPartOf":{"@id":"https:\/\/www.idiv.de\/de\/#website"},"datePublished":"2024-11-20T19:40:57+00:00","dateModified":"2026-04-28T10:16:03+00:00","breadcrumb":{"@id":"https:\/\/www.idiv.de\/de\/forschung\/projekte\/phenobs\/assoziierte-projekte\/#breadcrumb"},"inLanguage":"de","potentialAction":[{"@type":"ReadAction","target":["https:\/\/www.idiv.de\/de\/forschung\/projekte\/phenobs\/assoziierte-projekte\/"]}]},{"@type":"BreadcrumbList","@id":"https:\/\/www.idiv.de\/de\/forschung\/projekte\/phenobs\/assoziierte-projekte\/#breadcrumb","itemListElement":[{"@type":"ListItem","position":1,"name":"Startseite","item":"https:\/\/www.idiv.de\/de\/"},{"@type":"ListItem","position":2,"name":"Forschung","item":"https:\/\/www.idiv.de\/de\/research\/"},{"@type":"ListItem","position":3,"name":"Projekte","item":"https:\/\/www.idiv.de\/de\/forschung\/projekte\/"},{"@type":"ListItem","position":4,"name":"PhenObs","item":"https:\/\/www.idiv.de\/de\/forschung\/projekte\/phenobs\/"},{"@type":"ListItem","position":5,"name":"Assoziierte Projekte"}]},{"@type":"WebSite","@id":"https:\/\/www.idiv.de\/de\/#website","url":"https:\/\/www.idiv.de\/de\/","name":"iDiv","description":"Hotspot in Biodiversity Research","publisher":{"@id":"https:\/\/www.idiv.de\/de\/#organization"},"potentialAction":[{"@type":"SearchAction","target":{"@type":"EntryPoint","urlTemplate":"https:\/\/www.idiv.de\/de\/?s={search_term_string}"},"query-input":{"@type":"PropertyValueSpecification","valueRequired":true,"valueName":"search_term_string"}}],"inLanguage":"de"},{"@type":"Organization","@id":"https:\/\/www.idiv.de\/de\/#organization","name":"idiv","url":"https:\/\/www.idiv.de\/de\/","logo":{"@type":"ImageObject","inLanguage":"de","@id":"https:\/\/www.idiv.de\/de\/#\/schema\/logo\/image\/","url":"https:\/\/www.idiv.de\/wp-content\/uploads\/2024\/08\/iDiv_Logo_long_v1_EN_black_4c.jpg","contentUrl":"https:\/\/www.idiv.de\/wp-content\/uploads\/2024\/08\/iDiv_Logo_long_v1_EN_black_4c.jpg","width":2448,"height":674,"caption":"idiv"},"image":{"@id":"https:\/\/www.idiv.de\/de\/#\/schema\/logo\/image\/"},"sameAs":["https:\/\/x.com\/idiv","https:\/\/www.linkedin.com\/company\/idiv-biodiversity\/","https:\/\/www.youtube.com\/idiv-research"]}]}},"coauthors":[],"author_meta":{"author_link":"https:\/\/www.idiv.de\/de\/author\/robert-rauschkolb\/","display_name":"Robert Rauschkolb"},"relative_dates":{"created":"Ver\u00f6ffentlicht 1\u00a0Jahr vor","modified":"Aktualisiert 2\u00a0Wochen vor"},"absolute_dates":{"created":"Ver\u00f6ffentlicht am 20. November 2024","modified":"Aktualisiert am 28. April 2026"},"absolute_dates_time":{"created":"Ver\u00f6ffentlicht am 20. November 2024 20:40","modified":"Aktualisiert am 28. April 2026 12:16"},"featured_img_caption":"","featured_img":false,"series_order":"","_links":{"self":[{"href":"https:\/\/www.idiv.de\/de\/wp-json\/wp\/v2\/pages\/21965","targetHints":{"allow":["GET"]}}],"collection":[{"href":"https:\/\/www.idiv.de\/de\/wp-json\/wp\/v2\/pages"}],"about":[{"href":"https:\/\/www.idiv.de\/de\/wp-json\/wp\/v2\/types\/page"}],"author":[{"embeddable":true,"href":"https:\/\/www.idiv.de\/de\/wp-json\/wp\/v2\/users\/66"}],"replies":[{"embeddable":true,"href":"https:\/\/www.idiv.de\/de\/wp-json\/wp\/v2\/comments?post=21965"}],"version-history":[{"count":5,"href":"https:\/\/www.idiv.de\/de\/wp-json\/wp\/v2\/pages\/21965\/revisions"}],"predecessor-version":[{"id":42015,"href":"https:\/\/www.idiv.de\/de\/wp-json\/wp\/v2\/pages\/21965\/revisions\/42015"}],"up":[{"embeddable":true,"href":"https:\/\/www.idiv.de\/de\/wp-json\/wp\/v2\/pages\/19219"}],"wp:attachment":[{"href":"https:\/\/www.idiv.de\/de\/wp-json\/wp\/v2\/media?parent=21965"}],"curies":[{"name":"wp","href":"https:\/\/api.w.org\/{rel}","templated":true}]}}