{"id":21916,"date":"2024-11-20T20:28:39","date_gmt":"2024-11-20T19:28:39","guid":{"rendered":"https:\/\/www.idiv.de\/forschung\/projekte\/phenobs\/data-access\/"},"modified":"2026-05-01T09:54:27","modified_gmt":"2026-05-01T07:54:27","slug":"datenzugang","status":"publish","type":"page","link":"https:\/\/www.idiv.de\/de\/forschung\/projekte\/phenobs\/datenzugang\/","title":{"rendered":"Datenzugang"},"content":{"rendered":"<div class=\"herosection pb-24 pt-0 no-bg modulclass \" id=\"\">\n                    <div class=\"swiper1noslider  nooverflow swiper thinslider\" id=\"slide_6a035317c0439\">\n        \n                <div class=\"swiper-wrapper\">\n                                            <div class=\"swiper-slide  style_ \" aria-hidden=\"true\" >\n                            <div class=\"backstretchwrap\">\n                        \n                            <div datasrc=\"https:\/\/www.idiv.de\/wp-content\/uploads\/2024\/07\/iDiv-HPC-Cluster-2015-SB-1.jpg\" class=\"backstretchimg responsiv desktop\"><\/div>\n\n                                                    \n                                                    <\/div>\n                                        <div class=\"sliderinhalt \" role=\"region\" aria-label=\"carousel\">\n\n                                            <h1 class=\"h1 align-center\" >Datenzugang<\/h1>\n                                                                                                            <\/div>\n                                            <\/div>\n\n                        \n                 <\/div>\n\n                              <\/div>\n<\/div>\n\n<div class=\"textbildrepeater pb-24 pt-0 no-bg modulclass \" id=\"\">\n    <div class=\"container\">\n        <div class=\"row\">\n                                                                <div class=\"pb-24   mod_textheadlinebtn  col-md-8 offset-md-2 pos_top\">\n                            <div class=\"textrepeater \" id=\"\">\n\n\n    <h2 class=\"h2 \" >Ph\u00e4nologische Daten<\/h2>\n    <div class=\"contentrepeater\">\n        <p>Die im Rahmen von PhenObs gesammelten ph\u00e4nologischen Daten k\u00f6nnen \u00fcber die Datenbank des iDiv abgerufen werden. Die Nutzung der Daten unterliegt der aktuellen Version der Data Policy. Eine \u00dcbersicht \u00fcber die <strong>Arten<\/strong> die wir in den jeweiligen G\u00e4rten beobachten ist\u00a0<a href=\"https:\/\/cloud.uni-jena.de\/s\/HHMN5Fkj6Dppabc\" target=\"_blank\" aria-label=\"open in new tab\" rel=\"noopener\">hier<\/a>\u00a0zu finden.<\/p>\n<p>Zugangsbeschr\u00e4nkte Datens\u00e4tze k\u00f6nnen auf Antrag (&#8222;Data Request Form&#8220;) zur Verf\u00fcgung gestellt werden. Sollten PhenObs Daten in Publikationen verwendet werden, dann sind die Datennutzer dazu verpflichtet die Arbeit von PhenObs entsprechend zu honorieren. Eine standardisierte Formulierung f\u00fcr die Acknowledgments findet sich weiter unten. Des weiteren sollten zentrale <a href=\"https:\/\/idiv-biodiversity.de\/de\/web\/phenobs\/wissenschaftliche-veroeffentlichungen.html\">Publikationen <\/a>zitiert werden.<\/p>\n    <\/div>\n\n\n    <\/div>\n                            <\/div>\n                        <\/div>\n    <\/div>\n<\/div>\n\n<div class=\"iconrepeater pb-24 pt-0 no-bg modulclass  \" id=\"\">\n    <div class=\"container\">\n        <div class=\"row\">\n                                        <div class=\" mod_text  col-md-3 offset-md-1 pos_top align-center\">\n                            <div class=\"textrepeater iconrepeater    \" id=\"\">\n\n    <img decoding=\"async\" class=\"w30 desktop\" src=\"https:\/\/www.idiv.de\/wp-content\/uploads\/2024\/05\/iDiv-icon-pen-green.svg\" height=\"\" width=\"\" alt=\"idiv-\" \/><img decoding=\"async\" class=\"w30 mobile\" src=\"https:\/\/www.idiv.de\/wp-content\/uploads\/2024\/05\/iDiv-icon-pen-green.svg\" height=\"\" width=\"\" alt=\"idiv-\"\/><div class=\"mb-24\" ><p style=\"text-align: center;\"><a href=\"https:\/\/www.idiv.de\/wp-content\/uploads\/2024\/12\/Datarequest_PhenObs.pdf\" target=\"_blank\" aria-label=\"open in new tab\" rel=\"noopener\">Data Request<\/a><\/p>\n<\/div><div class=\"relativ\">\n    <\/div>\n\n\n<\/div>\n                            <\/div>\n                                            <div class=\" mod_text  col-md-3 offset-md-0 pos_top align-center\">\n                            <div class=\"textrepeater iconrepeater    \" id=\"\">\n\n    <img decoding=\"async\" class=\"w30 desktop\" src=\"https:\/\/www.idiv.de\/wp-content\/uploads\/2024\/05\/iDiv-icon-light-green.svg\" height=\"\" width=\"\" alt=\"idiv-\" \/><img decoding=\"async\" class=\"w30 mobile\" src=\"https:\/\/www.idiv.de\/wp-content\/uploads\/2024\/05\/iDiv-icon-light-green.svg\" height=\"\" width=\"\" alt=\"idiv-\"\/><div class=\"mb-24\" ><p style=\"text-align: center;\"><a href=\"https:\/\/www.idiv.de\/fileadmin\/content\/Files_PhenObs\/Members__Newsletters\/PhenObs_Agreement_of_cooperation_Datapolicy_February_2023.pdf\" target=\"_blank\" aria-label=\"open in new tab\" rel=\"noopener\">Data Policy<\/a><\/p>\n<\/div><div class=\"relativ\">\n    <\/div>\n\n\n<\/div>\n                            <\/div>\n                                            <div class=\" mod_text  col-md-3 offset-md-0 pos_top align-center\">\n                            <div class=\"textrepeater iconrepeater    \" id=\"\">\n\n    <img decoding=\"async\" class=\"w30 desktop\" src=\"https:\/\/www.idiv.de\/wp-content\/uploads\/2024\/08\/iDiv-icon-diversity.svg\" height=\"\" width=\"\" alt=\"idiv-\" \/><img decoding=\"async\" class=\"w30 mobile\" src=\"https:\/\/www.idiv.de\/wp-content\/uploads\/2024\/08\/iDiv-icon-diversity.svg\" height=\"\" width=\"\" alt=\"idiv-\"\/><div class=\"mb-24\" ><p style=\"text-align: center;\"><a href=\"https:\/\/cloud.uni-jena.de\/s\/8bLS5FJPGr8Cg2K\" target=\"_blank\" aria-label=\"open in new tab\" rel=\"noopener\">Acknowledgments<\/a><\/p>\n<\/div><div class=\"relativ\">\n    <\/div>\n\n\n<\/div>\n                            <\/div>\n                        <\/div>\n    <\/div>\n<\/div>\n\n<div class=\"textbildrepeater pb-24 pt-0 no-bg modulclass \" id=\"\">\n    <div class=\"container\">\n        <div class=\"row\">\n                                                                <div class=\"pb-24   mod_textheadlinebtn  col-md-5 offset-md-2 pos_top\">\n                            <div class=\"textrepeater \" id=\"\">\n\n\n    <h2 class=\"h2 \" >Entdecke die PhenObs-Daten<\/h2>\n    <div class=\"contentrepeater\">\n        <p>Besuche die <a href=\"https:\/\/planthub.idiv.de\/\" target=\"_blank\" aria-label=\"open in new tab\" rel=\"noopener\">PlantHub-<\/a>Webseite um erste Einblicke in die PhenObs Daten zu erhalten. Hier k\u00f6nnen die Daten grafisch aufbereitet und einfache Analysen druchgef\u00fchrt werden.<\/p>\n    <\/div>\n\n\n    <\/div>\n                            <\/div>\n                                                                    <div class=\"pb-24   mod_bild  col-md-3 offset-md-0 pos_top\">\n                            <div class=\"bildrepeater \" id=\"\">\n    <div class=\"relativ\"><img decoding=\"async\" class=\"responsiv desktop\" src=\"https:\/\/www.idiv.de\/wp-content\/uploads\/2024\/11\/csm_PlantHub_Logo_2_f7aedbebe9.png\" height=\"\" width=\"\" alt=\"idiv-\"\/><img decoding=\"async\" class=\"responsiv mobile\" src=\"https:\/\/www.idiv.de\/wp-content\/uploads\/2024\/11\/csm_PlantHub_Logo_2_f7aedbebe9.png\" height=\"\" width=\"\" alt=\"idiv-\"\/><\/div><\/div>\n                            <\/div>\n                        <\/div>\n    <\/div>\n<\/div>\n\n\n    \n                                    <div class=\"accordeon pb-24 pt-0 no-bg modulclass \">\n                    <div class=\"accordeonitem\">\n\n                                                <div class=\"container\">\n                            <div class=\"row\">\n                                                        \n                                <div class=\"col-md-8 offset-md-2 \">\n                                                                        <div class=\"accordionHeadline h3 pb-24 mt-0 no-bg modulclass  \" id=\"\">\n                                        Open Access                                        <svg xmlns=\"http:\/\/www.w3.org\/2000\/svg\" width=\"20.243\" height=\"11.621\" viewBox=\"0 0 20.243 11.621\">\n                                            <path id=\"Icon_feather-chevron-right\" data-name=\"Icon feather-chevron-right\" d=\"M0,16,8,8,0,0\" transform=\"translate(18.121 2.121) rotate(90)\" fill=\"none\" stroke=\"#4d4d4d\" stroke-linecap=\"round\" stroke-linejoin=\"round\" stroke-width=\"3\"\/>\n                                        <\/svg>\n                                    <\/div>\n                                                            <\/div>\n                                <\/div>\n                            <\/div>\n                        \n                        <div class=\"accordionContent\" style=\"display: none\" >\n                    \n\n\n\n<div class=\"textbildrepeater pb-24 pt-0 no-bg modulclass \" id=\"\">\n    <div class=\"container\">\n        <div class=\"row\">\n                                                                <div class=\"pb-24   mod_text  col-md-8 offset-md-2 pos_top\">\n                            <div class=\"textrepeater \" id=\"\">\n    <div class=\"detailBody\">\n<div id=\"c24129\" class=\"frame frame-default frame-type-text frame-layout-0\">\n<p>Nachdem der Datensatz in der Datenbank aufgerufen wurde, klicken Sie bitte auf &#8222;Primary data&#8220;, um die ph\u00e4nologischen Daten runterzuladen. Falls diese zentral f\u00fcr die Kernaussage oder Graphen\/Tabellen einer Ver\u00f6ffentlichung sind, sollten die entsprechenden &#8222;Data owner&#8220; als Ko-Autoren eingeladen werden:<\/p>\n<p><a href=\"https:\/\/doi.org\/10.25829\/idiv.3519-a6r94f\" target=\"_blank\" aria-label=\"open in new tab\" rel=\"noopener\">Jahrgang 2019<\/a><br \/>\n<a href=\"https:\/\/doi.org\/10.25829\/idiv.3535-6j8cmx\" target=\"_blank\" aria-label=\"open in new tab\" rel=\"noopener\">Jahrgang 2020<\/a><br \/>\n<a href=\"https:\/\/idata.idiv.de\/ddm\/Data\/ShowData\/3536?version=43\" target=\"_blank\" aria-label=\"open in new tab\" rel=\"noopener\">Jahrgang 2021<\/a><br \/>\n<a href=\"https:\/\/idata.idiv.de\/ddm\/Data\/ShowData\/3550?version=33\" target=\"_blank\" aria-label=\"open in new tab\" rel=\"noopener\">Jahrgang 2022<\/a><br \/>\n<a href=\"https:\/\/doi.org\/10.25829\/idiv.3560-d86jz5\" target=\"_blank\" aria-label=\"open in new tab\" rel=\"noopener\">Jahrgang 2023<\/a><\/p>\n<\/div>\n<\/div>\n<\/div>\n                            <\/div>\n                        <\/div>\n    <\/div>\n<\/div>\n\n\n    \n                                        <\/div>\n                        <\/div>\n                        <\/div>\n                        <div class=\"accordeonende pb-24 pt-0 no-bg modulclass \" id=\"\"><\/div>\n                    \n\n\n\n\n    \n                                    <div class=\"accordeon pb-24 pt-0 no-bg modulclass \">\n                    <div class=\"accordeonitem\">\n\n                                                <div class=\"container\">\n                            <div class=\"row\">\n                                                        \n                                <div class=\"col-md-8 offset-md-2 \">\n                                                                        <div class=\"accordionHeadline h3 pb-24 mt-0 no-bg modulclass  \" id=\"\">\n                                        Verf\u00fcgbar auf Anfrage                                        <svg xmlns=\"http:\/\/www.w3.org\/2000\/svg\" width=\"20.243\" height=\"11.621\" viewBox=\"0 0 20.243 11.621\">\n                                            <path id=\"Icon_feather-chevron-right\" data-name=\"Icon feather-chevron-right\" d=\"M0,16,8,8,0,0\" transform=\"translate(18.121 2.121) rotate(90)\" fill=\"none\" stroke=\"#4d4d4d\" stroke-linecap=\"round\" stroke-linejoin=\"round\" stroke-width=\"3\"\/>\n                                        <\/svg>\n                                    <\/div>\n                                                            <\/div>\n                                <\/div>\n                            <\/div>\n                        \n                        <div class=\"accordionContent\" style=\"display: none\" >\n                    \n\n\n\n<div class=\"textbildrepeater pb-24 pt-0 no-bg modulclass \" id=\"\">\n    <div class=\"container\">\n        <div class=\"row\">\n                                                                <div class=\"pb-24   mod_text  col-md-8 offset-md-2 pos_top\">\n                            <div class=\"textrepeater \" id=\"\">\n    <div id=\"slide24123\" class=\"slideElement\">\n<div class=\"detailBody\">\n<div id=\"c24124\" class=\"frame frame-default frame-type-text frame-layout-0\">\n<p><a href=\"https:\/\/doi.org\/10.25829\/idiv.3582-g9vb2e\" target=\"_blank\" aria-label=\"open in new tab\" rel=\"noopener\">Jahrgang 2024<\/a><\/p>\n<\/div>\n<\/div>\n<\/div>\n<p>&nbsp;<\/p>\n<\/div>\n                            <\/div>\n                        <\/div>\n    <\/div>\n<\/div>\n\n\n    \n                                        <\/div>\n                        <\/div>\n                        <\/div>\n                        <div class=\"accordeonende pb-24 pt-0 no-bg modulclass \" id=\"\"><\/div>\n                    \n\n\n\n<hr class=\"modulborder nm np\"><div class=\"textbildrepeater pb-24 pt-24 no-bg modulclass \" id=\"\">\n    <div class=\"container\">\n        <div class=\"row\">\n                                                                <div class=\"pb-24   mod_textheadlinebtn  col-md-8 offset-md-2 pos_top\">\n                            <div class=\"textrepeater \" id=\"\">\n\n\n    <h2 class=\"h2 \" >Funktionelle Merkmale<\/h2>\n    <div class=\"contentrepeater\">\n        <p>Daten zu einer Vielzahl an Pflanzenmerkmalen (z.B. Pflanzenh\u00f6he, SLA, LDMC, Stomatatraits, Samentraits), welche in den botanischen G\u00e4rten gemessen wurden, k\u00f6nnen auf Anfrage zur Verf\u00fcgung gestellt werden.<\/p>\n    <\/div>\n\n\n    <\/div>\n                            <\/div>\n                        <\/div>\n    <\/div>\n<\/div>","protected":false},"excerpt":{"rendered":"","protected":false},"author":66,"featured_media":0,"parent":19219,"menu_order":0,"comment_status":"closed","ping_status":"closed","template":"","meta":{"_acf_changed":false,"advgb_blocks_editor_width":"","advgb_blocks_columns_visual_guide":"","footnotes":"","_links_to":"","_links_to_target":""},"class_list":["post-21916","page","type-page","status-publish","hentry"],"acf":{"search_thumb":"","search_kurzbeschreibung":"","breadcrumb":false},"yoast_head":"<!-- This site is optimized with the Yoast SEO plugin v27.5 - https:\/\/yoast.com\/product\/yoast-seo-wordpress\/ -->\n<title>Datenzugang | iDiv<\/title>\n<meta name=\"robots\" content=\"index, follow, max-snippet:-1, max-image-preview:large, max-video-preview:-1\" \/>\n<link rel=\"canonical\" href=\"https:\/\/www.idiv.de\/de\/forschung\/projekte\/phenobs\/datenzugang\/\" \/>\n<meta property=\"og:locale\" content=\"de_DE\" \/>\n<meta property=\"og:type\" content=\"article\" \/>\n<meta property=\"og:title\" content=\"Datenzugang | iDiv\" \/>\n<meta property=\"og:url\" content=\"https:\/\/www.idiv.de\/de\/forschung\/projekte\/phenobs\/datenzugang\/\" \/>\n<meta property=\"og:site_name\" content=\"iDiv\" \/>\n<meta property=\"article:modified_time\" content=\"2026-05-01T07:54:27+00:00\" \/>\n<meta property=\"og:image\" content=\"https:\/\/www.idiv.de\/wp-content\/uploads\/2024\/11\/iDivSocialMediaShare.jpg\" \/>\n\t<meta property=\"og:image:width\" content=\"1200\" \/>\n\t<meta property=\"og:image:height\" content=\"675\" \/>\n\t<meta property=\"og:image:type\" content=\"image\/jpeg\" \/>\n<meta name=\"twitter:card\" content=\"summary_large_image\" \/>\n<meta name=\"twitter:site\" content=\"@idiv\" \/>\n<script type=\"application\/ld+json\" class=\"yoast-schema-graph\">{\"@context\":\"https:\\\/\\\/schema.org\",\"@graph\":[{\"@type\":\"WebPage\",\"@id\":\"https:\\\/\\\/www.idiv.de\\\/de\\\/forschung\\\/projekte\\\/phenobs\\\/datenzugang\\\/\",\"url\":\"https:\\\/\\\/www.idiv.de\\\/de\\\/forschung\\\/projekte\\\/phenobs\\\/datenzugang\\\/\",\"name\":\"Datenzugang | iDiv\",\"isPartOf\":{\"@id\":\"https:\\\/\\\/www.idiv.de\\\/de\\\/#website\"},\"datePublished\":\"2024-11-20T19:28:39+00:00\",\"dateModified\":\"2026-05-01T07:54:27+00:00\",\"breadcrumb\":{\"@id\":\"https:\\\/\\\/www.idiv.de\\\/de\\\/forschung\\\/projekte\\\/phenobs\\\/datenzugang\\\/#breadcrumb\"},\"inLanguage\":\"de\",\"potentialAction\":[{\"@type\":\"ReadAction\",\"target\":[\"https:\\\/\\\/www.idiv.de\\\/de\\\/forschung\\\/projekte\\\/phenobs\\\/datenzugang\\\/\"]}]},{\"@type\":\"BreadcrumbList\",\"@id\":\"https:\\\/\\\/www.idiv.de\\\/de\\\/forschung\\\/projekte\\\/phenobs\\\/datenzugang\\\/#breadcrumb\",\"itemListElement\":[{\"@type\":\"ListItem\",\"position\":1,\"name\":\"Startseite\",\"item\":\"https:\\\/\\\/www.idiv.de\\\/de\\\/\"},{\"@type\":\"ListItem\",\"position\":2,\"name\":\"Forschung\",\"item\":\"https:\\\/\\\/www.idiv.de\\\/de\\\/research\\\/\"},{\"@type\":\"ListItem\",\"position\":3,\"name\":\"Projekte\",\"item\":\"https:\\\/\\\/www.idiv.de\\\/de\\\/forschung\\\/projekte\\\/\"},{\"@type\":\"ListItem\",\"position\":4,\"name\":\"PhenObs\",\"item\":\"https:\\\/\\\/www.idiv.de\\\/de\\\/forschung\\\/projekte\\\/phenobs\\\/\"},{\"@type\":\"ListItem\",\"position\":5,\"name\":\"Datenzugang\"}]},{\"@type\":\"WebSite\",\"@id\":\"https:\\\/\\\/www.idiv.de\\\/de\\\/#website\",\"url\":\"https:\\\/\\\/www.idiv.de\\\/de\\\/\",\"name\":\"iDiv\",\"description\":\"Hotspot in Biodiversity Research\",\"publisher\":{\"@id\":\"https:\\\/\\\/www.idiv.de\\\/de\\\/#organization\"},\"potentialAction\":[{\"@type\":\"SearchAction\",\"target\":{\"@type\":\"EntryPoint\",\"urlTemplate\":\"https:\\\/\\\/www.idiv.de\\\/de\\\/?s={search_term_string}\"},\"query-input\":{\"@type\":\"PropertyValueSpecification\",\"valueRequired\":true,\"valueName\":\"search_term_string\"}}],\"inLanguage\":\"de\"},{\"@type\":\"Organization\",\"@id\":\"https:\\\/\\\/www.idiv.de\\\/de\\\/#organization\",\"name\":\"idiv\",\"url\":\"https:\\\/\\\/www.idiv.de\\\/de\\\/\",\"logo\":{\"@type\":\"ImageObject\",\"inLanguage\":\"de\",\"@id\":\"https:\\\/\\\/www.idiv.de\\\/de\\\/#\\\/schema\\\/logo\\\/image\\\/\",\"url\":\"https:\\\/\\\/www.idiv.de\\\/wp-content\\\/uploads\\\/2024\\\/08\\\/iDiv_Logo_long_v1_EN_black_4c.jpg\",\"contentUrl\":\"https:\\\/\\\/www.idiv.de\\\/wp-content\\\/uploads\\\/2024\\\/08\\\/iDiv_Logo_long_v1_EN_black_4c.jpg\",\"width\":2448,\"height\":674,\"caption\":\"idiv\"},\"image\":{\"@id\":\"https:\\\/\\\/www.idiv.de\\\/de\\\/#\\\/schema\\\/logo\\\/image\\\/\"},\"sameAs\":[\"https:\\\/\\\/x.com\\\/idiv\",\"https:\\\/\\\/www.linkedin.com\\\/company\\\/idiv-biodiversity\\\/\",\"https:\\\/\\\/www.youtube.com\\\/idiv-research\"]}]}<\/script>\n<!-- \/ Yoast SEO plugin. -->","yoast_head_json":{"title":"Datenzugang | iDiv","robots":{"index":"index","follow":"follow","max-snippet":"max-snippet:-1","max-image-preview":"max-image-preview:large","max-video-preview":"max-video-preview:-1"},"canonical":"https:\/\/www.idiv.de\/de\/forschung\/projekte\/phenobs\/datenzugang\/","og_locale":"de_DE","og_type":"article","og_title":"Datenzugang | iDiv","og_url":"https:\/\/www.idiv.de\/de\/forschung\/projekte\/phenobs\/datenzugang\/","og_site_name":"iDiv","article_modified_time":"2026-05-01T07:54:27+00:00","og_image":[{"width":1200,"height":675,"url":"https:\/\/www.idiv.de\/wp-content\/uploads\/2024\/11\/iDivSocialMediaShare.jpg","type":"image\/jpeg"}],"twitter_card":"summary_large_image","twitter_site":"@idiv","schema":{"@context":"https:\/\/schema.org","@graph":[{"@type":"WebPage","@id":"https:\/\/www.idiv.de\/de\/forschung\/projekte\/phenobs\/datenzugang\/","url":"https:\/\/www.idiv.de\/de\/forschung\/projekte\/phenobs\/datenzugang\/","name":"Datenzugang | iDiv","isPartOf":{"@id":"https:\/\/www.idiv.de\/de\/#website"},"datePublished":"2024-11-20T19:28:39+00:00","dateModified":"2026-05-01T07:54:27+00:00","breadcrumb":{"@id":"https:\/\/www.idiv.de\/de\/forschung\/projekte\/phenobs\/datenzugang\/#breadcrumb"},"inLanguage":"de","potentialAction":[{"@type":"ReadAction","target":["https:\/\/www.idiv.de\/de\/forschung\/projekte\/phenobs\/datenzugang\/"]}]},{"@type":"BreadcrumbList","@id":"https:\/\/www.idiv.de\/de\/forschung\/projekte\/phenobs\/datenzugang\/#breadcrumb","itemListElement":[{"@type":"ListItem","position":1,"name":"Startseite","item":"https:\/\/www.idiv.de\/de\/"},{"@type":"ListItem","position":2,"name":"Forschung","item":"https:\/\/www.idiv.de\/de\/research\/"},{"@type":"ListItem","position":3,"name":"Projekte","item":"https:\/\/www.idiv.de\/de\/forschung\/projekte\/"},{"@type":"ListItem","position":4,"name":"PhenObs","item":"https:\/\/www.idiv.de\/de\/forschung\/projekte\/phenobs\/"},{"@type":"ListItem","position":5,"name":"Datenzugang"}]},{"@type":"WebSite","@id":"https:\/\/www.idiv.de\/de\/#website","url":"https:\/\/www.idiv.de\/de\/","name":"iDiv","description":"Hotspot in Biodiversity Research","publisher":{"@id":"https:\/\/www.idiv.de\/de\/#organization"},"potentialAction":[{"@type":"SearchAction","target":{"@type":"EntryPoint","urlTemplate":"https:\/\/www.idiv.de\/de\/?s={search_term_string}"},"query-input":{"@type":"PropertyValueSpecification","valueRequired":true,"valueName":"search_term_string"}}],"inLanguage":"de"},{"@type":"Organization","@id":"https:\/\/www.idiv.de\/de\/#organization","name":"idiv","url":"https:\/\/www.idiv.de\/de\/","logo":{"@type":"ImageObject","inLanguage":"de","@id":"https:\/\/www.idiv.de\/de\/#\/schema\/logo\/image\/","url":"https:\/\/www.idiv.de\/wp-content\/uploads\/2024\/08\/iDiv_Logo_long_v1_EN_black_4c.jpg","contentUrl":"https:\/\/www.idiv.de\/wp-content\/uploads\/2024\/08\/iDiv_Logo_long_v1_EN_black_4c.jpg","width":2448,"height":674,"caption":"idiv"},"image":{"@id":"https:\/\/www.idiv.de\/de\/#\/schema\/logo\/image\/"},"sameAs":["https:\/\/x.com\/idiv","https:\/\/www.linkedin.com\/company\/idiv-biodiversity\/","https:\/\/www.youtube.com\/idiv-research"]}]}},"coauthors":[],"author_meta":{"author_link":"https:\/\/www.idiv.de\/de\/author\/robert-rauschkolb\/","display_name":"Robert Rauschkolb"},"relative_dates":{"created":"Ver\u00f6ffentlicht 1\u00a0Jahr vor","modified":"Aktualisiert 2\u00a0Wochen vor"},"absolute_dates":{"created":"Ver\u00f6ffentlicht am 20. November 2024","modified":"Aktualisiert am 1. Mai 2026"},"absolute_dates_time":{"created":"Ver\u00f6ffentlicht am 20. November 2024 20:28","modified":"Aktualisiert am 1. Mai 2026 9:54"},"featured_img_caption":"","featured_img":false,"series_order":"","_links":{"self":[{"href":"https:\/\/www.idiv.de\/de\/wp-json\/wp\/v2\/pages\/21916","targetHints":{"allow":["GET"]}}],"collection":[{"href":"https:\/\/www.idiv.de\/de\/wp-json\/wp\/v2\/pages"}],"about":[{"href":"https:\/\/www.idiv.de\/de\/wp-json\/wp\/v2\/types\/page"}],"author":[{"embeddable":true,"href":"https:\/\/www.idiv.de\/de\/wp-json\/wp\/v2\/users\/66"}],"replies":[{"embeddable":true,"href":"https:\/\/www.idiv.de\/de\/wp-json\/wp\/v2\/comments?post=21916"}],"version-history":[{"count":4,"href":"https:\/\/www.idiv.de\/de\/wp-json\/wp\/v2\/pages\/21916\/revisions"}],"predecessor-version":[{"id":42142,"href":"https:\/\/www.idiv.de\/de\/wp-json\/wp\/v2\/pages\/21916\/revisions\/42142"}],"up":[{"embeddable":true,"href":"https:\/\/www.idiv.de\/de\/wp-json\/wp\/v2\/pages\/19219"}],"wp:attachment":[{"href":"https:\/\/www.idiv.de\/de\/wp-json\/wp\/v2\/media?parent=21916"}],"curies":[{"name":"wp","href":"https:\/\/api.w.org\/{rel}","templated":true}]}}