{"id":21876,"date":"2024-10-24T13:56:03","date_gmt":"2024-10-24T12:56:03","guid":{"rendered":"https:\/\/www.idiv.de\/forschung\/projekte\/phenobs\/phenobs-protocol-and-data-policy\/"},"modified":"2025-12-01T09:43:18","modified_gmt":"2025-12-01T08:43:18","slug":"phenobs-protokolle","status":"publish","type":"page","link":"https:\/\/www.idiv.de\/de\/forschung\/projekte\/phenobs\/phenobs-protokolle\/","title":{"rendered":"Protokolle und Data Policy"},"content":{"rendered":"<div class=\"herosection pb-24 pt-0 no-bg modulclass \" id=\"\">\n                    <div class=\"swiper1noslider  nooverflow swiper \" id=\"slide_6a0352ff52b41\">\n        \n                <div class=\"swiper-wrapper\">\n                                            <div class=\"swiper-slide  style_ \" aria-hidden=\"true\" >\n                            <div class=\"backstretchwrap\">\n                        \n                            <div datasrc=\"https:\/\/www.idiv.de\/wp-content\/uploads\/2025\/12\/PhenObs_Landscape_Monitoring-scaled.jpg\" class=\"backstretchimg responsiv desktop\"><\/div>\n\n                                                    \n                                                    <\/div>\n                                        <div class=\"sliderinhalt \" role=\"region\" aria-label=\"carousel\">\n\n                                            <h1 class=\"h1 tleft\" >Protokolle und Data Policy<\/h1>                                                    <p style=\"text-align: center;\">Wir f\u00fchren w\u00f6chentliche Beobachtungen zu den Entwicklungsstadien Blattentfaltung, Bl\u00fcte, Fruchtbildung und Seneszenz an \u00fcber 300 krautigen Arten durch.<\/p>\n                                                \n                                                                                                            <\/div>\n                                            <\/div>\n\n                        \n                 <\/div>\n\n                              <\/div>\n<\/div>\n\n<div class=\"textbildrepeater pb-0 pt-0 no-bg modulclass \" id=\"\">\n    <div class=\"container\">\n        <div class=\"row\">\n                                                                <div class=\"pb-24   mod_textheadlinebtn  col-md-8 offset-md-2 pos_top\">\n                            <div class=\"textrepeater \" id=\"\">\n\n\n    \n    <div class=\"contentrepeater\">\n        <div id=\"c11982\" class=\"frame frame-default frame-type-text frame-layout-0\">\n<p>Die ph\u00e4nologischen Daten werden mit HIlfe des &#8222;<a href=\"https:\/\/phenobsapp.idiv.de\/accounts\/login\/?next=\/\" target=\"_blank\" aria-label=\"open in new tab\" rel=\"noopener\">PhenObs Webinterface<\/a>&#8220; gesammelt.<\/p>\n<p>Zus\u00e4tzlich messen wir Pflanzenmerkmale und nehmen die Luft- und Bodentemperatur, sowie die Bodenfeuchte in allen teilnehmenden G\u00e4rten auf.<\/p>\n<p>Die <strong>Templates<\/strong> f\u00fcr die Dateneingabe stehen zum Download <a href=\"https:\/\/cloud.uni-jena.de\/s\/e3Qf6fN3pJtiYNM\" target=\"_blank\" aria-label=\"open in new tab\" rel=\"noopener\">hier<\/a> zur Verf\u00fcgung.<\/p>\n<p>Eine \u00dcbersicht \u00fcber die <strong>Arten<\/strong> die wir in den jeweiligen G\u00e4rten beobachten ist\u00a0<a href=\"https:\/\/cloud.uni-jena.de\/s\/HHMN5Fkj6Dppabc\" target=\"_blank\" aria-label=\"open in new tab\" rel=\"noopener\">hier<\/a>\u00a0zu finden.<\/p>\n<p><strong>Das PhenObs Protokoll ist frei verf\u00fcgbar unter: <a href=\"https:\/\/doi.org\/10.1111\/1365-2435.13747\" target=\"_blank\" aria-label=\"open in new tab\" rel=\"noopener\">https:\/\/doi.org\/10.1111\/1365-2435.13747<\/a><\/strong><br \/>\nNordt, B.,\u00a0Hensen, I.,\u00a0Bucher, S. F.,\u00a0Freiberg, M.,\u00a0Primack, R. B.,\u00a0Stevens, A.-D.,\u00a0Bonn, A.,\u00a0Wirth, C.,\u00a0Jakubka, D.,\u00a0Plos, C.,\u00a0Sporbert, M., and\u00a0R\u00f6mermann, C.\u00a0(2021). The PhenObs initiative \u2013 A standardised protocol for\u00a0monitoring phenological responses to climate change using\u00a0herbaceous plant species in botanical gardens.\u00a0<em>Functional Ecology<\/em>, 35, 821-834.<\/p>\n<p>Die Symbole unten leiten zu detaillierten Beschreibungen des PhenObs Protokolls, der aktuellen Data Policy und einer standardisierten Formulierung, falls Daten von PhenObs in Publikationen verwendet worden sind (alle Dateien in englischer Sprache).<\/p>\n<\/div>\n    <\/div>\n\n\n    <\/div>\n                            <\/div>\n                        <\/div>\n    <\/div>\n<\/div>\n\n<div class=\"iconrepeater pb-24 pt-0 no-bg modulclass  \" id=\"\">\n    <div class=\"container\">\n        <div class=\"row\">\n                                        <div class=\" mod_text  col-md-3 offset-md-1 pos_top align-center\">\n                            <div class=\"textrepeater iconrepeater    \" id=\"\">\n\n    <img decoding=\"async\" class=\"w30 desktop\" src=\"https:\/\/www.idiv.de\/wp-content\/uploads\/2024\/05\/iDiv-icon-pen-green.svg\" height=\"\" width=\"\" alt=\"idiv-\" \/><img decoding=\"async\" class=\"w30 mobile\" src=\"https:\/\/www.idiv.de\/wp-content\/uploads\/2024\/05\/iDiv-icon-pen-green.svg\" height=\"\" width=\"\" alt=\"idiv-\"\/><div class=\"mb-24\" ><p style=\"text-align: center;\"><a href=\"https:\/\/www.idiv.de\/fileadmin\/content\/Files_PhenObs\/2022_PhenObs_Protocol.pdf\" target=\"_blank\" aria-label=\"open in new tab\" rel=\"noopener\">Protocols<\/a><\/p>\n<\/div><div class=\"relativ\">\n    <\/div>\n\n\n<\/div>\n                            <\/div>\n                                            <div class=\" mod_text  col-md-3 offset-md-0 pos_top align-center\">\n                            <div class=\"textrepeater iconrepeater    \" id=\"\">\n\n    <img decoding=\"async\" class=\"w30 desktop\" src=\"https:\/\/www.idiv.de\/wp-content\/uploads\/2024\/05\/iDiv-icon-light-green.svg\" height=\"\" width=\"\" alt=\"idiv-\" \/><img decoding=\"async\" class=\"w30 mobile\" src=\"https:\/\/www.idiv.de\/wp-content\/uploads\/2024\/05\/iDiv-icon-light-green.svg\" height=\"\" width=\"\" alt=\"idiv-\"\/><div class=\"mb-24\" ><p style=\"text-align: center;\"><a href=\"https:\/\/www.idiv.de\/fileadmin\/content\/Files_PhenObs\/Members__Newsletters\/PhenObs_Agreement_of_cooperation_Datapolicy_February_2023.pdf\" target=\"_blank\" aria-label=\"open in new tab\" rel=\"noopener\">Data Policy<\/a><\/p>\n<\/div><div class=\"relativ\">\n    <\/div>\n\n\n<\/div>\n                            <\/div>\n                                            <div class=\" mod_text  col-md-3 offset-md-0 pos_top align-center\">\n                            <div class=\"textrepeater iconrepeater    \" id=\"\">\n\n    <img decoding=\"async\" class=\"w30 desktop\" src=\"https:\/\/www.idiv.de\/wp-content\/uploads\/2024\/08\/iDiv-icon-diversity.svg\" height=\"\" width=\"\" alt=\"idiv-\" \/><img decoding=\"async\" class=\"w30 mobile\" src=\"https:\/\/www.idiv.de\/wp-content\/uploads\/2024\/08\/iDiv-icon-diversity.svg\" height=\"\" width=\"\" alt=\"idiv-\"\/><div class=\"mb-24\" ><p style=\"text-align: center;\"><a href=\"https:\/\/cloud.uni-jena.de\/s\/8bLS5FJPGr8Cg2K\" target=\"_blank\" aria-label=\"open in new tab\" rel=\"noopener\">Acknowledgments<\/a><\/p>\n<\/div><div class=\"relativ\">\n    <\/div>\n\n\n<\/div>\n                            <\/div>\n                        <\/div>\n    <\/div>\n<\/div>","protected":false},"excerpt":{"rendered":"","protected":false},"author":66,"featured_media":0,"parent":19219,"menu_order":0,"comment_status":"closed","ping_status":"closed","template":"","meta":{"_acf_changed":false,"advgb_blocks_editor_width":"","advgb_blocks_columns_visual_guide":"","footnotes":"","_links_to":"","_links_to_target":""},"class_list":["post-21876","page","type-page","status-publish","hentry"],"acf":{"search_thumb":"","search_kurzbeschreibung":"","breadcrumb":false},"yoast_head":"<!-- This site is optimized with the Yoast SEO plugin v27.5 - https:\/\/yoast.com\/product\/yoast-seo-wordpress\/ -->\n<title>Protokolle und Data Policy | iDiv<\/title>\n<meta name=\"robots\" content=\"index, follow, max-snippet:-1, max-image-preview:large, max-video-preview:-1\" \/>\n<link rel=\"canonical\" href=\"https:\/\/www.idiv.de\/de\/forschung\/projekte\/phenobs\/phenobs-protokolle\/\" \/>\n<meta property=\"og:locale\" content=\"de_DE\" \/>\n<meta property=\"og:type\" content=\"article\" \/>\n<meta property=\"og:title\" content=\"Protokolle und Data Policy | iDiv\" \/>\n<meta property=\"og:url\" content=\"https:\/\/www.idiv.de\/de\/forschung\/projekte\/phenobs\/phenobs-protokolle\/\" \/>\n<meta property=\"og:site_name\" content=\"iDiv\" \/>\n<meta property=\"article:modified_time\" content=\"2025-12-01T08:43:18+00:00\" \/>\n<meta property=\"og:image\" content=\"https:\/\/www.idiv.de\/wp-content\/uploads\/2024\/11\/iDivSocialMediaShare.jpg\" \/>\n\t<meta property=\"og:image:width\" content=\"1200\" \/>\n\t<meta property=\"og:image:height\" content=\"675\" \/>\n\t<meta property=\"og:image:type\" content=\"image\/jpeg\" \/>\n<meta name=\"twitter:card\" content=\"summary_large_image\" \/>\n<meta name=\"twitter:site\" content=\"@idiv\" \/>\n<script type=\"application\/ld+json\" class=\"yoast-schema-graph\">{\"@context\":\"https:\\\/\\\/schema.org\",\"@graph\":[{\"@type\":\"WebPage\",\"@id\":\"https:\\\/\\\/www.idiv.de\\\/de\\\/forschung\\\/projekte\\\/phenobs\\\/phenobs-protokolle\\\/\",\"url\":\"https:\\\/\\\/www.idiv.de\\\/de\\\/forschung\\\/projekte\\\/phenobs\\\/phenobs-protokolle\\\/\",\"name\":\"Protokolle und Data Policy | iDiv\",\"isPartOf\":{\"@id\":\"https:\\\/\\\/www.idiv.de\\\/de\\\/#website\"},\"datePublished\":\"2024-10-24T12:56:03+00:00\",\"dateModified\":\"2025-12-01T08:43:18+00:00\",\"breadcrumb\":{\"@id\":\"https:\\\/\\\/www.idiv.de\\\/de\\\/forschung\\\/projekte\\\/phenobs\\\/phenobs-protokolle\\\/#breadcrumb\"},\"inLanguage\":\"de\",\"potentialAction\":[{\"@type\":\"ReadAction\",\"target\":[\"https:\\\/\\\/www.idiv.de\\\/de\\\/forschung\\\/projekte\\\/phenobs\\\/phenobs-protokolle\\\/\"]}]},{\"@type\":\"BreadcrumbList\",\"@id\":\"https:\\\/\\\/www.idiv.de\\\/de\\\/forschung\\\/projekte\\\/phenobs\\\/phenobs-protokolle\\\/#breadcrumb\",\"itemListElement\":[{\"@type\":\"ListItem\",\"position\":1,\"name\":\"Startseite\",\"item\":\"https:\\\/\\\/www.idiv.de\\\/de\\\/\"},{\"@type\":\"ListItem\",\"position\":2,\"name\":\"Forschung\",\"item\":\"https:\\\/\\\/www.idiv.de\\\/de\\\/research\\\/\"},{\"@type\":\"ListItem\",\"position\":3,\"name\":\"Projekte\",\"item\":\"https:\\\/\\\/www.idiv.de\\\/de\\\/forschung\\\/projekte\\\/\"},{\"@type\":\"ListItem\",\"position\":4,\"name\":\"PhenObs\",\"item\":\"https:\\\/\\\/www.idiv.de\\\/de\\\/forschung\\\/projekte\\\/phenobs\\\/\"},{\"@type\":\"ListItem\",\"position\":5,\"name\":\"Protokolle und Data Policy\"}]},{\"@type\":\"WebSite\",\"@id\":\"https:\\\/\\\/www.idiv.de\\\/de\\\/#website\",\"url\":\"https:\\\/\\\/www.idiv.de\\\/de\\\/\",\"name\":\"iDiv\",\"description\":\"Hotspot in Biodiversity Research\",\"publisher\":{\"@id\":\"https:\\\/\\\/www.idiv.de\\\/de\\\/#organization\"},\"potentialAction\":[{\"@type\":\"SearchAction\",\"target\":{\"@type\":\"EntryPoint\",\"urlTemplate\":\"https:\\\/\\\/www.idiv.de\\\/de\\\/?s={search_term_string}\"},\"query-input\":{\"@type\":\"PropertyValueSpecification\",\"valueRequired\":true,\"valueName\":\"search_term_string\"}}],\"inLanguage\":\"de\"},{\"@type\":\"Organization\",\"@id\":\"https:\\\/\\\/www.idiv.de\\\/de\\\/#organization\",\"name\":\"idiv\",\"url\":\"https:\\\/\\\/www.idiv.de\\\/de\\\/\",\"logo\":{\"@type\":\"ImageObject\",\"inLanguage\":\"de\",\"@id\":\"https:\\\/\\\/www.idiv.de\\\/de\\\/#\\\/schema\\\/logo\\\/image\\\/\",\"url\":\"https:\\\/\\\/www.idiv.de\\\/wp-content\\\/uploads\\\/2024\\\/08\\\/iDiv_Logo_long_v1_EN_black_4c.jpg\",\"contentUrl\":\"https:\\\/\\\/www.idiv.de\\\/wp-content\\\/uploads\\\/2024\\\/08\\\/iDiv_Logo_long_v1_EN_black_4c.jpg\",\"width\":2448,\"height\":674,\"caption\":\"idiv\"},\"image\":{\"@id\":\"https:\\\/\\\/www.idiv.de\\\/de\\\/#\\\/schema\\\/logo\\\/image\\\/\"},\"sameAs\":[\"https:\\\/\\\/x.com\\\/idiv\",\"https:\\\/\\\/www.linkedin.com\\\/company\\\/idiv-biodiversity\\\/\",\"https:\\\/\\\/www.youtube.com\\\/idiv-research\"]}]}<\/script>\n<!-- \/ Yoast SEO plugin. -->","yoast_head_json":{"title":"Protokolle und Data Policy | iDiv","robots":{"index":"index","follow":"follow","max-snippet":"max-snippet:-1","max-image-preview":"max-image-preview:large","max-video-preview":"max-video-preview:-1"},"canonical":"https:\/\/www.idiv.de\/de\/forschung\/projekte\/phenobs\/phenobs-protokolle\/","og_locale":"de_DE","og_type":"article","og_title":"Protokolle und Data Policy | iDiv","og_url":"https:\/\/www.idiv.de\/de\/forschung\/projekte\/phenobs\/phenobs-protokolle\/","og_site_name":"iDiv","article_modified_time":"2025-12-01T08:43:18+00:00","og_image":[{"width":1200,"height":675,"url":"https:\/\/www.idiv.de\/wp-content\/uploads\/2024\/11\/iDivSocialMediaShare.jpg","type":"image\/jpeg"}],"twitter_card":"summary_large_image","twitter_site":"@idiv","schema":{"@context":"https:\/\/schema.org","@graph":[{"@type":"WebPage","@id":"https:\/\/www.idiv.de\/de\/forschung\/projekte\/phenobs\/phenobs-protokolle\/","url":"https:\/\/www.idiv.de\/de\/forschung\/projekte\/phenobs\/phenobs-protokolle\/","name":"Protokolle und Data Policy | iDiv","isPartOf":{"@id":"https:\/\/www.idiv.de\/de\/#website"},"datePublished":"2024-10-24T12:56:03+00:00","dateModified":"2025-12-01T08:43:18+00:00","breadcrumb":{"@id":"https:\/\/www.idiv.de\/de\/forschung\/projekte\/phenobs\/phenobs-protokolle\/#breadcrumb"},"inLanguage":"de","potentialAction":[{"@type":"ReadAction","target":["https:\/\/www.idiv.de\/de\/forschung\/projekte\/phenobs\/phenobs-protokolle\/"]}]},{"@type":"BreadcrumbList","@id":"https:\/\/www.idiv.de\/de\/forschung\/projekte\/phenobs\/phenobs-protokolle\/#breadcrumb","itemListElement":[{"@type":"ListItem","position":1,"name":"Startseite","item":"https:\/\/www.idiv.de\/de\/"},{"@type":"ListItem","position":2,"name":"Forschung","item":"https:\/\/www.idiv.de\/de\/research\/"},{"@type":"ListItem","position":3,"name":"Projekte","item":"https:\/\/www.idiv.de\/de\/forschung\/projekte\/"},{"@type":"ListItem","position":4,"name":"PhenObs","item":"https:\/\/www.idiv.de\/de\/forschung\/projekte\/phenobs\/"},{"@type":"ListItem","position":5,"name":"Protokolle und Data Policy"}]},{"@type":"WebSite","@id":"https:\/\/www.idiv.de\/de\/#website","url":"https:\/\/www.idiv.de\/de\/","name":"iDiv","description":"Hotspot in Biodiversity Research","publisher":{"@id":"https:\/\/www.idiv.de\/de\/#organization"},"potentialAction":[{"@type":"SearchAction","target":{"@type":"EntryPoint","urlTemplate":"https:\/\/www.idiv.de\/de\/?s={search_term_string}"},"query-input":{"@type":"PropertyValueSpecification","valueRequired":true,"valueName":"search_term_string"}}],"inLanguage":"de"},{"@type":"Organization","@id":"https:\/\/www.idiv.de\/de\/#organization","name":"idiv","url":"https:\/\/www.idiv.de\/de\/","logo":{"@type":"ImageObject","inLanguage":"de","@id":"https:\/\/www.idiv.de\/de\/#\/schema\/logo\/image\/","url":"https:\/\/www.idiv.de\/wp-content\/uploads\/2024\/08\/iDiv_Logo_long_v1_EN_black_4c.jpg","contentUrl":"https:\/\/www.idiv.de\/wp-content\/uploads\/2024\/08\/iDiv_Logo_long_v1_EN_black_4c.jpg","width":2448,"height":674,"caption":"idiv"},"image":{"@id":"https:\/\/www.idiv.de\/de\/#\/schema\/logo\/image\/"},"sameAs":["https:\/\/x.com\/idiv","https:\/\/www.linkedin.com\/company\/idiv-biodiversity\/","https:\/\/www.youtube.com\/idiv-research"]}]}},"coauthors":[],"author_meta":{"author_link":"https:\/\/www.idiv.de\/de\/author\/robert-rauschkolb\/","display_name":"Robert Rauschkolb"},"relative_dates":{"created":"Ver\u00f6ffentlicht 2\u00a0Jahren vor","modified":"Aktualisiert 5\u00a0Monaten vor"},"absolute_dates":{"created":"Ver\u00f6ffentlicht am 24. Oktober 2024","modified":"Aktualisiert am 1. Dezember 2025"},"absolute_dates_time":{"created":"Ver\u00f6ffentlicht am 24. Oktober 2024 13:56","modified":"Aktualisiert am 1. Dezember 2025 9:43"},"featured_img_caption":"","featured_img":false,"series_order":"","_links":{"self":[{"href":"https:\/\/www.idiv.de\/de\/wp-json\/wp\/v2\/pages\/21876","targetHints":{"allow":["GET"]}}],"collection":[{"href":"https:\/\/www.idiv.de\/de\/wp-json\/wp\/v2\/pages"}],"about":[{"href":"https:\/\/www.idiv.de\/de\/wp-json\/wp\/v2\/types\/page"}],"author":[{"embeddable":true,"href":"https:\/\/www.idiv.de\/de\/wp-json\/wp\/v2\/users\/66"}],"replies":[{"embeddable":true,"href":"https:\/\/www.idiv.de\/de\/wp-json\/wp\/v2\/comments?post=21876"}],"version-history":[{"count":3,"href":"https:\/\/www.idiv.de\/de\/wp-json\/wp\/v2\/pages\/21876\/revisions"}],"predecessor-version":[{"id":37599,"href":"https:\/\/www.idiv.de\/de\/wp-json\/wp\/v2\/pages\/21876\/revisions\/37599"}],"up":[{"embeddable":true,"href":"https:\/\/www.idiv.de\/de\/wp-json\/wp\/v2\/pages\/19219"}],"wp:attachment":[{"href":"https:\/\/www.idiv.de\/de\/wp-json\/wp\/v2\/media?parent=21876"}],"curies":[{"name":"wp","href":"https:\/\/api.w.org\/{rel}","templated":true}]}}