{"id":1893,"date":"2024-05-10T14:25:54","date_gmt":"2024-05-10T13:25:54","guid":{"rendered":"https:\/\/idiv.caf-dev.de\/imprint\/"},"modified":"2026-01-16T15:29:02","modified_gmt":"2026-01-16T14:29:02","slug":"impressum","status":"publish","type":"page","link":"https:\/\/www.idiv.de\/de\/start\/impressum\/","title":{"rendered":"Impressum"},"content":{"rendered":"<div class=\"textbildrepeater pb-24 pt-24 no-bg modulclass \" id=\"\">\n    <div class=\"container\">\n        <div class=\"row\">\n                                                                <div class=\"pb-24   mod_text  col-md-8 offset-md-2 pos_top\">\n                            <div class=\"textrepeater \" id=\"\">\n    <header>\n<h1>Impressum<\/h1>\n<\/header>\n<p>Dieses Impressum gilt sowohl f\u00fcr die Website von iDiv (<a href=\"http:\/\/www.idiv.de\/\">www.idiv.de<\/a>) und deren Subdomains (z. B. <a href=\"https:\/\/apply.idiv.de\/\" target=\"_blank\" aria-label=\"open in new tab\" rel=\"noopener\">apply.idiv.de<\/a>, <a href=\"https:\/\/cloud.idiv.de\/\" target=\"_blank\" aria-label=\"open in new tab\" rel=\"noopener\">cloud.idiv.de<\/a>, <a href=\"http:\/\/idata.idiv.de\/\" target=\"_blank\" aria-label=\"open in new tab\" rel=\"noopener\">idata.idiv.de<\/a>) sowie f\u00fcr die iDiv-Accounts bei X (<a href=\"https:\/\/x.com\/idiv\" target=\"_blank\" aria-label=\"open in new tab\" rel=\"noopener\">x.com\/idiv<\/a>), LinkedIn (<a href=\"https:\/\/www.linkedin.com\/company\/idiv-biodiversity\" target=\"_blank\" aria-label=\"open in new tab\" rel=\"noopener\">www.linkedin.com\/company\/idiv-biodiversity<\/a>), Bluesky (<a href=\"https:\/\/bsky.app\/profile\/idiv-research.bsky.social\" target=\"_blank\" aria-label=\"open in new tab\" rel=\"noopener\">bsky.app\/profile\/idiv-research.bsky.social<\/a>), Mastodon (<a href=\"https:\/\/wisskomm.social\/@idiv\" target=\"_blank\" aria-label=\"open in new tab\" rel=\"noopener\">https:\/\/wisskomm.social\/@idiv<\/a>) und YouTube (<a href=\"https:\/\/www.youtube.com\/@iDiv-research\" target=\"_blank\" aria-label=\"open in new tab\" rel=\"noopener\">www.youtube.com\/@iDiv-research<\/a>).<\/p>\n<h2>Herausgeber<\/h2>\n<p>Deutsches Zentrum f\u00fcr integrative Biodiversit\u00e4tsforschung Halle-Jena-Leipzig \u2013 iDiv e. V.<\/p>\n<p>Der iDiv e. V. wird vertreten durch den Vorstand (verantwortlich im Sinne des Presserechts), bestehend aus dem Wissenschaftlichen Gesch\u00e4ftsf\u00fchrer Prof. Dr. Martin Quaas und der Kaufm\u00e4nnischen Gesch\u00e4ftsf\u00fchrerin Dr. Anne Wesemann, und repr\u00e4sentiert das Deutsche Zentrum f\u00fcr integrative Biodiversit\u00e4tsforschung Halle-Jena-Leipzig. Die Universit\u00e4t Leipzig, die Martin-Luther-Universit\u00e4t Halle-Wittenberg, die Friedrich-Schiller-Universit\u00e4t Jena und das Helmholtz-Zentrum f\u00fcr Umweltforschung GmbH \u2013 UFZ sind Gr\u00fcndungsmitglieder und Tr\u00e4ger des iDiv e.V.<\/p>\n<p>Wissenschaftliche Kooperationspartner in unterschiedlicher Ausgestaltung sind die folgenden au\u00dferuniversit\u00e4ren Forschungseinrichtungen: das Helmholtz-Zentrum f\u00fcr Umweltforschung GmbH \u2013 UFZ, das Max-Planck-Institut f\u00fcr Biogeochemie (MPI-BGC), das Max-Planck-Institut f\u00fcr chemische \u00d6kologie (MPI-CE), das Max-Planck-Institut f\u00fcr evolution\u00e4re Anthropologie (MPI-EVA), das Leibniz-Institut Deutsche Sammlung von Mikroorganismen und Zellkulturen (DSMZ), das Leibniz-Institut f\u00fcr Pflanzenbiochemie (IPB), das Leibniz-Institut f\u00fcr Pflanzengenetik und Kulturpflanzenforschung (IPK), das Leibniz-Institut Senckenberg Museum f\u00fcr Naturkunde G\u00f6rlitz (SMNG) und das Senckenberg Institut f\u00fcr Pflanzenvielfalt Jena (SIP).<\/p>\n<p>USt-IdNr. DE 141510383.<\/p>\n<h3>Postanschrift \/ Kontakt<\/h3>\n<p>Deutsches Zentrum f\u00fcr integrative Biodiversit\u00e4tsforschung Halle-Jena-Leipzig \u2013 iDiv e. V.<br \/>\nPuschstra\u00dfe 4<br \/>\n04103 Leipzig<\/p>\n<p>E-Mail:\u00a0<a href=\"mai&#108;&#116;&#111;&#x3a;&#x69;&#x6e;&#x66;&#x6f;&#x40;idi&#118;&#46;&#100;&#101;\">&#x69;&#x6e;&#102;&#111;&#64;&#x69;&#x64;&#x69;&#118;&#46;d&#x65;<\/a><br \/>\nTel.: +49 341 9733105<br \/>\nFax: +49 341 9739350<br \/>\nWeb:\u00a0<a href=\"http:\/\/www.idiv.de\/\" target=\"_blank\" aria-label=\"open in new tab\" rel=\"noopener\">www.idiv.de<\/a><\/p>\n<h3>Inhaltliche\/redaktionelle Verantwortliche<\/h3>\n<ul>\n<li>Website: Kati Kietzmann<\/li>\n<li>X, YouTube, LinkedIn, Bluesky, Mastodon, Podcast: Dr. Volker Hahn<\/li>\n<li>iDiv biodiversity data portal: Dr. Anahita Kazem<\/li>\n<\/ul>\n<h3>Programmierung der iDiv-Website<\/h3>\n<p>chris and friends GmbH<br \/>\nGr\u00fcnbergerstra\u00dfe 48B<br \/>\n10245 Berlin<\/p>\n<h3>Programmierung des Staff- und Publikationsmoduls<\/h3>\n<p>Christian Langer, iBON<br \/>\n<a href=\"&#x6d;&#x61;&#x69;&#108;&#116;o:&#x63;&#x68;&#x72;&#105;&#115;ti&#x61;&#x6e;&#x2e;&#108;&#97;ng&#x65;&#x72;&#x40;&#105;&#100;iv&#x2e;&#x64;&#x65;\">&#x63;&#x68;&#x72;&#x69;&#x73;&#116;&#105;&#97;&#110;&#46;la&#x6e;&#x67;&#x65;&#x72;&#x40;&#x69;&#100;&#105;&#118;&#46;de<\/a><br \/>\n<a href=\"https:\/\/www.idiv.de\/de\/staff\/christian-langer\/\">www.idiv.de\/de\/staff\/christian-langer\/<\/a><\/p>\n<h3>Haftungsausschluss<\/h3>\n<p>Die ver\u00f6ffentlichten Informationen sind sorgf\u00e4ltig zusammengestellt, erheben aber keinen Anspruch auf Vollst\u00e4ndigkeit oder Aktualit\u00e4t; eine entsprechende Gew\u00e4hr wird nicht \u00fcbernommen. iDiv haftet nicht f\u00fcr die Richtigkeit der Inhalte, Fehler redaktioneller und technischer Art, Auslassungen oder \u00c4hnliches auf seinen Webseiten. Die Nutzung der abrufbaren Inhalte erfolgt auf eigene Gefahr. Alle kostenfreien Angebote sind unverbindlich. iDiv beh\u00e4lt es sich vor, jederzeit ohne vorherige Ank\u00fcndigung das Angebot zu ver\u00e4ndern, zu erg\u00e4nzen, zu l\u00f6schen oder die Ver\u00f6ffentlichung einzustellen. Wir m\u00f6chten Sie bitten, Fehler inhaltlicher oder technischer Art an unsere daf\u00fcr eingerichtete Mail mitzuteilen: &#105;&#x6e;f&#x6f;&#64;&#105;&#x64;&#105;&#x76;&#46;&#100;&#x65;<\/p>\n<p>Trotz sorgf\u00e4ltiger inhaltlicher Kontrolle \u00fcbernimmt iDiv keine Haftung f\u00fcr die Inhalte von Links zu externen Webseiten Dritter. Diese Webseiten und ihre Inhalte unterliegen der Haftung des jeweiligen Betreibers. Die Redaktion hat keinen Einfluss auf die aktuelle und zuk\u00fcnftige Gestaltung und Inhalte der verlinkten Seiten. iDiv macht sich den Inhalt der verkn\u00fcpften Seiten nicht zu eigen.<\/p>\n<h3>Verwendung von Bildern<\/h3>\n<p>Die Rechte an den Bildern auf den Webseiten von iDiv liegen, sofern nicht anders angegeben, bei iDiv. Die Bilder d\u00fcrfen nicht verwendet werden. Eine m\u00f6gliche \u00dcbertragung von Bildnutzungsrechten kann, nach jeweiliger Pr\u00fcfung, auf Anfrage erfolgen. Wir m\u00f6chten Sie bitten, f\u00fcr Bildanfragen die daf\u00fcr eingerichtete E-Mail zu nutzen:\u00a0<a href=\"&#x6d;&#97;i&#x6c;&#116;&#111;&#x3a;&#x69;&#110;f&#x6f;&#64;i&#x64;&#x69;&#118;&#46;&#x64;&#101;\">&#105;&#x6e;&#102;&#x6f;&#64;&#x69;d&#105;&#x76;&#46;&#x64;e<\/a><\/p>\n<\/div>\n                            <\/div>\n                        <\/div>\n    <\/div>\n<\/div>","protected":false},"excerpt":{"rendered":"","protected":false},"author":1,"featured_media":0,"parent":880,"menu_order":0,"comment_status":"closed","ping_status":"closed","template":"","meta":{"_acf_changed":false,"advgb_blocks_editor_width":"","advgb_blocks_columns_visual_guide":"","footnotes":"","_links_to":"","_links_to_target":""},"class_list":["post-1893","page","type-page","status-publish","hentry"],"acf":{"search_thumb":"","search_kurzbeschreibung":"","breadcrumb":true},"yoast_head":"<!-- This site is optimized with the Yoast SEO plugin v27.5 - https:\/\/yoast.com\/product\/yoast-seo-wordpress\/ -->\n<title>Impressum | iDiv<\/title>\n<meta name=\"robots\" content=\"index, follow, max-snippet:-1, max-image-preview:large, max-video-preview:-1\" \/>\n<link rel=\"canonical\" href=\"https:\/\/www.idiv.de\/de\/start\/impressum\/\" \/>\n<meta property=\"og:locale\" content=\"de_DE\" \/>\n<meta property=\"og:type\" content=\"article\" \/>\n<meta property=\"og:title\" content=\"Impressum | iDiv\" \/>\n<meta property=\"og:url\" content=\"https:\/\/www.idiv.de\/de\/start\/impressum\/\" \/>\n<meta property=\"og:site_name\" content=\"iDiv\" \/>\n<meta property=\"article:modified_time\" content=\"2026-01-16T14:29:02+00:00\" \/>\n<meta property=\"og:image\" content=\"https:\/\/www.idiv.de\/wp-content\/uploads\/2024\/11\/iDivSocialMediaShare.jpg\" \/>\n\t<meta property=\"og:image:width\" content=\"1200\" \/>\n\t<meta property=\"og:image:height\" content=\"675\" \/>\n\t<meta property=\"og:image:type\" content=\"image\/jpeg\" \/>\n<meta name=\"twitter:card\" content=\"summary_large_image\" \/>\n<meta name=\"twitter:site\" content=\"@idiv\" \/>\n<script type=\"application\/ld+json\" class=\"yoast-schema-graph\">{\"@context\":\"https:\\\/\\\/schema.org\",\"@graph\":[{\"@type\":\"WebPage\",\"@id\":\"https:\\\/\\\/www.idiv.de\\\/de\\\/start\\\/impressum\\\/\",\"url\":\"https:\\\/\\\/www.idiv.de\\\/de\\\/start\\\/impressum\\\/\",\"name\":\"Impressum | iDiv\",\"isPartOf\":{\"@id\":\"https:\\\/\\\/www.idiv.de\\\/de\\\/#website\"},\"datePublished\":\"2024-05-10T13:25:54+00:00\",\"dateModified\":\"2026-01-16T14:29:02+00:00\",\"breadcrumb\":{\"@id\":\"https:\\\/\\\/www.idiv.de\\\/de\\\/start\\\/impressum\\\/#breadcrumb\"},\"inLanguage\":\"de\",\"potentialAction\":[{\"@type\":\"ReadAction\",\"target\":[\"https:\\\/\\\/www.idiv.de\\\/de\\\/start\\\/impressum\\\/\"]}]},{\"@type\":\"BreadcrumbList\",\"@id\":\"https:\\\/\\\/www.idiv.de\\\/de\\\/start\\\/impressum\\\/#breadcrumb\",\"itemListElement\":[{\"@type\":\"ListItem\",\"position\":1,\"name\":\"Startseite\",\"item\":\"https:\\\/\\\/www.idiv.de\\\/de\\\/\"},{\"@type\":\"ListItem\",\"position\":2,\"name\":\"Home\",\"item\":\"https:\\\/\\\/www.idiv.de\\\/de\\\/\"},{\"@type\":\"ListItem\",\"position\":3,\"name\":\"Impressum\"}]},{\"@type\":\"WebSite\",\"@id\":\"https:\\\/\\\/www.idiv.de\\\/de\\\/#website\",\"url\":\"https:\\\/\\\/www.idiv.de\\\/de\\\/\",\"name\":\"iDiv\",\"description\":\"Hotspot in Biodiversity Research\",\"publisher\":{\"@id\":\"https:\\\/\\\/www.idiv.de\\\/de\\\/#organization\"},\"potentialAction\":[{\"@type\":\"SearchAction\",\"target\":{\"@type\":\"EntryPoint\",\"urlTemplate\":\"https:\\\/\\\/www.idiv.de\\\/de\\\/?s={search_term_string}\"},\"query-input\":{\"@type\":\"PropertyValueSpecification\",\"valueRequired\":true,\"valueName\":\"search_term_string\"}}],\"inLanguage\":\"de\"},{\"@type\":\"Organization\",\"@id\":\"https:\\\/\\\/www.idiv.de\\\/de\\\/#organization\",\"name\":\"idiv\",\"url\":\"https:\\\/\\\/www.idiv.de\\\/de\\\/\",\"logo\":{\"@type\":\"ImageObject\",\"inLanguage\":\"de\",\"@id\":\"https:\\\/\\\/www.idiv.de\\\/de\\\/#\\\/schema\\\/logo\\\/image\\\/\",\"url\":\"https:\\\/\\\/www.idiv.de\\\/wp-content\\\/uploads\\\/2024\\\/08\\\/iDiv_Logo_long_v1_EN_black_4c.jpg\",\"contentUrl\":\"https:\\\/\\\/www.idiv.de\\\/wp-content\\\/uploads\\\/2024\\\/08\\\/iDiv_Logo_long_v1_EN_black_4c.jpg\",\"width\":2448,\"height\":674,\"caption\":\"idiv\"},\"image\":{\"@id\":\"https:\\\/\\\/www.idiv.de\\\/de\\\/#\\\/schema\\\/logo\\\/image\\\/\"},\"sameAs\":[\"https:\\\/\\\/x.com\\\/idiv\",\"https:\\\/\\\/www.linkedin.com\\\/company\\\/idiv-biodiversity\\\/\",\"https:\\\/\\\/www.youtube.com\\\/idiv-research\"]}]}<\/script>\n<!-- \/ Yoast SEO plugin. -->","yoast_head_json":{"title":"Impressum | iDiv","robots":{"index":"index","follow":"follow","max-snippet":"max-snippet:-1","max-image-preview":"max-image-preview:large","max-video-preview":"max-video-preview:-1"},"canonical":"https:\/\/www.idiv.de\/de\/start\/impressum\/","og_locale":"de_DE","og_type":"article","og_title":"Impressum | iDiv","og_url":"https:\/\/www.idiv.de\/de\/start\/impressum\/","og_site_name":"iDiv","article_modified_time":"2026-01-16T14:29:02+00:00","og_image":[{"width":1200,"height":675,"url":"https:\/\/www.idiv.de\/wp-content\/uploads\/2024\/11\/iDivSocialMediaShare.jpg","type":"image\/jpeg"}],"twitter_card":"summary_large_image","twitter_site":"@idiv","schema":{"@context":"https:\/\/schema.org","@graph":[{"@type":"WebPage","@id":"https:\/\/www.idiv.de\/de\/start\/impressum\/","url":"https:\/\/www.idiv.de\/de\/start\/impressum\/","name":"Impressum | iDiv","isPartOf":{"@id":"https:\/\/www.idiv.de\/de\/#website"},"datePublished":"2024-05-10T13:25:54+00:00","dateModified":"2026-01-16T14:29:02+00:00","breadcrumb":{"@id":"https:\/\/www.idiv.de\/de\/start\/impressum\/#breadcrumb"},"inLanguage":"de","potentialAction":[{"@type":"ReadAction","target":["https:\/\/www.idiv.de\/de\/start\/impressum\/"]}]},{"@type":"BreadcrumbList","@id":"https:\/\/www.idiv.de\/de\/start\/impressum\/#breadcrumb","itemListElement":[{"@type":"ListItem","position":1,"name":"Startseite","item":"https:\/\/www.idiv.de\/de\/"},{"@type":"ListItem","position":2,"name":"Home","item":"https:\/\/www.idiv.de\/de\/"},{"@type":"ListItem","position":3,"name":"Impressum"}]},{"@type":"WebSite","@id":"https:\/\/www.idiv.de\/de\/#website","url":"https:\/\/www.idiv.de\/de\/","name":"iDiv","description":"Hotspot in Biodiversity Research","publisher":{"@id":"https:\/\/www.idiv.de\/de\/#organization"},"potentialAction":[{"@type":"SearchAction","target":{"@type":"EntryPoint","urlTemplate":"https:\/\/www.idiv.de\/de\/?s={search_term_string}"},"query-input":{"@type":"PropertyValueSpecification","valueRequired":true,"valueName":"search_term_string"}}],"inLanguage":"de"},{"@type":"Organization","@id":"https:\/\/www.idiv.de\/de\/#organization","name":"idiv","url":"https:\/\/www.idiv.de\/de\/","logo":{"@type":"ImageObject","inLanguage":"de","@id":"https:\/\/www.idiv.de\/de\/#\/schema\/logo\/image\/","url":"https:\/\/www.idiv.de\/wp-content\/uploads\/2024\/08\/iDiv_Logo_long_v1_EN_black_4c.jpg","contentUrl":"https:\/\/www.idiv.de\/wp-content\/uploads\/2024\/08\/iDiv_Logo_long_v1_EN_black_4c.jpg","width":2448,"height":674,"caption":"idiv"},"image":{"@id":"https:\/\/www.idiv.de\/de\/#\/schema\/logo\/image\/"},"sameAs":["https:\/\/x.com\/idiv","https:\/\/www.linkedin.com\/company\/idiv-biodiversity\/","https:\/\/www.youtube.com\/idiv-research"]}]}},"coauthors":[],"author_meta":{"author_link":"https:\/\/www.idiv.de\/de\/author\/admin\/","display_name":"admin"},"relative_dates":{"created":"Ver\u00f6ffentlicht 2\u00a0Jahren vor","modified":"Aktualisiert 4\u00a0Monaten vor"},"absolute_dates":{"created":"Ver\u00f6ffentlicht am 10. Mai 2024","modified":"Aktualisiert am 16. Januar 2026"},"absolute_dates_time":{"created":"Ver\u00f6ffentlicht am 10. Mai 2024 14:25","modified":"Aktualisiert am 16. Januar 2026 15:29"},"featured_img_caption":"","featured_img":false,"series_order":"","_links":{"self":[{"href":"https:\/\/www.idiv.de\/de\/wp-json\/wp\/v2\/pages\/1893","targetHints":{"allow":["GET"]}}],"collection":[{"href":"https:\/\/www.idiv.de\/de\/wp-json\/wp\/v2\/pages"}],"about":[{"href":"https:\/\/www.idiv.de\/de\/wp-json\/wp\/v2\/types\/page"}],"author":[{"embeddable":true,"href":"https:\/\/www.idiv.de\/de\/wp-json\/wp\/v2\/users\/1"}],"replies":[{"embeddable":true,"href":"https:\/\/www.idiv.de\/de\/wp-json\/wp\/v2\/comments?post=1893"}],"version-history":[{"count":5,"href":"https:\/\/www.idiv.de\/de\/wp-json\/wp\/v2\/pages\/1893\/revisions"}],"predecessor-version":[{"id":38762,"href":"https:\/\/www.idiv.de\/de\/wp-json\/wp\/v2\/pages\/1893\/revisions\/38762"}],"up":[{"embeddable":true,"href":"https:\/\/www.idiv.de\/de\/wp-json\/wp\/v2\/pages\/880"}],"wp:attachment":[{"href":"https:\/\/www.idiv.de\/de\/wp-json\/wp\/v2\/media?parent=1893"}],"curies":[{"name":"wp","href":"https:\/\/api.w.org\/{rel}","templated":true}]}}