{"id":16172,"date":"2024-07-18T13:00:07","date_gmt":"2024-07-18T12:00:07","guid":{"rendered":"https:\/\/www.idiv.de\/?page_id=16172"},"modified":"2024-10-14T13:53:34","modified_gmt":"2024-10-14T12:53:34","slug":"unterstuetzung-virtueller-meetings","status":"publish","type":"page","link":"https:\/\/www.idiv.de\/de\/forschung\/sdiv-synthesis-centre\/unterstuetzung-virtueller-meetings\/","title":{"rendered":"Unterst\u00fctzung virtueller Meetings"},"content":{"rendered":"<div class=\"herosection pb-24 pt-0 no-bg modulclass \" id=\"\">\n                    <div class=\"swiper1noslider  nooverflow swiper \" id=\"slide_6a06fd4c133b8\">\n        \n                <div class=\"swiper-wrapper\">\n                                            <div class=\"swiper-slide  style_ \" aria-hidden=\"true\" >\n                            <div class=\"backstretchwrap\">\n                        \n                            <div datasrc=\"https:\/\/www.idiv.de\/wp-content\/uploads\/2024\/07\/sDiv-Virtual-Meeting.jpg\" class=\"backstretchimg responsiv desktop\"><\/div>\n\n                                                    \n                                                    <\/div>\n                                        <div class=\"sliderinhalt \" role=\"region\" aria-label=\"carousel\">\n\n                                            <h1 class=\"h1 align-center\" >Unterst\u00fctzung virtueller Meetings durch sDiv<\/h1>\n                                                                                                            <\/div>\n                                            <\/div>\n\n                        \n                 <\/div>\n\n                              <\/div>\n<\/div>\n\n<div class=\"textbildrepeater pb-0 pt-0 no-bg modulclass \" id=\"\">\n    <div class=\"container\">\n        <div class=\"row\">\n                                                                <div class=\"pb-24   mod_text  col-md-6 offset-md-3 pos_top\">\n                            <div class=\"textrepeater \" id=\"\">\n    <p>sDiv hat seine Dienstleistungen f\u00fcr Arbeitsgruppen in Corona-Zeiten erh\u00f6ht. Wir wollen unsere Projekte bestm\u00f6glich unterst\u00fctzen, damit sie weiterhin erfolgreich forschen k\u00f6nnen. Alle sDiv-Arbeitsgruppen haben zwar gemeinsam, dass es derzeit an M\u00f6glichkeiten f\u00fcr pers\u00f6nliche Treffen oder Interaktionen mangelt, aber jede Gruppe hat ihre ganz eigene Situation. Einige haben bereits vor Corona gro\u00dfartige Teams gebildet und gro\u00dfartige virtuelle Kooperationen aufgebaut. Andere haben gerade erst begonnen und sind noch nie pers\u00f6nlich zusammengetroffen. Unser Ansatz ist es, jeder Gruppe die individuelle Unterst\u00fctzung zu geben, die sie braucht, um ihr Projekt voranzutreiben. Die Hilfe bei der Organisation und Strukturierung virtueller Treffen ist eine von verschiedenen M\u00f6glichkeiten.<\/p>\n<p>Unser Best-Practice-Dokument ber\u00fchrt wichtige Punkte zu<\/p>\n<ul>\n<li>Von sDiv angebotene Dienstleistungen<\/li>\n<li>Vorbereiung eines virtuellen Treffens<\/li>\n<li>Aspekte der Zeitplanung<\/li>\n<li>Struktur des Meetings<\/li>\n<li>Entwurf eines fokussierten Arbeitsplans<\/li>\n<li>Kommunikation<\/li>\n<li>Weitere Ressourcen und Werkzeuge<\/li>\n<\/ul>\n<\/div>\n                            <\/div>\n                        <\/div>\n    <\/div>\n<\/div>\n\n\n\n<div class=\"downlaod pb-24 pt-0 no-bg modulclass \" id=\"\">\n            <div class=\"container\">\n        <div class=\"row\">\n            <div class=\"col-md-12 nml npl nmr npr\">\n                <div class=\"row\">\n                                            \n                        <div class=\"col-md-6 col-md-offset-3\">\n                            <div class=\"drow mb-24\">\n                                <div class=\"mr-24\">\n                                    <svg xmlns=\"http:\/\/www.w3.org\/2000\/svg\" width=\"80\" height=\"80\" viewBox=\"0 0 80 80\">\n                                        <circle id=\"Ellipse_21\" data-name=\"Ellipse 21\" cx=\"40\" cy=\"40\" r=\"40\" fill=\"#447226\"\/>\n                                        <path id=\"Icon_awesome-file-download\" data-name=\"Icon awesome-file-download\" d=\"M15.75,9.563V0H1.688A1.683,1.683,0,0,0,0,1.688V34.313A1.683,1.683,0,0,0,1.688,36H25.313A1.683,1.683,0,0,0,27,34.313V11.25H17.438A1.692,1.692,0,0,1,15.75,9.563Zm5.375,14.861-6.78,6.729a1.2,1.2,0,0,1-1.69,0l-6.78-6.729A1.125,1.125,0,0,1,6.667,22.5H11.25V16.875a1.125,1.125,0,0,1,1.125-1.125h2.25a1.125,1.125,0,0,1,1.125,1.125V22.5h4.583A1.125,1.125,0,0,1,21.125,24.424ZM26.508,7.383,19.624.492A1.686,1.686,0,0,0,18.429,0H18V9h9V8.571A1.682,1.682,0,0,0,26.508,7.383Z\" transform=\"translate(27 22)\" fill=\"#fff\"\/>\n                                    <\/svg>\n                                <\/div>\n                                <div class=\"middlecenterdown\">\n                                    <a href=\"https:\/\/www.idiv.de\/wp-content\/uploads\/2024\/07\/sDiv_virtual_Meeting_Guideline.pdf\" class=\"mr-24 btncf normal\" target=\"_blank\" alt=\"\">\n                                        sDiv Virtual Meeting Guide                                        <svg xmlns=\"http:\/\/www.w3.org\/2000\/svg\" width=\"7.621\" height=\"12.243\" aria-hidden=\"true\" viewBox=\"0 0 7.621 12.243\"><path id=\"Icon_feather-chevron-right\" data-name=\"Icon feather-chevron-right\" d=\"M17.5,17l-4-4,4-4\" transform=\"translate(19.621 19.121) rotate(180)\" fill=\"none\" stroke=\"#447226\" stroke-linecap=\"round\" stroke-linejoin=\"round\" stroke-width=\"3\"\/><\/svg>\n                                    <\/a>\n                                    <p class=\"mt-8\">\n                                        <span class=\"mr-24\">PDF<\/span><span>165.92 KB<\/span>\n                                    <\/p>\n                                <\/div>\n                            <\/div>\n                        <\/div>\n                                                                 <\/div>\n            <\/div>\n        <\/div>\n    <\/div>\n    <\/div>","protected":false},"excerpt":{"rendered":"","protected":false},"author":10,"featured_media":0,"parent":15107,"menu_order":0,"comment_status":"closed","ping_status":"closed","template":"","meta":{"_acf_changed":false,"advgb_blocks_editor_width":"","advgb_blocks_columns_visual_guide":"","footnotes":"","_links_to":"","_links_to_target":""},"class_list":["post-16172","page","type-page","status-publish","hentry"],"acf":{"search_thumb":"","search_kurzbeschreibung":"","breadcrumb":false},"yoast_head":"<!-- This site is optimized with the Yoast SEO plugin v27.5 - https:\/\/yoast.com\/product\/yoast-seo-wordpress\/ -->\n<title>Unterst\u00fctzung virtueller Meetings | iDiv<\/title>\n<meta name=\"robots\" content=\"index, follow, max-snippet:-1, max-image-preview:large, max-video-preview:-1\" \/>\n<link rel=\"canonical\" href=\"https:\/\/www.idiv.de\/de\/forschung\/sdiv-synthesis-centre\/unterstuetzung-virtueller-meetings\/\" \/>\n<meta property=\"og:locale\" content=\"de_DE\" \/>\n<meta property=\"og:type\" content=\"article\" \/>\n<meta property=\"og:title\" content=\"Unterst\u00fctzung virtueller Meetings | iDiv\" \/>\n<meta property=\"og:url\" content=\"https:\/\/www.idiv.de\/de\/forschung\/sdiv-synthesis-centre\/unterstuetzung-virtueller-meetings\/\" \/>\n<meta property=\"og:site_name\" content=\"iDiv\" \/>\n<meta property=\"article:modified_time\" content=\"2024-10-14T12:53:34+00:00\" \/>\n<meta property=\"og:image\" content=\"https:\/\/www.idiv.de\/wp-content\/uploads\/2024\/11\/iDivSocialMediaShare.jpg\" \/>\n\t<meta property=\"og:image:width\" content=\"1200\" \/>\n\t<meta property=\"og:image:height\" content=\"675\" \/>\n\t<meta property=\"og:image:type\" content=\"image\/jpeg\" \/>\n<meta name=\"twitter:card\" content=\"summary_large_image\" \/>\n<meta name=\"twitter:site\" content=\"@idiv\" \/>\n<script type=\"application\/ld+json\" class=\"yoast-schema-graph\">{\"@context\":\"https:\\\/\\\/schema.org\",\"@graph\":[{\"@type\":\"WebPage\",\"@id\":\"https:\\\/\\\/www.idiv.de\\\/de\\\/forschung\\\/sdiv-synthesis-centre\\\/unterstuetzung-virtueller-meetings\\\/\",\"url\":\"https:\\\/\\\/www.idiv.de\\\/de\\\/forschung\\\/sdiv-synthesis-centre\\\/unterstuetzung-virtueller-meetings\\\/\",\"name\":\"Unterst\u00fctzung virtueller Meetings | iDiv\",\"isPartOf\":{\"@id\":\"https:\\\/\\\/www.idiv.de\\\/de\\\/#website\"},\"datePublished\":\"2024-07-18T12:00:07+00:00\",\"dateModified\":\"2024-10-14T12:53:34+00:00\",\"breadcrumb\":{\"@id\":\"https:\\\/\\\/www.idiv.de\\\/de\\\/forschung\\\/sdiv-synthesis-centre\\\/unterstuetzung-virtueller-meetings\\\/#breadcrumb\"},\"inLanguage\":\"de\",\"potentialAction\":[{\"@type\":\"ReadAction\",\"target\":[\"https:\\\/\\\/www.idiv.de\\\/de\\\/forschung\\\/sdiv-synthesis-centre\\\/unterstuetzung-virtueller-meetings\\\/\"]}]},{\"@type\":\"BreadcrumbList\",\"@id\":\"https:\\\/\\\/www.idiv.de\\\/de\\\/forschung\\\/sdiv-synthesis-centre\\\/unterstuetzung-virtueller-meetings\\\/#breadcrumb\",\"itemListElement\":[{\"@type\":\"ListItem\",\"position\":1,\"name\":\"Startseite\",\"item\":\"https:\\\/\\\/www.idiv.de\\\/de\\\/\"},{\"@type\":\"ListItem\",\"position\":2,\"name\":\"Forschung\",\"item\":\"https:\\\/\\\/www.idiv.de\\\/de\\\/research\\\/\"},{\"@type\":\"ListItem\",\"position\":3,\"name\":\"sDiv-Synthesezentrum\",\"item\":\"https:\\\/\\\/www.idiv.de\\\/de\\\/forschung\\\/sdiv-synthesis-centre\\\/\"},{\"@type\":\"ListItem\",\"position\":4,\"name\":\"Unterst\u00fctzung virtueller Meetings\"}]},{\"@type\":\"WebSite\",\"@id\":\"https:\\\/\\\/www.idiv.de\\\/de\\\/#website\",\"url\":\"https:\\\/\\\/www.idiv.de\\\/de\\\/\",\"name\":\"iDiv\",\"description\":\"Hotspot in Biodiversity Research\",\"publisher\":{\"@id\":\"https:\\\/\\\/www.idiv.de\\\/de\\\/#organization\"},\"potentialAction\":[{\"@type\":\"SearchAction\",\"target\":{\"@type\":\"EntryPoint\",\"urlTemplate\":\"https:\\\/\\\/www.idiv.de\\\/de\\\/?s={search_term_string}\"},\"query-input\":{\"@type\":\"PropertyValueSpecification\",\"valueRequired\":true,\"valueName\":\"search_term_string\"}}],\"inLanguage\":\"de\"},{\"@type\":\"Organization\",\"@id\":\"https:\\\/\\\/www.idiv.de\\\/de\\\/#organization\",\"name\":\"idiv\",\"url\":\"https:\\\/\\\/www.idiv.de\\\/de\\\/\",\"logo\":{\"@type\":\"ImageObject\",\"inLanguage\":\"de\",\"@id\":\"https:\\\/\\\/www.idiv.de\\\/de\\\/#\\\/schema\\\/logo\\\/image\\\/\",\"url\":\"https:\\\/\\\/www.idiv.de\\\/wp-content\\\/uploads\\\/2024\\\/08\\\/iDiv_Logo_long_v1_EN_black_4c.jpg\",\"contentUrl\":\"https:\\\/\\\/www.idiv.de\\\/wp-content\\\/uploads\\\/2024\\\/08\\\/iDiv_Logo_long_v1_EN_black_4c.jpg\",\"width\":2448,\"height\":674,\"caption\":\"idiv\"},\"image\":{\"@id\":\"https:\\\/\\\/www.idiv.de\\\/de\\\/#\\\/schema\\\/logo\\\/image\\\/\"},\"sameAs\":[\"https:\\\/\\\/x.com\\\/idiv\",\"https:\\\/\\\/www.linkedin.com\\\/company\\\/idiv-biodiversity\\\/\",\"https:\\\/\\\/www.youtube.com\\\/idiv-research\"]}]}<\/script>\n<!-- \/ Yoast SEO plugin. -->","yoast_head_json":{"title":"Unterst\u00fctzung virtueller Meetings | iDiv","robots":{"index":"index","follow":"follow","max-snippet":"max-snippet:-1","max-image-preview":"max-image-preview:large","max-video-preview":"max-video-preview:-1"},"canonical":"https:\/\/www.idiv.de\/de\/forschung\/sdiv-synthesis-centre\/unterstuetzung-virtueller-meetings\/","og_locale":"de_DE","og_type":"article","og_title":"Unterst\u00fctzung virtueller Meetings | iDiv","og_url":"https:\/\/www.idiv.de\/de\/forschung\/sdiv-synthesis-centre\/unterstuetzung-virtueller-meetings\/","og_site_name":"iDiv","article_modified_time":"2024-10-14T12:53:34+00:00","og_image":[{"width":1200,"height":675,"url":"https:\/\/www.idiv.de\/wp-content\/uploads\/2024\/11\/iDivSocialMediaShare.jpg","type":"image\/jpeg"}],"twitter_card":"summary_large_image","twitter_site":"@idiv","schema":{"@context":"https:\/\/schema.org","@graph":[{"@type":"WebPage","@id":"https:\/\/www.idiv.de\/de\/forschung\/sdiv-synthesis-centre\/unterstuetzung-virtueller-meetings\/","url":"https:\/\/www.idiv.de\/de\/forschung\/sdiv-synthesis-centre\/unterstuetzung-virtueller-meetings\/","name":"Unterst\u00fctzung virtueller Meetings | iDiv","isPartOf":{"@id":"https:\/\/www.idiv.de\/de\/#website"},"datePublished":"2024-07-18T12:00:07+00:00","dateModified":"2024-10-14T12:53:34+00:00","breadcrumb":{"@id":"https:\/\/www.idiv.de\/de\/forschung\/sdiv-synthesis-centre\/unterstuetzung-virtueller-meetings\/#breadcrumb"},"inLanguage":"de","potentialAction":[{"@type":"ReadAction","target":["https:\/\/www.idiv.de\/de\/forschung\/sdiv-synthesis-centre\/unterstuetzung-virtueller-meetings\/"]}]},{"@type":"BreadcrumbList","@id":"https:\/\/www.idiv.de\/de\/forschung\/sdiv-synthesis-centre\/unterstuetzung-virtueller-meetings\/#breadcrumb","itemListElement":[{"@type":"ListItem","position":1,"name":"Startseite","item":"https:\/\/www.idiv.de\/de\/"},{"@type":"ListItem","position":2,"name":"Forschung","item":"https:\/\/www.idiv.de\/de\/research\/"},{"@type":"ListItem","position":3,"name":"sDiv-Synthesezentrum","item":"https:\/\/www.idiv.de\/de\/forschung\/sdiv-synthesis-centre\/"},{"@type":"ListItem","position":4,"name":"Unterst\u00fctzung virtueller Meetings"}]},{"@type":"WebSite","@id":"https:\/\/www.idiv.de\/de\/#website","url":"https:\/\/www.idiv.de\/de\/","name":"iDiv","description":"Hotspot in Biodiversity Research","publisher":{"@id":"https:\/\/www.idiv.de\/de\/#organization"},"potentialAction":[{"@type":"SearchAction","target":{"@type":"EntryPoint","urlTemplate":"https:\/\/www.idiv.de\/de\/?s={search_term_string}"},"query-input":{"@type":"PropertyValueSpecification","valueRequired":true,"valueName":"search_term_string"}}],"inLanguage":"de"},{"@type":"Organization","@id":"https:\/\/www.idiv.de\/de\/#organization","name":"idiv","url":"https:\/\/www.idiv.de\/de\/","logo":{"@type":"ImageObject","inLanguage":"de","@id":"https:\/\/www.idiv.de\/de\/#\/schema\/logo\/image\/","url":"https:\/\/www.idiv.de\/wp-content\/uploads\/2024\/08\/iDiv_Logo_long_v1_EN_black_4c.jpg","contentUrl":"https:\/\/www.idiv.de\/wp-content\/uploads\/2024\/08\/iDiv_Logo_long_v1_EN_black_4c.jpg","width":2448,"height":674,"caption":"idiv"},"image":{"@id":"https:\/\/www.idiv.de\/de\/#\/schema\/logo\/image\/"},"sameAs":["https:\/\/x.com\/idiv","https:\/\/www.linkedin.com\/company\/idiv-biodiversity\/","https:\/\/www.youtube.com\/idiv-research"]}]}},"coauthors":[],"author_meta":{"author_link":"https:\/\/www.idiv.de\/de\/author\/peter-kunze\/","display_name":"Peter Kunze"},"relative_dates":{"created":"Ver\u00f6ffentlicht 2\u00a0Jahren vor","modified":"Aktualisiert 2\u00a0Jahren vor"},"absolute_dates":{"created":"Ver\u00f6ffentlicht am 18. Juli 2024","modified":"Aktualisiert am 14. Oktober 2024"},"absolute_dates_time":{"created":"Ver\u00f6ffentlicht am 18. Juli 2024 13:00","modified":"Aktualisiert am 14. Oktober 2024 13:53"},"featured_img_caption":"","featured_img":false,"series_order":"","_links":{"self":[{"href":"https:\/\/www.idiv.de\/de\/wp-json\/wp\/v2\/pages\/16172","targetHints":{"allow":["GET"]}}],"collection":[{"href":"https:\/\/www.idiv.de\/de\/wp-json\/wp\/v2\/pages"}],"about":[{"href":"https:\/\/www.idiv.de\/de\/wp-json\/wp\/v2\/types\/page"}],"author":[{"embeddable":true,"href":"https:\/\/www.idiv.de\/de\/wp-json\/wp\/v2\/users\/10"}],"replies":[{"embeddable":true,"href":"https:\/\/www.idiv.de\/de\/wp-json\/wp\/v2\/comments?post=16172"}],"version-history":[{"count":2,"href":"https:\/\/www.idiv.de\/de\/wp-json\/wp\/v2\/pages\/16172\/revisions"}],"predecessor-version":[{"id":16183,"href":"https:\/\/www.idiv.de\/de\/wp-json\/wp\/v2\/pages\/16172\/revisions\/16183"}],"up":[{"embeddable":true,"href":"https:\/\/www.idiv.de\/de\/wp-json\/wp\/v2\/pages\/15107"}],"wp:attachment":[{"href":"https:\/\/www.idiv.de\/de\/wp-json\/wp\/v2\/media?parent=16172"}],"curies":[{"name":"wp","href":"https:\/\/api.w.org\/{rel}","templated":true}]}}